


{"id":13020,"date":"2019-01-02T14:13:43","date_gmt":"2019-01-02T13:13:43","guid":{"rendered":"https:\/\/pbp.womczest.edu.pl\/new\/?page_id=13020"},"modified":"2025-01-22T11:20:17","modified_gmt":"2025-01-22T10:20:17","slug":"pomoc-socjalna-uczniom","status":"publish","type":"page","link":"https:\/\/pbp.womczest.edu.pl\/new\/pomoc-socjalna-uczniom\/","title":{"rendered":"POMOC SOCJALNA UCZNIOM"},"content":{"rendered":"<ul>\n<li><a id=\"view:_id1:_id2:_id53:_id55:callback1:_id87:rDeeds:752:_id106\" class=\"doc-details-link\" href=\"http:\/\/isap.sejm.gov.pl\/isap.nsf\/DocDetails.xsp?id=WDU20180001796\"><\/a>Rozporz\u0105dzenie Ministra Edukacji Narodowej z dnia 21 marca 2019 r. w sprawie termin\u00f3w przekazywania gminom dotacji celowej na dofinansowanie \u015bwiadcze\u0144 pomocy materialnej o charakterze socjalnym oraz sposobu ustalania wysoko\u015bci tej dotacji : Dz. U. z 2019 r. poz. 554<br \/>\n<a id=\"view:_id1:_id2:_id59:_id61:callback1:_id93:rDeeds:2012:_id114\" class=\"doc-details-link\" href=\"http:\/\/isap.sejm.gov.pl\/isap.nsf\/DocDetails.xsp?id=WDU20190000554\">Dz.U. 2019 poz. 554<\/a><\/li>\n<\/ul>\n","protected":false},"excerpt":{"rendered":"<p>Rozporz\u0105dzenie Ministra Edukacji Narodowej z dnia 21 marca 2019 r. w sprawie termin\u00f3w przekazywania gminom dotacji celowej na dofinansowanie \u015bwiadcze\u0144 pomocy materialnej o charakterze socjalnym oraz sposobu ustalania wysoko\u015bci tej dotacji : Dz. U. z 2019 r. poz. 554 Dz.U. 2019 poz. 554<\/p>\n","protected":false},"author":7,"featured_media":0,"parent":0,"menu_order":0,"comment_status":"closed","ping_status":"closed","template":"","meta":{"footnotes":""},"jetpack_sharing_enabled":true,"jetpack_shortlink":"https:\/\/wp.me\/PgmV4H-3o0","_links":{"self":[{"href":"https:\/\/pbp.womczest.edu.pl\/new\/wp-json\/wp\/v2\/pages\/13020"}],"collection":[{"href":"https:\/\/pbp.womczest.edu.pl\/new\/wp-json\/wp\/v2\/pages"}],"about":[{"href":"https:\/\/pbp.womczest.edu.pl\/new\/wp-json\/wp\/v2\/types\/page"}],"author":[{"embeddable":true,"href":"https:\/\/pbp.womczest.edu.pl\/new\/wp-json\/wp\/v2\/users\/7"}],"replies":[{"embeddable":true,"href":"https:\/\/pbp.womczest.edu.pl\/new\/wp-json\/wp\/v2\/comments?post=13020"}],"version-history":[{"count":9,"href":"https:\/\/pbp.womczest.edu.pl\/new\/wp-json\/wp\/v2\/pages\/13020\/revisions"}],"predecessor-version":[{"id":26282,"href":"https:\/\/pbp.womczest.edu.pl\/new\/wp-json\/wp\/v2\/pages\/13020\/revisions\/26282"}],"wp:attachment":[{"href":"https:\/\/pbp.womczest.edu.pl\/new\/wp-json\/wp\/v2\/media?parent=13020"}],"curies":[{"name":"wp","href":"https:\/\/api.w.org\/{rel}","templated":true}]}}