


{"id":13017,"date":"2019-01-02T14:12:45","date_gmt":"2019-01-02T13:12:45","guid":{"rendered":"https:\/\/pbp.womczest.edu.pl\/new\/?page_id=13017"},"modified":"2025-01-22T11:22:00","modified_gmt":"2025-01-22T10:22:00","slug":"podreczniki","status":"publish","type":"page","link":"https:\/\/pbp.womczest.edu.pl\/new\/podreczniki\/","title":{"rendered":"PODR\u0118CZNIKI"},"content":{"rendered":"<ul>\n<li>Rozporz\u0105dzenie Rady Ministr\u00f3w z dnia 11 maja 2023 r. w sprawie maksymalnych kwot dotacji celowej udzielanej na wyposa\u017cenie szk\u00f3\u0142 w podr\u0119czniki, materia\u0142y edukacyjne i materia\u0142y \u0107wiczeniowe : Dz.U. z 2023 r. poz. 910<br \/>\n<a id=\"view:_id1:_id2:_id59:_id61:callback1:_id93:rDeeds:1914:_id114\" class=\"doc-details-link\" href=\"https:\/\/isap.sejm.gov.pl\/isap.nsf\/DocDetails.xsp?id=WDU20230000910\">Dz.U. 2023 poz. 910<\/a><\/li>\n<li>Rozporz\u0105dzenie Ministra Edukacji Narodowej z dnia 3 pa\u017adziernika 2019 r. w sprawie dopuszczania do u\u017cytku szkolnego podr\u0119cznik\u00f3w : Dz. U. z 2019 r poz. 2013<br \/>\n<a id=\"view:_id1:_id2:_id59:_id61:callback1:_id93:rDeeds:553:_id114\" class=\"doc-details-link\" href=\"http:\/\/isap.sejm.gov.pl\/isap.nsf\/DocDetails.xsp?id=WDU20190002013\">Dz.U. 2019 poz. 2013<\/a><a id=\"view:_id1:_id2:_id59:_id61:callback1:_id93:rDeeds:1052:_id114\" class=\"doc-details-link\" href=\"http:\/\/isap.sejm.gov.pl\/isap.nsf\/DocDetails.xsp?id=WDU20170001457\"><\/a><\/li>\n<\/ul>\n","protected":false},"excerpt":{"rendered":"<p>Rozporz\u0105dzenie Rady Ministr\u00f3w z dnia 11 maja 2023 r. w sprawie maksymalnych kwot dotacji celowej udzielanej na wyposa\u017cenie szk\u00f3\u0142 w podr\u0119czniki, materia\u0142y edukacyjne i materia\u0142y \u0107wiczeniowe : Dz.U. z 2023 r. poz. 910 Dz.U. 2023 poz. 910 Rozporz\u0105dzenie Ministra Edukacji Narodowej z dnia 3 pa\u017adziernika 2019 r. w sprawie dopuszczania do u\u017cytku szkolnego podr\u0119cznik\u00f3w : Dz. U. z 2019 r poz. 2013 Dz.U. 2019 poz. 2013<\/p>\n","protected":false},"author":7,"featured_media":0,"parent":0,"menu_order":0,"comment_status":"closed","ping_status":"closed","template":"","meta":{"footnotes":""},"jetpack_sharing_enabled":true,"jetpack_shortlink":"https:\/\/wp.me\/PgmV4H-3nX","_links":{"self":[{"href":"https:\/\/pbp.womczest.edu.pl\/new\/wp-json\/wp\/v2\/pages\/13017"}],"collection":[{"href":"https:\/\/pbp.womczest.edu.pl\/new\/wp-json\/wp\/v2\/pages"}],"about":[{"href":"https:\/\/pbp.womczest.edu.pl\/new\/wp-json\/wp\/v2\/types\/page"}],"author":[{"embeddable":true,"href":"https:\/\/pbp.womczest.edu.pl\/new\/wp-json\/wp\/v2\/users\/7"}],"replies":[{"embeddable":true,"href":"https:\/\/pbp.womczest.edu.pl\/new\/wp-json\/wp\/v2\/comments?post=13017"}],"version-history":[{"count":17,"href":"https:\/\/pbp.womczest.edu.pl\/new\/wp-json\/wp\/v2\/pages\/13017\/revisions"}],"predecessor-version":[{"id":26283,"href":"https:\/\/pbp.womczest.edu.pl\/new\/wp-json\/wp\/v2\/pages\/13017\/revisions\/26283"}],"wp:attachment":[{"href":"https:\/\/pbp.womczest.edu.pl\/new\/wp-json\/wp\/v2\/media?parent=13017"}],"curies":[{"name":"wp","href":"https:\/\/api.w.org\/{rel}","templated":true}]}}