


{"id":13014,"date":"2019-01-02T14:11:16","date_gmt":"2019-01-02T13:11:16","guid":{"rendered":"https:\/\/pbp.womczest.edu.pl\/new\/?page_id=13014"},"modified":"2025-02-17T12:03:28","modified_gmt":"2025-02-17T11:03:28","slug":"placowki-doskonalenia-nauczycieli","status":"publish","type":"page","link":"https:\/\/pbp.womczest.edu.pl\/new\/placowki-doskonalenia-nauczycieli\/","title":{"rendered":"PLAC\u00d3WKI DOSKONALENIA NAUCZYCIELI"},"content":{"rendered":"<ul>\n<li>Obwieszczenie Ministra Edukacji i Nauki z dnia 21 listopada 2023 r. w sprawie og\u0142oszenia jednolitego tekstu rozporz\u0105dzenia Ministra Edukacji Narodowej w sprawie plac\u00f3wek doskonalenia nauczycieli : Dz.U. z 2023 r. poz. 2738<br \/>\n<a id=\"view:_id1:_id2:_id59:_id61:callback1:_id93:rDeeds:86:_id114\" class=\"doc-details-link\" href=\"https:\/\/isap.sejm.gov.pl\/isap.nsf\/DocDetails.xsp?id=WDU20230002738\">Dz.U. 2023 poz. 2738<\/a><\/li>\n<li>Rozporz\u0105dzenie Ministra Edukacji i Nauki z dnia 27 sierpnia 2021 r. zmieniaj\u0105ce rozporz\u0105dzenie w sprawie plac\u00f3wek doskonalenia nauczycieli : Dz. U. z 2021 r. poz. 1601<br \/>\n<a id=\"view:_id1:_id2:_id59:_id61:callback1:_id93:rDeeds:422:_id114\" class=\"doc-details-link\" href=\"http:\/\/isap.sejm.gov.pl\/isap.nsf\/DocDetails.xsp?id=WDU20210001601\">Dz.U. 2021 poz. 1601<\/a><\/li>\n<li>Rozporz\u0105dzenie Ministra Edukacji Narodowej z dnia 28 maja 2019 r. w sprawie plac\u00f3wek doskonalenia nauczycieli : Dz. U. z 2019 r. poz. 1045<br \/>\n<a id=\"view:_id1:_id2:_id59:_id61:callback1:_id93:rDeeds:752:_id114\" class=\"doc-details-link\" href=\"http:\/\/isap.sejm.gov.pl\/isap.nsf\/DocDetails.xsp?id=WDU20190001045\">Dz.U. 2019 poz. 1045<\/a><\/li>\n<li>Rozporz\u0105dzenie Ministra Edukacji Narodowej z dnia 11 pa\u017adziernika 2018 r. w sprawie akredytacji plac\u00f3wek doskonalenia nauczycieli : Dz. U. 2018 r. poz. 2029<br \/>\n<a id=\"view:_id1:_id2:_id53:_id55:callback1:_id87:rDeeds:519:_id106\" class=\"doc-details-link\" href=\"http:\/\/isap.sejm.gov.pl\/isap.nsf\/DocDetails.xsp?id=WDU20180002029\">Dz.U. 2018 poz. 2029<\/a><\/li>\n<\/ul>\n","protected":false},"excerpt":{"rendered":"<p>Obwieszczenie Ministra Edukacji i Nauki z dnia 21 listopada 2023 r. w sprawie og\u0142oszenia jednolitego tekstu rozporz\u0105dzenia Ministra Edukacji Narodowej w sprawie plac\u00f3wek doskonalenia nauczycieli : Dz.U. z 2023 r. poz. 2738 Dz.U. 2023 poz. 2738 Rozporz\u0105dzenie Ministra Edukacji i Nauki z dnia 27 sierpnia 2021 r. zmieniaj\u0105ce rozporz\u0105dzenie w sprawie plac\u00f3wek doskonalenia nauczycieli : Dz. U. z 2021 r. poz. 1601 Dz.U. 2021 poz. 1601 Rozporz\u0105dzenie Ministra Edukacji Narodowej<span class=\"ellipsis\">&hellip;<\/span><\/p>\n<div class=\"read-more\"><a href=\"https:\/\/pbp.womczest.edu.pl\/new\/placowki-doskonalenia-nauczycieli\/\">Czytaj wi\u0119cej &#8250;<\/a><\/div>\n<p><!-- end of .read-more --><\/p>\n","protected":false},"author":7,"featured_media":0,"parent":0,"menu_order":0,"comment_status":"closed","ping_status":"closed","template":"","meta":{"footnotes":""},"jetpack_sharing_enabled":true,"jetpack_shortlink":"https:\/\/wp.me\/PgmV4H-3nU","_links":{"self":[{"href":"https:\/\/pbp.womczest.edu.pl\/new\/wp-json\/wp\/v2\/pages\/13014"}],"collection":[{"href":"https:\/\/pbp.womczest.edu.pl\/new\/wp-json\/wp\/v2\/pages"}],"about":[{"href":"https:\/\/pbp.womczest.edu.pl\/new\/wp-json\/wp\/v2\/types\/page"}],"author":[{"embeddable":true,"href":"https:\/\/pbp.womczest.edu.pl\/new\/wp-json\/wp\/v2\/users\/7"}],"replies":[{"embeddable":true,"href":"https:\/\/pbp.womczest.edu.pl\/new\/wp-json\/wp\/v2\/comments?post=13014"}],"version-history":[{"count":7,"href":"https:\/\/pbp.womczest.edu.pl\/new\/wp-json\/wp\/v2\/pages\/13014\/revisions"}],"predecessor-version":[{"id":26491,"href":"https:\/\/pbp.womczest.edu.pl\/new\/wp-json\/wp\/v2\/pages\/13014\/revisions\/26491"}],"wp:attachment":[{"href":"https:\/\/pbp.womczest.edu.pl\/new\/wp-json\/wp\/v2\/media?parent=13014"}],"curies":[{"name":"wp","href":"https:\/\/api.w.org\/{rel}","templated":true}]}}