


{"id":13011,"date":"2019-01-02T14:09:45","date_gmt":"2019-01-02T13:09:45","guid":{"rendered":"https:\/\/pbp.womczest.edu.pl\/new\/?page_id=13011"},"modified":"2021-11-16T14:18:18","modified_gmt":"2021-11-16T13:18:18","slug":"organizacja-wycieczek-oraz-wypoczynku-dzieci-i-mlodziezy","status":"publish","type":"page","link":"https:\/\/pbp.womczest.edu.pl\/new\/organizacja-wycieczek-oraz-wypoczynku-dzieci-i-mlodziezy\/","title":{"rendered":"ORGANIZACJA WYCIECZEK ORAZ WYPOCZYNKU DZIECI I M\u0141ODZIE\u017bY"},"content":{"rendered":"<ul>\n<li>Rozporz\u0105dzenie Ministra Edukacji Narodowej z dnia 26 lipca 2018 r. zmieniaj\u0105ce rozporz\u0105dzenie w sprawie warunk\u00f3w i sposobu organizowania przez publiczne przedszkola, szko\u0142y i plac\u00f3wki krajoznawstwa i turystyki : Dz. U. z 2018 r. poz. 1533<br \/>\n<a id=\"view:_id1:_id2:_id59:_id61:callback1:_id93:rDeeds:1015:_id114\" class=\"doc-details-link\" href=\"http:\/\/isap.sejm.gov.pl\/isap.nsf\/DocDetails.xsp?id=WDU20180001533\">Dz.U. 2018 poz. 1533<\/a><\/li>\n<li>Rozporz\u0105dzenie Ministra Edukacji Narodowej z dnia 25 maja 2018 r. w sprawie warunk\u00f3w i sposobu organizowania przez publiczne przedszkola, szko\u0142y i plac\u00f3wki krajoznawstwa i turystyki : Dz.U. z 2018 r. poz. 1055<br \/>\n<a id=\"view:_id1:_id2:_id59:_id61:callback1:_id93:rDeeds:1493:_id114\" class=\"doc-details-link\" href=\"http:\/\/isap.sejm.gov.pl\/isap.nsf\/DocDetails.xsp?id=WDU20180001055\">Dz.U. 2018 poz. 1055<\/a><\/li>\n<li>Rozporz\u0105dzenie Ministra Edukacji i Nauki z dnia 22 lipca 2021 r. zmieniaj\u0105ce rozporz\u0105dzenie w sprawie wypoczynku dzieci i m\u0142odzie\u017cy : Dz. U. z 2021 r. poz. 1548<br \/>\n<a id=\"view:_id1:_id2:_id59:_id61:callback1:_id93:rDeeds:508:_id114\" class=\"doc-details-link\" href=\"http:\/\/isap.sejm.gov.pl\/isap.nsf\/DocDetails.xsp?id=WDU20210001548\">Dz.U. 2021 poz. 1548<\/a><\/li>\n<li>Rozporz\u0105dzenie Ministra Edukacji Narodowej z dnia 30 marca 2016 r. w sprawie wypoczynku dzieci i m\u0142odzie\u017cy: Dz. U. z 2016 r. poz. 452<br \/>\n<a id=\"view:_id1:_id2:_id59:_id61:callback1:_id93:rDeeds:1854:_id114\" class=\"doc-details-link\" href=\"http:\/\/isap.sejm.gov.pl\/isap.nsf\/DocDetails.xsp?id=WDU20160000452\">Dz.U. 2016 poz. 452<\/a><\/li>\n<li>Rozporz\u0105dzenie Ministra Edukacji Narodowej z dnia 28 sierpnia 2014 r. zmieniaj\u0105ce rozporz\u0105dzenie w sprawie warunk\u00f3w i sposobu organizowania przez publiczne przedszkola, szko\u0142y i plac\u00f3wki krajoznawstwa i turystyki : Dz. U. z 2014 r. poz. 1150<br \/>\n<a id=\"view:_id1:_id2:_id59:_id61:callback1:_id93:rDeeds:845:_id114\" class=\"doc-details-link\" href=\"http:\/\/isap.sejm.gov.pl\/isap.nsf\/DocDetails.xsp?id=WDU20140001150\">Dz.U. 2014 poz. 1150<\/a><a id=\"view:_id1:_id2:_id59:_id61:callback1:_id93:rDeeds:1854:_id114\" class=\"doc-details-link\" href=\"http:\/\/isap.sejm.gov.pl\/isap.nsf\/DocDetails.xsp?id=WDU20160000452\"><\/a><\/li>\n<li>Rozporz\u0105dzenie Ministra Edukacji Narodowej i Sportu z dnia 8 listopada 2001 r. w sprawie warunk\u00f3w i sposobu organizowania przez publiczne przedszkola, szko\u0142y i plac\u00f3wki krajoznawstwa i turystyki : Dz. U. z 2001 r. nr 135 poz. 1516<br \/>\n<a id=\"view:_id1:_id2:_id59:_id61:callback1:_id93:rDeeds:9:_id114\" class=\"doc-details-link\" href=\"http:\/\/isap.sejm.gov.pl\/isap.nsf\/DocDetails.xsp?id=WDU20011351516\">Dz.U. 2001 nr 135 poz. 1516<\/a><\/li>\n<\/ul>\n","protected":false},"excerpt":{"rendered":"<p>Rozporz\u0105dzenie Ministra Edukacji Narodowej z dnia 26 lipca 2018 r. zmieniaj\u0105ce rozporz\u0105dzenie w sprawie warunk\u00f3w i sposobu organizowania przez publiczne przedszkola, szko\u0142y i plac\u00f3wki krajoznawstwa i turystyki : Dz. U. z 2018 r. poz. 1533 Dz.U. 2018 poz. 1533 Rozporz\u0105dzenie Ministra Edukacji Narodowej z dnia 25 maja 2018 r. w sprawie warunk\u00f3w i sposobu organizowania przez publiczne przedszkola, szko\u0142y i plac\u00f3wki krajoznawstwa i turystyki : Dz.U. z 2018 r. poz.<span class=\"ellipsis\">&hellip;<\/span><\/p>\n<div class=\"read-more\"><a href=\"https:\/\/pbp.womczest.edu.pl\/new\/organizacja-wycieczek-oraz-wypoczynku-dzieci-i-mlodziezy\/\">Czytaj wi\u0119cej &#8250;<\/a><\/div>\n<p><!-- end of .read-more --><\/p>\n","protected":false},"author":7,"featured_media":0,"parent":0,"menu_order":0,"comment_status":"closed","ping_status":"closed","template":"","meta":{"footnotes":""},"jetpack_sharing_enabled":true,"jetpack_shortlink":"https:\/\/wp.me\/PgmV4H-3nR","_links":{"self":[{"href":"https:\/\/pbp.womczest.edu.pl\/new\/wp-json\/wp\/v2\/pages\/13011"}],"collection":[{"href":"https:\/\/pbp.womczest.edu.pl\/new\/wp-json\/wp\/v2\/pages"}],"about":[{"href":"https:\/\/pbp.womczest.edu.pl\/new\/wp-json\/wp\/v2\/types\/page"}],"author":[{"embeddable":true,"href":"https:\/\/pbp.womczest.edu.pl\/new\/wp-json\/wp\/v2\/users\/7"}],"replies":[{"embeddable":true,"href":"https:\/\/pbp.womczest.edu.pl\/new\/wp-json\/wp\/v2\/comments?post=13011"}],"version-history":[{"count":8,"href":"https:\/\/pbp.womczest.edu.pl\/new\/wp-json\/wp\/v2\/pages\/13011\/revisions"}],"predecessor-version":[{"id":19252,"href":"https:\/\/pbp.womczest.edu.pl\/new\/wp-json\/wp\/v2\/pages\/13011\/revisions\/19252"}],"wp:attachment":[{"href":"https:\/\/pbp.womczest.edu.pl\/new\/wp-json\/wp\/v2\/media?parent=13011"}],"curies":[{"name":"wp","href":"https:\/\/api.w.org\/{rel}","templated":true}]}}