


{"id":13005,"date":"2019-01-02T14:06:20","date_gmt":"2019-01-02T13:06:20","guid":{"rendered":"https:\/\/pbp.womczest.edu.pl\/new\/?page_id=13005"},"modified":"2021-04-12T13:37:32","modified_gmt":"2021-04-12T11:37:32","slug":"ochrona-danych-osobowych","status":"publish","type":"page","link":"https:\/\/pbp.womczest.edu.pl\/new\/ochrona-danych-osobowych\/","title":{"rendered":"OCHRONA DANYCH OSOBOWYCH"},"content":{"rendered":"<ul>\n<li>Rozporz\u0105dzenie Ministra Edukacji Narodowej z dnia 14 sierpnia 2018 r. zmieniaj\u0105ce rozporz\u0105dzenie w sprawie szczeg\u00f3\u0142owego zakresu danych gromadzonych w bazach danych o\u015bwiatowych, zakresu danych identyfikuj\u0105cych podmioty prowadz\u0105ce bazy danych o\u015bwiatowych, termin\u00f3w przekazywania danych mi\u0119dzy bazami danych o\u015bwiatowych oraz wzor\u00f3w wydruk\u00f3w zestawie\u0144 zbiorczych : Dz. U. z 2018 r. poz. 1630\n<div class=\"col-sm-8\"><a id=\"view:_id1:_id2:_id59:_id61:callback1:_id93:rDeeds:918:_id114\" class=\"doc-details-link\" href=\"http:\/\/isap.sejm.gov.pl\/isap.nsf\/DocDetails.xsp?id=WDU20180001630\">Dz.U. 2018 poz. 1630<\/a><\/div>\n<\/li>\n<li>\n<div class=\"row\">\n<div class=\"col-sm-8\"><a id=\"view:_id1:_id2:_id59:_id61:callback1:_id93:rDeeds:1548:_id114\" class=\"doc-details-link\" href=\"http:\/\/isap.sejm.gov.pl\/isap.nsf\/DocDetails.xsp?id=WDU20180001000\"><\/a>Ustawa z dnia 10 maja 2018 r. o ochronie danych osobowych : Dz.U. z 2018 r. poz. 1000<br \/>\n<a id=\"view:_id1:_id2:_id59:_id61:callback1:_id93:rDeeds:1548:_id114\" class=\"doc-details-link\" href=\"http:\/\/isap.sejm.gov.pl\/isap.nsf\/DocDetails.xsp?id=WDU20180001000\">Dz.U. 2018 poz. 1000<\/a><\/div>\n<\/div>\n<\/li>\n<\/ul>\n","protected":false},"excerpt":{"rendered":"<p>Rozporz\u0105dzenie Ministra Edukacji Narodowej z dnia 14 sierpnia 2018 r. zmieniaj\u0105ce rozporz\u0105dzenie w sprawie szczeg\u00f3\u0142owego zakresu danych gromadzonych w bazach danych o\u015bwiatowych, zakresu danych identyfikuj\u0105cych podmioty prowadz\u0105ce bazy danych o\u015bwiatowych, termin\u00f3w przekazywania danych mi\u0119dzy bazami danych o\u015bwiatowych oraz wzor\u00f3w wydruk\u00f3w zestawie\u0144 zbiorczych : Dz. U. z 2018 r. poz. 1630 Dz.U. 2018 poz. 1630 Ustawa z dnia 10 maja 2018 r. o ochronie danych osobowych : Dz.U. z 2018 r.<span class=\"ellipsis\">&hellip;<\/span><\/p>\n<div class=\"read-more\"><a href=\"https:\/\/pbp.womczest.edu.pl\/new\/ochrona-danych-osobowych\/\">Czytaj wi\u0119cej &#8250;<\/a><\/div>\n<p><!-- end of .read-more --><\/p>\n","protected":false},"author":7,"featured_media":0,"parent":0,"menu_order":0,"comment_status":"closed","ping_status":"closed","template":"","meta":{"footnotes":""},"jetpack_sharing_enabled":true,"jetpack_shortlink":"https:\/\/wp.me\/PgmV4H-3nL","_links":{"self":[{"href":"https:\/\/pbp.womczest.edu.pl\/new\/wp-json\/wp\/v2\/pages\/13005"}],"collection":[{"href":"https:\/\/pbp.womczest.edu.pl\/new\/wp-json\/wp\/v2\/pages"}],"about":[{"href":"https:\/\/pbp.womczest.edu.pl\/new\/wp-json\/wp\/v2\/types\/page"}],"author":[{"embeddable":true,"href":"https:\/\/pbp.womczest.edu.pl\/new\/wp-json\/wp\/v2\/users\/7"}],"replies":[{"embeddable":true,"href":"https:\/\/pbp.womczest.edu.pl\/new\/wp-json\/wp\/v2\/comments?post=13005"}],"version-history":[{"count":3,"href":"https:\/\/pbp.womczest.edu.pl\/new\/wp-json\/wp\/v2\/pages\/13005\/revisions"}],"predecessor-version":[{"id":17549,"href":"https:\/\/pbp.womczest.edu.pl\/new\/wp-json\/wp\/v2\/pages\/13005\/revisions\/17549"}],"wp:attachment":[{"href":"https:\/\/pbp.womczest.edu.pl\/new\/wp-json\/wp\/v2\/media?parent=13005"}],"curies":[{"name":"wp","href":"https:\/\/api.w.org\/{rel}","templated":true}]}}