


{"id":13001,"date":"2019-01-02T14:04:59","date_gmt":"2019-01-02T13:04:59","guid":{"rendered":"https:\/\/pbp.womczest.edu.pl\/new\/?page_id=13001"},"modified":"2025-02-10T12:48:21","modified_gmt":"2025-02-10T11:48:21","slug":"ocenianie-uczniow-i-klasyfikowanie","status":"publish","type":"page","link":"https:\/\/pbp.womczest.edu.pl\/new\/ocenianie-uczniow-i-klasyfikowanie\/","title":{"rendered":"OCENIANIE UCZNI\u00d3W I KLASYFIKOWANIE"},"content":{"rendered":"<ul>\n<li><\/li>\n<li>Obwieszczenie Ministra Edukacji i Nauki z dnia 10 listopada 2023 r. w sprawie og\u0142oszenia jednolitego tekstu rozporz\u0105dzenia Ministra Edukacji Narodowej w sprawie oceniania, klasyfikowania i promowania uczni\u00f3w i s\u0142uchaczy w szko\u0142ach publicznych : Dz.U. z 2023 r. poz. 2572<br \/>\n<a id=\"view:_id1:_id2:_id59:_id61:callback1:_id93:rDeeds:252:_id114\" class=\"doc-details-link\" href=\"https:\/\/isap.sejm.gov.pl\/isap.nsf\/DocDetails.xsp?id=WDU20230002572\">Dz.U. 2023 poz. 2572<\/a><\/li>\n<li>Rozporz\u0105dzenie Ministra Edukacji i Nauki z dnia 21 sierpnia 2023 r. zmieniaj\u0105ce rozporz\u0105dzenie w sprawie oceniania, klasyfikowania i promowania uczni\u00f3w i s\u0142uchaczy w szko\u0142ach publicznych : Dz.U. z 2023 r. poz. 1710<br \/>\n<a id=\"view:_id1:_id2:_id59:_id61:callback1:_id93:rDeeds:1114:_id114\" class=\"doc-details-link\" href=\"https:\/\/isap.sejm.gov.pl\/isap.nsf\/DocDetails.xsp?id=WDU20230001710\">Dz.U. 2023 poz. 1710<\/a><\/li>\n<li>Rozporz\u0105dzenie Ministra Edukacji i Nauki z dnia 19 sierpnia 2022 r. zmieniaj\u0105ce rozporz\u0105dzenie w sprawie oceniania, klasyfikowania i promowania uczni\u00f3w i s\u0142uchaczy w szko\u0142ach publicznych : Dz. U. z 2022 r. poz. 1780<br \/>\n<a id=\"view:_id1:_id2:_id59:_id61:callback1:_id93:rDeeds:482:_id114\" class=\"doc-details-link\" href=\"https:\/\/isap.sejm.gov.pl\/isap.nsf\/DocDetails.xsp?id=WDU20220001780\">Dz.U. 2022 poz. 1780<\/a><\/li>\n<li>Rozporz\u0105dzenie Ministra Edukacji Narodowej z dnia 22 lutego 2019 r. w sprawie oceniania, klasyfikowania i promowania uczni\u00f3w i s\u0142uchaczy w szko\u0142ach publicznych : Dz. U. z 2019 r. poz. 373<br \/>\n<a id=\"view:_id1:_id2:_id53:_id55:callback1:_id87:rDeeds:116:_id108\" class=\"doc-details-link\" href=\"http:\/\/isap.sejm.gov.pl\/isap.nsf\/DocDetails.xsp?id=WDU20190000373\">Dz.U. 2019 poz. 373<\/a><\/li>\n<li>Rozporz\u0105dzenie Ministra Edukacji Narodowej z dnia 21 lutego 2019 r. zmieniaj\u0105ce rozporz\u0105dzenie w sprawie szczeg\u00f3\u0142owych warunk\u00f3w i sposobu oceniania, klasyfikowania i promowania uczni\u00f3w i s\u0142uchaczy w szko\u0142ach publicznych : Dz. U. z 2019 r. poz. 372<br \/>\n<a id=\"view:_id1:_id2:_id53:_id55:callback1:_id87:rDeeds:117:_id108\" class=\"doc-details-link\" href=\"http:\/\/isap.sejm.gov.pl\/isap.nsf\/DocDetails.xsp?id=WDU20190000372\">Dz.U. 2019 poz. 372<\/a><\/li>\n<li>Rozporz\u0105dzenie Ministra Edukacji Narodowej z dnia 25 sierpnia 2017 r. zmieniaj\u0105ce rozporz\u0105dzenie w sprawie szczeg\u00f3\u0142owych warunk\u00f3w i sposobu oceniania, klasyfikowania i promowania uczni\u00f3w i s\u0142uchaczy w szko\u0142ach publicznych : Dz. U. z 2017 r. poz. 1651<br \/>\n<a id=\"view:_id1:_id2:_id59:_id61:callback1:_id93:rDeeds:858:_id114\" class=\"doc-details-link\" href=\"http:\/\/isap.sejm.gov.pl\/isap.nsf\/DocDetails.xsp?id=WDU20170001651\">Dz.U. 2017 poz. 1651<\/a><\/li>\n<li>Rozporz\u0105dzenie Ministra Edukacji Narodowej z dnia 3 sierpnia 2017 r. w sprawie oceniania, klasyfikowania i promowania uczni\u00f3w i s\u0142uchaczy w szko\u0142ach publicznych : Dz. U. z 2017 r. poz. 1534<br \/>\n<a id=\"view:_id1:_id2:_id59:_id61:callback1:_id93:rDeeds:975:_id114\" class=\"doc-details-link\" href=\"http:\/\/isap.sejm.gov.pl\/isap.nsf\/DocDetails.xsp?id=WDU20170001534\">Dz.U. 2017 poz. 1534<\/a><a id=\"view:_id1:_id2:_id59:_id61:callback1:_id93:rDeeds:858:_id114\" class=\"doc-details-link\" href=\"http:\/\/isap.sejm.gov.pl\/isap.nsf\/DocDetails.xsp?id=WDU20170001651\"><\/a><\/li>\n<li>Rozporz\u0105dzenie Ministra Edukacji Narodowej z dnia 11 sierpnia 2016 r. zmieniaj\u0105ce rozporz\u0105dzenie w sprawie szczeg\u00f3\u0142owych warunk\u00f3w i sposobu oceniania, klasyfikowania i promowania uczni\u00f3w i s\u0142uchaczy w szko\u0142ach publicznych : Dz. U. z 2016 r. poz. 1278<br \/>\n<a id=\"view:_id1:_id2:_id59:_id61:callback1:_id93:rDeeds:1028:_id114\" class=\"doc-details-link\" href=\"http:\/\/isap.sejm.gov.pl\/isap.nsf\/DocDetails.xsp?id=WDU20160001278\">Dz.U. 2016 poz. 1278<\/a><\/li>\n<li>Rozporz\u0105dzenie Ministra Edukacji Narodowej z dnia 10 czerwca 2015 r. w sprawie szczeg\u00f3\u0142owych warunk\u00f3w i sposobu oceniania, klasyfikowania i promowania uczni\u00f3w i s\u0142uchaczy w szko\u0142ach publicznych : Dz. U. z 2015 r. poz. 843<br \/>\n<a id=\"view:_id1:_id2:_id59:_id61:callback1:_id93:rDeeds:1524:_id114\" class=\"doc-details-link\" href=\"http:\/\/isap.sejm.gov.pl\/isap.nsf\/DocDetails.xsp?id=WDU20150000843\">Dz.U. 2015 poz. 843<\/a><\/li>\n<li>Rozporz\u0105dzenie Ministra Kultury i Dziedzictwa Narodowego z dnia 26 wrze\u015bnia 2023 r. zmieniaj\u0105ce rozporz\u0105dzenie w sprawie oceniania, klasyfikowania i promowania uczni\u00f3w w publicznych szko\u0142ach artystycznych : Dz.U. z 2023 r. poz. 2041<br \/>\n<a id=\"view:_id1:_id2:_id59:_id61:callback1:_id93:rDeeds:783:_id114\" class=\"doc-details-link\" href=\"https:\/\/isap.sejm.gov.pl\/isap.nsf\/DocDetails.xsp?id=WDU20230002041\">Dz.U. 2023 poz. 2041<\/a><\/li>\n<li>Obwieszczenie Ministra Kultury i Dziedzictwa Narodowego z dnia 13 grudnia 2022 r. w sprawie og\u0142oszenia jednolitego tekstu rozporz\u0105dzenia Ministra Kultury i Dziedzictwa Narodowego w sprawie szczeg\u00f3\u0142owych warunk\u00f3w i sposobu oceniania, klasyfikowania i promowania uczni\u00f3w w publicznych szko\u0142ach artystycznych : Dz.U. 2023 poz. 179<br \/>\n<a id=\"view:_id1:_id2:_id59:_id61:callback1:_id93:rDeeds:374:_id114\" class=\"doc-details-link\" href=\"https:\/\/isap.sejm.gov.pl\/isap.nsf\/DocDetails.xsp?id=WDU20230000179\">Dz.U. 2023 poz. 179<\/a><\/li>\n<li>Rozporz\u0105dzenie Ministra Kultury i Dziedzictwa Narodowego z dnia 30 marca 2022 r. zmieniaj\u0105ce rozporz\u0105dzenie w sprawie oceniania, klasyfikowania i promowania uczni\u00f3w w publicznych szko\u0142ach artystycznych : Dz.U. 2022 poz. 1069<br \/>\n<a href=\"https:\/\/isap.sejm.gov.pl\/isap.nsf\/DocDetails.xsp?id=WDU20220001069\">Dz.U. 2022 poz. 1069<\/a><\/li>\n<li><a id=\"view:_id1:_id2:_id59:_id61:callback1:_id93:rDeeds:557:_id114\" class=\"doc-details-link\" href=\"http:\/\/isap.sejm.gov.pl\/isap.nsf\/DocDetails.xsp?id=WDU20210001016\"><\/a>Rozporz\u0105dzenie Ministra Kultury i Dziedzictwa Narodowego z dnia 28 sierpnia 2019 r. zmieniaj\u0105ce rozporz\u0105dzenie w sprawie szczeg\u00f3\u0142owych warunk\u00f3w i sposobu oceniania, klasyfikowania i promowania uczni\u00f3w w publicznych szko\u0142ach artystycznych : Dz. U. z 2019 r.poz. 1675<br \/>\n<a id=\"view:_id1:_id2:_id59:_id61:callback1:_id93:rDeeds:342:_id114\" class=\"doc-details-link\" href=\"http:\/\/isap.sejm.gov.pl\/isap.nsf\/DocDetails.xsp?id=WDU20190001675\">Dz.U. 2019 poz. 1675<\/a><\/li>\n<li>Rozporz\u0105dzenie Ministra Kultury i Dziedzictwa Narodowego z dnia 28 sierpnia 2019 r. w sprawie oceniania, klasyfikowania i promowania uczni\u00f3w w publicznych szko\u0142ach artystycznych : Dz. U. z 2019 r. poz. 1674<br \/>\n<a id=\"view:_id1:_id2:_id59:_id61:callback1:_id93:rDeeds:343:_id114\" class=\"doc-details-link\" href=\"http:\/\/isap.sejm.gov.pl\/isap.nsf\/DocDetails.xsp?id=WDU20190001674\">Dz.U. 2019 poz. 1674<\/a><\/li>\n<\/ul>\n","protected":false},"excerpt":{"rendered":"<p>Obwieszczenie Ministra Edukacji i Nauki z dnia 10 listopada 2023 r. w sprawie og\u0142oszenia jednolitego tekstu rozporz\u0105dzenia Ministra Edukacji Narodowej w sprawie oceniania, klasyfikowania i promowania uczni\u00f3w i s\u0142uchaczy w szko\u0142ach publicznych : Dz.U. z 2023 r. poz. 2572 Dz.U. 2023 poz. 2572 Rozporz\u0105dzenie Ministra Edukacji i Nauki z dnia 21 sierpnia 2023 r. zmieniaj\u0105ce rozporz\u0105dzenie w sprawie oceniania, klasyfikowania i promowania uczni\u00f3w i s\u0142uchaczy w szko\u0142ach publicznych : Dz.U.<span class=\"ellipsis\">&hellip;<\/span><\/p>\n<div class=\"read-more\"><a href=\"https:\/\/pbp.womczest.edu.pl\/new\/ocenianie-uczniow-i-klasyfikowanie\/\">Czytaj wi\u0119cej &#8250;<\/a><\/div>\n<p><!-- end of .read-more --><\/p>\n","protected":false},"author":7,"featured_media":0,"parent":0,"menu_order":0,"comment_status":"closed","ping_status":"closed","template":"","meta":{"footnotes":""},"jetpack_sharing_enabled":true,"jetpack_shortlink":"https:\/\/wp.me\/PgmV4H-3nH","_links":{"self":[{"href":"https:\/\/pbp.womczest.edu.pl\/new\/wp-json\/wp\/v2\/pages\/13001"}],"collection":[{"href":"https:\/\/pbp.womczest.edu.pl\/new\/wp-json\/wp\/v2\/pages"}],"about":[{"href":"https:\/\/pbp.womczest.edu.pl\/new\/wp-json\/wp\/v2\/types\/page"}],"author":[{"embeddable":true,"href":"https:\/\/pbp.womczest.edu.pl\/new\/wp-json\/wp\/v2\/users\/7"}],"replies":[{"embeddable":true,"href":"https:\/\/pbp.womczest.edu.pl\/new\/wp-json\/wp\/v2\/comments?post=13001"}],"version-history":[{"count":16,"href":"https:\/\/pbp.womczest.edu.pl\/new\/wp-json\/wp\/v2\/pages\/13001\/revisions"}],"predecessor-version":[{"id":26433,"href":"https:\/\/pbp.womczest.edu.pl\/new\/wp-json\/wp\/v2\/pages\/13001\/revisions\/26433"}],"wp:attachment":[{"href":"https:\/\/pbp.womczest.edu.pl\/new\/wp-json\/wp\/v2\/media?parent=13001"}],"curies":[{"name":"wp","href":"https:\/\/api.w.org\/{rel}","templated":true}]}}