


{"id":12997,"date":"2019-01-02T14:03:56","date_gmt":"2019-01-02T13:03:56","guid":{"rendered":"https:\/\/pbp.womczest.edu.pl\/new\/?page_id=12997"},"modified":"2025-02-17T12:20:29","modified_gmt":"2025-02-17T11:20:29","slug":"nadzor-pedagogiczny","status":"publish","type":"page","link":"https:\/\/pbp.womczest.edu.pl\/new\/nadzor-pedagogiczny\/","title":{"rendered":"NADZ\u00d3R PEDAGOGICZNY"},"content":{"rendered":"<ul>\n<li>Obwieszczenie Ministra Edukacji z dnia 27 grudnia 2023 r. w sprawie og\u0142oszenia jednolitego tekstu rozporz\u0105dzenia Ministra Edukacji Narodowej w sprawie nadzoru pedagogicznego : Dz.U. z 2024 r. poz. 15<br \/>\n<a id=\"view:_id1:_id2:_id59:_id61:callback1:_id93:rDeeds:1969:_id114\" class=\"doc-details-link\" href=\"https:\/\/isap.sejm.gov.pl\/isap.nsf\/DocDetails.xsp?id=WDU20240000015\">Dz.U. 2024 poz. 15<\/a><\/li>\n<li>Rozporz\u0105dzenie Ministra Edukacji i Nauki z dnia 1 wrze\u015bnia 2021 r. zmieniaj\u0105ce rozporz\u0105dzenie w sprawie nadzoru pedagogicznego : Dz. U. z 2021 r. poz. 1618<br \/>\n<a id=\"view:_id1:_id2:_id59:_id61:callback1:_id93:rDeeds:405:_id114\" class=\"doc-details-link\" href=\"http:\/\/isap.sejm.gov.pl\/isap.nsf\/DocDetails.xsp?id=WDU20210001618\">Dz.U. 2021 poz. 1618<\/a><\/li>\n<li><a id=\"view:_id1:_id2:_id59:_id61:callback1:_id93:rDeeds:123:_id114\" class=\"doc-details-link\" href=\"https:\/\/isap.sejm.gov.pl\/isap.nsf\/DocDetails.xsp?id=WDU20220000944\"><\/a>Rozporz\u0105dzenie Ministra Edukacji Narodowej z dnia 23 sierpnia 2019 r. zmieniaj\u0105ce rozporz\u0105dzenie w sprawie nadzoru pedagogicznego : Dz. U. z 2019 r. poz. 1627<br \/>\n<a id=\"view:_id1:_id2:_id59:_id61:callback1:_id93:rDeeds:377:_id114\" class=\"doc-details-link\" href=\"http:\/\/isap.sejm.gov.pl\/isap.nsf\/DocDetails.xsp?id=WDU20190001627\">Dz.U. 2019 poz. 1627<\/a><\/li>\n<li>Rozporz\u0105dzenie Ministra Edukacji Narodowej z dnia 25 sierpnia 2017 r. w sprawie nadzoru pedagogicznego : Dz. U. z 2017 r. poz. 1658<br \/>\n<a id=\"view:_id1:_id2:_id59:_id61:callback1:_id93:rDeeds:851:_id114\" class=\"doc-details-link\" href=\"http:\/\/isap.sejm.gov.pl\/isap.nsf\/DocDetails.xsp?id=WDU20170001658\">Dz.U. 2017 poz. 1658<\/a><\/li>\n<li>Rozporz\u0105dzenie Ministra Edukacji Narodowej z dnia 22 sierpnia 2019 r. w sprawie powierzenia O\u015brodkowi Rozwoju Polskiej Edukacji za Granic\u0105 sprawowania nadzoru pedagogicznego nad szko\u0142ami polskimi oraz szko\u0142ami i zespo\u0142ami szk\u00f3\u0142 w Polsce i za granic\u0105, a tak\u017ce wykonywania w odniesieniu do nich zada\u0144 organu prowadz\u0105cego oraz zada\u0144 zwi\u0105zanych z awansem zawodowym nauczycieli tych szk\u00f3\u0142 : Dz. U. z 2019 r. poz. 1626<br \/>\n<a id=\"view:_id1:_id2:_id59:_id61:callback1:_id93:rDeeds:378:_id114\" class=\"doc-details-link\" href=\"http:\/\/isap.sejm.gov.pl\/isap.nsf\/DocDetails.xsp?id=WDU20190001626\">Dz.U. 2019 poz. 1626<\/a><a id=\"view:_id1:_id2:_id59:_id61:callback1:_id93:rDeeds:425:_id114\" class=\"doc-details-link\" href=\"http:\/\/isap.sejm.gov.pl\/isap.nsf\/DocDetails.xsp?id=WDU20190001575\"><\/a><a id=\"view:_id1:_id2:_id59:_id61:callback1:_id93:rDeeds:851:_id114\" class=\"doc-details-link\" href=\"http:\/\/isap.sejm.gov.pl\/isap.nsf\/DocDetails.xsp?id=WDU20170001658\"><\/a><\/li>\n<\/ul>\n","protected":false},"excerpt":{"rendered":"<p>Obwieszczenie Ministra Edukacji z dnia 27 grudnia 2023 r. w sprawie og\u0142oszenia jednolitego tekstu rozporz\u0105dzenia Ministra Edukacji Narodowej w sprawie nadzoru pedagogicznego : Dz.U. z 2024 r. poz. 15 Dz.U. 2024 poz. 15 Rozporz\u0105dzenie Ministra Edukacji i Nauki z dnia 1 wrze\u015bnia 2021 r. zmieniaj\u0105ce rozporz\u0105dzenie w sprawie nadzoru pedagogicznego : Dz. U. z 2021 r. poz. 1618 Dz.U. 2021 poz. 1618 Rozporz\u0105dzenie Ministra Edukacji Narodowej z dnia 23 sierpnia<span class=\"ellipsis\">&hellip;<\/span><\/p>\n<div class=\"read-more\"><a href=\"https:\/\/pbp.womczest.edu.pl\/new\/nadzor-pedagogiczny\/\">Czytaj wi\u0119cej &#8250;<\/a><\/div>\n<p><!-- end of .read-more --><\/p>\n","protected":false},"author":7,"featured_media":0,"parent":0,"menu_order":0,"comment_status":"closed","ping_status":"closed","template":"","meta":{"footnotes":""},"jetpack_sharing_enabled":true,"jetpack_shortlink":"https:\/\/wp.me\/PgmV4H-3nD","_links":{"self":[{"href":"https:\/\/pbp.womczest.edu.pl\/new\/wp-json\/wp\/v2\/pages\/12997"}],"collection":[{"href":"https:\/\/pbp.womczest.edu.pl\/new\/wp-json\/wp\/v2\/pages"}],"about":[{"href":"https:\/\/pbp.womczest.edu.pl\/new\/wp-json\/wp\/v2\/types\/page"}],"author":[{"embeddable":true,"href":"https:\/\/pbp.womczest.edu.pl\/new\/wp-json\/wp\/v2\/users\/7"}],"replies":[{"embeddable":true,"href":"https:\/\/pbp.womczest.edu.pl\/new\/wp-json\/wp\/v2\/comments?post=12997"}],"version-history":[{"count":18,"href":"https:\/\/pbp.womczest.edu.pl\/new\/wp-json\/wp\/v2\/pages\/12997\/revisions"}],"predecessor-version":[{"id":26496,"href":"https:\/\/pbp.womczest.edu.pl\/new\/wp-json\/wp\/v2\/pages\/12997\/revisions\/26496"}],"wp:attachment":[{"href":"https:\/\/pbp.womczest.edu.pl\/new\/wp-json\/wp\/v2\/media?parent=12997"}],"curies":[{"name":"wp","href":"https:\/\/api.w.org\/{rel}","templated":true}]}}