


{"id":12993,"date":"2019-01-02T14:02:31","date_gmt":"2019-01-02T13:02:31","guid":{"rendered":"https:\/\/pbp.womczest.edu.pl\/new\/?page_id=12993"},"modified":"2025-02-17T14:42:59","modified_gmt":"2025-02-17T13:42:59","slug":"kwalifikacje-nauczycieli","status":"publish","type":"page","link":"https:\/\/pbp.womczest.edu.pl\/new\/kwalifikacje-nauczycieli\/","title":{"rendered":"KWALIFIKACJE NAUCZYCIELI"},"content":{"rendered":"<ul>\n<li>Obwieszczenie Ministra Edukacji z dnia 28 grudnia 2023 r. w sprawie og\u0142oszenia jednolitego tekstu rozporz\u0105dzenia Ministra Edukacji Narodowej w sprawie szczeg\u00f3\u0142owych warunk\u00f3w i sposobu przeprowadzania egzaminu potwierdzaj\u0105cego kwalifikacje w zawodzie : Dz.U. z 2024 r. poz. 26<br \/>\n<a id=\"view:_id1:_id2:_id59:_id61:callback1:_id93:rDeeds:1958:_id114\" class=\"doc-details-link\" href=\"https:\/\/isap.sejm.gov.pl\/isap.nsf\/DocDetails.xsp?id=WDU20240000026\">Dz.U. 2024 poz. 26<\/a><\/li>\n<li>Rozporz\u0105dzenie Ministra Edukacji i Nauki z dnia 14 wrze\u015bnia 2023 r. w sprawie szczeg\u00f3\u0142owych kwalifikacji wymaganych od nauczycieli : Dz.U. z 2023 r. poz. 2102<br \/>\n<a id=\"view:_id1:_id2:_id59:_id61:callback1:_id93:rDeeds:722:_id114\" class=\"doc-details-link\" href=\"https:\/\/isap.sejm.gov.pl\/isap.nsf\/DocDetails.xsp?id=WDU20230002102\">Dz.U. 2023 poz. 2102<\/a><\/li>\n<li><a id=\"view:_id1:_id2:_id59:_id61:callback1:_id93:rDeeds:766:_id114\" class=\"doc-details-link\" href=\"https:\/\/isap.sejm.gov.pl\/isap.nsf\/DocDetails.xsp?id=WDU20230002058\"><\/a>Rozporz\u0105dzenie Ministra Kultury i Dziedzictwa Narodowego z dnia 11 pa\u017adziernika 2022 r. zmieniaj\u0105ce rozporz\u0105dzenie w sprawie szczeg\u00f3\u0142owych kwalifikacji wymaganych od nauczycieli szk\u00f3\u0142 artystycznych i plac\u00f3wek artystycznych : Dz. U. z 2022 r. poz. 2116<br \/>\n<a id=\"view:_id1:_id2:_id59:_id61:callback1:_id93:rDeeds:129:_id114\" class=\"doc-details-link\" href=\"https:\/\/isap.sejm.gov.pl\/isap.nsf\/DocDetails.xsp?id=WDU20220002116\">Dz.U. 2022 poz. 2116<\/a><\/li>\n<li>Rozporz\u0105dzenie Ministra Kultury i Dziedzictwa Narodowego z dnia 29 kwietnia 2022 r. zmieniaj\u0105ce rozporz\u0105dzenie w sprawie szczeg\u00f3\u0142owych kwalifikacji wymaganych od nauczycieli szk\u00f3\u0142 artystycznych i plac\u00f3wek artystycznych : Dz.U. 2022 poz. 954<br \/>\n<a id=\"view:_id1:_id2:_id59:_id61:callback1:_id93:rDeeds:125:_id114\" class=\"doc-details-link\" href=\"https:\/\/isap.sejm.gov.pl\/isap.nsf\/DocDetails.xsp?id=WDU20220000954\">Dz.U. 2022 poz. 954<\/a><\/li>\n<li>Rozporz\u0105dzenie Ministra Kultury, Dziedzictwa Narodowego i Sportu z dnia 3 wrze\u015bnia 2021 r. w sprawie szczeg\u00f3\u0142owych kwalifikacji wymaganych od nauczycieli szk\u00f3\u0142 artystycznych i plac\u00f3wek artystycznych : Dz. U. z 2021 r. poz. 1665<br \/>\n<a id=\"view:_id1:_id2:_id59:_id61:callback1:_id93:rDeeds:358:_id114\" class=\"doc-details-link\" href=\"http:\/\/isap.sejm.gov.pl\/isap.nsf\/DocDetails.xsp?id=WDU20210001665\">Dz.U. 2021 poz. 1665<\/a><\/li>\n<li>Rozporz\u0105dzenie Ministra Kultury i Dziedzictwa Narodowego z dnia 2 lutego 2023 r. zmieniaj\u0105ce rozporz\u0105dzenie w sprawie wymaga\u0144, jakim powinna odpowiada\u0107 osoba zajmuj\u0105ca stanowisko dyrektora oraz inne stanowisko kierownicze w publicznej szkole artystycznej oraz publicznej plac\u00f3wce artystycznej : Dz.U. 2023 poz. 286<br \/>\n<a id=\"view:_id1:_id2:_id59:_id61:callback1:_id93:rDeeds:2538:_id114\" class=\"doc-details-link\" href=\"https:\/\/isap.sejm.gov.pl\/isap.nsf\/DocDetails.xsp?id=WDU20230000286\">Dz.U. 2023 poz. 286<\/a><\/li>\n<li>Obwieszczenie Ministra Edukacji i Nauki z dnia 21 listopada 2023 r. w sprawie og\u0142oszenia jednolitego tekstu rozporz\u0105dzenia Ministra Edukacji Narodowej w sprawie wymaga\u0144, jakim powinna odpowiada\u0107 osoba zajmuj\u0105ca stanowisko dyrektora oraz inne stanowisko kierownicze w publicznym przedszkolu, publicznej szkole podstawowej, publicznej szkole ponadpodstawowej oraz publicznej plac\u00f3wce : Dz.U. z 2023 r. poz. 2578<br \/>\n<a id=\"view:_id1:_id2:_id59:_id61:callback1:_id93:rDeeds:246:_id114\" class=\"doc-details-link\" href=\"https:\/\/isap.sejm.gov.pl\/isap.nsf\/DocDetails.xsp?id=WDU20230002578\">Dz.U. 2023 poz. 2578<\/a><\/li>\n<li>Rozporz\u0105dzenie Ministra Edukacji i Nauki z dnia 10 stycznia 2023 r. zmieniaj\u0105ce rozporz\u0105dzenie w sprawie wymaga\u0144, jakim powinna odpowiada\u0107 osoba zajmuj\u0105ca stanowisko dyrektora oraz inne stanowisko kierownicze w publicznym przedszkolu, publicznej szkole podstawowej, publicznej szkole ponadpodstawowej oraz publicznej plac\u00f3wce : Dz.U. 2023 poz. 108<br \/>\n<a id=\"view:_id1:_id2:_id59:_id61:callback1:_id93:rDeeds:445:_id114\" class=\"doc-details-link\" href=\"https:\/\/isap.sejm.gov.pl\/isap.nsf\/DocDetails.xsp?id=WDU20230000108\">Dz.U. 2023 poz. 108<\/a><\/li>\n<li>Rozporz\u0105dzenie Ministra Edukacji i Nauki z dnia 26 sierpnia 2022 r. zmieniaj\u0105ce rozporz\u0105dzenie w sprawie standardu kszta\u0142cenia przygotowuj\u0105cego do wykonywania zawodu nauczyciela : Dz. U. z 2022 r. poz. 1872<br \/>\n<a id=\"view:_id1:_id2:_id59:_id61:callback1:_id93:rDeeds:390:_id114\" class=\"doc-details-link\" href=\"https:\/\/isap.sejm.gov.pl\/isap.nsf\/DocDetails.xsp?id=WDU20220001872\">Dz.U. 2022 poz. 1872<\/a><\/li>\n<li>Rozporz\u0105dzenie Ministra Edukacji i Nauki z dnia 14 wrze\u015bnia 2023 r. zmieniaj\u0105ce rozporz\u0105dzenie w sprawie standardu kszta\u0142cenia przygotowuj\u0105cego do wykonywania zawodu nauczyciela : Dz.U. z 2023 r. poz. 2003<br \/>\n<a id=\"view:_id1:_id2:_id59:_id61:callback1:_id93:rDeeds:821:_id114\" class=\"doc-details-link\" href=\"https:\/\/isap.sejm.gov.pl\/isap.nsf\/DocDetails.xsp?id=WDU20230002003\">Dz.U. 2023 poz. 2003<\/a><\/li>\n<li>Rozporz\u0105dzenie Ministra Edukacji i Nauki z dnia 17 lutego 2021 r. zmieniaj\u0105ce rozporz\u0105dzenie w sprawie standardu kszta\u0142cenia przygotowuj\u0105cego do wykonywania zawodu nauczyciela : Dz. U. z 2021 r. poz. 312<br \/>\n<a id=\"view:_id1:_id2:_id59:_id61:callback1:_id93:rDeeds:262:_id114\" class=\"doc-details-link\" href=\"http:\/\/isap.sejm.gov.pl\/isap.nsf\/DocDetails.xsp?id=WDU20210000312\">Dz.U. 2021 poz. 312<\/a><\/li>\n<li>Rozporz\u0105dzenie Ministra Edukacji i Nauki z dnia 2 grudnia 2020 r. zmieniaj\u0105ce rozporz\u0105dzenie w sprawie standardu kszta\u0142cenia przygotowuj\u0105cego do wykonywania zawodu nauczyciela : Dz. U. z 2020 r. poz. 2160<br \/>\n<a id=\"view:_id1:_id2:_id59:_id61:callback1:_id93:rDeeds:303:_id114\" class=\"doc-details-link\" href=\"http:\/\/isap.sejm.gov.pl\/isap.nsf\/DocDetails.xsp?id=WDU20200002160\">Dz.U. 2020 poz. 2160<\/a><\/li>\n<li>Obwieszczenie Ministra Edukacji i Nauki z dnia 21 listopada 2023 r. w sprawie og\u0142oszenia jednolitego tekstu rozporz\u0105dzenia Ministra Edukacji Narodowej w sprawie dofinansowania doskonalenia zawodowego nauczycieli, szczeg\u00f3\u0142owych cel\u00f3w szkolenia bran\u017cowego oraz trybu i warunk\u00f3w kierowania nauczycieli na szkolenia bran\u017cowe : Dz.U. z 2023 r. poz. 2628<br \/>\n<a id=\"view:_id1:_id2:_id59:_id61:callback1:_id93:rDeeds:196:_id114\" class=\"doc-details-link\" href=\"https:\/\/isap.sejm.gov.pl\/isap.nsf\/DocDetails.xsp?id=WDU20230002628\">Dz.U. 2023 poz. 2628<\/a><\/li>\n<li>Rozporz\u0105dzenie Ministra Edukacji i Nauki z dnia 27 wrze\u015bnia 2023 r. zmieniaj\u0105ce rozporz\u0105dzenie w sprawie dofinansowania doskonalenia zawodowego nauczycieli, szczeg\u00f3\u0142owych cel\u00f3w szkolenia bran\u017cowego oraz trybu i warunk\u00f3w kierowania nauczycieli na szkolenia bran\u017cowe : Dz.U. z 2023 r. poz. 2054<br \/>\n<a id=\"view:_id1:_id2:_id59:_id61:callback1:_id93:rDeeds:770:_id114\" class=\"doc-details-link\" href=\"https:\/\/isap.sejm.gov.pl\/isap.nsf\/DocDetails.xsp?id=WDU20230002054\">Dz.U. 2023 poz. 2054<\/a><\/li>\n<li>Rozporz\u0105dzenie Ministra Edukacji Narodowej z dnia 23 sierpnia 2019 r. w sprawie dofinansowania doskonalenia zawodowego nauczycieli, szczeg\u00f3\u0142owych cel\u00f3w szkolenia bran\u017cowego oraz trybu i warunk\u00f3w kierowania nauczycieli na szkolenia bran\u017cowe : Dz. U. z 2019 r. poz. 1653<br \/>\n<a id=\"view:_id1:_id2:_id59:_id61:callback1:_id93:rDeeds:364:_id114\" class=\"doc-details-link\" href=\"http:\/\/isap.sejm.gov.pl\/isap.nsf\/DocDetails.xsp?id=WDU20190001653\">Dz.U. 2019 poz. 1653<\/a><a id=\"view:_id1:_id2:_id59:_id61:callback1:_id93:rDeeds:2:_id114\" class=\"doc-details-link\" href=\"http:\/\/isap.sejm.gov.pl\/isap.nsf\/DocDetails.xsp?id=WDU20091841436\"><\/a><\/li>\n<li>Rozporz\u0105dzenie Ministra Edukacji Narodowej z dnia 8 listopada 2011 r. zmieniaj\u0105ce rozporz\u0105dzenie w sprawie wymaga\u0144, jakim powinna odpowiada\u0107 osoba zajmuj\u0105ca stanowisko dyrektora oraz inne stanowisko kierownicze w poszczeg\u00f3lnych typach publicznych szk\u00f3\u0142 i rodzajach publicznych plac\u00f3wek : Dz. U. z 2011 r. nr 254 poz. 1526<br \/>\n<a id=\"view:_id1:_id2:_id59:_id61:callback1:_id93:rDeeds:4:_id114\" class=\"doc-details-link\" href=\"http:\/\/isap.sejm.gov.pl\/isap.nsf\/DocDetails.xsp?id=WDU20112541526\">Dz.U. 2011 nr 254 poz. 1526<\/a><\/li>\n<li>Rozporz\u0105dzenie Ministra Edukacji Narodowej z dnia 27 pa\u017adziernika 2009 r. w sprawie wymaga\u0144, jakim powinna odpowiada\u0107 osoba zajmuj\u0105ca stanowisko dyrektora oraz inne stanowisko kierownicze w poszczeg\u00f3lnych typach publicznych szk\u00f3\u0142 i rodzajach publicznych plac\u00f3wek : Dz. U. z 2009 r. nr 184 poz. 1436<br \/>\n<a id=\"view:_id1:_id2:_id59:_id61:callback1:_id93:rDeeds:2:_id114\" class=\"doc-details-link\" href=\"http:\/\/isap.sejm.gov.pl\/isap.nsf\/DocDetails.xsp?id=WDU20091841436\">Dz.U. 2009 nr 184 poz. 1436<\/a><\/li>\n<li>Rozporz\u0105dzenie Ministra Edukacji Narodowej z dnia 28 sierpnia 2019 r. zmieniaj\u0105ce rozporz\u0105dzenie w sprawie wymaga\u0144, jakim powinna odpowiada\u0107 osoba zajmuj\u0105ca stanowisko dyrektora oraz inne stanowisko kierownicze w publicznym przedszkolu, publicznej szkole podstawowej, publicznej szkole ponadpodstawowej oraz publicznej plac\u00f3wce : Dz. U. z 2019 r. poz. 1661<br \/>\n<a id=\"view:_id1:_id2:_id59:_id61:callback1:_id93:rDeeds:356:_id114\" class=\"doc-details-link\" href=\"http:\/\/isap.sejm.gov.pl\/isap.nsf\/DocDetails.xsp?id=WDU20190001661\">Dz.U. 2019 poz. 1661<\/a><\/li>\n<li>Rozporz\u0105dzenie Ministra Edukacji Narodowej z dnia 4 stycznia 2017 r. w sprawie sta\u017cu adaptacyjnego oraz testu umiej\u0119tno\u015bci w toku post\u0119powania o uznanie kwalifikacji zawodowych do wykonywania zawodu nauczyciela : Dz. U. z 2017 r. poz. 52<br \/>\n<a id=\"view:_id1:_id2:_id59:_id61:callback1:_id93:rDeeds:2457:_id114\" class=\"doc-details-link\" href=\"http:\/\/isap.sejm.gov.pl\/isap.nsf\/DocDetails.xsp?id=WDU20170000052\">Dz.U. 2017 poz. 52<\/a><\/li>\n<li><a id=\"view:_id1:_id2:_id59:_id61:callback1:_id93:rDeeds:2397:_id114\" class=\"doc-details-link\" href=\"http:\/\/isap.sejm.gov.pl\/isap.nsf\/DocDetails.xsp?id=WDU20200000066\"><\/a>Rozporz\u0105dzenie Ministra Kultury i Dziedzictwa Narodowego z dnia 5 pa\u017adziernika 2022 r. w sprawie oceny pracy nauczycieli szk\u00f3\u0142 artystycznych : Dz. U. z 2022 r. poz. 2076<br \/>\n<a id=\"view:_id1:_id2:_id59:_id61:callback1:_id93:rDeeds:169:_id114\" class=\"doc-details-link\" href=\"https:\/\/isap.sejm.gov.pl\/isap.nsf\/DocDetails.xsp?id=WDU20220002076\">Dz.U. 2022 poz. 2076<\/a><\/li>\n<li>Rozporz\u0105dzenie Ministra Edukacji i Nauki z dnia 25 sierpnia 2022 r. w sprawie oceny pracy nauczycieli : Dz. U. z 2022 r. poz. 1822<br \/>\n<a id=\"view:_id1:_id2:_id59:_id61:callback1:_id93:rDeeds:440:_id114\" class=\"doc-details-link\" href=\"https:\/\/isap.sejm.gov.pl\/isap.nsf\/DocDetails.xsp?id=WDU20220001822\">Dz.U. 2022 poz. 1822<\/a><a id=\"view:_id1:_id2:_id59:_id61:callback1:_id93:rDeeds:111:_id114\" class=\"doc-details-link\" href=\"http:\/\/isap.sejm.gov.pl\/isap.nsf\/DocDetails.xsp?id=WDU20190001906\"><\/a><\/li>\n<li>Rozporz\u0105dzenie Ministra Edukacji Narodowej z dnia 14 marca 2017 r. w sprawie przeprowadzania post\u0119powania rekrutacyjnego oraz post\u0119powania uzupe\u0142niaj\u0105cego na lata szkolne 2017\/2018\u20132019\/2020 do trzyletniego liceum og\u00f3lnokszta\u0142c\u0105cego, czteroletniego technikum i bran\u017cowej szko\u0142y I stopnia, dla kandydat\u00f3w b\u0119d\u0105cych absolwentami dotychczasowego gimnazjum : Dz. U. z 2017 r. poz. 586<br \/>\n<a id=\"view:_id1:_id2:_id59:_id61:callback1:_id93:rDeeds:1923:_id114\" class=\"doc-details-link\" href=\"http:\/\/isap.sejm.gov.pl\/isap.nsf\/DocDetails.xsp?id=WDU20170000586\">Dz.U. 2017 poz. 586<\/a><\/li>\n<\/ul>\n","protected":false},"excerpt":{"rendered":"<p>Obwieszczenie Ministra Edukacji z dnia 28 grudnia 2023 r. w sprawie og\u0142oszenia jednolitego tekstu rozporz\u0105dzenia Ministra Edukacji Narodowej w sprawie szczeg\u00f3\u0142owych warunk\u00f3w i sposobu przeprowadzania egzaminu potwierdzaj\u0105cego kwalifikacje w zawodzie : Dz.U. z 2024 r. poz. 26 Dz.U. 2024 poz. 26 Rozporz\u0105dzenie Ministra Edukacji i Nauki z dnia 14 wrze\u015bnia 2023 r. w sprawie szczeg\u00f3\u0142owych kwalifikacji wymaganych od nauczycieli : Dz.U. z 2023 r. poz. 2102 Dz.U. 2023 poz. 2102<span class=\"ellipsis\">&hellip;<\/span><\/p>\n<div class=\"read-more\"><a href=\"https:\/\/pbp.womczest.edu.pl\/new\/kwalifikacje-nauczycieli\/\">Czytaj wi\u0119cej &#8250;<\/a><\/div>\n<p><!-- end of .read-more --><\/p>\n","protected":false},"author":7,"featured_media":0,"parent":0,"menu_order":0,"comment_status":"closed","ping_status":"closed","template":"","meta":{"footnotes":""},"jetpack_sharing_enabled":true,"jetpack_shortlink":"https:\/\/wp.me\/PgmV4H-3nz","_links":{"self":[{"href":"https:\/\/pbp.womczest.edu.pl\/new\/wp-json\/wp\/v2\/pages\/12993"}],"collection":[{"href":"https:\/\/pbp.womczest.edu.pl\/new\/wp-json\/wp\/v2\/pages"}],"about":[{"href":"https:\/\/pbp.womczest.edu.pl\/new\/wp-json\/wp\/v2\/types\/page"}],"author":[{"embeddable":true,"href":"https:\/\/pbp.womczest.edu.pl\/new\/wp-json\/wp\/v2\/users\/7"}],"replies":[{"embeddable":true,"href":"https:\/\/pbp.womczest.edu.pl\/new\/wp-json\/wp\/v2\/comments?post=12993"}],"version-history":[{"count":44,"href":"https:\/\/pbp.womczest.edu.pl\/new\/wp-json\/wp\/v2\/pages\/12993\/revisions"}],"predecessor-version":[{"id":26498,"href":"https:\/\/pbp.womczest.edu.pl\/new\/wp-json\/wp\/v2\/pages\/12993\/revisions\/26498"}],"wp:attachment":[{"href":"https:\/\/pbp.womczest.edu.pl\/new\/wp-json\/wp\/v2\/media?parent=12993"}],"curies":[{"name":"wp","href":"https:\/\/api.w.org\/{rel}","templated":true}]}}