


{"id":12989,"date":"2019-01-02T13:56:48","date_gmt":"2019-01-02T12:56:48","guid":{"rendered":"https:\/\/pbp.womczest.edu.pl\/new\/?page_id=12989"},"modified":"2025-02-10T12:12:50","modified_gmt":"2025-02-10T11:12:50","slug":"kuratoria-oswiaty","status":"publish","type":"page","link":"https:\/\/pbp.womczest.edu.pl\/new\/kuratoria-oswiaty\/","title":{"rendered":"KURATORIA O\u015aWIATY"},"content":{"rendered":"<ul>\n<li>Obwieszczenie Ministra Edukacji i Nauki z dnia 7 listopada 2023 r. w sprawie og\u0142oszenia jednolitego tekstu rozporz\u0105dzenia Ministra Edukacji Narodowej w sprawie organizacji kuratori\u00f3w o\u015bwiaty oraz zasad tworzenia ich delegatur : Dz.U. z 2023 poz. 2458<br \/>\n<a id=\"view:_id1:_id2:_id59:_id61:callback1:_id93:rDeeds:366:_id114\" class=\"doc-details-link\" href=\"https:\/\/isap.sejm.gov.pl\/isap.nsf\/DocDetails.xsp?id=WDU20230002458\">Dz.U. 2023 poz. 2458<\/a><\/li>\n<li>Rozporz\u0105dzenie Ministra Edukacji Narodowej z dnia 20 lutego 2017 r. zmieniaj\u0105ce rozporz\u0105dzenie w sprawie organizacji kuratori\u00f3w o\u015bwiaty oraz zasad tworzenia ich delegatur : Dz. U. z 2017 r. poz. 473<br \/>\n<a id=\"view:_id1:_id2:_id59:_id61:callback1:_id93:rDeeds:2036:_id114\" class=\"doc-details-link\" href=\"http:\/\/isap.sejm.gov.pl\/isap.nsf\/DocDetails.xsp?id=WDU20170000473\">Dz.U. 2017 poz. 473<\/a><\/li>\n<li>Rozporz\u0105dzenie Ministra Edukacji Narodowej z dnia 16 grudnia 2016 r. w sprawie regulaminu konkursu na stanowisko kuratora o\u015bwiaty oraz trybu pracy komisji konkursowej : Dz. U. z 2016 r. poz. 2150<br \/>\n<a id=\"view:_id1:_id2:_id59:_id61:callback1:_id93:rDeeds:156:_id114\" class=\"doc-details-link\" href=\"http:\/\/isap.sejm.gov.pl\/isap.nsf\/DocDetails.xsp?id=WDU20160002150\">Dz.U. 2016 poz. 2150<\/a><\/li>\n<li>Obwieszczenie Ministra Edukacji Narodowej z dnia 28 kwietnia 2014 r. w sprawie og\u0142oszenia jednolitego tekstu rozporz\u0105dzenia Ministra Edukacji Narodowej w sprawie organizacji kuratori\u00f3w o\u015bwiaty oraz zasad tworzenia ich delegatur : Dz. U. z 2014 r. poz. 973<br \/>\n<a id=\"view:_id1:_id2:_id59:_id61:callback1:_id93:rDeeds:1022:_id114\" class=\"doc-details-link\" href=\"http:\/\/isap.sejm.gov.pl\/isap.nsf\/DocDetails.xsp?id=WDU20140000973\">Dz.U. 2014 poz. 973<\/a><\/li>\n<li>Rozporz\u0105dzenie Ministra Edukacji Narodowej z dnia 8 lutego 2013 r. zmieniaj\u0105ce rozporz\u0105dzenie w sprawie organizacji kuratori\u00f3w o\u015bwiaty oraz zasad tworzenia ich delegatur : Dz. U. z 2013 r. poz. 245<br \/>\n<a id=\"view:_id1:_id2:_id59:_id61:callback1:_id93:rDeeds:1497:_id114\" class=\"doc-details-link\" href=\"http:\/\/isap.sejm.gov.pl\/isap.nsf\/DocDetails.xsp?id=WDU20130000245\">Dz.U. 2013 poz. 245<\/a><\/li>\n<li>Rozporz\u0105dzenie Ministra Edukacji Narodowej z dnia 7 pa\u017adziernika 2009 r. zmieniaj\u0105ce rozporz\u0105dzenie w sprawie organizacji kuratori\u00f3w o\u015bwiaty oraz zasad tworzenia ich delegatur : Dz. U. z 2009 r. nr 168 poz. 1325<br \/>\n<a id=\"view:_id1:_id2:_id59:_id61:callback1:_id93:rDeeds:1:_id114\" class=\"doc-details-link\" href=\"http:\/\/isap.sejm.gov.pl\/isap.nsf\/DocDetails.xsp?id=WDU20091681325\">Dz.U. 2009 nr 168 poz. 1325<\/a><\/li>\n<li>Rozporz\u0105dzenie Ministra Edukacji Narodowej z dnia 29 grudnia 1998 r. w sprawie organizacji kuratori\u00f3w o\u015bwiaty oraz zasad tworzenia ich delegatur : Dz. U. z 1998 r. nr 164 poz. 1169<br \/>\n<a id=\"view:_id1:_id2:_id59:_id61:callback1:_id93:rDeeds:26:_id114\" class=\"doc-details-link\" href=\"http:\/\/isap.sejm.gov.pl\/isap.nsf\/DocDetails.xsp?id=WDU19981641169\">Dz.U. 1998 nr 164 poz. 1169<\/a><\/li>\n<\/ul>\n","protected":false},"excerpt":{"rendered":"<p>Obwieszczenie Ministra Edukacji i Nauki z dnia 7 listopada 2023 r. w sprawie og\u0142oszenia jednolitego tekstu rozporz\u0105dzenia Ministra Edukacji Narodowej w sprawie organizacji kuratori\u00f3w o\u015bwiaty oraz zasad tworzenia ich delegatur : Dz.U. z 2023 poz. 2458 Dz.U. 2023 poz. 2458 Rozporz\u0105dzenie Ministra Edukacji Narodowej z dnia 20 lutego 2017 r. zmieniaj\u0105ce rozporz\u0105dzenie w sprawie organizacji kuratori\u00f3w o\u015bwiaty oraz zasad tworzenia ich delegatur : Dz. U. z 2017 r. poz. 473<span class=\"ellipsis\">&hellip;<\/span><\/p>\n<div class=\"read-more\"><a href=\"https:\/\/pbp.womczest.edu.pl\/new\/kuratoria-oswiaty\/\">Czytaj wi\u0119cej &#8250;<\/a><\/div>\n<p><!-- end of .read-more --><\/p>\n","protected":false},"author":7,"featured_media":0,"parent":0,"menu_order":0,"comment_status":"closed","ping_status":"closed","template":"","meta":{"footnotes":""},"jetpack_sharing_enabled":true,"jetpack_shortlink":"https:\/\/wp.me\/PgmV4H-3nv","_links":{"self":[{"href":"https:\/\/pbp.womczest.edu.pl\/new\/wp-json\/wp\/v2\/pages\/12989"}],"collection":[{"href":"https:\/\/pbp.womczest.edu.pl\/new\/wp-json\/wp\/v2\/pages"}],"about":[{"href":"https:\/\/pbp.womczest.edu.pl\/new\/wp-json\/wp\/v2\/types\/page"}],"author":[{"embeddable":true,"href":"https:\/\/pbp.womczest.edu.pl\/new\/wp-json\/wp\/v2\/users\/7"}],"replies":[{"embeddable":true,"href":"https:\/\/pbp.womczest.edu.pl\/new\/wp-json\/wp\/v2\/comments?post=12989"}],"version-history":[{"count":4,"href":"https:\/\/pbp.womczest.edu.pl\/new\/wp-json\/wp\/v2\/pages\/12989\/revisions"}],"predecessor-version":[{"id":26427,"href":"https:\/\/pbp.womczest.edu.pl\/new\/wp-json\/wp\/v2\/pages\/12989\/revisions\/26427"}],"wp:attachment":[{"href":"https:\/\/pbp.womczest.edu.pl\/new\/wp-json\/wp\/v2\/media?parent=12989"}],"curies":[{"name":"wp","href":"https:\/\/api.w.org\/{rel}","templated":true}]}}