


{"id":12981,"date":"2019-01-02T13:53:13","date_gmt":"2019-01-02T12:53:13","guid":{"rendered":"https:\/\/pbp.womczest.edu.pl\/new\/?page_id=12981"},"modified":"2025-01-22T12:08:23","modified_gmt":"2025-01-22T11:08:23","slug":"konkursy-na-stanowiska","status":"publish","type":"page","link":"https:\/\/pbp.womczest.edu.pl\/new\/konkursy-na-stanowiska\/","title":{"rendered":"KONKURSY NA STANOWISKA"},"content":{"rendered":"<ul>\n<li>Rozporz\u0105dzenie Ministra Kultury i Dziedzictwa Narodowego z dnia 2 lutego 2023 r. zmieniaj\u0105ce rozporz\u0105dzenie w sprawie wymaga\u0144, jakim powinna odpowiada\u0107 osoba zajmuj\u0105ca stanowisko dyrektora oraz inne stanowisko kierownicze w publicznej szkole artystycznej oraz publicznej plac\u00f3wce artystycznej : Dz.U. 2023 poz. 286<br \/>\n<a id=\"view:_id1:_id2:_id59:_id61:callback1:_id93:rDeeds:2538:_id114\" class=\"doc-details-link\" href=\"https:\/\/isap.sejm.gov.pl\/isap.nsf\/DocDetails.xsp?id=WDU20230000286\">Dz.U. 2023 poz. 286<\/a><\/li>\n<li>Obwieszczenie Ministra Edukacji i Nauki z dnia 20 lipca 2021 r. w sprawie og\u0142oszenia jednolitego tekstu rozporz\u0105dzenia Ministra Edukacji Narodowej w sprawie regulaminu konkursu na stanowisko dyrektora publicznego przedszkola, publicznej szko\u0142y podstawowej, publicznej szko\u0142y ponadpodstawowej lub publicznej plac\u00f3wki oraz trybu pracy komisji konkursowej : Dz. U. z 2021 r. poz. 1428<br \/>\n<a id=\"view:_id1:_id2:_id59:_id61:callback1:_id93:rDeeds:145:_id114\" class=\"doc-details-link\" href=\"http:\/\/isap.sejm.gov.pl\/isap.nsf\/DocDetails.xsp?id=WDU20210001428\">Dz.U. 2021 poz. 1428<\/a><\/li>\n<li>Rozporz\u0105dzenie Ministra Edukacji Narodowej z dnia 24 lutego 2020 r. w sprawie konkursu na stanowisko dyrektora publicznej plac\u00f3wki doskonalenia nauczycieli prowadzonej przez ministra : Dz. U. z 2020 r. poz. 385<br \/>\n<a id=\"view:_id1:_id2:_id59:_id61:callback1:_id93:rDeeds:330:_id114\" class=\"doc-details-link\" href=\"http:\/\/isap.sejm.gov.pl\/isap.nsf\/DocDetails.xsp?id=WDU20200000385\">Dz.U. 2020 poz. 385<\/a><\/li>\n<li>Rozporz\u0105dzenie Ministra Edukacji Narodowej z dnia 28 sierpnia 2019 r. zmieniaj\u0105ce rozporz\u0105dzenie w sprawie wymaga\u0144, jakim powinna odpowiada\u0107 osoba zajmuj\u0105ca stanowisko dyrektora oraz inne stanowisko kierownicze w publicznym przedszkolu, publicznej szkole podstawowej, publicznej szkole ponadpodstawowej oraz publicznej plac\u00f3wce : Dz. U. z 2019 r. poz. 1661<br \/>\n<a id=\"view:_id1:_id2:_id59:_id61:callback1:_id93:rDeeds:356:_id114\" class=\"doc-details-link\" href=\"http:\/\/isap.sejm.gov.pl\/isap.nsf\/DocDetails.xsp?id=WDU20190001661\">Dz.U. 2019 poz. 1661<\/a><\/li>\n<li>Rozporz\u0105dzenie Ministra Edukacji Narodowej z dnia 19 sierpnia 2019 r. zmieniaj\u0105ce rozporz\u0105dzenie w sprawie regulaminu konkursu na stanowisko dyrektora publicznego przedszkola, publicznej szko\u0142y podstawowej, publicznej szko\u0142y ponadpodstawowej lub publicznej plac\u00f3wki oraz trybu pracy komisji konkursowej : Dz. U. z 2019 r. poz. 1634<br \/>\n<a id=\"view:_id1:_id2:_id59:_id61:callback1:_id93:rDeeds:370:_id114\" class=\"doc-details-link\" href=\"http:\/\/isap.sejm.gov.pl\/isap.nsf\/DocDetails.xsp?id=WDU20190001634\">Dz.U. 2019 poz. 1634<\/a><\/li>\n<li>Obwieszczenie Ministra Edukacji i Nauki z dnia 21 sierpnia 2023 r. w sprawie og\u0142oszenia jednolitego tekstu rozporz\u0105dzenia Ministra Edukacji Narodowej w sprawie konkursu na stanowisko dyrektora Centralnej Komisji Egzaminacyjnej i stanowisko dyrektora okr\u0119gowej komisji egzaminacyjnej : Dz.U. z 2023 r. poz. 1900<br \/>\n<a id=\"view:_id1:_id2:_id59:_id61:callback1:_id93:rDeeds:924:_id114\" class=\"doc-details-link\" href=\"https:\/\/isap.sejm.gov.pl\/isap.nsf\/DocDetails.xsp?id=WDU20230001900\">Dz.U. 2023 poz. 1900<\/a><\/li>\n<li>Rozporz\u0105dzenie Ministra Edukacji Narodowej z dnia 29 lipca 2019 r. zmieniaj\u0105ce rozporz\u0105dzenie w sprawie konkursu na stanowisko dyrektora Centralnej Komisji Egzaminacyjnej i stanowisko dyrektora okr\u0119gowej komisji egzaminacyjnej : Dz. U. z 2019 r. poz. 1451<br \/>\n<a id=\"view:_id1:_id2:_id59:_id61:callback1:_id93:rDeeds:537:_id114\" class=\"doc-details-link\" href=\"http:\/\/isap.sejm.gov.pl\/isap.nsf\/DocDetails.xsp?id=WDU20190001451\">Dz.U. 2019 poz. 1451<\/a><\/li>\n<li>Rozporz\u0105dzenie Ministra Kultury, Dziedzictwa Narodowego i Sportu z dnia 25 pa\u017adziernika 2021 r. zmieniaj\u0105ce rozporz\u0105dzenie w sprawie regulaminu konkursu na stanowisko dyrektora publicznej szko\u0142y artystycznej lub publicznej plac\u00f3wki zapewniaj\u0105cej opiek\u0119 i wychowanie uczniom w okresie pobierania nauki poza miejscem sta\u0142ego zamieszkania oraz trybu pracy komisji konkursowej : Dz. U. z 2021 r. poz. 2007<br \/>\n<a id=\"view:_id1:_id2:_id59:_id61:callback1:_id93:rDeeds:49:_id114\" class=\"doc-details-link\" href=\"http:\/\/isap.sejm.gov.pl\/isap.nsf\/DocDetails.xsp?id=WDU20210002007\">Dz.U. 2021 poz. 2007<\/a><\/li>\n<li>Obwieszczenie Ministra Kultury i Dziedzictwa Narodowego z dnia 1 marca 2023 r. w sprawie og\u0142oszenia jednolitego tekstu rozporz\u0105dzenia Ministra Kultury i Dziedzictwa Narodowego w sprawie regulaminu konkursu na stanowisko dyrektora publicznej szko\u0142y artystycznej lub publicznej plac\u00f3wki zapewniaj\u0105cej opiek\u0119 i wychowanie uczniom w okresie pobierania nauki poza miejscem sta\u0142ego zamieszkania oraz trybu pracy komisji konkursowej : Dz. U. z 2023 r. poz. 531<br \/>\n<a id=\"view:_id1:_id2:_id59:_id61:callback1:_id93:rDeeds:2293:_id114\" class=\"doc-details-link\" href=\"https:\/\/isap.sejm.gov.pl\/isap.nsf\/DocDetails.xsp?id=WDU20230000531\">Dz.U. 2023 poz. 531<\/a><\/li>\n<li>Rozporz\u0105dzenie Ministra Kultury i Dziedzictwa Narodowego z dnia 29 marca 2018 r. w sprawie regulaminu konkursu na stanowisko dyrektora publicznej szko\u0142y artystycznej lub publicznej plac\u00f3wki zapewniaj\u0105cej opiek\u0119 i wychowanie uczniom w okresie pobierania nauki poza miejscem sta\u0142ego zamieszkania oraz trybu pracy komisji konkursowej : Dz. U. z 2018 r. poz. 694<br \/>\n<a id=\"view:_id1:_id2:_id53:_id55:callback1:_id87:rDeeds:32:_id106\" class=\"doc-details-link\" href=\"http:\/\/isap.sejm.gov.pl\/isap.nsf\/DocDetails.xsp?id=WDU20180000694\">Dz.U. 2018 poz. 694<\/a><\/li>\n<li>Rozporz\u0105dzenie Ministra Edukacji Narodowej z dnia 11 sierpnia 2017 r. w sprawie wymaga\u0144, jakim powinna odpowiada\u0107 osoba zajmuj\u0105ca stanowisko dyrektora oraz inne stanowisko kierownicze w publicznym przedszkolu, publicznej szkole podstawowej, publicznej szkole ponadpodstawowej oraz publicznej plac\u00f3wce : Dz. U. z 2017 r. poz. 1597<br \/>\n<a id=\"view:_id1:_id2:_id59:_id61:callback1:_id93:rDeeds:912:_id114\" class=\"doc-details-link\" href=\"http:\/\/isap.sejm.gov.pl\/isap.nsf\/DocDetails.xsp?id=WDU20170001597\">Dz.U. 2017 poz. 1597<\/a><\/li>\n<li>Rozporz\u0105dzenie Ministra Edukacji Narodowej z dnia 11 sierpnia 2017 r. w sprawie regulaminu konkursu na stanowisko dyrektora publicznego przedszkola, publicznej szko\u0142y podstawowej, publicznej szko\u0142y ponadpodstawowej lub publicznej plac\u00f3wki oraz trybu pracy komisji konkursowej : Dz. U. z 2017 r. poz. 1587<br \/>\n<a id=\"view:_id1:_id2:_id59:_id61:callback1:_id93:rDeeds:922:_id114\" class=\"doc-details-link\" href=\"http:\/\/isap.sejm.gov.pl\/isap.nsf\/DocDetails.xsp?id=WDU20170001587\">Dz.U. 2017 poz. 1587<\/a><\/li>\n<li>Rozporz\u0105dzenie Ministra Edukacji Narodowej z dnia 16 grudnia 2016 r. w sprawie regulaminu konkursu na stanowisko kuratora o\u015bwiaty oraz trybu pracy komisji konkursowej : Dz. U. z 2016 r. poz. 2150<br \/>\n<a id=\"view:_id1:_id2:_id59:_id61:callback1:_id93:rDeeds:156:_id114\" class=\"doc-details-link\" href=\"http:\/\/isap.sejm.gov.pl\/isap.nsf\/DocDetails.xsp?id=WDU20160002150\">Dz.U. 2016 poz. 2150<\/a><\/li>\n<li>Rozporz\u0105dzenie Ministra Edukacji Narodowej z dnia 8 listopada 2011 r. zmieniaj\u0105ce rozporz\u0105dzenie w sprawie wymaga\u0144, jakim powinna odpowiada\u0107 osoba zajmuj\u0105ca stanowisko dyrektora oraz inne stanowisko kierownicze w poszczeg\u00f3lnych typach publicznych szk\u00f3\u0142 i rodzajach publicznych plac\u00f3wek : Dz.\u00a0U. z\u00a02011\u00a0r. nr\u00a0254 poz. 1526<br \/>\n<a id=\"view:_id1:_id2:_id59:_id61:callback1:_id93:rDeeds:4:_id114\" class=\"doc-details-link\" href=\"http:\/\/isap.sejm.gov.pl\/isap.nsf\/DocDetails.xsp?id=WDU20112541526\">Dz.U. 2011 nr 254 poz. 1526<\/a><\/li>\n<li>Rozporz\u0105dzenie Ministra Edukacji Narodowej z dnia 14 pa\u017adziernika 2011 r. zmieniaj\u0105ce rozporz\u0105dzenie w sprawie regulaminu konkursu na stanowisko dyrektora publicznej szko\u0142y lub publicznej plac\u00f3wki oraz trybu pracy komisji konkursowej :\u00a0 Dz.\u00a0U. z\u00a02011\u00a0r. nr\u00a0254 poz. 1525<br \/>\n<a id=\"view:_id1:_id2:_id59:_id61:callback1:_id93:rDeeds:5:_id114\" class=\"doc-details-link\" href=\"http:\/\/isap.sejm.gov.pl\/isap.nsf\/DocDetails.xsp?id=WDU20112541525\">Dz.U. 2011 nr 254 poz. 1525<\/a><\/li>\n<li>Rozporz\u0105dzenie Ministra Edukacji Narodowej z dnia 8 kwietnia 2010 r. w sprawie regulaminu konkursu na stanowisko dyrektora publicznej szko\u0142y lub publicznej plac\u00f3wki oraz trybu pracy komisji konkursowej : Dz.\u00a0U. z\u00a02010\u00a0r. nr\u00a060 poz. 373<br \/>\n<a id=\"view:_id1:_id2:_id59:_id61:callback1:_id93:rDeeds:2:_id114\" class=\"doc-details-link\" href=\"http:\/\/isap.sejm.gov.pl\/isap.nsf\/DocDetails.xsp?id=WDU20100600373\">Dz.U. 2010 nr 60 poz. 373<\/a><a id=\"view:_id1:_id2:_id59:_id61:callback1:_id93:rDeeds:5:_id114\" class=\"doc-details-link\" href=\"http:\/\/isap.sejm.gov.pl\/isap.nsf\/DocDetails.xsp?id=WDU20112541525\"><\/a><\/li>\n<li>Rozporz\u0105dzenie Ministra Edukacji Narodowej z dnia 27 pa\u017adziernika 2009 r. w sprawie wymaga\u0144, jakim powinna odpowiada\u0107 osoba zajmuj\u0105ca stanowisko dyrektora oraz inne stanowisko kierownicze w poszczeg\u00f3lnych typach publicznych szk\u00f3\u0142 i rodzajach publicznych plac\u00f3wek : Dz.\u00a0U. z\u00a02009\u00a0r. nr\u00a0184 poz. 1436<br \/>\n<a id=\"view:_id1:_id2:_id59:_id61:callback1:_id93:rDeeds:2:_id114\" class=\"doc-details-link\" href=\"http:\/\/isap.sejm.gov.pl\/isap.nsf\/DocDetails.xsp?id=WDU20091841436\">Dz.U. 2009 nr 184 poz. 1436<\/a><\/li>\n<\/ul>\n","protected":false},"excerpt":{"rendered":"<p>Rozporz\u0105dzenie Ministra Kultury i Dziedzictwa Narodowego z dnia 2 lutego 2023 r. zmieniaj\u0105ce rozporz\u0105dzenie w sprawie wymaga\u0144, jakim powinna odpowiada\u0107 osoba zajmuj\u0105ca stanowisko dyrektora oraz inne stanowisko kierownicze w publicznej szkole artystycznej oraz publicznej plac\u00f3wce artystycznej : Dz.U. 2023 poz. 286 Dz.U. 2023 poz. 286 Obwieszczenie Ministra Edukacji i Nauki z dnia 20 lipca 2021 r. w sprawie og\u0142oszenia jednolitego tekstu rozporz\u0105dzenia Ministra Edukacji Narodowej w sprawie regulaminu konkursu na<span class=\"ellipsis\">&hellip;<\/span><\/p>\n<div class=\"read-more\"><a href=\"https:\/\/pbp.womczest.edu.pl\/new\/konkursy-na-stanowiska\/\">Czytaj wi\u0119cej &#8250;<\/a><\/div>\n<p><!-- end of .read-more --><\/p>\n","protected":false},"author":7,"featured_media":0,"parent":0,"menu_order":0,"comment_status":"closed","ping_status":"closed","template":"","meta":{"footnotes":""},"jetpack_sharing_enabled":true,"jetpack_shortlink":"https:\/\/wp.me\/PgmV4H-3nn","_links":{"self":[{"href":"https:\/\/pbp.womczest.edu.pl\/new\/wp-json\/wp\/v2\/pages\/12981"}],"collection":[{"href":"https:\/\/pbp.womczest.edu.pl\/new\/wp-json\/wp\/v2\/pages"}],"about":[{"href":"https:\/\/pbp.womczest.edu.pl\/new\/wp-json\/wp\/v2\/types\/page"}],"author":[{"embeddable":true,"href":"https:\/\/pbp.womczest.edu.pl\/new\/wp-json\/wp\/v2\/users\/7"}],"replies":[{"embeddable":true,"href":"https:\/\/pbp.womczest.edu.pl\/new\/wp-json\/wp\/v2\/comments?post=12981"}],"version-history":[{"count":16,"href":"https:\/\/pbp.womczest.edu.pl\/new\/wp-json\/wp\/v2\/pages\/12981\/revisions"}],"predecessor-version":[{"id":26221,"href":"https:\/\/pbp.womczest.edu.pl\/new\/wp-json\/wp\/v2\/pages\/12981\/revisions\/26221"}],"wp:attachment":[{"href":"https:\/\/pbp.womczest.edu.pl\/new\/wp-json\/wp\/v2\/media?parent=12981"}],"curies":[{"name":"wp","href":"https:\/\/api.w.org\/{rel}","templated":true}]}}