


{"id":12976,"date":"2019-01-02T13:51:08","date_gmt":"2019-01-02T12:51:08","guid":{"rendered":"https:\/\/pbp.womczest.edu.pl\/new\/?page_id=12976"},"modified":"2021-04-07T13:13:51","modified_gmt":"2021-04-07T11:13:51","slug":"konkursy-i-olimpiady","status":"publish","type":"page","link":"https:\/\/pbp.womczest.edu.pl\/new\/konkursy-i-olimpiady\/","title":{"rendered":"KONKURSY I OLIMPIADY"},"content":{"rendered":"<ul>\n<li>Obwieszczenie Ministra Edukacji Narodowej z dnia 25 maja 2020 r. w sprawie og\u0142oszenia jednolitego tekstu rozporz\u0105dzenia Ministra Edukacji Narodowej i Sportu w sprawie organizacji oraz sposobu przeprowadzania konkurs\u00f3w, turniej\u00f3w i olimpiad : Dz. U. z 2020 r. poz. 1036<br \/>\n<a id=\"view:_id1:_id2:_id59:_id61:callback1:_id93:rDeeds:1427:_id114\" class=\"doc-details-link\" href=\"http:\/\/isap.sejm.gov.pl\/isap.nsf\/DocDetails.xsp?id=WDU20200001036\">Dz.U. 2020 poz. 1036<\/a><\/li>\n<li>Rozporz\u0105dzenie Ministra Edukacji Narodowej z dnia 18 sierpnia 2017 r. zmieniaj\u0105ce rozporz\u0105dzenie w sprawie organizacji oraz sposobu przeprowadzania konkurs\u00f3w, turniej\u00f3w i olimpiad : Dz. U. z 2017 r. poz. 1580<br \/>\n<a id=\"view:_id1:_id2:_id59:_id61:callback1:_id93:rDeeds:929:_id114\" class=\"doc-details-link\" href=\"http:\/\/isap.sejm.gov.pl\/isap.nsf\/DocDetails.xsp?id=WDU20170001580\">Dz.U. 2017 poz. 1580<\/a><\/li>\n<li>Rozporz\u0105dzenie Ministra Edukacji Narodowej z dnia 24 wrze\u015bnia 2014 r. zmieniaj\u0105ce rozporz\u0105dzenie w sprawie organizacji oraz sposobu przeprowadzania konkurs\u00f3w, turniej\u00f3w i\u00a0olimpiad : Dz. U. z 2014 r. poz. 1290<br \/>\n<a id=\"view:_id1:_id2:_id59:_id61:callback1:_id93:rDeeds:705:_id114\" class=\"doc-details-link\" href=\"http:\/\/isap.sejm.gov.pl\/isap.nsf\/DocDetails.xsp?id=WDU20140001290\">Dz.U. 2014 poz. 1290<\/a><\/li>\n<li>Rozporz\u0105dzenie Ministra Edukacji Narodowej z dnia 27 lipca 2009 r. zmieniaj\u0105ce rozporz\u0105dzenie w sprawie organizacji oraz sposobu przeprowadzania konkurs\u00f3w, turniej\u00f3w i olimpiad : Dz. U. z 2009 r. nr 126 poz. 1041<br \/>\n<a id=\"view:_id1:_id2:_id59:_id61:callback1:_id93:rDeeds:3:_id114\" class=\"doc-details-link\" href=\"http:\/\/isap.sejm.gov.pl\/isap.nsf\/DocDetails.xsp?id=WDU20091261041\">Dz.U. 2009 nr 126 poz. 1041<\/a><\/li>\n<li>Rozporz\u0105dzenie Ministra Edukacji Narodowej i Sportu z dnia 29 stycznia 2002 r. w sprawie organizacji oraz sposobu przeprowadzania konkurs\u00f3w, turniej\u00f3w i olimpiad : Dz. U. z 2002 r. nr 13 poz. 125<br \/>\n<a id=\"view:_id1:_id2:_id59:_id61:callback1:_id93:rDeeds:2:_id114\" class=\"doc-details-link\" href=\"http:\/\/isap.sejm.gov.pl\/isap.nsf\/DocDetails.xsp?id=WDU20020130125\">Dz.U. 2002 nr 13 poz. 125<\/a><\/li>\n<\/ul>\n","protected":false},"excerpt":{"rendered":"<p>Obwieszczenie Ministra Edukacji Narodowej z dnia 25 maja 2020 r. w sprawie og\u0142oszenia jednolitego tekstu rozporz\u0105dzenia Ministra Edukacji Narodowej i Sportu w sprawie organizacji oraz sposobu przeprowadzania konkurs\u00f3w, turniej\u00f3w i olimpiad : Dz. U. z 2020 r. poz. 1036 Dz.U. 2020 poz. 1036 Rozporz\u0105dzenie Ministra Edukacji Narodowej z dnia 18 sierpnia 2017 r. zmieniaj\u0105ce rozporz\u0105dzenie w sprawie organizacji oraz sposobu przeprowadzania konkurs\u00f3w, turniej\u00f3w i olimpiad : Dz. U. z 2017<span class=\"ellipsis\">&hellip;<\/span><\/p>\n<div class=\"read-more\"><a href=\"https:\/\/pbp.womczest.edu.pl\/new\/konkursy-i-olimpiady\/\">Czytaj wi\u0119cej &#8250;<\/a><\/div>\n<p><!-- end of .read-more --><\/p>\n","protected":false},"author":7,"featured_media":0,"parent":0,"menu_order":0,"comment_status":"closed","ping_status":"closed","template":"","meta":{"footnotes":""},"jetpack_sharing_enabled":true,"jetpack_shortlink":"https:\/\/wp.me\/PgmV4H-3ni","_links":{"self":[{"href":"https:\/\/pbp.womczest.edu.pl\/new\/wp-json\/wp\/v2\/pages\/12976"}],"collection":[{"href":"https:\/\/pbp.womczest.edu.pl\/new\/wp-json\/wp\/v2\/pages"}],"about":[{"href":"https:\/\/pbp.womczest.edu.pl\/new\/wp-json\/wp\/v2\/types\/page"}],"author":[{"embeddable":true,"href":"https:\/\/pbp.womczest.edu.pl\/new\/wp-json\/wp\/v2\/users\/7"}],"replies":[{"embeddable":true,"href":"https:\/\/pbp.womczest.edu.pl\/new\/wp-json\/wp\/v2\/comments?post=12976"}],"version-history":[{"count":6,"href":"https:\/\/pbp.womczest.edu.pl\/new\/wp-json\/wp\/v2\/pages\/12976\/revisions"}],"predecessor-version":[{"id":17402,"href":"https:\/\/pbp.womczest.edu.pl\/new\/wp-json\/wp\/v2\/pages\/12976\/revisions\/17402"}],"wp:attachment":[{"href":"https:\/\/pbp.womczest.edu.pl\/new\/wp-json\/wp\/v2\/media?parent=12976"}],"curies":[{"name":"wp","href":"https:\/\/api.w.org\/{rel}","templated":true}]}}