


{"id":12961,"date":"2019-01-02T13:36:13","date_gmt":"2019-01-02T12:36:13","guid":{"rendered":"https:\/\/pbp.womczest.edu.pl\/new\/?page_id=12961"},"modified":"2025-02-17T12:03:40","modified_gmt":"2025-02-17T11:03:40","slug":"inne-placowki-oswiatowe","status":"publish","type":"page","link":"https:\/\/pbp.womczest.edu.pl\/new\/inne-placowki-oswiatowe\/","title":{"rendered":"INNE PLAC\u00d3WKI O\u015aWIATOWE"},"content":{"rendered":"<ul>\n<li>Rozporz\u0105dzenie Ministra Edukacji i Nauki z dnia 30 marca 2023 r. w sprawie niekt\u00f3rych publicznych plac\u00f3wek systemu o\u015bwiaty : Dz.U. z 2023 r. poz. 651<br \/>\n<a id=\"view:_id1:_id2:_id59:_id61:callback1:_id93:rDeeds:2173:_id114\" class=\"doc-details-link\" href=\"https:\/\/isap.sejm.gov.pl\/isap.nsf\/DocDetails.xsp?id=WDU20230000651\">Dz.U. 2023 poz. 651<\/a><\/li>\n<li>Rozporz\u0105dzenie Ministra Edukacji i Nauki z dnia 11 sierpnia 2021 r. zmieniaj\u0105ce rozporz\u0105dzenie w sprawie szczeg\u00f3\u0142owych zasad kierowania, przyjmowania, przenoszenia, zwalniania i pobytu nieletnich w m\u0142odzie\u017cowym o\u015brodku wychowawczym : Dz. U. z 2021 r. poz. 1502<br \/>\n<a id=\"view:_id1:_id2:_id59:_id61:callback1:_id93:rDeeds:72:_id114\" class=\"doc-details-link\" href=\"http:\/\/isap.sejm.gov.pl\/isap.nsf\/DocDetails.xsp?id=WDU20210001501\">Dz.U. 2021 poz. 1501<\/a><\/li>\n<li>Rozporz\u0105dzenie Ministra Edukacji i Nauki z dnia 12 sierpnia 2022 r. zmieniaj\u0105ce rozporz\u0105dzenie w sprawie rodzaj\u00f3w i szczeg\u00f3\u0142owych zasad dzia\u0142ania plac\u00f3wek publicznych, warunk\u00f3w pobytu dzieci i m\u0142odzie\u017cy w tych plac\u00f3wkach oraz wysoko\u015bci i zasad odp\u0142atno\u015bci wnoszonej przez rodzic\u00f3w za pobyt ich dzieci w tych plac\u00f3wkach : Dz. U. z 2022 r. poz. 1757<br \/>\n<a id=\"view:_id1:_id2:_id59:_id61:callback1:_id93:rDeeds:34:_id114\" class=\"doc-details-link\" href=\"https:\/\/isap.sejm.gov.pl\/isap.nsf\/DocDetails.xsp?id=WDU20220001757\">Dz.U. 2022 poz. 1757<\/a><\/li>\n<li>Rozporz\u0105dzenie Ministra Edukacji i Nauki z dnia 27 sierpnia 2021 r. zmieniaj\u0105ce rozporz\u0105dzenie w sprawie rodzaj\u00f3w i szczeg\u00f3\u0142owych zasad dzia\u0142ania plac\u00f3wek publicznych, warunk\u00f3w pobytu dzieci i m\u0142odzie\u017cy w tych plac\u00f3wkach oraz wysoko\u015bci i zasad odp\u0142atno\u015bci wnoszonej przez rodzic\u00f3w za pobyt ich dzieci w tych plac\u00f3wkach : Dz. U. z 2021 r. poz. 1596<br \/>\n<a id=\"view:_id1:_id2:_id59:_id61:callback1:_id93:rDeeds:427:_id114\" class=\"doc-details-link\" href=\"http:\/\/isap.sejm.gov.pl\/isap.nsf\/DocDetails.xsp?id=WDU20210001596\">Dz.U. 2021 poz. 1596<\/a><\/li>\n<li>Rozporz\u0105dzenie Ministra Edukacji i Nauki z dnia 11 maja 2021 r. zmieniaj\u0105ce rozporz\u0105dzenie w sprawie rodzaj\u00f3w i szczeg\u00f3\u0142owych zasad dzia\u0142ania plac\u00f3wek publicznych, warunk\u00f3w pobytu dzieci i m\u0142odzie\u017cy w tych plac\u00f3wkach oraz wysoko\u015bci i zasad odp\u0142atno\u015bci wnoszonej przez rodzic\u00f3w za pobyt ich dzieci w tych plac\u00f3wkach : Dz. U. 2021 r. poz. 938<br \/>\n<a id=\"view:_id1:_id2:_id59:_id61:callback1:_id93:rDeeds:635:_id114\" class=\"doc-details-link\" href=\"http:\/\/isap.sejm.gov.pl\/isap.nsf\/DocDetails.xsp?id=WDU20210000938\">Dz.U. 2021 poz. 938<\/a><\/li>\n<li><a id=\"view:_id1:_id2:_id53:_id55:callback1:_id87:rDeeds:169:_id108\" class=\"doc-details-link\" href=\"http:\/\/isap.sejm.gov.pl\/isap.nsf\/DocDetails.xsp?id=WDU20190000320\"><\/a>Rozporz\u0105dzenie Ministra Edukacji i Nauki z dnia 30 sierpnia 2023 r. w sprawie szczeg\u00f3\u0142owych zada\u0144 wiod\u0105cych o\u015brodk\u00f3w koordynacyjno-rehabilitacyjno-opieku\u0144czych : Dz.U. z 2023 r. poz. 1801<br \/>\n<a id=\"view:_id1:_id2:_id59:_id61:callback1:_id93:rDeeds:1023:_id114\" class=\"doc-details-link\" href=\"https:\/\/isap.sejm.gov.pl\/isap.nsf\/DocDetails.xsp?id=WDU20230001801\">Dz.U. 2023 poz. 1801<\/a><\/li>\n<li><a id=\"view:_id1:_id2:_id59:_id61:callback1:_id93:rDeeds:797:_id114\" class=\"doc-details-link\" href=\"http:\/\/isap.sejm.gov.pl\/isap.nsf\/DocDetails.xsp?id=WDU20170001712\"><\/a>Rozporz\u0105dzenie Ministra Edukacji Narodowej z dnia 18 sierpnia 2017 r. zmieniaj\u0105ce rozporz\u0105dzenie w sprawie rodzaj\u00f3w i szczeg\u00f3\u0142owych zasad dzia\u0142ania plac\u00f3wek publicznych, warunk\u00f3w pobytu dzieci i m\u0142odzie\u017cy w tych plac\u00f3wkach oraz wysoko\u015bci i zasad odp\u0142atno\u015bci wnoszonej przez rodzic\u00f3w za pobyt ich dzieci w tych plac\u00f3wkach : Dz. U. z 2017 r. poz. 1628<br \/>\n<a id=\"view:_id1:_id2:_id59:_id61:callback1:_id93:rDeeds:881:_id114\" class=\"doc-details-link\" href=\"http:\/\/isap.sejm.gov.pl\/isap.nsf\/DocDetails.xsp?id=WDU20170001628\">Dz.U. 2017 poz. 1628<\/a><\/li>\n<li>Rozporz\u0105dzenie Ministra Edukacji Narodowej z dnia 2 listopada 2015 r. w sprawie rodzaj\u00f3w i szczeg\u00f3\u0142owych zasad dzia\u0142ania plac\u00f3wek publicznych, warunk\u00f3w pobytu dzieci i m\u0142odzie\u017cy w tych plac\u00f3wkach oraz wysoko\u015bci i zasad odp\u0142atno\u015bci wnoszonej przez rodzic\u00f3w za pobyt ich dzieci w tych plac\u00f3wkach : Dz. U. z 2015 r. poz. 1872<br \/>\n<a id=\"view:_id1:_id2:_id59:_id61:callback1:_id93:rDeeds:495:_id114\" class=\"doc-details-link\" href=\"http:\/\/isap.sejm.gov.pl\/isap.nsf\/DocDetails.xsp?id=WDU20150001872\">Dz.U. 2015 poz. 1872<\/a><\/li>\n<\/ul>\n","protected":false},"excerpt":{"rendered":"<p>Rozporz\u0105dzenie Ministra Edukacji i Nauki z dnia 30 marca 2023 r. w sprawie niekt\u00f3rych publicznych plac\u00f3wek systemu o\u015bwiaty : Dz.U. z 2023 r. poz. 651 Dz.U. 2023 poz. 651 Rozporz\u0105dzenie Ministra Edukacji i Nauki z dnia 11 sierpnia 2021 r. zmieniaj\u0105ce rozporz\u0105dzenie w sprawie szczeg\u00f3\u0142owych zasad kierowania, przyjmowania, przenoszenia, zwalniania i pobytu nieletnich w m\u0142odzie\u017cowym o\u015brodku wychowawczym : Dz. U. z 2021 r. poz. 1502 Dz.U. 2021 poz. 1501 Rozporz\u0105dzenie<span class=\"ellipsis\">&hellip;<\/span><\/p>\n<div class=\"read-more\"><a href=\"https:\/\/pbp.womczest.edu.pl\/new\/inne-placowki-oswiatowe\/\">Czytaj wi\u0119cej &#8250;<\/a><\/div>\n<p><!-- end of .read-more --><\/p>\n","protected":false},"author":7,"featured_media":0,"parent":0,"menu_order":0,"comment_status":"closed","ping_status":"closed","template":"","meta":{"footnotes":""},"jetpack_sharing_enabled":true,"jetpack_shortlink":"https:\/\/wp.me\/PgmV4H-3n3","_links":{"self":[{"href":"https:\/\/pbp.womczest.edu.pl\/new\/wp-json\/wp\/v2\/pages\/12961"}],"collection":[{"href":"https:\/\/pbp.womczest.edu.pl\/new\/wp-json\/wp\/v2\/pages"}],"about":[{"href":"https:\/\/pbp.womczest.edu.pl\/new\/wp-json\/wp\/v2\/types\/page"}],"author":[{"embeddable":true,"href":"https:\/\/pbp.womczest.edu.pl\/new\/wp-json\/wp\/v2\/users\/7"}],"replies":[{"embeddable":true,"href":"https:\/\/pbp.womczest.edu.pl\/new\/wp-json\/wp\/v2\/comments?post=12961"}],"version-history":[{"count":15,"href":"https:\/\/pbp.womczest.edu.pl\/new\/wp-json\/wp\/v2\/pages\/12961\/revisions"}],"predecessor-version":[{"id":26208,"href":"https:\/\/pbp.womczest.edu.pl\/new\/wp-json\/wp\/v2\/pages\/12961\/revisions\/26208"}],"wp:attachment":[{"href":"https:\/\/pbp.womczest.edu.pl\/new\/wp-json\/wp\/v2\/media?parent=12961"}],"curies":[{"name":"wp","href":"https:\/\/api.w.org\/{rel}","templated":true}]}}