


{"id":12956,"date":"2019-01-02T13:34:17","date_gmt":"2019-01-02T12:34:17","guid":{"rendered":"https:\/\/pbp.womczest.edu.pl\/new\/?page_id=12956"},"modified":"2025-02-17T12:39:06","modified_gmt":"2025-02-17T11:39:06","slug":"egzaminatorzy","status":"publish","type":"page","link":"https:\/\/pbp.womczest.edu.pl\/new\/egzaminatorzy\/","title":{"rendered":"EGZAMINATORZY"},"content":{"rendered":"<ul>\n<li>Obwieszczenie Ministra Edukacji i Nauki z dnia 21 listopada 2023 r. w sprawie og\u0142oszenia jednolitego tekstu rozporz\u0105dzenia Ministra Edukacji Narodowej w sprawie ramowego programu szkolenia kandydat\u00f3w na egzaminator\u00f3w, sposobu prowadzenia ewidencji egzaminator\u00f3w oraz trybu wpisywania i skre\u015blania egzaminator\u00f3w z ewidencji : Dz.U. z 2024 r. poz. 35<br \/>\n<a id=\"view:_id1:_id2:_id59:_id61:callback1:_id93:rDeeds:1949:_id114\" class=\"doc-details-link\" href=\"https:\/\/isap.sejm.gov.pl\/isap.nsf\/DocDetails.xsp?id=WDU20240000035\">Dz.U. 2024 poz. 35<\/a><\/li>\n<li><a id=\"view:_id1:_id2:_id59:_id61:callback1:_id93:rDeeds:1062:_id114\" class=\"doc-details-link\" href=\"http:\/\/isap.sejm.gov.pl\/isap.nsf\/DocDetails.xsp?id=WDU20150001305\"><\/a>Rozporz\u0105dzenie Ministra Edukacji Narodowej z dnia 31 sierpnia 2016 r. zmieniaj\u0105ce rozporz\u0105dzenie w sprawie ramowego programu szkolenia kandydat\u00f3w na egzaminator\u00f3w, sposobu prowadzenia ewidencji egzaminator\u00f3w oraz trybu wpisywania i skre\u015blania egzaminator\u00f3w z ewidencji : Dz. U. z 2016 r. poz. 1385<br \/>\n<a id=\"view:_id1:_id2:_id59:_id61:callback1:_id93:rDeeds:921:_id114\" class=\"doc-details-link\" href=\"http:\/\/isap.sejm.gov.pl\/isap.nsf\/DocDetails.xsp?id=WDU20160001385\">Dz.U. 2016 poz. 1385<\/a><\/li>\n<li>Rozporz\u0105dzenie Ministra Edukacji Narodowej z dnia 27 sierpnia 2019 r. zmieniaj\u0105ce rozporz\u0105dzenie w sprawie ramowego programu szkolenia kandydat\u00f3w na egzaminator\u00f3w, sposobu prowadzenia ewidencji egzaminator\u00f3w oraz trybu wpisywania i skre\u015blania egzaminator\u00f3w z ewidencji : Dz. U. z 2019 r. poz. 1660<br \/>\n<a id=\"view:_id1:_id2:_id59:_id61:callback1:_id93:rDeeds:357:_id114\" class=\"doc-details-link\" href=\"http:\/\/isap.sejm.gov.pl\/isap.nsf\/DocDetails.xsp?id=WDU20190001660\">Dz.U. 2019 poz. 1660<\/a><\/li>\n<li>Obwieszczenie Ministra Edukacji Narodowej z dnia 6 sierpnia 2020 r. w sprawie og\u0142oszenia jednolitego tekstu rozporz\u0105dzenia Ministra Edukacji Narodowej w sprawie ramowego programu szkolenia kandydat\u00f3w na ekspert\u00f3w wchodz\u0105cych w sk\u0142ad komisji egzaminacyjnych i kwalifikacyjnych dla nauczycieli ubiegaj\u0105cych si\u0119 o awans na stopie\u0144 zawodowy, sposobu prowadzenia listy ekspert\u00f3w oraz trybu wpisywania i skre\u015blania ekspert\u00f3w z listy Dz. U. z 2020 poz. 1453<br \/>\n<a id=\"view:_id1:_id2:_id59:_id61:callback1:_id93:rDeeds:1010:_id114\" class=\"doc-details-link\" href=\"http:\/\/isap.sejm.gov.pl\/isap.nsf\/DocDetails.xsp?id=WDU20200001453\">Dz.U. 2020 poz. 1453<\/a><\/li>\n<li>Rozporz\u0105dzenie Ministra Edukacji Narodowej z dnia 26 czerwca 2019 r. zmieniaj\u0105ce rozporz\u0105dzenie w sprawie ramowego programu szkolenia kandydat\u00f3w na ekspert\u00f3w wchodz\u0105cych w sk\u0142ad komisji egzaminacyjnych i kwalifikacyjnych dla nauczycieli ubiegaj\u0105cych si\u0119 o awans na stopie\u0144 zawodowy, sposobu prowadzenia listy ekspert\u00f3w oraz trybu wpisywania i skre\u015blania ekspert\u00f3w z listy : Dz. U. z 2019 r. poz. 1327<br \/>\n<a id=\"view:_id1:_id2:_id59:_id61:callback1:_id93:rDeeds:661:_id114\" class=\"doc-details-link\" href=\"http:\/\/isap.sejm.gov.pl\/isap.nsf\/DocDetails.xsp?id=WDU20190001327\">Dz.U. 2019 poz. 1327<\/a><\/li>\n<li>Rozporz\u0105dzenie Ministra Edukacji Narodowej z dnia 23 pa\u017adziernika 2015 r. w sprawie konkursu na stanowisko dyrektora Centralnej Komisji Egzaminacyjnej i stanowisko dyrektora okr\u0119gowej komisji egzaminacyjnej\u00a0 : Dz. U. z 2015 r. poz. 1827<br \/>\n<a id=\"view:_id1:_id2:_id59:_id61:callback1:_id93:rDeeds:540:_id114\" class=\"doc-details-link\" href=\"http:\/\/isap.sejm.gov.pl\/isap.nsf\/DocDetails.xsp?id=WDU20150001827\">Dz.U. 2015 poz. 1827<\/a><\/li>\n<li>Rozporz\u0105dzenie Ministra Edukacji Narodowej z dnia 31 sierpnia 2016 r. zmieniaj\u0105ce rozporz\u0105dzenie w sprawie konkursu na stanowisko dyrektora Centralnej Komisji Egzaminacyjnej i stanowisko dyrektora okr\u0119gowej komisji egzaminacyjnej : Dz. U. z 2016 r. poz. 1384<br \/>\n<a id=\"view:_id1:_id2:_id59:_id61:callback1:_id93:rDeeds:922:_id114\" class=\"doc-details-link\" href=\"http:\/\/isap.sejm.gov.pl\/isap.nsf\/DocDetails.xsp?id=WDU20160001384\">Dz.U. 2016 poz. 1384<\/a><\/li>\n<li>Rozporz\u0105dzenie Ministra Edukacji Narodowej z dnia 29 lipca 2019 r. zmieniaj\u0105ce rozporz\u0105dzenie w sprawie konkursu na stanowisko dyrektora Centralnej Komisji Egzaminacyjnej i stanowisko dyrektora okr\u0119gowej komisji egzaminacyjnej : Dz. U. z 2019 r. poz. 1451<br \/>\n<a id=\"view:_id1:_id2:_id59:_id61:callback1:_id93:rDeeds:537:_id114\" class=\"doc-details-link\" href=\"http:\/\/isap.sejm.gov.pl\/isap.nsf\/DocDetails.xsp?id=WDU20190001451\">Dz.U. 2019 poz. 1451<\/a><\/li>\n<li>Rozporz\u0105dzenie Ministra Edukacji Narodowej z dnia 15 lutego 2018 r. zmieniaj\u0105ce rozporz\u0105dzenie w sprawie ramowego programu szkolenia kandydat\u00f3w na egzaminator\u00f3w, sposobu prowadzenia ewidencji egzaminator\u00f3w oraz trybu wpisywania i skre\u015blania egzaminator\u00f3w z ewidencji : Dz. U. z 2018 r. poz. 403<br \/>\n<a id=\"view:_id1:_id2:_id59:_id61:callback1:_id93:rDeeds:2145:_id114\" class=\"doc-details-link\" href=\"http:\/\/isap.sejm.gov.pl\/isap.nsf\/DocDetails.xsp?id=WDU20180000403\">Dz.U. 2018 poz. 403<\/a><\/li>\n<li>Rozporz\u0105dzenie Ministra Edukacji Narodowej z dnia 27 sierpnia 2019 r. w sprawie Kolegium Arbitra\u017cu Egzaminacyjnego : Dz. U. z 2019 r. poz. 1647<br \/>\n<a id=\"view:_id1:_id2:_id59:_id61:callback1:_id93:rDeeds:357:_id114\" class=\"doc-details-link\" href=\"http:\/\/isap.sejm.gov.pl\/isap.nsf\/DocDetails.xsp?id=WDU20190001647\">Dz.U. 2019 poz. 1647<\/a><\/li>\n<\/ul>\n","protected":false},"excerpt":{"rendered":"<p>Obwieszczenie Ministra Edukacji i Nauki z dnia 21 listopada 2023 r. w sprawie og\u0142oszenia jednolitego tekstu rozporz\u0105dzenia Ministra Edukacji Narodowej w sprawie ramowego programu szkolenia kandydat\u00f3w na egzaminator\u00f3w, sposobu prowadzenia ewidencji egzaminator\u00f3w oraz trybu wpisywania i skre\u015blania egzaminator\u00f3w z ewidencji : Dz.U. z 2024 r. poz. 35 Dz.U. 2024 poz. 35 Rozporz\u0105dzenie Ministra Edukacji Narodowej z dnia 31 sierpnia 2016 r. zmieniaj\u0105ce rozporz\u0105dzenie w sprawie ramowego programu szkolenia kandydat\u00f3w na<span class=\"ellipsis\">&hellip;<\/span><\/p>\n<div class=\"read-more\"><a href=\"https:\/\/pbp.womczest.edu.pl\/new\/egzaminatorzy\/\">Czytaj wi\u0119cej &#8250;<\/a><\/div>\n<p><!-- end of .read-more --><\/p>\n","protected":false},"author":7,"featured_media":0,"parent":0,"menu_order":0,"comment_status":"closed","ping_status":"closed","template":"","meta":{"footnotes":""},"jetpack_sharing_enabled":true,"jetpack_shortlink":"https:\/\/wp.me\/PgmV4H-3mY","_links":{"self":[{"href":"https:\/\/pbp.womczest.edu.pl\/new\/wp-json\/wp\/v2\/pages\/12956"}],"collection":[{"href":"https:\/\/pbp.womczest.edu.pl\/new\/wp-json\/wp\/v2\/pages"}],"about":[{"href":"https:\/\/pbp.womczest.edu.pl\/new\/wp-json\/wp\/v2\/types\/page"}],"author":[{"embeddable":true,"href":"https:\/\/pbp.womczest.edu.pl\/new\/wp-json\/wp\/v2\/users\/7"}],"replies":[{"embeddable":true,"href":"https:\/\/pbp.womczest.edu.pl\/new\/wp-json\/wp\/v2\/comments?post=12956"}],"version-history":[{"count":14,"href":"https:\/\/pbp.womczest.edu.pl\/new\/wp-json\/wp\/v2\/pages\/12956\/revisions"}],"predecessor-version":[{"id":26500,"href":"https:\/\/pbp.womczest.edu.pl\/new\/wp-json\/wp\/v2\/pages\/12956\/revisions\/26500"}],"wp:attachment":[{"href":"https:\/\/pbp.womczest.edu.pl\/new\/wp-json\/wp\/v2\/media?parent=12956"}],"curies":[{"name":"wp","href":"https:\/\/api.w.org\/{rel}","templated":true}]}}