


{"id":12945,"date":"2019-01-02T13:29:37","date_gmt":"2019-01-02T12:29:37","guid":{"rendered":"https:\/\/pbp.womczest.edu.pl\/new\/?page_id=12945"},"modified":"2025-01-22T12:13:37","modified_gmt":"2025-01-22T11:13:37","slug":"biblioteki-pedagogiczne-i-szkolne","status":"publish","type":"page","link":"https:\/\/pbp.womczest.edu.pl\/new\/biblioteki-pedagogiczne-i-szkolne\/","title":{"rendered":"BIBLIOTEKI PEDAGOGICZNE I SZKOLNE"},"content":{"rendered":"<ul>\n<li>Rozporz\u0105dzenie Ministra Kultury i Dziedzictwa Narodowego z dnia 28 lipca 2023 r. zmieniaj\u0105ce rozporz\u0105dzenie w sprawie sposobu i trybu zaliczania bibliotek do niekt\u00f3rych bibliotek naukowych oraz ustalenia ich wykazu : Dz.U. z 2023 r. poz. 1620<br \/>\n<a id=\"view:_id1:_id2:_id59:_id61:callback1:_id93:rDeeds:1204:_id114\" class=\"doc-details-link\" href=\"https:\/\/isap.sejm.gov.pl\/isap.nsf\/DocDetails.xsp?id=WDU20230001620\">Dz.U. 2023 poz. 1620<\/a><\/li>\n<li>Obwieszczenie Ministra Kultury, Dziedzictwa Narodowego i Sportu z dnia 27 stycznia 2021 r. w sprawie og\u0142oszenia jednolitego tekstu rozporz\u0105dzenia Ministra Kultury i Dziedzictwa Narodowego w sprawie sposobu i trybu zaliczania bibliotek do niekt\u00f3rych bibliotek naukowych oraz ustalenia ich wykazu : Dz. U. z 2021 r. poz. 251<br \/>\n<a id=\"view:_id1:_id2:_id59:_id61:callback1:_id93:rDeeds:323:_id114\" class=\"doc-details-link\" href=\"http:\/\/isap.sejm.gov.pl\/isap.nsf\/DocDetails.xsp?id=WDU20210000251\">Dz.U. 2021 poz. 251<\/a><\/li>\n<li>Rozporz\u0105dzenie Ministra Kultury i Dziedzictwa Narodowego z dnia 6 lipca 2023 r. zmieniaj\u0105ce rozporz\u0105dzenie w sprawie narodowego zasobu bibliotecznego : Dz.U. z 2023 r. poz. 1345<br \/>\n<a id=\"view:_id1:_id2:_id59:_id61:callback1:_id93:rDeeds:1479:_id114\" class=\"doc-details-link\" href=\"https:\/\/isap.sejm.gov.pl\/isap.nsf\/DocDetails.xsp?id=WDU20230001345\">Dz.U. 2023 poz. 1345<\/a><\/li>\n<li>Rozporz\u0105dzenie Ministra Kultury i Dziedzictwa Narodowego z dnia 26 marca 2020 r. zmieniaj\u0105ce rozporz\u0105dzenie w sprawie narodowego zasobu bibliotecznego : Dz. U. z 2020 r. poz. 540<br \/>\n<a id=\"view:_id1:_id2:_id59:_id61:callback1:_id93:rDeeds:242:_id114\" class=\"doc-details-link\" href=\"http:\/\/isap.sejm.gov.pl\/isap.nsf\/DocDetails.xsp?id=WDU20190002324\"><\/a><a id=\"view:_id1:_id2:_id59:_id61:callback1:_id93:rDeeds:1923:_id114\" class=\"doc-details-link\" href=\"http:\/\/isap.sejm.gov.pl\/isap.nsf\/DocDetails.xsp?id=WDU20200000540\">Dz.U. 2020 poz. 540<\/a><\/li>\n<li>Rozporz\u0105dzenie Rady Ministr\u00f3w z dnia 26 listopada 2019 r. w sprawie szczeg\u00f3\u0142owych warunk\u00f3w, form i trybu realizacji Priorytetu 3 &#8222;Narodowego Programu Rozwoju Czytelnictwa&#8221; dotycz\u0105cego wspierania w latach 2016-2020 organ\u00f3w prowadz\u0105cych szko\u0142y oraz biblioteki pedagogiczne w zakresie rozwijania zainteresowa\u0144 uczni\u00f3w przez promocj\u0119 i wspieranie czytelnictwa dzieci i m\u0142odzie\u017cy, w tym zakup nowo\u015bci wydawniczych : Dz. U. z 2019 r. poz. 2324<br \/>\n<a id=\"view:_id1:_id2:_id59:_id61:callback1:_id93:rDeeds:242:_id114\" class=\"doc-details-link\" href=\"http:\/\/isap.sejm.gov.pl\/isap.nsf\/DocDetails.xsp?id=WDU20190002324\">Dz.U. 2019 poz. 2324<\/a><\/li>\n<li>Obwieszczenie Marsza\u0142ka Sejmu Rzeczypospolitej Polskiej z dnia 4 listopada 2022 r. w sprawie og\u0142oszenia jednolitego tekstu ustawy o bibliotekach : Dz. U. z 2022 r. poz. 2393<br \/>\n<a id=\"view:_id1:_id2:_id59:_id61:callback1:_id93:rDeeds:475:_id114\" class=\"doc-details-link\" href=\"https:\/\/isap.sejm.gov.pl\/isap.nsf\/DocDetails.xsp?id=WDU20220002393\">Dz.U. 2022 poz. 2393<\/a><\/li>\n<li><a id=\"view:_id1:_id2:_id59:_id61:callback1:_id93:rDeeds:509:_id114\" class=\"doc-details-link\" href=\"http:\/\/isap.sejm.gov.pl\/isap.nsf\/DocDetails.xsp?id=WDU20190001479\"><\/a>Obwieszczenie Marsza\u0142ka Sejmu Rzeczypospolitej Polskiej z dnia 6 marca 2018 r. w sprawie og\u0142oszenia jednolitego tekstu ustawy o obowi\u0105zkowych egzemplarzach bibliotecznych : Dz. U. 2018 r. poz. 545<br \/>\n<a id=\"view:_id1:_id2:_id53:_id55:callback1:_id87:rDeeds:94:_id106\" class=\"doc-details-link\" href=\"http:\/\/isap.sejm.gov.pl\/isap.nsf\/DocDetails.xsp?id=WDU20180000545\">Dz.U. 2018 poz. 545<\/a><\/li>\n<li>Rozporz\u0105dzenie Ministra Edukacji Narodowej z dnia 28 lutego 2013 r. w sprawie szczeg\u00f3\u0142owych zasad dzia\u0142ania publicznych bibliotek pedagogicznych : Dz. U. z 2013 r. poz. 369<br \/>\n<a id=\"view:_id1:_id2:_id59:_id61:callback1:_id93:rDeeds:1373:_id114\" class=\"doc-details-link\" href=\"http:\/\/isap.sejm.gov.pl\/isap.nsf\/DocDetails.xsp?id=WDU20130000369\">Dz.U. 2013 poz. 369<\/a><\/li>\n<li>Rozporz\u0105dzenie Ministra Edukacji Narodowej i Sportu z dnia 29 kwietnia 2003 r. w sprawie ramowego statutu publicznej biblioteki pedagogicznej : Dz. U. z 2003 r. nr 89 poz. 825<br \/>\n<a id=\"view:_id1:_id2:_id59:_id61:callback1:_id93:rDeeds:18:_id114\" class=\"doc-details-link\" href=\"http:\/\/isap.sejm.gov.pl\/isap.nsf\/DocDetails.xsp?id=WDU20030890825\">Dz.U. 2003 nr 89 poz. 825<\/a><\/li>\n<\/ul>\n","protected":false},"excerpt":{"rendered":"<p>Rozporz\u0105dzenie Ministra Kultury i Dziedzictwa Narodowego z dnia 28 lipca 2023 r. zmieniaj\u0105ce rozporz\u0105dzenie w sprawie sposobu i trybu zaliczania bibliotek do niekt\u00f3rych bibliotek naukowych oraz ustalenia ich wykazu : Dz.U. z 2023 r. poz. 1620 Dz.U. 2023 poz. 1620 Obwieszczenie Ministra Kultury, Dziedzictwa Narodowego i Sportu z dnia 27 stycznia 2021 r. w sprawie og\u0142oszenia jednolitego tekstu rozporz\u0105dzenia Ministra Kultury i Dziedzictwa Narodowego w sprawie sposobu i trybu zaliczania<span class=\"ellipsis\">&hellip;<\/span><\/p>\n<div class=\"read-more\"><a href=\"https:\/\/pbp.womczest.edu.pl\/new\/biblioteki-pedagogiczne-i-szkolne\/\">Czytaj wi\u0119cej &#8250;<\/a><\/div>\n<p><!-- end of .read-more --><\/p>\n","protected":false},"author":7,"featured_media":0,"parent":0,"menu_order":0,"comment_status":"closed","ping_status":"closed","template":"","meta":{"footnotes":""},"jetpack_sharing_enabled":true,"jetpack_shortlink":"https:\/\/wp.me\/PgmV4H-3mN","_links":{"self":[{"href":"https:\/\/pbp.womczest.edu.pl\/new\/wp-json\/wp\/v2\/pages\/12945"}],"collection":[{"href":"https:\/\/pbp.womczest.edu.pl\/new\/wp-json\/wp\/v2\/pages"}],"about":[{"href":"https:\/\/pbp.womczest.edu.pl\/new\/wp-json\/wp\/v2\/types\/page"}],"author":[{"embeddable":true,"href":"https:\/\/pbp.womczest.edu.pl\/new\/wp-json\/wp\/v2\/users\/7"}],"replies":[{"embeddable":true,"href":"https:\/\/pbp.womczest.edu.pl\/new\/wp-json\/wp\/v2\/comments?post=12945"}],"version-history":[{"count":23,"href":"https:\/\/pbp.womczest.edu.pl\/new\/wp-json\/wp\/v2\/pages\/12945\/revisions"}],"predecessor-version":[{"id":26288,"href":"https:\/\/pbp.womczest.edu.pl\/new\/wp-json\/wp\/v2\/pages\/12945\/revisions\/26288"}],"wp:attachment":[{"href":"https:\/\/pbp.womczest.edu.pl\/new\/wp-json\/wp\/v2\/media?parent=12945"}],"curies":[{"name":"wp","href":"https:\/\/api.w.org\/{rel}","templated":true}]}}