


{"id":12941,"date":"2019-01-02T13:27:19","date_gmt":"2019-01-02T12:27:19","guid":{"rendered":"https:\/\/pbp.womczest.edu.pl\/new\/?page_id=12941"},"modified":"2025-01-22T12:16:03","modified_gmt":"2025-01-22T11:16:03","slug":"awans-zawodowy","status":"publish","type":"page","link":"https:\/\/pbp.womczest.edu.pl\/new\/awans-zawodowy\/","title":{"rendered":"AWANS ZAWODOWY"},"content":{"rendered":"<ul>\n<li>Rozporz\u0105dzenie Ministra Edukacji i Nauki z dnia 6 wrze\u015bnia 2022 r. w sprawie uzyskiwania stopni awansu zawodowego przez nauczycieli : Dz. U. z 2022 r. poz. 1914<br \/>\n<a id=\"view:_id1:_id2:_id59:_id61:callback1:_id93:rDeeds:331:_id114\" class=\"doc-details-link\" href=\"https:\/\/isap.sejm.gov.pl\/isap.nsf\/DocDetails.xsp?id=WDU20220001914\">Dz.U. 2022 poz. 1914<\/a><\/li>\n<li>Rozporz\u0105dzenie Ministra Edukacji Narodowej z dnia 30 wrze\u015bnia 2020 r. w sprawie upowa\u017cnienia dyrektora O\u015brodka Rozwoju Polskiej Edukacji za Granic\u0105 do za\u0142atwiania indywidualnych spraw z zakresu awansu zawodowego nauczycieli szk\u00f3\u0142 za granic\u0105 Dz. U. z 2020 r. poz. 1697<br \/>\n<a id=\"view:_id1:_id2:_id59:_id61:callback1:_id93:rDeeds:766:_id114\" class=\"doc-details-link\" href=\"http:\/\/isap.sejm.gov.pl\/isap.nsf\/DocDetails.xsp?id=WDU20200001697\">Dz.U. 2020 poz. 1697<\/a><\/li>\n<li>Obwieszczenie Ministra Edukacji Narodowej z dnia 6 sierpnia 2020 r. w sprawie og\u0142oszenia jednolitego tekstu rozporz\u0105dzenia Ministra Edukacji Narodowej w sprawie ramowego programu szkolenia kandydat\u00f3w na ekspert\u00f3w wchodz\u0105cych w sk\u0142ad komisji egzaminacyjnych i kwalifikacyjnych dla nauczycieli ubiegaj\u0105cych si\u0119 o awans na stopie\u0144 zawodowy, sposobu prowadzenia listy ekspert\u00f3w oraz trybu wpisywania i skre\u015blania ekspert\u00f3w z listy Dz.U. 2020 poz. 1453<br \/>\n<a id=\"view:_id1:_id2:_id59:_id61:callback1:_id93:rDeeds:1010:_id114\" class=\"doc-details-link\" href=\"http:\/\/isap.sejm.gov.pl\/isap.nsf\/DocDetails.xsp?id=WDU20200001453\">Dz.U. 2020 poz. 1453<\/a><\/li>\n<li>Rozporz\u0105dzenie Ministra Edukacji Narodowej z dnia 26 czerwca 2019 r. zmieniaj\u0105ce rozporz\u0105dzenie w sprawie ramowego programu szkolenia kandydat\u00f3w na ekspert\u00f3w wchodz\u0105cych w sk\u0142ad komisji egzaminacyjnych i kwalifikacyjnych dla nauczycieli ubiegaj\u0105cych si\u0119 o awans na stopie\u0144 zawodowy, sposobu prowadzenia listy ekspert\u00f3w oraz trybu wpisywania i skre\u015blania ekspert\u00f3w z listy : Dz. U. z 2019 r. poz. 1327<br \/>\n<a id=\"view:_id1:_id2:_id59:_id61:callback1:_id93:rDeeds:661:_id114\" class=\"doc-details-link\" href=\"http:\/\/isap.sejm.gov.pl\/isap.nsf\/DocDetails.xsp?id=WDU20190001327\">Dz.U. 2019 poz. 1327<\/a><\/li>\n<li>Rozporz\u0105dzenie Ministra Edukacji Narodowej z dnia 1 marca 2013 r. w sprawie ramowego programu szkolenia kandydat\u00f3w na ekspert\u00f3w wchodz\u0105cych w sk\u0142ad komisji egzaminacyjnych i kwalifikacyjnych dla nauczycieli ubiegaj\u0105cych si\u0119 o awans na stopie\u0144 zawodowy, sposobu prowadzenia listy ekspert\u00f3w oraz trybu wpisywania i skre\u015blania ekspert\u00f3w z listy : Dz. U. z 2013 r. poz. 354<br \/>\n<a id=\"view:_id1:_id2:_id59:_id61:callback1:_id93:rDeeds:1388:_id114\" class=\"doc-details-link\" href=\"http:\/\/isap.sejm.gov.pl\/isap.nsf\/DocDetails.xsp?id=WDU20130000354\">Dz.U. 2013 poz. 354<\/a><\/li>\n<li>Rozporz\u0105dzenie Ministra Edukacji Narodowej z dnia 4 wrze\u015bnia 2008 r. w sprawie Kapitu\u0142y do Spraw Profesor\u00f3w O\u015bwiaty : Dz. U. z 2008 r. nr 163 poz. 1017<br \/>\n<a id=\"view:_id1:_id2:_id59:_id61:callback1:_id93:rDeeds:9:_id114\" class=\"doc-details-link\" href=\"http:\/\/isap.sejm.gov.pl\/isap.nsf\/DocDetails.xsp?id=WDU20081631017\">Dz.U. 2008 nr 163 poz. 1017<\/a><\/li>\n<\/ul>\n","protected":false},"excerpt":{"rendered":"<p>Rozporz\u0105dzenie Ministra Edukacji i Nauki z dnia 6 wrze\u015bnia 2022 r. w sprawie uzyskiwania stopni awansu zawodowego przez nauczycieli : Dz. U. z 2022 r. poz. 1914 Dz.U. 2022 poz. 1914 Rozporz\u0105dzenie Ministra Edukacji Narodowej z dnia 30 wrze\u015bnia 2020 r. w sprawie upowa\u017cnienia dyrektora O\u015brodka Rozwoju Polskiej Edukacji za Granic\u0105 do za\u0142atwiania indywidualnych spraw z zakresu awansu zawodowego nauczycieli szk\u00f3\u0142 za granic\u0105 Dz. U. z 2020 r. poz. 1697<span class=\"ellipsis\">&hellip;<\/span><\/p>\n<div class=\"read-more\"><a href=\"https:\/\/pbp.womczest.edu.pl\/new\/awans-zawodowy\/\">Czytaj wi\u0119cej &#8250;<\/a><\/div>\n<p><!-- end of .read-more --><\/p>\n","protected":false},"author":7,"featured_media":0,"parent":0,"menu_order":0,"comment_status":"closed","ping_status":"closed","template":"","meta":{"footnotes":""},"jetpack_sharing_enabled":true,"jetpack_shortlink":"https:\/\/wp.me\/PgmV4H-3mJ","_links":{"self":[{"href":"https:\/\/pbp.womczest.edu.pl\/new\/wp-json\/wp\/v2\/pages\/12941"}],"collection":[{"href":"https:\/\/pbp.womczest.edu.pl\/new\/wp-json\/wp\/v2\/pages"}],"about":[{"href":"https:\/\/pbp.womczest.edu.pl\/new\/wp-json\/wp\/v2\/types\/page"}],"author":[{"embeddable":true,"href":"https:\/\/pbp.womczest.edu.pl\/new\/wp-json\/wp\/v2\/users\/7"}],"replies":[{"embeddable":true,"href":"https:\/\/pbp.womczest.edu.pl\/new\/wp-json\/wp\/v2\/comments?post=12941"}],"version-history":[{"count":14,"href":"https:\/\/pbp.womczest.edu.pl\/new\/wp-json\/wp\/v2\/pages\/12941\/revisions"}],"predecessor-version":[{"id":26289,"href":"https:\/\/pbp.womczest.edu.pl\/new\/wp-json\/wp\/v2\/pages\/12941\/revisions\/26289"}],"wp:attachment":[{"href":"https:\/\/pbp.womczest.edu.pl\/new\/wp-json\/wp\/v2\/media?parent=12941"}],"curies":[{"name":"wp","href":"https:\/\/api.w.org\/{rel}","templated":true}]}}