


{"id":12936,"date":"2019-01-02T13:25:11","date_gmt":"2019-01-02T12:25:11","guid":{"rendered":"https:\/\/pbp.womczest.edu.pl\/new\/?page_id=12936"},"modified":"2025-01-13T14:57:10","modified_gmt":"2025-01-13T13:57:10","slug":"karta-nauczyciela","status":"publish","type":"page","link":"https:\/\/pbp.womczest.edu.pl\/new\/karta-nauczyciela\/","title":{"rendered":"KARTA NAUCZYCIELA"},"content":{"rendered":"<ul>\n<li>Ustawa z dnia 28 lipca 2023 r. o zmianie ustawy &#8211; Karta Nauczyciela oraz niekt\u00f3rych innych ustaw : Dz.U. z 2023 r. poz. 1672<br \/>\n<a id=\"view:_id1:_id2:_id59:_id61:callback1:_id93:rDeeds:1152:_id114\" class=\"doc-details-link\" href=\"https:\/\/isap.sejm.gov.pl\/isap.nsf\/DocDetails.xsp?id=WDU20230001672\">Dz.U. 2023 poz. 1672<\/a><\/li>\n<li>Ustawa z dnia 5 sierpnia 2022 r. o zmianie ustawy &#8211; Karta Nauczyciela oraz niekt\u00f3rych innych ustaw : Dz. U. z 2022 r. poz. 1730<br \/>\n<a id=\"view:_id1:_id2:_id59:_id61:callback1:_id93:rDeeds:61:_id114\" class=\"doc-details-link\" href=\"https:\/\/isap.sejm.gov.pl\/isap.nsf\/DocDetails.xsp?id=WDU20220001730\">Dz.U. 2022 poz. 1730<\/a><\/li>\n<li>Ustawa z dnia 24 marca 2022 r. o zmianie ustawy &#8211; Karta Nauczyciela : Dz. U. z 2022 r. poz. 935<br \/>\n<a id=\"view:_id1:_id2:_id59:_id61:callback1:_id93:rDeeds:132:_id114\" class=\"doc-details-link\" href=\"https:\/\/isap.sejm.gov.pl\/isap.nsf\/DocDetails.xsp?id=WDU20220000935\">Dz.U. 2022 poz. 935<\/a><\/li>\n<li><a id=\"view:_id1:_id2:_id59:_id61:callback1:_id93:rDeeds:261:_id114\" class=\"doc-details-link\" href=\"http:\/\/isap.sejm.gov.pl\/isap.nsf\/DocDetails.xsp?id=WDU20210001762\"><\/a>Ustawa z dnia 19 listopada 2020 r. o zmianie ustawy &#8211; Karta Nauczyciela oraz niekt\u00f3rych innych ustaw : Dz. U. z 2021 r. poz. 4<br \/>\n<a id=\"view:_id1:_id2:_id59:_id61:callback1:_id93:rDeeds:583:_id114\" class=\"doc-details-link\" href=\"http:\/\/isap.sejm.gov.pl\/isap.nsf\/DocDetails.xsp?id=WDU20210000004\">Dz.U. 2021 poz. 4<\/a><\/li>\n<li>Ustawa z dnia 13 czerwca 2019 r. o zmianie ustawy &#8211; Karta Nauczyciela oraz niekt\u00f3rych innych ustaw : Dz. U. z 2019 r. poz. 1287<br \/>\n<a id=\"view:_id1:_id2:_id59:_id61:callback1:_id93:rDeeds:701:_id114\" class=\"doc-details-link\" href=\"http:\/\/isap.sejm.gov.pl\/isap.nsf\/DocDetails.xsp?id=WDU20190001287\">Dz.U. 2019 poz. 1287<\/a><\/li>\n<\/ul>\n<p><strong>Dodatkowo<\/strong><\/p>\n<ul>\n<li>Rozporz\u0105dzenie Ministra Edukacji Narodowej z dnia 25 maja 2016 r. w sprawie szczeg\u00f3\u0142owego trybu prowadzenia post\u0119powania wyja\u015bniaj\u0105cego i dyscyplinarnego wobec nauczycieli oraz wznawiania post\u0119powania dyscyplinarnego : Dz.\u00a0U. z\u00a02016\u00a0r. poz. 741<br \/>\n<a id=\"view:_id1:_id2:_id59:_id61:callback1:_id93:rDeeds:1565:_id114\" class=\"doc-details-link\" href=\"http:\/\/isap.sejm.gov.pl\/isap.nsf\/DocDetails.xsp?id=WDU20160000741\">Dz.U. 2016 poz. 741<\/a><\/li>\n<li>Rozporz\u0105dzenie Ministra Edukacji Narodowej z dnia 26 sierpnia 2016 r. w sprawie wzoru formularza wniosku o udzielenie informacji z centralnego rejestru orzecze\u0144 dyscyplinarnych : Dz. U. z 2016 r. poz. 1378<br \/>\n<a id=\"view:_id1:_id2:_id59:_id61:callback1:_id93:rDeeds:928:_id114\" class=\"doc-details-link\" href=\"http:\/\/isap.sejm.gov.pl\/isap.nsf\/DocDetails.xsp?id=WDU20160001378\">Dz.U. 2016 poz. 1378<\/a><\/li>\n<li>Rozporz\u0105dzenie Ministra Edukacji Narodowej z dnia 9 grudnia 2016 r. w sprawie sposobu ustalania wysoko\u015bci wynagrodzenia przewodnicz\u0105cych komisji dyscyplinarnych i ich zast\u0119pc\u00f3w, przewodnicz\u0105cych sk\u0142ad\u00f3w orzekaj\u0105cych oraz rzecznik\u00f3w dyscyplinarnych i ich zast\u0119pc\u00f3w, a tak\u017ce wysoko\u015bci wynagrodzenia obro\u0144cy z urz\u0119du : Dz. U. z 2016 r. poz. 2040<br \/>\n<a id=\"view:_id1:_id2:_id59:_id61:callback1:_id93:rDeeds:266:_id114\" class=\"doc-details-link\" href=\"http:\/\/isap.sejm.gov.pl\/isap.nsf\/DocDetails.xsp?id=WDU20160002040\">Dz.U. 2016 poz. 2040<\/a><a id=\"view:_id1:_id2:_id59:_id61:callback1:_id93:rDeeds:701:_id114\" class=\"doc-details-link\" href=\"http:\/\/isap.sejm.gov.pl\/isap.nsf\/DocDetails.xsp?id=WDU20190001287\"><\/a><\/li>\n<\/ul>\n","protected":false},"excerpt":{"rendered":"<p>Ustawa z dnia 28 lipca 2023 r. o zmianie ustawy &#8211; Karta Nauczyciela oraz niekt\u00f3rych innych ustaw : Dz.U. z 2023 r. poz. 1672 Dz.U. 2023 poz. 1672 Ustawa z dnia 5 sierpnia 2022 r. o zmianie ustawy &#8211; Karta Nauczyciela oraz niekt\u00f3rych innych ustaw : Dz. U. z 2022 r. poz. 1730 Dz.U. 2022 poz. 1730 Ustawa z dnia 24 marca 2022 r. o zmianie ustawy &#8211; Karta Nauczyciela<span class=\"ellipsis\">&hellip;<\/span><\/p>\n<div class=\"read-more\"><a href=\"https:\/\/pbp.womczest.edu.pl\/new\/karta-nauczyciela\/\">Czytaj wi\u0119cej &#8250;<\/a><\/div>\n<p><!-- end of .read-more --><\/p>\n","protected":false},"author":7,"featured_media":0,"parent":0,"menu_order":0,"comment_status":"closed","ping_status":"closed","template":"","meta":{"footnotes":""},"jetpack_sharing_enabled":true,"jetpack_shortlink":"https:\/\/wp.me\/PgmV4H-3mE","_links":{"self":[{"href":"https:\/\/pbp.womczest.edu.pl\/new\/wp-json\/wp\/v2\/pages\/12936"}],"collection":[{"href":"https:\/\/pbp.womczest.edu.pl\/new\/wp-json\/wp\/v2\/pages"}],"about":[{"href":"https:\/\/pbp.womczest.edu.pl\/new\/wp-json\/wp\/v2\/types\/page"}],"author":[{"embeddable":true,"href":"https:\/\/pbp.womczest.edu.pl\/new\/wp-json\/wp\/v2\/users\/7"}],"replies":[{"embeddable":true,"href":"https:\/\/pbp.womczest.edu.pl\/new\/wp-json\/wp\/v2\/comments?post=12936"}],"version-history":[{"count":12,"href":"https:\/\/pbp.womczest.edu.pl\/new\/wp-json\/wp\/v2\/pages\/12936\/revisions"}],"predecessor-version":[{"id":26190,"href":"https:\/\/pbp.womczest.edu.pl\/new\/wp-json\/wp\/v2\/pages\/12936\/revisions\/26190"}],"wp:attachment":[{"href":"https:\/\/pbp.womczest.edu.pl\/new\/wp-json\/wp\/v2\/media?parent=12936"}],"curies":[{"name":"wp","href":"https:\/\/api.w.org\/{rel}","templated":true}]}}