


{"id":12924,"date":"2019-01-02T12:51:23","date_gmt":"2019-01-02T11:51:23","guid":{"rendered":"https:\/\/pbp.womczest.edu.pl\/new\/?page_id=12924"},"modified":"2025-01-22T12:57:38","modified_gmt":"2025-01-22T11:57:38","slug":"ustawa-o-systemie-oswiaty","status":"publish","type":"page","link":"https:\/\/pbp.womczest.edu.pl\/new\/ustawa-o-systemie-oswiaty\/","title":{"rendered":"USTAWA O SYSTEMIE O\u015aWIATY"},"content":{"rendered":"<ul>\n<li>Ustawa z dnia 15 wrze\u015bnia 2022 r. o zmianie ustawy &#8211; Prawo o\u015bwiatowe oraz ustawy o finansowaniu zada\u0144 o\u015bwiatowych : Dz. U. z 2022 r. poz. 2089<br \/>\n<a id=\"view:_id1:_id2:_id59:_id61:callback1:_id93:rDeeds:156:_id114\" class=\"doc-details-link\" href=\"https:\/\/isap.sejm.gov.pl\/isap.nsf\/DocDetails.xsp?id=WDU20220002089\">Dz.U. 2022 poz. 2089<\/a><\/li>\n<li><a id=\"view:_id1:_id2:_id59:_id61:callback1:_id93:rDeeds:126:_id114\" class=\"doc-details-link\" href=\"http:\/\/isap.sejm.gov.pl\/isap.nsf\/DocDetails.xsp?id=WDU20210001930\"><\/a>Ustawa z dnia 27 pa\u017adziernika 2017 r. o finansowaniu zada\u0144 o\u015bwiatowych : Dz. U. z 2017 r. poz. 2203<br \/>\n<a id=\"view:_id1:_id2:_id59:_id61:callback1:_id93:rDeeds:306:_id114\" class=\"doc-details-link\" href=\"http:\/\/isap.sejm.gov.pl\/isap.nsf\/DocDetails.xsp?id=WDU20170002203\">Dz.U. 2017 poz. 2203<\/a><\/li>\n<li>Ustawa z dnia 12 maja 2022 r. o zmianie ustawy o systemie o\u015bwiaty oraz niekt\u00f3rych innych ustaw : Dz.U. 2022 poz. 1116<br \/>\n<a href=\"https:\/\/isap.sejm.gov.pl\/isap.nsf\/DocDetails.xsp?id=WDU20220001116\">Dz.U. 2022 poz. 1116<\/a><\/li>\n<li>Ustawa z dnia 28 maja 2021 r. o zmianie ustawy o systemie o\u015bwiaty i ustawy o finansowaniu zada\u0144 o\u015bwiatowych : Dz. U. z 2021 r. poz. 1237<br \/>\n<a id=\"view:_id1:_id2:_id59:_id61:callback1:_id93:rDeeds:336:_id114\" class=\"doc-details-link\" href=\"http:\/\/isap.sejm.gov.pl\/isap.nsf\/DocDetails.xsp?id=WDU20210001237\">Dz.U. 2021 poz. 1237<\/a><\/li>\n<li>Ustawa z dnia 17 marca 2021 r. o zmianie ustawy &#8211; Prawo o\u015bwiatowe : Dz. U. z 2021 r. poz. 762<br \/>\n<a id=\"view:_id1:_id2:_id59:_id61:callback1:_id93:rDeeds:128:_id114\" class=\"doc-details-link\" href=\"http:\/\/isap.sejm.gov.pl\/isap.nsf\/DocDetails.xsp?id=WDU20210000762\">Dz.U. 2021 poz. 762<\/a><\/li>\n<li>Ustawa z dnia 25 lutego 2021 r. o zmianie ustawy &#8211; Prawo o\u015bwiatowe oraz niekt\u00f3rych innych ustaw : Dz. U. z 2021 r. poz. 619<br \/>\n<a id=\"view:_id1:_id2:_id59:_id61:callback1:_id93:rDeeds:954:_id114\" class=\"doc-details-link\" href=\"http:\/\/isap.sejm.gov.pl\/isap.nsf\/DocDetails.xsp?id=WDU20210000619\">Dz.U. 2021 poz. 619<\/a><\/li>\n<li>Ustawa z dnia 16 pa\u017adziernika 2019 r. o zmianie ustawy &#8211; Prawo o\u015bwiatowe oraz niekt\u00f3rych innych ustaw : Dz. U. z 2019 r. poz. 2248<br \/>\n<a id=\"view:_id1:_id2:_id59:_id61:callback1:_id93:rDeeds:318:_id114\" class=\"doc-details-link\" href=\"http:\/\/isap.sejm.gov.pl\/isap.nsf\/DocDetails.xsp?id=WDU20190002248\">Dz.U. 2019 poz. 2248<\/a><\/li>\n<li>Ustawa z dnia 19 lipca 2019 r. o zmianie ustawy &#8211; Prawo o\u015bwiatowe oraz ustawy o finansowaniu zada\u0144 o\u015bwiatowych : Dz. U. z 2019 r. poz. 1681<br \/>\n<a id=\"view:_id1:_id2:_id59:_id61:callback1:_id93:rDeeds:336:_id114\" class=\"doc-details-link\" href=\"http:\/\/isap.sejm.gov.pl\/isap.nsf\/DocDetails.xsp?id=WDU20190001681\">Dz.U. 2019 poz. 1681<\/a><\/li>\n<li>Ustawa z dnia 25 kwietnia 2019 r. o zmianie ustawy o systemie o\u015bwiaty i ustawy &#8211; Prawo o\u015bwiatowe : Dz. U. z 2019 r. poz. 761\n<div class=\"row\">\n<div class=\"col-sm-8\"><a id=\"view:_id1:_id2:_id59:_id61:callback1:_id93:rDeeds:1805:_id114\" class=\"doc-details-link\" href=\"http:\/\/isap.sejm.gov.pl\/isap.nsf\/DocDetails.xsp?id=WDU20190000761\">Dz.U. 2019 poz. 761<\/a><a id=\"view:_id1:_id2:_id59:_id61:callback1:_id84:_id95:_id101:0:_id103\" class=\"icon-after doc-link\" href=\"http:\/\/isap.sejm.gov.pl\/isap.nsf\/download.xsp\/WDU20190000761\/T\/D20190761L.pdf\" target=\"_blank\" rel=\"noopener noreferrer\"><\/a><\/div>\n<\/div>\n<\/li>\n<li>Ustawa z dnia 22 listopada 2018 r. o zmianie ustawy &#8211; Prawo o\u015bwiatowe, ustawy o systemie o\u015bwiaty oraz niekt\u00f3rych innych ustaw : Dz. U. 2018 r. poz. 2245<br \/>\n<a id=\"view:_id1:_id2:_id53:_id55:callback1:_id87:rDeeds:303:_id106\" class=\"doc-details-link\" href=\"http:\/\/isap.sejm.gov.pl\/isap.nsf\/DocDetails.xsp?id=WDU20180002245\">Dz.U. 2018 poz. 2245<\/a><\/li>\n<li>Ustawa z dnia 15 czerwca 2018 r. o zmianie ustawy &#8211; Prawo o\u015bwiatowe : Dz. U. z 2018 r. poz. 1290\n<div class=\"row\">\n<div class=\"col-sm-8\"><a id=\"view:_id1:_id2:_id59:_id61:callback1:_id93:rDeeds:1289:_id114\" class=\"doc-details-link\" href=\"http:\/\/isap.sejm.gov.pl\/isap.nsf\/DocDetails.xsp?id=WDU20180001290\">Dz.U. 2018 poz. 1290<\/a><\/div>\n<\/div>\n<\/li>\n<li>Ustawa z dnia 14 grudnia 2016 r. &#8211; Przepisy wprowadzaj\u0105ce ustaw\u0119 \u2013 Prawo o\u015bwiatowe : Dz. U. z 2017 r. poz. 60<br \/>\n<a id=\"view:_id1:_id2:_id59:_id61:callback1:_id93:rDeeds:59:_id114\" class=\"doc-details-link\" href=\"http:\/\/isap.sejm.gov.pl\/isap.nsf\/DocDetails.xsp?id=WDU20170000060\">Dz.U. 2017 poz. 60<\/a><\/li>\n<li>Ustawa z dnia 14 grudnia 2016 r. &#8211; Prawo o\u015bwiatowe : Dz. U. z 2017 r. poz. 59<br \/>\n<a id=\"view:_id1:_id2:_id59:_id61:callback1:_id93:rDeeds:58:_id114\" class=\"doc-details-link\" href=\"http:\/\/isap.sejm.gov.pl\/isap.nsf\/DocDetails.xsp?id=WDU20170000059\">Dz.U. 2017 poz. 59<\/a><\/li>\n<\/ul>\n","protected":false},"excerpt":{"rendered":"<p>Ustawa z dnia 15 wrze\u015bnia 2022 r. o zmianie ustawy &#8211; Prawo o\u015bwiatowe oraz ustawy o finansowaniu zada\u0144 o\u015bwiatowych : Dz. U. z 2022 r. poz. 2089 Dz.U. 2022 poz. 2089 Ustawa z dnia 27 pa\u017adziernika 2017 r. o finansowaniu zada\u0144 o\u015bwiatowych : Dz. U. z 2017 r. poz. 2203 Dz.U. 2017 poz. 2203 Ustawa z dnia 12 maja 2022 r. o zmianie ustawy o systemie o\u015bwiaty oraz niekt\u00f3rych innych<span class=\"ellipsis\">&hellip;<\/span><\/p>\n<div class=\"read-more\"><a href=\"https:\/\/pbp.womczest.edu.pl\/new\/ustawa-o-systemie-oswiaty\/\">Czytaj wi\u0119cej &#8250;<\/a><\/div>\n<p><!-- end of .read-more --><\/p>\n","protected":false},"author":7,"featured_media":0,"parent":0,"menu_order":0,"comment_status":"closed","ping_status":"closed","template":"","meta":{"footnotes":""},"jetpack_sharing_enabled":true,"jetpack_shortlink":"https:\/\/wp.me\/PgmV4H-3ms","_links":{"self":[{"href":"https:\/\/pbp.womczest.edu.pl\/new\/wp-json\/wp\/v2\/pages\/12924"}],"collection":[{"href":"https:\/\/pbp.womczest.edu.pl\/new\/wp-json\/wp\/v2\/pages"}],"about":[{"href":"https:\/\/pbp.womczest.edu.pl\/new\/wp-json\/wp\/v2\/types\/page"}],"author":[{"embeddable":true,"href":"https:\/\/pbp.womczest.edu.pl\/new\/wp-json\/wp\/v2\/users\/7"}],"replies":[{"embeddable":true,"href":"https:\/\/pbp.womczest.edu.pl\/new\/wp-json\/wp\/v2\/comments?post=12924"}],"version-history":[{"count":38,"href":"https:\/\/pbp.womczest.edu.pl\/new\/wp-json\/wp\/v2\/pages\/12924\/revisions"}],"predecessor-version":[{"id":26291,"href":"https:\/\/pbp.womczest.edu.pl\/new\/wp-json\/wp\/v2\/pages\/12924\/revisions\/26291"}],"wp:attachment":[{"href":"https:\/\/pbp.womczest.edu.pl\/new\/wp-json\/wp\/v2\/media?parent=12924"}],"curies":[{"name":"wp","href":"https:\/\/api.w.org\/{rel}","templated":true}]}}