


{"id":12709,"date":"2018-11-19T14:08:57","date_gmt":"2018-11-19T13:08:57","guid":{"rendered":"https:\/\/pbp.womczest.edu.pl\/new\/?page_id=12709"},"modified":"2018-11-27T14:36:15","modified_gmt":"2018-11-27T13:36:15","slug":"przeglad-piosenki-i-piesni-o-mojej-ziemi-ojczystej-pod-patronatem-europejskiego-roku-dziedzictwa-kulturowego-2018","status":"publish","type":"page","link":"https:\/\/pbp.womczest.edu.pl\/new\/przeglad-piosenki-i-piesni-o-mojej-ziemi-ojczystej-pod-patronatem-europejskiego-roku-dziedzictwa-kulturowego-2018\/","title":{"rendered":"Przegl\u0105d Piosenki i Pie\u015bni o Mojej Ziemi Ojczystej pod patronatem Europejskiego Roku Dziedzictwa Kulturowego 2018"},"content":{"rendered":"<p><img decoding=\"async\" loading=\"lazy\" class=\"aligncenter wp-image-12575\" src=\"https:\/\/pbp.womczest.edu.pl\/new\/wp-content\/uploads\/2018\/10\/LOGO-Przeglad-Piosenki-i-Piesni-o-Mojej-Ziemi-Ojczystej-2-300x270.jpg\" alt=\"\" width=\"212\" height=\"191\" srcset=\"https:\/\/pbp.womczest.edu.pl\/new\/wp-content\/uploads\/2018\/10\/LOGO-Przeglad-Piosenki-i-Piesni-o-Mojej-Ziemi-Ojczystej-2-300x270.jpg 300w, https:\/\/pbp.womczest.edu.pl\/new\/wp-content\/uploads\/2018\/10\/LOGO-Przeglad-Piosenki-i-Piesni-o-Mojej-Ziemi-Ojczystej-2-768x690.jpg 768w, https:\/\/pbp.womczest.edu.pl\/new\/wp-content\/uploads\/2018\/10\/LOGO-Przeglad-Piosenki-i-Piesni-o-Mojej-Ziemi-Ojczystej-2-1000x899.jpg 1000w, https:\/\/pbp.womczest.edu.pl\/new\/wp-content\/uploads\/2018\/10\/LOGO-Przeglad-Piosenki-i-Piesni-o-Mojej-Ziemi-Ojczystej-2-100x90.jpg 100w, https:\/\/pbp.womczest.edu.pl\/new\/wp-content\/uploads\/2018\/10\/LOGO-Przeglad-Piosenki-i-Piesni-o-Mojej-Ziemi-Ojczystej-2-150x135.jpg 150w, https:\/\/pbp.womczest.edu.pl\/new\/wp-content\/uploads\/2018\/10\/LOGO-Przeglad-Piosenki-i-Piesni-o-Mojej-Ziemi-Ojczystej-2-200x180.jpg 200w, https:\/\/pbp.womczest.edu.pl\/new\/wp-content\/uploads\/2018\/10\/LOGO-Przeglad-Piosenki-i-Piesni-o-Mojej-Ziemi-Ojczystej-2-450x404.jpg 450w, https:\/\/pbp.womczest.edu.pl\/new\/wp-content\/uploads\/2018\/10\/LOGO-Przeglad-Piosenki-i-Piesni-o-Mojej-Ziemi-Ojczystej-2-600x539.jpg 600w, https:\/\/pbp.womczest.edu.pl\/new\/wp-content\/uploads\/2018\/10\/LOGO-Przeglad-Piosenki-i-Piesni-o-Mojej-Ziemi-Ojczystej-2-900x809.jpg 900w, https:\/\/pbp.womczest.edu.pl\/new\/wp-content\/uploads\/2018\/10\/LOGO-Przeglad-Piosenki-i-Piesni-o-Mojej-Ziemi-Ojczystej-2.jpg 1176w\" sizes=\"(max-width: 212px) 100vw, 212px\" \/><img decoding=\"async\" loading=\"lazy\" class=\"wp-image-12706 alignleft\" src=\"https:\/\/pbp.womczest.edu.pl\/new\/wp-content\/uploads\/2018\/11\/logo_ERDK-300x230.jpg\" alt=\"\" width=\"230\" height=\"176\" srcset=\"https:\/\/pbp.womczest.edu.pl\/new\/wp-content\/uploads\/2018\/11\/logo_ERDK-300x230.jpg 300w, https:\/\/pbp.womczest.edu.pl\/new\/wp-content\/uploads\/2018\/11\/logo_ERDK-100x77.jpg 100w, https:\/\/pbp.womczest.edu.pl\/new\/wp-content\/uploads\/2018\/11\/logo_ERDK-150x115.jpg 150w, https:\/\/pbp.womczest.edu.pl\/new\/wp-content\/uploads\/2018\/11\/logo_ERDK-200x153.jpg 200w, https:\/\/pbp.womczest.edu.pl\/new\/wp-content\/uploads\/2018\/11\/logo_ERDK-450x345.jpg 450w, https:\/\/pbp.womczest.edu.pl\/new\/wp-content\/uploads\/2018\/11\/logo_ERDK-600x459.jpg 600w, https:\/\/pbp.womczest.edu.pl\/new\/wp-content\/uploads\/2018\/11\/logo_ERDK.jpg 623w\" sizes=\"(max-width: 230px) 100vw, 230px\" \/>Rok 2018 by\u0142 okresem obchod\u00f3w wielu wa\u017cnych rocznic oraz wydarze\u0144 narodowych, kulturalnych, spo\u0142ecznych. Niew\u0105tpliwie jedn\u0105 z najwa\u017cniejszych rocznic by\u0142o <em>100-lecie odzyskania niepodleg\u0142o\u015bci przez Polsk\u0119<\/em>, kt\u00f3ra w r\u00f3\u017cnorodny spos\u00f3b obchodzona by\u0142a w szko\u0142ach, przedszkolach oraz innych plac\u00f3wkach o\u015bwiatowych. Powy\u017csze obchody zosta\u0142y r\u00f3wnie\u017c wpisane w kierunki polityki o\u015bwiatowej Ministerstwa Edukacji Narodowej na rok szkolny 2018\/2019 &#8211; <em>100 Rocznica odzyskania niepodleg\u0142o\u015bci \u2013 wychowanie do warto\u015bci i kszta\u0142towanie patriotycznych postaw uczni\u00f3w. <\/em><\/p>\n<p>W 2018 roku obchodzony by\u0142 r\u00f3wnie\u017c <em>Europejski Rok Dziedzictwa Kulturowego<\/em> og\u0142oszony przez Uni\u0119 Europejsk\u0105 w celu podkre\u015blenia rangi dziedzictwa dla rozwoju Europy. <em>ERDK to te\u017c doskona\u0142a okazja, \u017ceby odkry\u0107 albo lepiej pozna\u0107 europejskie i polskie dziedzictwo &#8211; wsp\u00f3lne dobro, kt\u00f3re nie tylko pozwala zrozumie\u0107, sk\u0105d przychodzimy, ale wzmacnia te\u017c poczucie przynale\u017cno\u015bci do wi\u0119kszej, europejskiej rodziny \u2013 <\/em>czytamy na stronach Mi\u0119dzynarodowego Centrum Kultury (<em>\u0179r\u00f3d\u0142o: 2018. Europejski Rok dziedzictwa Kulturowego. Pobrane z: <a href=\"http:\/\/erdk2018.pl\/pl\/idea%2019\">http:\/\/erdk2018.pl\/pl\/idea <\/a>19. 11.2018<\/em>).<\/p>\n<p>Propagowanie warto\u015bci patriotycznych oraz upowszechnianie warto\u015bci kulturowych w\u015br\u00f3d dzieci i m\u0142odzie\u017cy sta\u0142o si\u0119 g\u0142\u00f3wnym celem organizacji <em>Przegl\u0105du Piosenki i Pie\u015bni o Mojej Ziemi Ojczystej<\/em> pod patronatem Europejskiego Roku Dziedzictwa Kulturowego 2018. Przedsi\u0119wzi\u0119cie zrealizowane zosta\u0142o 14 listopada 2018 r. w Publicznej Bibliotece Pedagogicznej Regionalnego O\u015brodka Doskonalenia Nauczycieli \u201eWOM\u201d w Cz\u0119stochowie. Organizatorami <em>Przegl\u0105du<\/em> byli nauczyciele bibliotekarze dr Agata Arkabus i mgr Anna P\u0142usa z Publicznej Biblioteki Pedagogicznej Regionalnego O\u015brodka Doskonalenia Nauczycieli \u201eWOM\u201d w Cz\u0119stochowie oraz nauczyciele z Miejskiego Przedszkola nr 25 im. Przyjaci\u00f3\u0142 Kubusia Puchatka w Cz\u0119stochowie &#8211; mgr Ma\u0142gorzata Stachurska i \u00a0mgr Iwona Ledwo\u0144.<\/p>\n<p><em><img decoding=\"async\" loading=\"lazy\" class=\" wp-image-12705 alignleft\" src=\"https:\/\/pbp.womczest.edu.pl\/new\/wp-content\/uploads\/2018\/11\/pegaz_erdk-300x176.jpg\" alt=\"\" width=\"249\" height=\"146\" srcset=\"https:\/\/pbp.womczest.edu.pl\/new\/wp-content\/uploads\/2018\/11\/pegaz_erdk-300x176.jpg 300w, https:\/\/pbp.womczest.edu.pl\/new\/wp-content\/uploads\/2018\/11\/pegaz_erdk-100x59.jpg 100w, https:\/\/pbp.womczest.edu.pl\/new\/wp-content\/uploads\/2018\/11\/pegaz_erdk-150x88.jpg 150w, https:\/\/pbp.womczest.edu.pl\/new\/wp-content\/uploads\/2018\/11\/pegaz_erdk-200x118.jpg 200w, https:\/\/pbp.womczest.edu.pl\/new\/wp-content\/uploads\/2018\/11\/pegaz_erdk.jpg 340w\" sizes=\"(max-width: 249px) 100vw, 249px\" \/>Przegl\u0105d Piosenki i Pie\u015bni o Mojej Ziemi Ojczystej<\/em> adresowany by\u0142 do dzieci w wieku przedszkolnym (pi\u0119cio- i sze\u015bciolatki) z terenu miasta Cz\u0119stochowy i powiatu cz\u0119stochowskiego. Cele konkursu obejmowa\u0142y:<\/p>\n<p>&#8211; Wspieranie integralnego rozwoju dzieci w zakresie tw\u00f3rczo\u015bci artystycznej poprzez umo\u017cliwienie prezentacji ich umiej\u0119tno\u015bci wokalnych.<br \/>\n&#8211; Popularyzacja pie\u015bni i piosenek patriotycznych.<br \/>\n&#8211; Kszta\u0142towanie w\u015br\u00f3d dzieci postaw patriotycznych oraz przywi\u0105zania do Ojczyzny.<br \/>\n&#8211; Kszta\u0142towanie osobowo\u015bci wsp\u00f3\u0142czesnego Polaka \u2013 patrioty.<br \/>\n&#8211; Piel\u0119gnowanie kulturowego dziedzictwa narodowego.<\/p>\n<p>W konkursie mog\u0142a wzi\u0105\u0107 udzia\u0142 jedna grupa wokalna z danego przedszkola (maksymalnie do 3 os\u00f3b) lub solista. Uczestnicy \u015bpiewali a\u2019capella, z akompaniamentem instrumentalnym lub z podk\u0142adem muzycznym przygotowanym. Wyst\u0119py dzieci ocenia\u0142o profesjonalne Jury sk\u0142adaj\u0105ce si\u0119 z muzyk\u00f3w, pedagog\u00f3w oraz os\u00f3b zwi\u0105zanych ze \u015brodowiskiem artystycznym:<\/p>\n<p>&#8211; Piotr Hankus \u2013 przewodnicz\u0105cy komisji &#8211; wieloletni solista Zespo\u0142u Pie\u015bni i Ta\u0144ca \u201e\u015al\u0105sk\u201d im. Stanis\u0142awa Hadyny, obecnie pracownik \u015al\u0105skiego Centrum Edukacji Regionalnej Zespo\u0142u \u015al\u0105sk w Kosz\u0119cinie. Pan Piotr Hankus dzi\u0119ki swoim predyspozycjom aktorskim, znakomitej dykcji i zdolno\u015bciom konferansjerskim wielokrotnie wyst\u0119powa\u0142 i wyst\u0119puje w roli prowadz\u0105cego liczne imprezy w Regionie. W roku 2015 otrzyma\u0142 tytu\u0142 Mistrza Mowy Polskiej. Pracuje z dzie\u0107mi i m\u0142odzie\u017c\u0105 prowadz\u0105c\u00a0 warsztaty teatralne i wokalne pod swoim kierunkiem.<\/p>\n<p>&#8211; Urszula Brylewska \u2013 cz\u0142onek komisji &#8211; Dyrektor Spo\u0142ecznej Szko\u0142y Baletowej i Spo\u0142ecznego Ogniska Baletowego w Cz\u0119stochowie. Wieloletnia tancerka i solistka baletu Pa\u0144stwowego Zespo\u0142u Pie\u015bni i Ta\u0144ca \u201e\u015al\u0105sk\u201d im. Stanis\u0142awa Hadyny. Od 1994 r. dyrektor Spo\u0142ecznego Ogniska Baletowego, a w 2000 roku za\u0142o\u017cyciel Spo\u0142ecznej Szko\u0142y Baletowej w Cz\u0119stochowie. Pani Urszula Brylewska jest Laureatk\u0105 nagrody Prezydenta Miasta Cz\u0119stochowy w dziedzinie promocji i ochrony kultury w 2003 roku i zas\u0142u\u017conym dzia\u0142aczem kultury.<\/p>\n<p>&#8211; Maria Magdalena Rogowska \u2013 cz\u0142onek komisji &#8211; Dyrektor Cz\u0119stochowskiej Szko\u0142y Suzuki.\u00a0 Absolwentka Akademii Muzycznej w Bydgoszczy w klasie skrzypiec prof. Stanis\u0142awa Lewandowskiego. Pani Maria Magdalena Rogowska jest nauczycielem w klasie skrzypiec. W swojej pracy zawodowej wykorzystuje Metod\u0119 Suzuki w nauczaniu gry na skrzypcach zar\u00f3wno u dzieci jak i u doros\u0142ych. Jest inicjatork\u0105 wielu wydarze\u0144 muzycznych i edukacyjnych; nauczyciel w og\u00f3lnopolskich warsztatach muzycznych organizowanych przez Centrum Rozwoju Uzdolnie\u0144 Metod\u0105 Suzuki.<\/p>\n<p>&#8211; Sabina Warzyszy\u0144ska \u2013 cz\u0142onek komisji &#8211; absolwentka Akademii Muzycznej w \u0141odzi oraz Spo\u0142ecznego Ogniska Baletowego w Cz\u0119stochowie. Obecnie nauczyciel Jasnog\u00f3rskiej Publicznej Og\u00f3lnokszta\u0142c\u0105cej Szko\u0142y Muzycznej I Stopnia w Cz\u0119stochowie. Specjalizuje si\u0119 w pracy z dzie\u0107mi i m\u0142odzie\u017c\u0105 w zakresie nauki na gry na pianinie oraz prowadzi zaj\u0119cia z rytmiki i ta\u0144ca.<\/p>\n<p>Komisja konkursowa dokona\u0142a oceny wed\u0142ug nast\u0119puj\u0105cych kryteri\u00f3w:<br \/>\na) dob\u00f3r repertuaru &#8211; tre\u015b\u0107 i charakter zgodne z za\u0142o\u017ceniami regulaminu;<br \/>\nb) warto\u015b\u0107 artystyczna utwor\u00f3w oraz ich dob\u00f3r do mo\u017cliwo\u015bci wykonawczych uczestnika;<br \/>\nc) muzykalno\u015b\u0107 i warunki g\u0142osowe wykonawc\u00f3w (emisja, dykcja, intonacja);<br \/>\nd) interpretacja utwor\u00f3w;<br \/>\ne) og\u00f3lny wyraz artystyczny i estetyczny.<\/p>\n<p><em>Przegl\u0105d Piosenki i Pie\u015bni o Mojej Ziemi Ojczystej<\/em> rozpocz\u0105\u0142 wyst\u0119p skrzypcowy Marii Magdaleny Rogowskiej. Nast\u0119pnie g\u0142os zabra\u0142a mgr Renata Lipniewska &#8211; wicedyrektor ds. Bibliotek Pedagogicznych oraz mgr Ma\u0142gorzata Stachurska \u2013 dyrektor Miejskiego Przedszkola nr 25 im. Przyjaci\u00f3\u0142 Kubusia Puchatka w Cz\u0119stochowie. W konkursie udzia\u0142 wzi\u0119\u0142o 16 przedszkoli z Cz\u0119stochowy i powiatu cz\u0119stochowskiego.<\/p>\n<p>Laureatami <em>Przegl\u0105du Piosenki i Pie\u015bni o Mojej Ziemi Ojczystej <\/em>zostali:<\/p>\n<p>I miejsce &#8211; Franciszek \u0141yko z Prywatnego Przedszkola Klub Kubusia Puchatka III w Cz\u0119stochowie.<\/p>\n<p>II miejsce &#8211; Aleksandra Leciak z Miejskiego Przedszkola nr 23 im. \u201eJasia i Ma\u0142gosi\u201d w Cz\u0119stochowie.<\/p>\n<p>II miejsce &#8211; Nikola Dobosz, Kacper Skro\u0144ski, Jan Jo\u0144czyk z Miejskiego Przedszkola nr 25 im. Przyjaci\u00f3\u0142 Kubusia Puchatka w Cz\u0119stochowie.<\/p>\n<p>Wyr\u00f3\u017cnienie &#8211; Maria Wronka z Zespo\u0142u Szkolno-Przedszkolnego w Wierzchowisku.<\/p>\n<p>Nagrody rzeczowe dla zwyci\u0119zc\u00f3w oraz upominki dla wszystkich uczestnik\u00f3w ufundowa\u0142y firmy: Spo\u0142eczny Instytut Wydawniczy \u201eZnak\u201d z Krakowa, Multimedialne Centrum Kszta\u0142cenia \u201eOMNIBUS\u201d z Sosnowca oraz Spo\u0142eczna Szko\u0142a Baletowa i Spo\u0142eczne Ognisko Baletowe z Cz\u0119stochowy.<\/p>\n<p><em>Przegl\u0105d Piosenki i Pie\u015bni o Mojej Ziemi Ojczystej<\/em> stanowi\u0142 wydarzenie o charakterze edukacyjnym, kulturowym i patriotycznym. Wpisa\u0142 si\u0119 w realizacj\u0119 priorytet\u00f3w o\u015bwiatowych Ministerstwa Edukacji Narodowej oraz obchod\u00f3w 100-lecia odzyskania niepodleg\u0142o\u015bci przez Polsk\u0119. Patronat Europejskiego Roku Dziedzictwa Kulturowego 2018 podni\u00f3s\u0142 rang\u0119 wydarzenia oraz wyr\u00f3\u017cni\u0142 je spo\u015br\u00f3d imprez organizowanych w cz\u0119stochowskich plac\u00f3wkach o\u015bwiatowych i edukacyjnych. Podkre\u015bli\u0142 r\u00f3wnie\u017c szczeg\u00f3lny charakter tego przedsi\u0119wzi\u0119cia.<\/p>\n<p><em>Tekst: dr Agata Arkabus<\/em><br \/>\n<em>Zdj\u0119cia: Izabela Bajor<br \/>\n<a href=\"https:\/\/pbp.womczest.edu.pl\/new\/galeria\/przeglad-piosenki-i-piesni-o-mojej-ziemi-ojczystej-pod-patronatem-europejskiego-roku-dziedzictwa-kulturowego-2018\/\">galeria<\/a><br \/>\n<\/em><\/p>\n","protected":false},"excerpt":{"rendered":"<p>Rok 2018 by\u0142 okresem obchod\u00f3w wielu wa\u017cnych rocznic oraz wydarze\u0144 narodowych, kulturalnych, spo\u0142ecznych. Niew\u0105tpliwie jedn\u0105 z najwa\u017cniejszych rocznic by\u0142o 100-lecie odzyskania niepodleg\u0142o\u015bci przez Polsk\u0119, kt\u00f3ra w r\u00f3\u017cnorodny spos\u00f3b obchodzona by\u0142a w szko\u0142ach, przedszkolach oraz innych plac\u00f3wkach o\u015bwiatowych. Powy\u017csze obchody zosta\u0142y r\u00f3wnie\u017c wpisane w kierunki polityki o\u015bwiatowej Ministerstwa Edukacji Narodowej na rok szkolny 2018\/2019 &#8211; 100 Rocznica odzyskania niepodleg\u0142o\u015bci \u2013 wychowanie do warto\u015bci i kszta\u0142towanie patriotycznych postaw uczni\u00f3w. W 2018 roku<span class=\"ellipsis\">&hellip;<\/span><\/p>\n<div class=\"read-more\"><a href=\"https:\/\/pbp.womczest.edu.pl\/new\/przeglad-piosenki-i-piesni-o-mojej-ziemi-ojczystej-pod-patronatem-europejskiego-roku-dziedzictwa-kulturowego-2018\/\">Czytaj wi\u0119cej &#8250;<\/a><\/div>\n<p><!-- end of .read-more --><\/p>\n","protected":false},"author":6,"featured_media":0,"parent":0,"menu_order":0,"comment_status":"closed","ping_status":"closed","template":"","meta":{"footnotes":""},"jetpack_sharing_enabled":true,"jetpack_shortlink":"https:\/\/wp.me\/PgmV4H-3iZ","_links":{"self":[{"href":"https:\/\/pbp.womczest.edu.pl\/new\/wp-json\/wp\/v2\/pages\/12709"}],"collection":[{"href":"https:\/\/pbp.womczest.edu.pl\/new\/wp-json\/wp\/v2\/pages"}],"about":[{"href":"https:\/\/pbp.womczest.edu.pl\/new\/wp-json\/wp\/v2\/types\/page"}],"author":[{"embeddable":true,"href":"https:\/\/pbp.womczest.edu.pl\/new\/wp-json\/wp\/v2\/users\/6"}],"replies":[{"embeddable":true,"href":"https:\/\/pbp.womczest.edu.pl\/new\/wp-json\/wp\/v2\/comments?post=12709"}],"version-history":[{"count":3,"href":"https:\/\/pbp.womczest.edu.pl\/new\/wp-json\/wp\/v2\/pages\/12709\/revisions"}],"predecessor-version":[{"id":12762,"href":"https:\/\/pbp.womczest.edu.pl\/new\/wp-json\/wp\/v2\/pages\/12709\/revisions\/12762"}],"wp:attachment":[{"href":"https:\/\/pbp.womczest.edu.pl\/new\/wp-json\/wp\/v2\/media?parent=12709"}],"curies":[{"name":"wp","href":"https:\/\/api.w.org\/{rel}","templated":true}]}}