


{"id":12648,"date":"2018-11-09T09:08:19","date_gmt":"2018-11-09T08:08:19","guid":{"rendered":"https:\/\/pbp.womczest.edu.pl\/new\/?page_id=12648"},"modified":"2018-11-09T09:08:19","modified_gmt":"2018-11-09T08:08:19","slug":"rok-2018-rokiem-praw-kobiet-i-profilaktyki-raka-piersi","status":"publish","type":"page","link":"https:\/\/pbp.womczest.edu.pl\/new\/rok-2018-rokiem-praw-kobiet-i-profilaktyki-raka-piersi\/","title":{"rendered":"Rok 2018 \u2013 rokiem Praw Kobiet i Profilaktyki Raka Piersi"},"content":{"rendered":"<p><img decoding=\"async\" loading=\"lazy\" class=\"size-medium wp-image-11961 alignleft\" src=\"https:\/\/pbp.womczest.edu.pl\/new\/wp-content\/uploads\/2018\/06\/rok_2018-300x186.png\" alt=\"\" width=\"300\" height=\"186\" srcset=\"https:\/\/pbp.womczest.edu.pl\/new\/wp-content\/uploads\/2018\/06\/rok_2018-300x186.png 300w, https:\/\/pbp.womczest.edu.pl\/new\/wp-content\/uploads\/2018\/06\/rok_2018-768x477.png 768w, https:\/\/pbp.womczest.edu.pl\/new\/wp-content\/uploads\/2018\/06\/rok_2018-1000x621.png 1000w, https:\/\/pbp.womczest.edu.pl\/new\/wp-content\/uploads\/2018\/06\/rok_2018-100x62.png 100w, https:\/\/pbp.womczest.edu.pl\/new\/wp-content\/uploads\/2018\/06\/rok_2018-150x93.png 150w, https:\/\/pbp.womczest.edu.pl\/new\/wp-content\/uploads\/2018\/06\/rok_2018-200x124.png 200w, https:\/\/pbp.womczest.edu.pl\/new\/wp-content\/uploads\/2018\/06\/rok_2018-450x280.png 450w, https:\/\/pbp.womczest.edu.pl\/new\/wp-content\/uploads\/2018\/06\/rok_2018-600x373.png 600w, https:\/\/pbp.womczest.edu.pl\/new\/wp-content\/uploads\/2018\/06\/rok_2018-900x559.png 900w, https:\/\/pbp.womczest.edu.pl\/new\/wp-content\/uploads\/2018\/06\/rok_2018.png 1444w\" sizes=\"(max-width: 300px) 100vw, 300px\" \/>Rok 2018 zosta\u0142 og\u0142oszony przez Sejm Rzeczypospolitej Polskiej <em>Rokiem Praw Kobiet<\/em>, aby uczci\u0107 setn\u0105 rocznic\u0119 przyznania Polkom praw wyborczych, odda\u0107 ho\u0142d pierwszym parlamentarzystkom oraz wszystkim osobom walcz\u0105cym o r\u00f3wnouprawnienie. 18 grudnia 2017 r. Sejmik Wojew\u00f3dztwa \u015al\u0105skiego przyj\u0105\u0142 rezolucj\u0119 w sprawie og\u0142oszenia roku 2018 <em>Rokiem Profilaktyki Raka Piersi<\/em>. W ten spos\u00f3b w\u0142adze wojew\u00f3dztwa pragn\u0105 zwi\u0119kszy\u0107 \u015bwiadomo\u015b\u0107 na temat chor\u00f3b nowotworowych w\u015br\u00f3d kobiet, promowa\u0107 profilaktyk\u0119 raka piersi oraz zwr\u00f3ci\u0107 szczeg\u00f3ln\u0105 uwag\u0119 na istot\u0119 wczesnego wykrywania nowotwor\u00f3w.<\/p>\n<p>Publiczna Biblioteka Pedagogiczna RODN \u201eWOM\u201d w Cz\u0119stochowie w\u0142\u0105czy\u0142a si\u0119 w obchody wy\u017cej wymienionych rocznic przez organizacj\u0119 konferencji &#8211; \u201eRok 2018 \u2013 rokiem Praw Kobiet i Profilaktyki Raka Piersi\u201d- skierowanej do nauczycieli i uczni\u00f3w szk\u00f3\u0142 ponadpodstawowych. Dnia 7 czerwca 2018 r. odby\u0142o si\u0119 sympozjum, w kt\u00f3rym udzia\u0142 wzi\u0119li zaproszeni go\u015bcie: dr hab. Agnieszka Czajkowska &#8211; pracownik Uniwersytetu Humanistyczno-Przyrodniczego im. Jana D\u0142ugosza w Cz\u0119stochowie oraz El\u017cbieta Markowska &#8211; Prezes Stowarzyszenia Cz\u0119stochowskie Amazonki. Pani dr hab. Agnieszka Czajkowska om\u00f3wi\u0142a problematyk\u0119 dotycz\u0105c\u0105 praw kobiet w XVII i XIX wieku. Przybli\u017cy\u0142a postacie kobiet, kt\u00f3re swoj\u0105 postaw\u0105 i zaanga\u017cowaniem wpisa\u0142y si\u0119 w histori\u0119 walki o swoje prawa i niezale\u017cno\u015b\u0107. Pani El\u017cbieta Markowska w swoim wyst\u0105pieniu zwr\u00f3ci\u0142a uwag\u0119 na powag\u0119 problematyki chor\u00f3b nowotworowych w\u015br\u00f3d kobiet. Przedstawi\u0142a w jaki spos\u00f3b kobiety powinny dba\u0107 o w\u0142asne zdrowie, a w szczeg\u00f3lno\u015bci przeciwdzia\u0142a\u0107 zagro\u017ceniom wynikaj\u0105cym z chor\u00f3b nowotworowych piersi. Zaznaczy\u0142a, \u017ce najwa\u017cniejsza jest profilaktyka oraz systematyczne badania i wizyty u lekarzy specjalist\u00f3w.<\/p>\n","protected":false},"excerpt":{"rendered":"<p>Rok 2018 zosta\u0142 og\u0142oszony przez Sejm Rzeczypospolitej Polskiej Rokiem Praw Kobiet, aby uczci\u0107 setn\u0105 rocznic\u0119 przyznania Polkom praw wyborczych, odda\u0107 ho\u0142d pierwszym parlamentarzystkom oraz wszystkim osobom walcz\u0105cym o r\u00f3wnouprawnienie. 18 grudnia 2017 r. Sejmik Wojew\u00f3dztwa \u015al\u0105skiego przyj\u0105\u0142 rezolucj\u0119 w sprawie og\u0142oszenia roku 2018 Rokiem Profilaktyki Raka Piersi. W ten spos\u00f3b w\u0142adze wojew\u00f3dztwa pragn\u0105 zwi\u0119kszy\u0107 \u015bwiadomo\u015b\u0107 na temat chor\u00f3b nowotworowych w\u015br\u00f3d kobiet, promowa\u0107 profilaktyk\u0119 raka piersi oraz zwr\u00f3ci\u0107 szczeg\u00f3ln\u0105 uwag\u0119 na<span class=\"ellipsis\">&hellip;<\/span><\/p>\n<div class=\"read-more\"><a href=\"https:\/\/pbp.womczest.edu.pl\/new\/rok-2018-rokiem-praw-kobiet-i-profilaktyki-raka-piersi\/\">Czytaj wi\u0119cej &#8250;<\/a><\/div>\n<p><!-- end of .read-more --><\/p>\n","protected":false},"author":6,"featured_media":0,"parent":0,"menu_order":0,"comment_status":"closed","ping_status":"closed","template":"","meta":{"footnotes":""},"jetpack_sharing_enabled":true,"jetpack_shortlink":"https:\/\/wp.me\/PgmV4H-3i0","_links":{"self":[{"href":"https:\/\/pbp.womczest.edu.pl\/new\/wp-json\/wp\/v2\/pages\/12648"}],"collection":[{"href":"https:\/\/pbp.womczest.edu.pl\/new\/wp-json\/wp\/v2\/pages"}],"about":[{"href":"https:\/\/pbp.womczest.edu.pl\/new\/wp-json\/wp\/v2\/types\/page"}],"author":[{"embeddable":true,"href":"https:\/\/pbp.womczest.edu.pl\/new\/wp-json\/wp\/v2\/users\/6"}],"replies":[{"embeddable":true,"href":"https:\/\/pbp.womczest.edu.pl\/new\/wp-json\/wp\/v2\/comments?post=12648"}],"version-history":[{"count":1,"href":"https:\/\/pbp.womczest.edu.pl\/new\/wp-json\/wp\/v2\/pages\/12648\/revisions"}],"predecessor-version":[{"id":12649,"href":"https:\/\/pbp.womczest.edu.pl\/new\/wp-json\/wp\/v2\/pages\/12648\/revisions\/12649"}],"wp:attachment":[{"href":"https:\/\/pbp.womczest.edu.pl\/new\/wp-json\/wp\/v2\/media?parent=12648"}],"curies":[{"name":"wp","href":"https:\/\/api.w.org\/{rel}","templated":true}]}}