


{"id":12604,"date":"2018-10-29T10:21:32","date_gmt":"2018-10-29T09:21:32","guid":{"rendered":"https:\/\/pbp.womczest.edu.pl\/new\/?page_id=12604"},"modified":"2018-10-30T11:13:57","modified_gmt":"2018-10-30T10:13:57","slug":"powiatowy-konkurs-recytatorski-poetyckie-krajobrazy-poswiecony-poezji-zbigniewa-herberta","status":"publish","type":"page","link":"https:\/\/pbp.womczest.edu.pl\/new\/powiatowy-konkurs-recytatorski-poetyckie-krajobrazy-poswiecony-poezji-zbigniewa-herberta\/","title":{"rendered":"Powiatowy Konkurs Recytatorski  &#8222;Poetyckie Krajobrazy&#8221; po\u015bwi\u0119cony poezji Zbigniewa Herberta"},"content":{"rendered":"<div class=\"post-entry\">\n<p><strong>Powiatowy Konkurs Recytatorski <\/strong><strong><em>Poetyckie Krajobrazy <\/em><\/strong><strong>po\u015bwi\u0119cony poezji Zbigniewa Herberta <\/strong><strong>pod\u00a0honorowym patronatem Starosty Cz\u0119stochowskiego oraz\u00a0Towarzystwa Nauczycieli Bibliotekarzy Szk\u00f3\u0142 Polskich Oddzia\u0142 w\u00a0Cz\u0119stochowie<\/strong><\/p>\n<p>25 pa\u017adziernika 2018 roku w\u00a0Regionalnym O\u015brodku Doskonalenia Nauczycieli \u201eWOM\u201d w\u00a0Cz\u0119stochowie odby\u0142 si\u0119 Powiatowy Konkurs Recytatorski <em>Poetyckie Krajobrazy<\/em>, po\u015bwi\u0119cony poezji Zbigniewa Herberta w\u00a0zwi\u0105zku z\u00a0ustanowieniem roku 2018 \u00a0<em>Rokiem Zbigniewa Herberta.<\/em><\/p>\n<p>Konkurs adresowany do\u00a0uczni\u00f3w 7 i\u00a08 klasy szko\u0142y podstawowej i\u00a03 klasy \u00a0gimnazjalnej miasta Cz\u0119stochowy oraz\u00a0powiatu cz\u0119stochowskiego zorganizowa\u0142a Publiczna Biblioteka Pedagogiczna RODN \u201eWOM\u201d w\u00a0Cz\u0119stochowie. W\u00a0tym roku odby\u0142a si\u0119 \u00f3sma edycja konkursu, kt\u00f3ry\u00a0cieszy si\u0119 du\u017cym zainteresowaniem w\u015br\u00f3d uczni\u00f3w Cz\u0119stochowy i\u00a0regionu.<\/p>\n<p>Honorowy patronat nad\u00a0konkursem obj\u0105\u0142 Pan Krzysztof Smela, Starosta Cz\u0119stochowski oraz\u00a0Towarzystwo Nauczycieli Bibliotekarzy Szk\u00f3\u0142 Polskich Oddzia\u0142 w\u00a0Cz\u0119stochowie.<\/p>\n<p>Mottem konkursu by\u0142y s\u0142owa poety: \u201eNar\u00f3d, kt\u00f3ry\u00a0traci pami\u0119\u0107, traci sumienie\u201d.<\/p>\n<p>Celem konkursu by\u0142o upami\u0119tnienie tw\u00f3rczo\u015bci jednego z\u00a0najwybitniejszych polskich poet\u00f3w, eseisty i\u00a0dramaturga, popularyzacja jego dorobku artystycznego, rozwijanie recytatorskich i\u00a0aktorskich uzdolnie\u0144 m\u0142odzie\u017cy, upowszechnianie kultury j\u0119zyka polskiego, inspirowanie m\u0142odego pokolenia do\u00a0aktywnego uczestnictwa w\u00a0kulturze, wzbudzenie zainteresowania poezj\u0105 polsk\u0105 oraz\u00a0krzewienie kultury \u017cywego s\u0142owa.<\/p>\n<p>Uczniowie prezentowali jeden z\u00a0wybranych przez\u00a0siebie wierszy Zbigniewa Herberta. Recytacja odbywa\u0142a si\u0119 bez\u00a0mikrofonu i\u00a0materia\u0142\u00f3w audiowizualnych. W\u00a0tegorocznej edycji udzia\u0142 wzi\u0119\u0142o 17 uczni\u00f3w z\u00a0Cz\u0119stochowy i\u00a0powiatu cz\u0119stochowskiego. Opiek\u0119 merytoryczn\u0105 nad\u00a0uczniami sprawowali nauczyciele z\u00a0danej szko\u0142y.<\/p>\n<p>Prezentacje uczestnik\u00f3w ocenia\u0142a komisja konkursowa w\u00a0sk\u0142adzie:<\/p>\n<p><strong>Beata Raczy\u0144ska <\/strong>\u2013 przewodnicz\u0105ca komisji, nauczyciel bibliotekarz Publicznej Biblioteki Pedagogicznej RODN \u201eWOM\u201d w\u00a0Cz\u0119stochowie.<br \/>\n<strong>Anna Kostrzewa \u2013 <\/strong>nauczyciel polonista Prywatnej Szko\u0142y Podstawowej <em>Sokrates <\/em>w\u00a0Cz\u0119stochowie.<br \/>\n<strong>Barbara Strzelbicka<\/strong> \u2013 cz\u0119stochowska poetka, emerytowany nauczyciel polonista, laureatka wielu nagr\u00f3d literackich, nale\u017cy do\u00a0Klubu Literackiego\u00a0 \u201eZ\u0142ota Jesie\u0144\u201d oraz\u00a0do\u00a0Literackiego Towarzystwa Wzajemnej Adoracji \u201eLi-TWA\u201d.<br \/>\n<strong>Dorota Musia\u0142 <\/strong>\u2013 instruktor ds.\u00a0teatralnych i\u00a0literackich Regionalnego O\u015brodka Kultury w\u00a0Cz\u0119stochowie.<br \/>\n<strong>Ilona Kowalska <\/strong>\u2013 bibliotekarz, kierownik Filii nr\u00a09 Biblioteki Publicznej im.\u00a0dr. W\u0142adys\u0142awa Biega\u0144skiego w\u00a0Cz\u0119stochowie.<br \/>\n<strong>Tadeusz Piersiak<\/strong> \u2013 dyrektor Muzeum Cz\u0119stochowskiego.<\/p>\n<p>Zgodnie z\u00a0regulaminem na\u00a0ocen\u0119 recytacji mia\u0142y wp\u0142yw nast\u0119puj\u0105ce elementy: dob\u00f3r repertuaru, stopie\u0144 opanowania tekstu, artystyczna interpretacja utworu, kultura s\u0142owa i\u00a0og\u00f3lne wra\u017cenia artystyczne.<\/p>\n<p>Decyzj\u0105 jury przyznano nast\u0119puj\u0105ce miejsca:<\/p>\n<p><strong>I\u00a0miejsce<\/strong><\/p>\n<p>Maciej Rogozi\u0144ski, Szko\u0142a Podstawowa nr\u00a033 im.\u00a0Marii Kownackiej w\u00a0Cz\u0119stochowie, wiersz \u201ePan Cogito o\u00a0cnocie\u201d .<\/p>\n<p><strong>II miejsce <\/strong><\/p>\n<p>Beata Ko\u0142odziejczyk, Technikum Stowarzyszenia Przyjaci\u00f3\u0142 Szk\u00f3\u0142 Katolickich z\u00a0oddzia\u0142ami gimnazjalnymi w\u00a0Cz\u0119stochowie, wiersz \u201eSprawozdanie z\u00a0raju\u201d.<\/p>\n<p><strong>III miejsce<\/strong><\/p>\n<p>R\u00f3\u017ca Marsza\u0142ek, Szko\u0142a Podstawowa nr\u00a08 im.\u00a0Haliny Po\u015bwiatowskiej w\u00a0Cz\u0119stochowie, wiersz \u201e\u017bo\u0142nierz\u201d.<\/p>\n<p><strong>Wyr\u00f3\u017cnienia:<br \/>\n<\/strong>Joanna Migalska, Zesp\u00f3\u0142 Szkolno-Przedszkolny w\u00a0Przyrowie, wiersz \u201e Przepa\u015b\u0107 Pana Cogito\u201d.<\/p>\n<p>Julia Kania, Szko\u0142a Podstawowa nr\u00a053 z\u00a0Oddzia\u0142ami Integracyjnymi im.\u00a0Marii Sk\u0142odowskiej-Curie w\u00a0Cz\u0119stochowie, wiersz \u201e O\u00a0dwu nogach Pana Cogito\u201d.<\/p>\n<p>Patrycja Olak, Szko\u0142a Podstawowa nr\u00a031 z\u00a0Oddzia\u0142ami Integracyjnymi w\u00a0Cz\u0119stochowie, wiersz \u201eMa\u0142y ptaszek\u201d.<\/p>\n<p>Zwyci\u0119zcy otrzymali nagrody ksi\u0105\u017ckowe ufundowane przez\u00a0Starost\u0119 Cz\u0119stochowskiego. Laureatom oraz\u00a0wszystkim uczestnikom dzi\u0119kujemy za\u00a0 udzia\u0142 oraz\u00a0niezapomniane wra\u017cenia artystyczne. Nauczycielom dzi\u0119kujemy za\u00a0przygotowanie uczni\u00f3w do\u00a0udzia\u0142u w\u00a0naszym konkursie. Uczniom \u017cyczymy dalszych sukces\u00f3w.<\/p>\n<p><em>Katarzyna Kucharzewska<\/em><br \/>\n<em>Zdj\u0119cia: Izabela Bajor, Mariusz Trenda<br \/>\n<a href=\"https:\/\/pbp.womczest.edu.pl\/new\/galeria\/poetyckie-krajobrazy-2018\/\">galeria<\/a><br \/>\n<\/em><\/p>\n<\/div>\n","protected":false},"excerpt":{"rendered":"<p>Powiatowy Konkurs Recytatorski Poetyckie Krajobrazy po\u015bwi\u0119cony poezji Zbigniewa Herberta pod\u00a0honorowym patronatem Starosty Cz\u0119stochowskiego oraz\u00a0Towarzystwa Nauczycieli Bibliotekarzy Szk\u00f3\u0142 Polskich Oddzia\u0142 w\u00a0Cz\u0119stochowie 25 pa\u017adziernika 2018 roku w\u00a0Regionalnym O\u015brodku Doskonalenia Nauczycieli \u201eWOM\u201d w\u00a0Cz\u0119stochowie odby\u0142 si\u0119 Powiatowy Konkurs Recytatorski Poetyckie Krajobrazy, po\u015bwi\u0119cony poezji Zbigniewa Herberta w\u00a0zwi\u0105zku z\u00a0ustanowieniem roku 2018 \u00a0Rokiem Zbigniewa Herberta. Konkurs adresowany do\u00a0uczni\u00f3w 7 i\u00a08 klasy szko\u0142y podstawowej i\u00a03 klasy \u00a0gimnazjalnej miasta Cz\u0119stochowy oraz\u00a0powiatu cz\u0119stochowskiego zorganizowa\u0142a Publiczna Biblioteka Pedagogiczna RODN \u201eWOM\u201d w\u00a0Cz\u0119stochowie.<span class=\"ellipsis\">&hellip;<\/span><\/p>\n<div class=\"read-more\"><a href=\"https:\/\/pbp.womczest.edu.pl\/new\/powiatowy-konkurs-recytatorski-poetyckie-krajobrazy-poswiecony-poezji-zbigniewa-herberta\/\">Czytaj wi\u0119cej &#8250;<\/a><\/div>\n<p><!-- end of .read-more --><\/p>\n","protected":false},"author":6,"featured_media":0,"parent":0,"menu_order":0,"comment_status":"closed","ping_status":"closed","template":"","meta":{"footnotes":""},"jetpack_sharing_enabled":true,"jetpack_shortlink":"https:\/\/wp.me\/PgmV4H-3hi","_links":{"self":[{"href":"https:\/\/pbp.womczest.edu.pl\/new\/wp-json\/wp\/v2\/pages\/12604"}],"collection":[{"href":"https:\/\/pbp.womczest.edu.pl\/new\/wp-json\/wp\/v2\/pages"}],"about":[{"href":"https:\/\/pbp.womczest.edu.pl\/new\/wp-json\/wp\/v2\/types\/page"}],"author":[{"embeddable":true,"href":"https:\/\/pbp.womczest.edu.pl\/new\/wp-json\/wp\/v2\/users\/6"}],"replies":[{"embeddable":true,"href":"https:\/\/pbp.womczest.edu.pl\/new\/wp-json\/wp\/v2\/comments?post=12604"}],"version-history":[{"count":2,"href":"https:\/\/pbp.womczest.edu.pl\/new\/wp-json\/wp\/v2\/pages\/12604\/revisions"}],"predecessor-version":[{"id":12614,"href":"https:\/\/pbp.womczest.edu.pl\/new\/wp-json\/wp\/v2\/pages\/12604\/revisions\/12614"}],"wp:attachment":[{"href":"https:\/\/pbp.womczest.edu.pl\/new\/wp-json\/wp\/v2\/media?parent=12604"}],"curies":[{"name":"wp","href":"https:\/\/api.w.org\/{rel}","templated":true}]}}