


{"id":12209,"date":"2018-08-30T10:00:41","date_gmt":"2018-08-30T08:00:41","guid":{"rendered":"https:\/\/pbp.womczest.edu.pl\/new\/?page_id=12209"},"modified":"2018-08-30T10:00:41","modified_gmt":"2018-08-30T08:00:41","slug":"ogolnopolski-tydzien-bibliotek-2018","status":"publish","type":"page","link":"https:\/\/pbp.womczest.edu.pl\/new\/kontakt\/lubliniec\/inne-wydarzenia\/ogolnopolski-tydzien-bibliotek-2018\/","title":{"rendered":"OG\u00d3LNOPOLSKI TYDZIE\u0143 BIBLIOTEK 2018"},"content":{"rendered":"<p>W ramach Og\u00f3lnopolskiego Tygodnia Bibliotek w dniach od 08.05. do 14.05.2018 r. nauczyciele bibliotekarze naszej biblioteki zorganizowali zaj\u0119cia dla dzieci.<\/p>\n<p><img decoding=\"async\" loading=\"lazy\" class=\" wp-image-11889 alignleft\" src=\"https:\/\/pbp.womczest.edu.pl\/new\/wp-content\/uploads\/2018\/05\/1.jpg\" alt=\"\" width=\"196\" height=\"147\" srcset=\"https:\/\/pbp.womczest.edu.pl\/new\/wp-content\/uploads\/2018\/05\/1.jpg 240w, https:\/\/pbp.womczest.edu.pl\/new\/wp-content\/uploads\/2018\/05\/1-100x75.jpg 100w, https:\/\/pbp.womczest.edu.pl\/new\/wp-content\/uploads\/2018\/05\/1-150x113.jpg 150w, https:\/\/pbp.womczest.edu.pl\/new\/wp-content\/uploads\/2018\/05\/1-200x150.jpg 200w\" sizes=\"(max-width: 196px) 100vw, 196px\" \/><\/p>\n<p>W Szkole Podstawowej w Sierakowie \u015al\u0105skim odby\u0142y si\u0119 \u00a0warsztaty czytelnicze <i>Jak tworzy\u0107 lapbook&#8217;a. <\/i>Zaprezentowano r\u00f3\u017cne techniki i sposoby ich wykonania. Uczniowie tworzyli wszelkiego rodzaju kieszonki, ksi\u0105\u017ceczki, wycinali ilustracje i notatki do swoich interaktywnych teczek.<\/p>\n<p>W Zespole Szkolno- Przedszkolnym w Glinicy i w Gminnej Bibliotece Publicznej <img decoding=\"async\" loading=\"lazy\" class=\" wp-image-11890 alignright\" src=\"https:\/\/pbp.womczest.edu.pl\/new\/wp-content\/uploads\/2018\/05\/2.jpg\" alt=\"\" width=\"208\" height=\"156\" srcset=\"https:\/\/pbp.womczest.edu.pl\/new\/wp-content\/uploads\/2018\/05\/2.jpg 240w, https:\/\/pbp.womczest.edu.pl\/new\/wp-content\/uploads\/2018\/05\/2-100x75.jpg 100w, https:\/\/pbp.womczest.edu.pl\/new\/wp-content\/uploads\/2018\/05\/2-150x113.jpg 150w, https:\/\/pbp.womczest.edu.pl\/new\/wp-content\/uploads\/2018\/05\/2-200x150.jpg 200w\" sizes=\"(max-width: 208px) 100vw, 208px\" \/>w Kosz\u0119cinie przedszkolaki pozna\u0142y bibliotek\u0119 i jej zbiory oraz dowiedzia\u0142y si\u0119 na czym polega praca bibliotekarza. Dzieci razem z Kamyczkiem, bohaterem ksi\u0105\u017cki Johanne Mercier, uczy\u0142y si\u0119 wypo\u017cycza\u0107 swoje ulubione bajki oraz rozwi\u0105zywa\u0142y zagadki.<\/p>\n<p>Przeprowadzone zaj\u0119cia mia\u0142y na celu rozwijanie umiej\u0119tno\u015bci czytelniczych i plastycznych dzieci. Uczy\u0142y logicznego my\u015blenia i koncentracji, rozwin\u0119\u0142y kreatywno\u015b\u0107 uczni\u00f3w. Odby\u0142y si\u0119 w mi\u0142ej atmosferze i zach\u0119ci\u0142y do czytania.<\/p>\n","protected":false},"excerpt":{"rendered":"<p>W ramach Og\u00f3lnopolskiego Tygodnia Bibliotek w dniach od 08.05. do 14.05.2018 r. nauczyciele bibliotekarze naszej biblioteki zorganizowali zaj\u0119cia dla dzieci. W Szkole Podstawowej w Sierakowie \u015al\u0105skim odby\u0142y si\u0119 \u00a0warsztaty czytelnicze Jak tworzy\u0107 lapbook&#8217;a. Zaprezentowano r\u00f3\u017cne techniki i sposoby ich wykonania. Uczniowie tworzyli wszelkiego rodzaju kieszonki, ksi\u0105\u017ceczki, wycinali ilustracje i notatki do swoich interaktywnych teczek. W Zespole Szkolno- Przedszkolnym w Glinicy i w Gminnej Bibliotece Publicznej w Kosz\u0119cinie przedszkolaki pozna\u0142y bibliotek\u0119<span class=\"ellipsis\">&hellip;<\/span><\/p>\n<div class=\"read-more\"><a href=\"https:\/\/pbp.womczest.edu.pl\/new\/kontakt\/lubliniec\/inne-wydarzenia\/ogolnopolski-tydzien-bibliotek-2018\/\">Czytaj wi\u0119cej &#8250;<\/a><\/div>\n<p><!-- end of .read-more --><\/p>\n","protected":false},"author":4,"featured_media":0,"parent":7619,"menu_order":0,"comment_status":"closed","ping_status":"closed","template":"","meta":{"footnotes":""},"jetpack_sharing_enabled":true,"jetpack_shortlink":"https:\/\/wp.me\/PgmV4H-3aV","_links":{"self":[{"href":"https:\/\/pbp.womczest.edu.pl\/new\/wp-json\/wp\/v2\/pages\/12209"}],"collection":[{"href":"https:\/\/pbp.womczest.edu.pl\/new\/wp-json\/wp\/v2\/pages"}],"about":[{"href":"https:\/\/pbp.womczest.edu.pl\/new\/wp-json\/wp\/v2\/types\/page"}],"author":[{"embeddable":true,"href":"https:\/\/pbp.womczest.edu.pl\/new\/wp-json\/wp\/v2\/users\/4"}],"replies":[{"embeddable":true,"href":"https:\/\/pbp.womczest.edu.pl\/new\/wp-json\/wp\/v2\/comments?post=12209"}],"version-history":[{"count":2,"href":"https:\/\/pbp.womczest.edu.pl\/new\/wp-json\/wp\/v2\/pages\/12209\/revisions"}],"predecessor-version":[{"id":18862,"href":"https:\/\/pbp.womczest.edu.pl\/new\/wp-json\/wp\/v2\/pages\/12209\/revisions\/18862"}],"up":[{"embeddable":true,"href":"https:\/\/pbp.womczest.edu.pl\/new\/wp-json\/wp\/v2\/pages\/7619"}],"wp:attachment":[{"href":"https:\/\/pbp.womczest.edu.pl\/new\/wp-json\/wp\/v2\/media?parent=12209"}],"curies":[{"name":"wp","href":"https:\/\/api.w.org\/{rel}","templated":true}]}}