


{"id":12204,"date":"2018-08-30T09:51:38","date_gmt":"2018-08-30T07:51:38","guid":{"rendered":"https:\/\/pbp.womczest.edu.pl\/new\/?page_id=12204"},"modified":"2018-08-30T09:51:38","modified_gmt":"2018-08-30T07:51:38","slug":"bajka-terapeutyczna-w-pracy-nauczyciela-bibliotekarza-siec-wspolpracy","status":"publish","type":"page","link":"https:\/\/pbp.womczest.edu.pl\/new\/kontakt\/lubliniec\/kursy-i-szkolenia\/bajka-terapeutyczna-w-pracy-nauczyciela-bibliotekarza-siec-wspolpracy\/","title":{"rendered":"Bajka terapeutyczna w pracy nauczyciela bibliotekarza-sie\u0107 wsp\u00f3\u0142pracy"},"content":{"rendered":"<p><img decoding=\"async\" loading=\"lazy\" class=\" wp-image-12006 alignleft\" src=\"https:\/\/pbp.womczest.edu.pl\/new\/wp-content\/uploads\/2018\/06\/20180406_124730-300x211.jpg\" alt=\"\" width=\"218\" height=\"154\" srcset=\"https:\/\/pbp.womczest.edu.pl\/new\/wp-content\/uploads\/2018\/06\/20180406_124730-300x211.jpg 300w, https:\/\/pbp.womczest.edu.pl\/new\/wp-content\/uploads\/2018\/06\/20180406_124730-768x539.jpg 768w, https:\/\/pbp.womczest.edu.pl\/new\/wp-content\/uploads\/2018\/06\/20180406_124730-1000x702.jpg 1000w, https:\/\/pbp.womczest.edu.pl\/new\/wp-content\/uploads\/2018\/06\/20180406_124730-100x70.jpg 100w, https:\/\/pbp.womczest.edu.pl\/new\/wp-content\/uploads\/2018\/06\/20180406_124730-150x105.jpg 150w, https:\/\/pbp.womczest.edu.pl\/new\/wp-content\/uploads\/2018\/06\/20180406_124730-200x140.jpg 200w, https:\/\/pbp.womczest.edu.pl\/new\/wp-content\/uploads\/2018\/06\/20180406_124730-450x316.jpg 450w, https:\/\/pbp.womczest.edu.pl\/new\/wp-content\/uploads\/2018\/06\/20180406_124730-600x421.jpg 600w, https:\/\/pbp.womczest.edu.pl\/new\/wp-content\/uploads\/2018\/06\/20180406_124730-900x632.jpg 900w\" sizes=\"(max-width: 218px) 100vw, 218px\" \/>Nauczyciele bibliotekarze Publicznej Biblioteki Pedagogicznej RODN \u201eWOM\u201d w\u00a0Cz\u0119stochowie Filia w Lubli\u0144cu od kwietnia do\u00a0czerwca 2018 r.\u00a0zorganizowali sie\u0107 wsp\u00f3\u0142pracy i\u00a0samokszta\u0142cenia <em>Bajka terapeutyczna w\u00a0pracy nauczyciela bibliotekarza szkolnego<\/em> skierowan\u0105 do nauczycieli bibliotekarzy powiatu lublinieckiego. W ramach sieci odby\u0142y si\u0119 trzy spotkania, kt\u00f3rych prelegentami byli zaproszeni psycholodzy z Publicznej Poradni Psychologiczno-Pedagogicznej w Lubli\u0144cu.<\/p>\n<p>Podczas pierwszego spotkania uczestnicy ustalili i\u00a0zaakceptowali\u00a0plan pracy, zasady wsp\u00f3\u0142pracy oraz\u00a0podpisali\u00a0kontrakt. W\u00a0dalszej cz\u0119\u015bci seminarium pani Alicja Kami\u0144ska dyrektor Publicznej Poradni Psychologiczno-Pedagogicznej w Lubli\u0144cu wprowadzi\u0142a s\u0142uchaczy w metodyk\u0119 pracy z bajk\u0105 i elementy bajkoterapii. Na przyk\u0142adzie bajki <em>Trzy \u015bwinki<\/em> przedstawi\u0142a praktyczne wykorzystanie utworu literackiego w terapii.<img decoding=\"async\" loading=\"lazy\" class=\"wp-image-12007 alignright\" src=\"https:\/\/pbp.womczest.edu.pl\/new\/wp-content\/uploads\/2018\/06\/fot-1-300x236.jpg\" alt=\"\" width=\"247\" height=\"195\" srcset=\"https:\/\/pbp.womczest.edu.pl\/new\/wp-content\/uploads\/2018\/06\/fot-1-300x236.jpg 300w, https:\/\/pbp.womczest.edu.pl\/new\/wp-content\/uploads\/2018\/06\/fot-1-768x605.jpg 768w, https:\/\/pbp.womczest.edu.pl\/new\/wp-content\/uploads\/2018\/06\/fot-1-1000x788.jpg 1000w, https:\/\/pbp.womczest.edu.pl\/new\/wp-content\/uploads\/2018\/06\/fot-1-100x79.jpg 100w, https:\/\/pbp.womczest.edu.pl\/new\/wp-content\/uploads\/2018\/06\/fot-1-150x118.jpg 150w, https:\/\/pbp.womczest.edu.pl\/new\/wp-content\/uploads\/2018\/06\/fot-1-200x158.jpg 200w, https:\/\/pbp.womczest.edu.pl\/new\/wp-content\/uploads\/2018\/06\/fot-1-450x354.jpg 450w, https:\/\/pbp.womczest.edu.pl\/new\/wp-content\/uploads\/2018\/06\/fot-1-600x473.jpg 600w, https:\/\/pbp.womczest.edu.pl\/new\/wp-content\/uploads\/2018\/06\/fot-1-900x709.jpg 900w, https:\/\/pbp.womczest.edu.pl\/new\/wp-content\/uploads\/2018\/06\/fot-1.jpg 1220w\" sizes=\"(max-width: 247px) 100vw, 247px\" \/><\/p>\n<p>Drugie spotkanie po\u015bwi\u0119cone by\u0142o wykorzystaniu bajek do rozwi\u0105zywania problem\u00f3w emocjonalnych dzieci oraz budowaniu ich pe\u0142nej osobowo\u015bci. Na spotkaniu nauczyciele bibliotekarze zapoznali si\u0119 z wybranymi pozycjami ksi\u0105\u017ckowymi literatury biblioterapeutycznej.<\/p>\n<p>W trakcie trzeciego spotkania psycholodzy podzielili si\u0119 do\u015bwiadczeniami ze swojej codziennej pracy w plac\u00f3wkach o\u015bwiatowych. Na\u00a0zako\u0144czenie spotkania nauczyciele bibliotekarze sprecyzowali zakresy tematyczne sieci wsp\u00f3\u0142pracy, w\u00a0kt\u00f3rych chcieliby pracowa\u0107 w\u00a0przysz\u0142ym roku szkolnym.<\/p>\n","protected":false},"excerpt":{"rendered":"<p>Nauczyciele bibliotekarze Publicznej Biblioteki Pedagogicznej RODN \u201eWOM\u201d w\u00a0Cz\u0119stochowie Filia w Lubli\u0144cu od kwietnia do\u00a0czerwca 2018 r.\u00a0zorganizowali sie\u0107 wsp\u00f3\u0142pracy i\u00a0samokszta\u0142cenia Bajka terapeutyczna w\u00a0pracy nauczyciela bibliotekarza szkolnego skierowan\u0105 do nauczycieli bibliotekarzy powiatu lublinieckiego. W ramach sieci odby\u0142y si\u0119 trzy spotkania, kt\u00f3rych prelegentami byli zaproszeni psycholodzy z Publicznej Poradni Psychologiczno-Pedagogicznej w Lubli\u0144cu. Podczas pierwszego spotkania uczestnicy ustalili i\u00a0zaakceptowali\u00a0plan pracy, zasady wsp\u00f3\u0142pracy oraz\u00a0podpisali\u00a0kontrakt. W\u00a0dalszej cz\u0119\u015bci seminarium pani Alicja Kami\u0144ska dyrektor Publicznej Poradni Psychologiczno-Pedagogicznej w<span class=\"ellipsis\">&hellip;<\/span><\/p>\n<div class=\"read-more\"><a href=\"https:\/\/pbp.womczest.edu.pl\/new\/kontakt\/lubliniec\/kursy-i-szkolenia\/bajka-terapeutyczna-w-pracy-nauczyciela-bibliotekarza-siec-wspolpracy\/\">Czytaj wi\u0119cej &#8250;<\/a><\/div>\n<p><!-- end of .read-more --><\/p>\n","protected":false},"author":4,"featured_media":0,"parent":3725,"menu_order":0,"comment_status":"closed","ping_status":"closed","template":"","meta":{"footnotes":""},"jetpack_sharing_enabled":true,"jetpack_shortlink":"https:\/\/wp.me\/PgmV4H-3aQ","_links":{"self":[{"href":"https:\/\/pbp.womczest.edu.pl\/new\/wp-json\/wp\/v2\/pages\/12204"}],"collection":[{"href":"https:\/\/pbp.womczest.edu.pl\/new\/wp-json\/wp\/v2\/pages"}],"about":[{"href":"https:\/\/pbp.womczest.edu.pl\/new\/wp-json\/wp\/v2\/types\/page"}],"author":[{"embeddable":true,"href":"https:\/\/pbp.womczest.edu.pl\/new\/wp-json\/wp\/v2\/users\/4"}],"replies":[{"embeddable":true,"href":"https:\/\/pbp.womczest.edu.pl\/new\/wp-json\/wp\/v2\/comments?post=12204"}],"version-history":[{"count":1,"href":"https:\/\/pbp.womczest.edu.pl\/new\/wp-json\/wp\/v2\/pages\/12204\/revisions"}],"predecessor-version":[{"id":12205,"href":"https:\/\/pbp.womczest.edu.pl\/new\/wp-json\/wp\/v2\/pages\/12204\/revisions\/12205"}],"up":[{"embeddable":true,"href":"https:\/\/pbp.womczest.edu.pl\/new\/wp-json\/wp\/v2\/pages\/3725"}],"wp:attachment":[{"href":"https:\/\/pbp.womczest.edu.pl\/new\/wp-json\/wp\/v2\/media?parent=12204"}],"curies":[{"name":"wp","href":"https:\/\/api.w.org\/{rel}","templated":true}]}}