


{"id":12201,"date":"2018-08-30T09:47:24","date_gmt":"2018-08-30T07:47:24","guid":{"rendered":"https:\/\/pbp.womczest.edu.pl\/new\/?page_id=12201"},"modified":"2018-08-30T09:47:24","modified_gmt":"2018-08-30T07:47:24","slug":"najaktywniej-czytajacy-trzecioklasista-v-edycja-wyniki-konkursu","status":"publish","type":"page","link":"https:\/\/pbp.womczest.edu.pl\/new\/kontakt\/lubliniec\/konkursy-filia-lubliniec\/najaktywniej-czytajacy-trzecioklasista-v-edycja-wyniki-konkursu\/","title":{"rendered":"Najaktywniej czytaj\u0105cy trzecioklasista \u2013 V edycja wyniki konkursu"},"content":{"rendered":"<p><img decoding=\"async\" loading=\"lazy\" class=\" wp-image-12009 alignleft\" src=\"https:\/\/pbp.womczest.edu.pl\/new\/wp-content\/uploads\/2018\/06\/czytacz-300x267.png\" alt=\"\" width=\"163\" height=\"145\" srcset=\"https:\/\/pbp.womczest.edu.pl\/new\/wp-content\/uploads\/2018\/06\/czytacz-300x267.png 300w, https:\/\/pbp.womczest.edu.pl\/new\/wp-content\/uploads\/2018\/06\/czytacz-100x89.png 100w, https:\/\/pbp.womczest.edu.pl\/new\/wp-content\/uploads\/2018\/06\/czytacz-150x134.png 150w, https:\/\/pbp.womczest.edu.pl\/new\/wp-content\/uploads\/2018\/06\/czytacz-200x178.png 200w, https:\/\/pbp.womczest.edu.pl\/new\/wp-content\/uploads\/2018\/06\/czytacz.png 405w\" sizes=\"(max-width: 163px) 100vw, 163px\" \/>Do\u00a0konkursowych zmaga\u0144 na\u00a0\u201eNajaktywniej czytaj\u0105cego Trzecioklasist\u0119\u201d zg\u0142osi\u0142o si\u0119\u00a0dziesi\u0119\u0107 szk\u00f3\u0142 podstawowych z\u00a0powiatu lublinieckiego: Szko\u0142a Podstawowa im, Jana Paw\u0142a II w Kosz\u0119cinie, Szko\u0142a Podstawowa im.\u00a0J. Ligonia w\u00a0Strzebiniu, Publiczna Szko\u0142a Podstawowa im.\u00a0W. Kawy i\u00a0B.\u00a0Kawy w\u00a0Ko\u015bmidrach, Szko\u0142a Podstawowa im.\u00a074 G\u00f3rno\u015bl\u0105skiego Pu\u0142ku Piechoty w\u00a0Sadowie, Szko\u0142a Podstawowa nr\u00a01 im.\u00a0M. Konopnickiej w\u00a0Lubli\u0144cu, Zesp\u00f3\u0142 Plac\u00f3wek O\u015bwiatowych im.\u00a0Unii Europejskiej w\u00a0Boronowie, Publiczna Szko\u0142a Podstawowa im.\u00a0T.\u00a0Ko\u015bciuszki w\u00a0Pawonkowie, Szko\u0142a Podstawowa nr\u00a03 im.\u00a0Bohater\u00f3w Westerplatte w\u00a0Lubli\u0144cu, Szko\u0142a Podstawowa im.\u00a0Jana Paw\u0142a II w\u00a0Psarach, Szko\u0142a Podstawowa w \u0141agiewnikach Ma\u0142ych.<\/p>\n<p>Celem konkursu by\u0142o rozbudzanie zainteresowa\u0144 czytelniczych w\u015br\u00f3d dzieci, kszta\u0142towanie nawyku systematycznego czytania oraz\u00a0promocja ksi\u0119gozbior\u00f3w bibliotek szkolnych. Organizatorzy mieli za\u00a0zadanie wskaza\u0107 uczni\u00f3w trzecich klas szk\u00f3\u0142 podstawowych, kt\u00f3rzy\u00a0w\u00a0okresie od\u00a01 wrze\u015bnia 2017 roku do\u00a031 maja 2018 roku przeczytali najwi\u0119cej ksi\u0105\u017cek dost\u0119pnych w\u00a0bibliotece szkolnej.<\/p>\n<p>Spo\u015br\u00f3d pi\u0119tnastu zg\u0142oszonych trzecioklasist\u00f3w najlepszymi czytelnikami okazali si\u0119:<\/p>\n<p><strong>I\u00a0miejsce: Kamila Zok \u2013 Zesp\u00f3\u0142 Plac\u00f3wek O\u015bwiatowych im.\u00a0Unii Europejskiej w\u00a0Boronowie (143 ksi\u0105\u017cki)<\/strong><\/p>\n<p><strong>II miejsce: Fabian Janota \u2013 \u00a0<\/strong><strong>Szko\u0142a Podstawowa nr\u00a03 im.\u00a0Bohater\u00f3w Westerplatte w\u00a0Lubli\u0144cu (113 ksi\u0105\u017cek)<\/strong><\/p>\n<p><strong>III miejsce: Szymon Majdzik \u2013 \u00a0Publiczna Szko\u0142a Podstawowa im.\u00a0W. Kawy i\u00a0B.\u00a0Kawy w\u00a0Ko\u015bmidrach (101 ksi\u0105\u017cek)<\/strong><\/p>\n<p><strong>Wyr\u00f3\u017cnienie Helena Popielarz \u2013 Szko\u0142a Podstawowa w Pawonkowie (90 ksi\u0105\u017cek)<\/strong><\/p>\n<p>Dla wszystkich rywalizuj\u0105cych ze\u00a0sob\u0105 uczni\u00f3w, przygotowano dyplomy, a dla zwyci\u0119zc\u00f3w nagrody ksi\u0105\u017ckowe.<\/p>\n<p><em>Zwyci\u0119zcom oraz\u00a0wszystkim uczestnikom gratulujemy wynik\u00f3w!<\/em><\/p>\n","protected":false},"excerpt":{"rendered":"<p>Do\u00a0konkursowych zmaga\u0144 na\u00a0\u201eNajaktywniej czytaj\u0105cego Trzecioklasist\u0119\u201d zg\u0142osi\u0142o si\u0119\u00a0dziesi\u0119\u0107 szk\u00f3\u0142 podstawowych z\u00a0powiatu lublinieckiego: Szko\u0142a Podstawowa im, Jana Paw\u0142a II w Kosz\u0119cinie, Szko\u0142a Podstawowa im.\u00a0J. Ligonia w\u00a0Strzebiniu, Publiczna Szko\u0142a Podstawowa im.\u00a0W. Kawy i\u00a0B.\u00a0Kawy w\u00a0Ko\u015bmidrach, Szko\u0142a Podstawowa im.\u00a074 G\u00f3rno\u015bl\u0105skiego Pu\u0142ku Piechoty w\u00a0Sadowie, Szko\u0142a Podstawowa nr\u00a01 im.\u00a0M. Konopnickiej w\u00a0Lubli\u0144cu, Zesp\u00f3\u0142 Plac\u00f3wek O\u015bwiatowych im.\u00a0Unii Europejskiej w\u00a0Boronowie, Publiczna Szko\u0142a Podstawowa im.\u00a0T.\u00a0Ko\u015bciuszki w\u00a0Pawonkowie, Szko\u0142a Podstawowa nr\u00a03 im.\u00a0Bohater\u00f3w Westerplatte w\u00a0Lubli\u0144cu, Szko\u0142a Podstawowa im.\u00a0Jana Paw\u0142a II w\u00a0Psarach, Szko\u0142a Podstawowa w<span class=\"ellipsis\">&hellip;<\/span><\/p>\n<div class=\"read-more\"><a href=\"https:\/\/pbp.womczest.edu.pl\/new\/kontakt\/lubliniec\/konkursy-filia-lubliniec\/najaktywniej-czytajacy-trzecioklasista-v-edycja-wyniki-konkursu\/\">Czytaj wi\u0119cej &#8250;<\/a><\/div>\n<p><!-- end of .read-more --><\/p>\n","protected":false},"author":4,"featured_media":0,"parent":3684,"menu_order":0,"comment_status":"closed","ping_status":"closed","template":"","meta":{"footnotes":""},"jetpack_sharing_enabled":true,"jetpack_shortlink":"https:\/\/wp.me\/PgmV4H-3aN","_links":{"self":[{"href":"https:\/\/pbp.womczest.edu.pl\/new\/wp-json\/wp\/v2\/pages\/12201"}],"collection":[{"href":"https:\/\/pbp.womczest.edu.pl\/new\/wp-json\/wp\/v2\/pages"}],"about":[{"href":"https:\/\/pbp.womczest.edu.pl\/new\/wp-json\/wp\/v2\/types\/page"}],"author":[{"embeddable":true,"href":"https:\/\/pbp.womczest.edu.pl\/new\/wp-json\/wp\/v2\/users\/4"}],"replies":[{"embeddable":true,"href":"https:\/\/pbp.womczest.edu.pl\/new\/wp-json\/wp\/v2\/comments?post=12201"}],"version-history":[{"count":1,"href":"https:\/\/pbp.womczest.edu.pl\/new\/wp-json\/wp\/v2\/pages\/12201\/revisions"}],"predecessor-version":[{"id":12202,"href":"https:\/\/pbp.womczest.edu.pl\/new\/wp-json\/wp\/v2\/pages\/12201\/revisions\/12202"}],"up":[{"embeddable":true,"href":"https:\/\/pbp.womczest.edu.pl\/new\/wp-json\/wp\/v2\/pages\/3684"}],"wp:attachment":[{"href":"https:\/\/pbp.womczest.edu.pl\/new\/wp-json\/wp\/v2\/media?parent=12201"}],"curies":[{"name":"wp","href":"https:\/\/api.w.org\/{rel}","templated":true}]}}