


{"id":12110,"date":"2018-06-27T10:31:11","date_gmt":"2018-06-27T08:31:11","guid":{"rendered":"https:\/\/pbp.womczest.edu.pl\/new\/?page_id=12110"},"modified":"2018-06-27T10:31:45","modified_gmt":"2018-06-27T08:31:45","slug":"konkurs-plastyczny-plynie-wisla-plynie","status":"publish","type":"page","link":"https:\/\/pbp.womczest.edu.pl\/new\/kontakt\/lelow\/konkursy-filia-lelow\/konkurs-plastyczny-plynie-wisla-plynie\/","title":{"rendered":"Konkurs plastyczny &#8222;P\u0142ynie Wis\u0142a p\u0142ynie&#8221;"},"content":{"rendered":"<p><img decoding=\"async\" loading=\"lazy\" class=\"size-full wp-image-11175 alignleft\" src=\"https:\/\/pbp.womczest.edu.pl\/new\/wp-content\/uploads\/2017\/12\/wisla.jpg\" alt=\"\" width=\"180\" height=\"180\" srcset=\"https:\/\/pbp.womczest.edu.pl\/new\/wp-content\/uploads\/2017\/12\/wisla.jpg 180w, https:\/\/pbp.womczest.edu.pl\/new\/wp-content\/uploads\/2017\/12\/wisla-150x150.jpg 150w, https:\/\/pbp.womczest.edu.pl\/new\/wp-content\/uploads\/2017\/12\/wisla-100x100.jpg 100w\" sizes=\"(max-width: 180px) 100vw, 180px\" \/>11\u00a0grudnia\u00a02017\u00a0r. w\u00a0Bibliotece Szkolnej Zespo\u0142u Szkolno Przedszkolnego w Lelowie odby\u0142o si\u0119 podsumowanie konkursu plastycznego <strong><em>P\u0142ynie Wis\u0142a p\u0142ynie,<\/em><\/strong> skierowanego do\u00a0uczni\u00f3w klas I \u2013 III.\u00a0 Organizatorem konkursu by\u0142a Publiczna Biblioteka Pedagogiczna RODN \u201eWOM\u201d w\u00a0Cz\u0119stochowie Filia w\u00a0Lelowie i Biblioteka Szkolna. Zmagania konkursowe trwa\u0142y od\u00a013 listopada do\u00a04 grudnia 2017\u00a0r. i\u00a0mia\u0142y na\u00a0celu uczczenie obchod\u00f3w Roku Rzeki Wis\u0142y, rozwijanie uzdolnie\u0144 plastycznych i wra\u017cliwo\u015bci artystycznej dzieci.<br \/>\nW konkursie wzi\u0119\u0142o udzia\u0142 27 uczni\u00f3w.<br \/>\nKomisja konkursowa oceni\u0142a prace i wy\u0142oni\u0142a zwyci\u0119zc\u00f3w, kt\u00f3rzy otrzymali nagrody ksi\u0105\u017ckowe i dyplomy. \u00a0Pozosta\u0142ym uczestnikom wr\u0119czono pami\u0105tkowe dyplomy.\u00a0 W bibliotece powsta\u0142a wystawa prezentuj\u0105ca prace dzieci. Wszystkim dzieciom gratulujemy.<\/p>\n<p><em>Paniom Alicji Pawlik i Anecie W\u0142odarskiej dzi\u0119kujemy za\u00a0 wsp\u00f3\u0142prac\u0119.<\/em><\/p>\n<p style=\"text-align: right;\"><em>Tekst: Dorota Kulawiak<\/em><br \/>\n<em>Zdj\u0119cia: Renata Korzeniec<\/em><\/p>\n","protected":false},"excerpt":{"rendered":"<p>11\u00a0grudnia\u00a02017\u00a0r. w\u00a0Bibliotece Szkolnej Zespo\u0142u Szkolno Przedszkolnego w Lelowie odby\u0142o si\u0119 podsumowanie konkursu plastycznego P\u0142ynie Wis\u0142a p\u0142ynie, skierowanego do\u00a0uczni\u00f3w klas I \u2013 III.\u00a0 Organizatorem konkursu by\u0142a Publiczna Biblioteka Pedagogiczna RODN \u201eWOM\u201d w\u00a0Cz\u0119stochowie Filia w\u00a0Lelowie i Biblioteka Szkolna. Zmagania konkursowe trwa\u0142y od\u00a013 listopada do\u00a04 grudnia 2017\u00a0r. i\u00a0mia\u0142y na\u00a0celu uczczenie obchod\u00f3w Roku Rzeki Wis\u0142y, rozwijanie uzdolnie\u0144 plastycznych i wra\u017cliwo\u015bci artystycznej dzieci. W konkursie wzi\u0119\u0142o udzia\u0142 27 uczni\u00f3w. Komisja konkursowa oceni\u0142a prace i wy\u0142oni\u0142a<span class=\"ellipsis\">&hellip;<\/span><\/p>\n<div class=\"read-more\"><a href=\"https:\/\/pbp.womczest.edu.pl\/new\/kontakt\/lelow\/konkursy-filia-lelow\/konkurs-plastyczny-plynie-wisla-plynie\/\">Czytaj wi\u0119cej &#8250;<\/a><\/div>\n<p><!-- end of .read-more --><\/p>\n","protected":false},"author":4,"featured_media":0,"parent":3494,"menu_order":0,"comment_status":"closed","ping_status":"closed","template":"","meta":{"footnotes":""},"jetpack_sharing_enabled":true,"jetpack_shortlink":"https:\/\/wp.me\/PgmV4H-39k","_links":{"self":[{"href":"https:\/\/pbp.womczest.edu.pl\/new\/wp-json\/wp\/v2\/pages\/12110"}],"collection":[{"href":"https:\/\/pbp.womczest.edu.pl\/new\/wp-json\/wp\/v2\/pages"}],"about":[{"href":"https:\/\/pbp.womczest.edu.pl\/new\/wp-json\/wp\/v2\/types\/page"}],"author":[{"embeddable":true,"href":"https:\/\/pbp.womczest.edu.pl\/new\/wp-json\/wp\/v2\/users\/4"}],"replies":[{"embeddable":true,"href":"https:\/\/pbp.womczest.edu.pl\/new\/wp-json\/wp\/v2\/comments?post=12110"}],"version-history":[{"count":1,"href":"https:\/\/pbp.womczest.edu.pl\/new\/wp-json\/wp\/v2\/pages\/12110\/revisions"}],"predecessor-version":[{"id":12111,"href":"https:\/\/pbp.womczest.edu.pl\/new\/wp-json\/wp\/v2\/pages\/12110\/revisions\/12111"}],"up":[{"embeddable":true,"href":"https:\/\/pbp.womczest.edu.pl\/new\/wp-json\/wp\/v2\/pages\/3494"}],"wp:attachment":[{"href":"https:\/\/pbp.womczest.edu.pl\/new\/wp-json\/wp\/v2\/media?parent=12110"}],"curies":[{"name":"wp","href":"https:\/\/api.w.org\/{rel}","templated":true}]}}