


{"id":12061,"date":"2018-06-25T10:48:17","date_gmt":"2018-06-25T08:48:17","guid":{"rendered":"https:\/\/pbp.womczest.edu.pl\/new\/?page_id=12061"},"modified":"2018-06-25T10:48:17","modified_gmt":"2018-06-25T08:48:17","slug":"noc-bibliotek-2018","status":"publish","type":"page","link":"https:\/\/pbp.womczest.edu.pl\/new\/noc-bibliotek-2018\/","title":{"rendered":"Noc Bibliotek 2018"},"content":{"rendered":"<div class=\"post-entry\">\n<p>9 czerwca 2018\u00a0r. w\u00a0Publicznej Bibliotece Pedagogicznej RODN \u201eWOM\u201d w\u00a0Cz\u0119stochowie odby\u0142a si\u0119 po\u00a0raz czwarty Noc Bibliotek. Has\u0142o tegorocznej edycji \u2013 <em>Rzeczpospoczyta <\/em>odnosi\u0142o si\u0119 do\u00a0100-lecia odzyskania przez\u00a0Polsk\u0119 niepodleg\u0142o\u015bci.<\/p>\n<p>Jak co roku na\u00a0uczestnik\u00f3w czeka\u0142o wiele atrakcji maj\u0105cych na\u00a0celu promocj\u0119 czytelnictwa i\u00a0biblioteki jako instytucji, w\u00a0kt\u00f3rej warto bywa\u0107 o\u00a0ka\u017cdej porze dnia.<\/p>\n<p>Tegoroczna Noc Bibliotek rozpocz\u0119\u0142a si\u0119 o\u00a0godzinie 16.30 w\u00a0Auli Forum RODN \u201eWOM\u201d emisj\u0105 filmu pt.\u00a0<em>Tarapaty. <\/em>Po\u00a0obejrzeniu filmu dzieci wraz z\u00a0opiekunami mogli skorzysta\u0107 z\u00a0bogatej oferty zaj\u0119\u0107 proponowanych przez\u00a0pracownik\u00f3w biblioteki. Ka\u017cdy uczestnik m\u00f3g\u0142 \u201eprzywita\u0107 si\u0119\u201d z\u00a0bibliotek\u0105 i\u00a0zosta\u0107 tw\u00f3rc\u0105 wsp\u00f3lnej kompozycji plastycznej umieszczonej przy wej\u015bciu do\u00a0biblioteki.<\/p>\n<p>Podobnie jak w\u00a0ubieg\u0142ych latach go\u015bcili\u015bmy przedstawicieli firmy <em>Bard<\/em> \u2013 <em>centrum gier<\/em>, kt\u00f3rzy\u00a0zaprezentowali niezwykle ciekawe i\u00a0zajmuj\u0105ce gry planszowe. W\u015br\u00f3d zaproszonych go\u015bci znalaz\u0142 si\u0119 r\u00f3wnie\u017c znany cz\u0119stochowski raper Mikser, kt\u00f3ry\u00a0bardzo ch\u0119tnie w\u0142\u0105cza si\u0119 w\u00a0akcje maj\u0105ce na\u00a0celu promocj\u0119 biblioteki jako instytucji, jak r\u00f3wnie\u017c czytelnictwa. W\u00a0trakcie swojego \u201ekreatywnego\u201d i\u00a0pe\u0142nego niespodzianek wyst\u0119pu rozmawia\u0142 z\u00a0dzie\u0107mi i\u00a0m\u0142odzie\u017c\u0105 na\u00a0r\u00f3\u017cne tematy zwi\u0105zane z\u00a0\u017cyciem codziennym. Zach\u0119ca\u0142 r\u00f3wnie\u017c do\u00a0rozwijania swoich pasji oraz\u00a0zdrowego trybu \u017cycia. W\u00a0trakcie spotkania nie\u00a0zabrak\u0142o r\u00f3wnie\u017c prezentacji tw\u00f3rczo\u015bci muzycznej Miksera.<\/p>\n<p>Dodatkow\u0105 atrakcj\u0119 stanowi\u0142 pokaz ta\u0144c\u00f3w dawnych w\u00a0wykonaniu zespo\u0142u <em>Secoli di Danza<\/em>, w\u00a0trakcie kt\u00f3rego\u00a0cz\u0142onkowie zespo\u0142u zaprosili uczestnik\u00f3w tegorocznej Nocy Bibliotek na\u00a0taneczn\u0105 podr\u00f3\u017c przez\u00a0epoki. Zaprezentowali ta\u0144ce dworskie, poczynaj\u0105c od\u00a0p\u00f3\u017anego \u015bredniowiecza, na\u00a0pocz\u0105tkach XIX wieku ko\u0144cz\u0105c.<\/p>\n<p>Ponadto nasi go\u015bcie mogli uczestniczy\u0107 w\u00a0rodzinnych warsztatach historyczno-plastycznych <em>Autoportret z\u00a0histori\u0105 <\/em>i\u00a0tworzy\u0107 portrety swoje, jak r\u00f3wnie\u017c\u00a0 inspirowane postaciami historycznymi. Uczestnicy mogli r\u00f3wnie\u017c wzi\u0105\u0107 udzia\u0142 w\u00a0zaj\u0119ciach multimedialnych <em>Tu\u017c przed<\/em> <em>wakacjami\u2026<\/em> i\u00a0tworzy\u0107 elektroniczne ksi\u0105\u017ceczki w\u00a0programie Story Jumper.<\/p>\n<p>Du\u017cym zainteresowaniem w\u015br\u00f3d dzieci i\u00a0m\u0142odzie\u017cy cieszy\u0142y si\u0119 r\u00f3wnie\u017c zaj\u0119cia z\u00a0wykorzystaniem gier planszowo-mobilnych z\u00a0elementami nauki programowania <em>Scottie Go! <\/em>oraz\u00a0warsztaty tworzenia komiks\u00f3w online<em> Komiks w\u00a0bibliotece. <\/em>Uczestnicy Nocy Bibliotek mieli r\u00f3wnie\u017c okazj\u0119 uczestniczy\u0107 w\u00a0zaj\u0119ciach biblioterapeutycznych z\u00a0elementami arteterapii pn.\u00a0<em>M\u00f3j\u00a0dom, moja ma\u0142a ojczyzna, moje\u00a0miejsce na\u00a0ziemi. <\/em><\/p>\n<p>Du\u017cym zainteresowaniem cieszy\u0142y si\u0119 warsztaty haftu krzy\u017cykowego i\u00a0koralikowego oraz\u00a0warsztaty plastyczne pn.\u00a0<em>Jak zrobi\u0107 kotylion patriotyczny? <\/em>Opr\u00f3cz tego, go\u015bcie mieli mo\u017cliwo\u015b\u0107 sprawdzenia swoich umiej\u0119tno\u015bci w\u00a0trakcie kursu udzielania pierwszej pomocy przedmedycznej prowadzonego przez\u00a0ratownika medycznego.<\/p>\n<p>Na\u00a0zako\u0144czenie tegorocznej Nocy Bibliotek odby\u0142 si\u0119 <em>interaktywny quiz z\u00a0nagrodami<\/em> pt.\u00a0<em>Co wiemy o\u00a0naszym kraju?<\/em><\/p>\n<p>Na\u00a0wytrwa\u0142ych uczestnik\u00f3w czeka\u0142o p\u00f3\u0142mroczne zwiedzanie zakamark\u00f3w biblioteki, kt\u00f3re u\u015bwietni\u0142 wyst\u0119p Marty Pow\u0105zki graj\u0105cej na\u00a0p\u00f3\u017ano\u015bredniowiecznej lutni. Nocy towarzyszy\u0142a wystawa <em>Cz\u0119stochowa na\u00a0poczt\u00f3wkach sto lat temu<\/em>, ekspozycja ksi\u0105\u017cek zwi\u0105zanych z\u00a0histori\u0105 Polski oraz\u00a0wystawa przewodnik\u00f3w po\u00a0Polsce <em>Pi\u0119kna nasza Polska ca\u0142a\u2026 <\/em><\/p>\n<p>IV edycja Og\u00f3lnopolskiej Nocy Bibliotek by\u0142a r\u00f3wnie udana jak poprzednie, dostarczy\u0142a wielu emocji, wzrusze\u0144 i\u00a0dobrej zabawy. W\u00a0imprezie wzi\u0119\u0142o udzia\u0142 \u0142\u0105cznie ok. 100 os\u00f3b.<\/p>\n<p style=\"text-align: right;\"><em>Marta Ma\u0142ek<\/em><\/p>\n<p><a href=\"https:\/\/pbp.womczest.edu.pl\/new\/galeria\/noc-bibliotek-2018\/\">galeria<\/a><\/p>\n<\/div>\n","protected":false},"excerpt":{"rendered":"<p>9 czerwca 2018\u00a0r. w\u00a0Publicznej Bibliotece Pedagogicznej RODN \u201eWOM\u201d w\u00a0Cz\u0119stochowie odby\u0142a si\u0119 po\u00a0raz czwarty Noc Bibliotek. Has\u0142o tegorocznej edycji \u2013 Rzeczpospoczyta odnosi\u0142o si\u0119 do\u00a0100-lecia odzyskania przez\u00a0Polsk\u0119 niepodleg\u0142o\u015bci. Jak co roku na\u00a0uczestnik\u00f3w czeka\u0142o wiele atrakcji maj\u0105cych na\u00a0celu promocj\u0119 czytelnictwa i\u00a0biblioteki jako instytucji, w\u00a0kt\u00f3rej warto bywa\u0107 o\u00a0ka\u017cdej porze dnia. Tegoroczna Noc Bibliotek rozpocz\u0119\u0142a si\u0119 o\u00a0godzinie 16.30 w\u00a0Auli Forum RODN \u201eWOM\u201d emisj\u0105 filmu pt.\u00a0Tarapaty. Po\u00a0obejrzeniu filmu dzieci wraz z\u00a0opiekunami mogli skorzysta\u0107 z\u00a0bogatej oferty zaj\u0119\u0107<span class=\"ellipsis\">&hellip;<\/span><\/p>\n<div class=\"read-more\"><a href=\"https:\/\/pbp.womczest.edu.pl\/new\/noc-bibliotek-2018\/\">Czytaj wi\u0119cej &#8250;<\/a><\/div>\n<p><!-- end of .read-more --><\/p>\n","protected":false},"author":6,"featured_media":0,"parent":0,"menu_order":0,"comment_status":"closed","ping_status":"closed","template":"","meta":{"footnotes":""},"jetpack_sharing_enabled":true,"jetpack_shortlink":"https:\/\/wp.me\/PgmV4H-38x","_links":{"self":[{"href":"https:\/\/pbp.womczest.edu.pl\/new\/wp-json\/wp\/v2\/pages\/12061"}],"collection":[{"href":"https:\/\/pbp.womczest.edu.pl\/new\/wp-json\/wp\/v2\/pages"}],"about":[{"href":"https:\/\/pbp.womczest.edu.pl\/new\/wp-json\/wp\/v2\/types\/page"}],"author":[{"embeddable":true,"href":"https:\/\/pbp.womczest.edu.pl\/new\/wp-json\/wp\/v2\/users\/6"}],"replies":[{"embeddable":true,"href":"https:\/\/pbp.womczest.edu.pl\/new\/wp-json\/wp\/v2\/comments?post=12061"}],"version-history":[{"count":1,"href":"https:\/\/pbp.womczest.edu.pl\/new\/wp-json\/wp\/v2\/pages\/12061\/revisions"}],"predecessor-version":[{"id":12066,"href":"https:\/\/pbp.womczest.edu.pl\/new\/wp-json\/wp\/v2\/pages\/12061\/revisions\/12066"}],"wp:attachment":[{"href":"https:\/\/pbp.womczest.edu.pl\/new\/wp-json\/wp\/v2\/media?parent=12061"}],"curies":[{"name":"wp","href":"https:\/\/api.w.org\/{rel}","templated":true}]}}