


{"id":11897,"date":"2018-05-24T11:36:41","date_gmt":"2018-05-24T09:36:41","guid":{"rendered":"https:\/\/pbp.womczest.edu.pl\/new\/?page_id=11897"},"modified":"2022-05-17T09:01:18","modified_gmt":"2022-05-17T07:01:18","slug":"dyktus-2018-podsumowanie-xvi-edycji-konkursu","status":"publish","type":"page","link":"https:\/\/pbp.womczest.edu.pl\/new\/dyktus-2018-podsumowanie-xvi-edycji-konkursu\/","title":{"rendered":"Dyktu\u015b 2018 \u2013 podsumowanie XVI edycji konkursu"},"content":{"rendered":"<p>10 maja 2018 roku szkolni mistrzowie i wicemistrzowie ortografii wzi\u0119li udzia\u0142 w finale XVI edycji <em>Miejskiego konkursu ortograficznego dla uczni\u00f3w klas trzecich cz\u0119stochowskich szk\u00f3\u0142 podstawowych<\/em>.<\/p>\n<p>Organizatorami konkursu by\u0142a Publiczna Biblioteka Pedagogiczna RODN \u201eWOM\u201d, Szko\u0142a Podstawowa nr 11 i Szko\u0142a Podstawowa nr 14. Dyktando obj\u0105\u0142 swoim patronatem prezydent Miasta Cz\u0119stochowa Krzysztof Matyjaszczyk.<\/p>\n<p>W roku 2018 z tekstem dyktanda zmierzy\u0142o si\u0119 29 uczni\u00f3w z 15 cz\u0119stochowskich szk\u00f3\u0142.<\/p>\n<p>22 maja 2018 r. mia\u0142o miejsce uroczyste podsumowanie tegorocznych zmaga\u0144. Na nasze spotkanie z finalistami przybyli nauczyciele, rodzice i dziadkowie uczni\u00f3w. Byli te\u017c obecni go\u015bcie \u2013 Pani Katarzyna Centkowska-Wydmuch &#8211; inspektor Wydzia\u0142u Edukacji Urz\u0119du Miasta Cz\u0119stochowy oraz Pani Maria \u015awiniarska \u2013 dyrektor Szko\u0142y Podstawowej nr 11 w\u00a0Cz\u0119stochowie.<\/p>\n<p>Po cz\u0119\u015bci oficjalnej przybyli uczniowie oraz go\u015bcie obejrzeli wyst\u0119p uczennic Szko\u0142y Podstawowej nr 11, kt\u00f3re na co dzie\u0144 uczestnicz\u0105 w zaj\u0119ciach tanecznych w <strong>Uczniowskim\u00a0 Klubie Ta\u0144ca Sportowego <em>SPLOT <\/em>w Cz\u0119stochowie. <\/strong>Dziewczynki by\u0142y te\u017c bohaterkami tekstu dyktanda.<\/p>\n<p>Lista laureat\u00f3w\u00a0<em>Miejskiego konkursu ortograficznego dla uczni\u00f3w klas trzecich cz\u0119stochowskich szk\u00f3\u0142 podstawowych Dyktu\u015b 2018:<\/em><\/p>\n<p><strong>Mistrz Ortografii<br \/>\n<\/strong><strong>Oliwia Owczarek \u2013 <\/strong>uczennica Szko\u0142y Podstawowej nr 31 w Cz\u0119stochowie<\/p>\n<p><strong>Wicemistrzowie Ortografii<br \/>\n<\/strong><strong>Miko\u0142aj Bia\u0142ow\u0105s \u2013 <\/strong>ucze\u0144 Szko\u0142y Podstawowej nr 39 W Cz\u0119stochowie<br \/>\n<strong>Dorota Ujma \u2013 <\/strong>uczennica Szko\u0142y Podstawowej nr 31 w Cz\u0119stochowie<\/p>\n<p><strong>Wyr\u00f3\u017cnienia otrzymali:<br \/>\n<\/strong><strong>Dominika Barczy\u0144ska \u2013 <\/strong>uczennica Publicznej Szko\u0142y Podstawowej Si\u00f3str Zmartwychwstanek w Cz\u0119stochowie<br \/>\n<strong>Zuzanna Kubicka \u2013 <\/strong>uczennica Szko\u0142y Podstawowej im. \u015aw. Jana de La Salle w Cz\u0119stochowie<br \/>\n<strong>Filip Gos\u0142awski \u2013 <\/strong>ucze\u0144 Szko\u0142y Podstawowej nr 53 w Cz\u0119stochowie<br \/>\n<strong>Miko\u0142aj Przes\u0142a\u0144ski \u2013 <\/strong>ucze\u0144 Szko\u0142y Podstawowej nr 38 w Cz\u0119stochowie<br \/>\n<strong>Katarzyna Turek \u2013 <\/strong>uczennica Szko\u0142y Podstawowej nr 53 w Cz\u0119stochowie<br \/>\n<strong>Emilia Przes\u0142a\u0144ska \u2013 <\/strong>uczennica Szko\u0142y Podstawowej nr 34 w Cz\u0119stochowie<br \/>\n<strong>Jan Gerasch \u2013 <\/strong>ucze\u0144 Szko\u0142y Podstawowej nr 14 w Cz\u0119stochowie<\/p>\n<p><a href=\"https:\/\/pbp.womczest.edu.pl\/new\/wp-content\/uploads\/2022\/05\/Dyktus-2018.pdf\"><em>Tekst dyktanda<\/em><\/a><\/p>\n<p><a href=\"https:\/\/pbp.womczest.edu.pl\/new\/galeria\/dyktus-2018-2\/\">galeria<\/a><\/p>\n<p style=\"text-align: right;\"><em>Joanna Resakowska<br \/>\nzdj\u0119cia: Izabela Bajor<br \/>\n<\/em><\/p>\n","protected":false},"excerpt":{"rendered":"<p>10 maja 2018 roku szkolni mistrzowie i wicemistrzowie ortografii wzi\u0119li udzia\u0142 w finale XVI edycji Miejskiego konkursu ortograficznego dla uczni\u00f3w klas trzecich cz\u0119stochowskich szk\u00f3\u0142 podstawowych. Organizatorami konkursu by\u0142a Publiczna Biblioteka Pedagogiczna RODN \u201eWOM\u201d, Szko\u0142a Podstawowa nr 11 i Szko\u0142a Podstawowa nr 14. Dyktando obj\u0105\u0142 swoim patronatem prezydent Miasta Cz\u0119stochowa Krzysztof Matyjaszczyk. W roku 2018 z tekstem dyktanda zmierzy\u0142o si\u0119 29 uczni\u00f3w z 15 cz\u0119stochowskich szk\u00f3\u0142. 22 maja 2018 r. mia\u0142o<span class=\"ellipsis\">&hellip;<\/span><\/p>\n<div class=\"read-more\"><a href=\"https:\/\/pbp.womczest.edu.pl\/new\/dyktus-2018-podsumowanie-xvi-edycji-konkursu\/\">Czytaj wi\u0119cej &#8250;<\/a><\/div>\n<p><!-- end of .read-more --><\/p>\n","protected":false},"author":6,"featured_media":0,"parent":0,"menu_order":0,"comment_status":"closed","ping_status":"closed","template":"","meta":{"footnotes":""},"jetpack_sharing_enabled":true,"jetpack_shortlink":"https:\/\/wp.me\/PgmV4H-35T","_links":{"self":[{"href":"https:\/\/pbp.womczest.edu.pl\/new\/wp-json\/wp\/v2\/pages\/11897"}],"collection":[{"href":"https:\/\/pbp.womczest.edu.pl\/new\/wp-json\/wp\/v2\/pages"}],"about":[{"href":"https:\/\/pbp.womczest.edu.pl\/new\/wp-json\/wp\/v2\/types\/page"}],"author":[{"embeddable":true,"href":"https:\/\/pbp.womczest.edu.pl\/new\/wp-json\/wp\/v2\/users\/6"}],"replies":[{"embeddable":true,"href":"https:\/\/pbp.womczest.edu.pl\/new\/wp-json\/wp\/v2\/comments?post=11897"}],"version-history":[{"count":4,"href":"https:\/\/pbp.womczest.edu.pl\/new\/wp-json\/wp\/v2\/pages\/11897\/revisions"}],"predecessor-version":[{"id":20476,"href":"https:\/\/pbp.womczest.edu.pl\/new\/wp-json\/wp\/v2\/pages\/11897\/revisions\/20476"}],"wp:attachment":[{"href":"https:\/\/pbp.womczest.edu.pl\/new\/wp-json\/wp\/v2\/media?parent=11897"}],"curies":[{"name":"wp","href":"https:\/\/api.w.org\/{rel}","templated":true}]}}