


{"id":11704,"date":"2018-04-05T12:59:28","date_gmt":"2018-04-05T10:59:28","guid":{"rendered":"https:\/\/pbp.womczest.edu.pl\/new\/?page_id=11704"},"modified":"2018-04-05T13:45:30","modified_gmt":"2018-04-05T11:45:30","slug":"spotkanie-z-poezja-elzbiety-i-marka-zabinskich","status":"publish","type":"page","link":"https:\/\/pbp.womczest.edu.pl\/new\/spotkanie-z-poezja-elzbiety-i-marka-zabinskich\/","title":{"rendered":"Spotkanie z poezj\u0105 El\u017cbiety i Marka \u017babi\u0144skich"},"content":{"rendered":"<p>11 stycznia 2018 roku w\u00a0Publicznej Bibliotece Pedagogicznej RODN \u201eWOM\u201d w\u00a0Cz\u0119stochowie odby\u0142o si\u0119 spotkanie autorskie pt.\u00a0\u201eSpotkanie z\u00a0poezj\u0105 El\u017cbiety i\u00a0Marka \u017babi\u0144skich\u201d. Pomys\u0142odawc\u0105 przedsi\u0119wzi\u0119cia by\u0142 Pan Marek Czarno\u0142\u0119ski \u2013 nauczyciel bibliotekarz naszej plac\u00f3wki. Autorzy poezji prezentowali swoje biografie oraz\u00a0utwory dla m\u0142odzie\u017cy szkolnej i\u00a0os\u00f3b doros\u0142ych skupionych w\u00a0Cz\u0119stochowskim Oddziale Katolickiego Stowarzyszenia Charytatywnego \u201eBetel\u201d oraz\u00a0dla uczni\u00f3w\u00a0 Zespo\u0142u Niepublicznych Plac\u00f3wek O\u015bwiatowych w\u00a0Cz\u0119stochowie, kt\u00f3ry\u00a0prowadzony jest przez\u00a0Zgromadzenie Si\u00f3str \u015aw. J\u00f3zefa w\u00a0Cz\u0119stochowie.<\/p>\n<p>Zaproszeni autorzy wykonali tak\u017ce kol\u0119d\u0119 pt.\u00a0\u201eP\u0142omie\u0144 mi\u0142o\u015bci\u201d, do\u00a0kt\u00f3rej s\u0142owa napisa\u0142a\u00a0 Pani El\u017cbieta \u017babi\u0144ska. W\u015br\u00f3d s\u0142uchaczy i\u00a0widz\u00f3w znalaz\u0142y si\u0119 tak\u017ce osoby ze\u00a0\u015brodowiska artystycznego Cz\u0119stochowy: znany i\u00a0ceniony artysta malarz Pan Aleksander Markowski, wybitny poeta cz\u0119stochowski Pan Tadeusz Luterek, a\u00a0tak\u017ce zaprzyja\u017aniona z\u00a0Pa\u0144stwem \u017babi\u0144skimi, malarka pejza\u017cystka \u2013 Pani Ma\u0142gorzata Doma\u0144ska.<\/p>\n<p>Pani El\u017cbieta jest matk\u0105 Pana Marka. Oboje tworz\u0105 poezj\u0119. Dla Pani El\u017cbiety, inspiracj\u0105 dla tw\u00f3rczo\u015bci s\u0105 osobiste wspomnienia. W\u00a0jej wierszach przewijaj\u0105 si\u0119 tak\u017ce w\u0105tki mi\u0142o\u015bci i\u00a0przyja\u017ani. Poetka du\u017c\u0105 rol\u0119 przywi\u0105zuje do\u00a0tematyki sakralnej i\u00a0religijnej. Przygotowuje obecnie do\u00a0druku tomik poezji o\u00a0tytule roboczym: \u201eOkruchy-okruszki, chleb-\u017cyciem\u201d. Pan Marek pisze wiersze o\u00a0zr\u00f3\u017cnicowanej tematyce, po\u015bwi\u0119caj\u0105c swe przemy\u015blenia: historii narodu polskiego i\u00a0rocznicom, wierze, sprawom weso\u0142ym i\u00a0\u015bmiesznym, mi\u0142o\u015bci, przyrodzie i\u00a0porom roku, postaciom \u015bwi\u0119tych.<\/p>\n<p>Na\u00a0zako\u0144czenie spotkania tw\u00f3rcom zosta\u0142y wr\u0119czone podzi\u0119kowania od\u00a0Pani Renaty Lipniewskiej \u2013 wicedyrektor ds.\u00a0bibliotek pedagogicznych Regionalnego O\u015brodka Doskonalenia Nauczycieli \u201eWOM\u201d w\u00a0Cz\u0119stochowie.<\/p>\n<p style=\"text-align: right;\"><em>Marek Czarno\u0142\u0119ski<br \/>\n<style id=\"bwg-style-0\">    #bwg_container1_0 #bwg_container2_0 .bwg-container-0.bwg-standard-thumbnails {      width: 904px;              justify-content: center;        margin:0 auto !important;              background-color: rgba(255, 255, 255, 0.00);            padding-left: 4px;      padding-top: 4px;      max-width: 100%;            }        #bwg_container1_0 #bwg_container2_0 .bwg-container-0.bwg-standard-thumbnails .bwg-item {    justify-content: flex-start;      max-width: 180px;            width: 180px !important;          }    #bwg_container1_0 #bwg_container2_0 .bwg-container-0.bwg-standard-thumbnails .bwg-item a {       margin-right: 4px;       margin-bottom: 4px;    }    #bwg_container1_0 #bwg_container2_0 .bwg-container-0.bwg-standard-thumbnails .bwg-item0 {      padding: 0px;            background-color:rgba(255,255,255, 0.30);      border: 0px none #CCCCCC;      opacity: 1.00;      border-radius: 0;      box-shadow: 0px 0px 0px #888888;    }    #bwg_container1_0 #bwg_container2_0 .bwg-container-0.bwg-standard-thumbnails .bwg-item1 img {      max-height: none;      max-width: none;      padding: 0 !important;    }        @media only screen and (min-width: 480px) {      #bwg_container1_0 #bwg_container2_0 .bwg-container-0.bwg-standard-thumbnails .bwg-item0 {        transition: all 0.3s ease 0s;-webkit-transition: all 0.3s ease 0s;      }      #bwg_container1_0 #bwg_container2_0 .bwg-container-0.bwg-standard-thumbnails .bwg-item0:hover {        -ms-transform: scale(1.1);        -webkit-transform: scale(1.1);        transform: scale(1.1);      }    }          #bwg_container1_0 #bwg_container2_0 .bwg-container-0.bwg-standard-thumbnails .bwg-item1 {      padding-top: 50%;    }        #bwg_container1_0 #bwg_container2_0 .bwg-container-0.bwg-standard-thumbnails .bwg-title2,    #bwg_container1_0 #bwg_container2_0 .bwg-container-0.bwg-standard-thumbnails .bwg-ecommerce2 {      color: #CCCCCC;      font-family: segoe ui;      font-size: 16px;      font-weight: bold;      padding: 2px;      text-shadow: 0px 0px 0px #888888;      max-height: 100%;    }    #bwg_container1_0 #bwg_container2_0 .bwg-container-0.bwg-standard-thumbnails .bwg-thumb-description span {    color: #323A45;    font-family: Ubuntu;    font-size: 12px;    max-height: 100%;    word-wrap: break-word;    }    #bwg_container1_0 #bwg_container2_0 .bwg-container-0.bwg-standard-thumbnails .bwg-play-icon2 {      font-size: 32px;    }    #bwg_container1_0 #bwg_container2_0 .bwg-container-0.bwg-standard-thumbnails .bwg-ecommerce2 {      font-size: 19.2px;      color: #CCCCCC;    }    <\/style>    <div id=\"bwg_container1_0\"         class=\"bwg_container bwg_thumbnail bwg_thumbnails \"         data-right-click-protection=\"0\"         data-bwg=\"0\"         data-scroll=\"0\"         data-gallery-type=\"thumbnails\"         data-gallery-view-type=\"thumbnails\"         data-current-url=\"\/new\/wp-json\/wp\/v2\/pages\/11704\"         data-lightbox-url=\"https:\/\/pbp.womczest.edu.pl\/new\/wp-admin\/admin-ajax.php?action=GalleryBox&#038;current_view=0&#038;gallery_id=176&#038;tag=0&#038;theme_id=1&#038;shortcode_id=441&#038;sort_by=order&#038;order_by=desc&#038;current_url=%2Fnew%2Fwp-json%2Fwp%2Fv2%2Fpages%2F11704\"         data-gallery-id=\"176\"         data-popup-width=\"800\"         data-popup-height=\"500\"         data-is-album=\"gallery\"         data-buttons-position=\"bottom\">      <div id=\"bwg_container2_0\">             <div id=\"ajax_loading_0\" class=\"bwg_loading_div_1\">      <div class=\"bwg_loading_div_2\">        <div class=\"bwg_loading_div_3\">          <div id=\"loading_div_0\" class=\"bwg_spider_ajax_loading\">          <\/div>        <\/div>      <\/div>    <\/div>            <form id=\"gal_front_form_0\"              class=\"bwg-hidden\"              method=\"post\"              action=\"#\"              data-current=\"0\"              data-shortcode-id=\"441\"              data-gallery-type=\"thumbnails\"              data-gallery-id=\"176\"              data-tag=\"0\"              data-album-id=\"0\"              data-theme-id=\"1\"              data-ajax-url=\"https:\/\/pbp.womczest.edu.pl\/new\/wp-admin\/admin-ajax.php?action=bwg_frontend_data\">          <div id=\"bwg_container3_0\" class=\"bwg-background bwg-background-0\">                <div data-max-count=\"5\"         data-thumbnail-width=\"180\"         data-bwg=\"0\"         data-gallery-id=\"176\"         data-lightbox-url=\"https:\/\/pbp.womczest.edu.pl\/new\/wp-admin\/admin-ajax.php?action=GalleryBox&amp;current_view=0&amp;gallery_id=176&amp;tag=0&amp;theme_id=1&amp;shortcode_id=441&amp;sort_by=order&amp;order_by=desc&amp;current_url=%2Fnew%2Fwp-json%2Fwp%2Fv2%2Fpages%2F11704\"         id=\"bwg_thumbnails_0\"         class=\"bwg-container-0 bwg-thumbnails bwg-standard-thumbnails bwg-container bwg-border-box\">            <div class=\"bwg-item\">        <a class=\"bwg-a  bwg_lightbox\"  data-image-id=\"3308\" href=\"https:\/\/pbp.womczest.edu.pl\/new\/wp-content\/uploads\/photo-gallery\/2018_spot_autorskie_zabinscy\/IMG_6264.JPG\" data-elementor-open-lightbox=\"no\">                <div class=\"bwg-item0 \">          <div class=\"bwg-item1 \">            <div class=\"bwg-item2\">              <img class=\"skip-lazy bwg_standart_thumb_img_0 \"                   data-id=\"3308\"                   data-width=\"300.00\"                   data-height=\"199.00\"                   data-src=\"https:\/\/pbp.womczest.edu.pl\/new\/wp-content\/uploads\/photo-gallery\/2018_spot_autorskie_zabinscy\/thumb\/IMG_6264.JPG\"                   src=\"https:\/\/pbp.womczest.edu.pl\/new\/wp-content\/uploads\/photo-gallery\/2018_spot_autorskie_zabinscy\/thumb\/IMG_6264.JPG\"                   alt=\"IMG 6264\"                   title=\"IMG 6264\" \/>            <\/div>            <div class=\"\">                                                      <\/div>          <\/div>        <\/div>                        <\/a>              <\/div>            <div class=\"bwg-item\">        <a class=\"bwg-a  bwg_lightbox\"  data-image-id=\"3309\" href=\"https:\/\/pbp.womczest.edu.pl\/new\/wp-content\/uploads\/photo-gallery\/2018_spot_autorskie_zabinscy\/IMG_6257.JPG\" data-elementor-open-lightbox=\"no\">                <div class=\"bwg-item0 \">          <div class=\"bwg-item1 \">            <div class=\"bwg-item2\">              <img class=\"skip-lazy bwg_standart_thumb_img_0 \"                   data-id=\"3309\"                   data-width=\"300.00\"                   data-height=\"199.00\"                   data-src=\"https:\/\/pbp.womczest.edu.pl\/new\/wp-content\/uploads\/photo-gallery\/2018_spot_autorskie_zabinscy\/thumb\/IMG_6257.JPG\"                   src=\"https:\/\/pbp.womczest.edu.pl\/new\/wp-content\/uploads\/photo-gallery\/2018_spot_autorskie_zabinscy\/thumb\/IMG_6257.JPG\"                   alt=\"IMG 6257\"                   title=\"IMG 6257\" \/>            <\/div>            <div class=\"\">                                                      <\/div>          <\/div>        <\/div>                        <\/a>              <\/div>            <div class=\"bwg-item\">        <a class=\"bwg-a  bwg_lightbox\"  data-image-id=\"3310\" href=\"https:\/\/pbp.womczest.edu.pl\/new\/wp-content\/uploads\/photo-gallery\/2018_spot_autorskie_zabinscy\/IMG_6263.JPG\" data-elementor-open-lightbox=\"no\">                <div class=\"bwg-item0 \">          <div class=\"bwg-item1 \">            <div class=\"bwg-item2\">              <img class=\"skip-lazy bwg_standart_thumb_img_0 \"                   data-id=\"3310\"                   data-width=\"300.00\"                   data-height=\"199.00\"                   data-src=\"https:\/\/pbp.womczest.edu.pl\/new\/wp-content\/uploads\/photo-gallery\/2018_spot_autorskie_zabinscy\/thumb\/IMG_6263.JPG\"                   src=\"https:\/\/pbp.womczest.edu.pl\/new\/wp-content\/uploads\/photo-gallery\/2018_spot_autorskie_zabinscy\/thumb\/IMG_6263.JPG\"                   alt=\"IMG 6263\"                   title=\"IMG 6263\" \/>            <\/div>            <div class=\"\">                                                      <\/div>          <\/div>        <\/div>                        <\/a>              <\/div>            <div class=\"bwg-item\">        <a class=\"bwg-a  bwg_lightbox\"  data-image-id=\"3311\" href=\"https:\/\/pbp.womczest.edu.pl\/new\/wp-content\/uploads\/photo-gallery\/2018_spot_autorskie_zabinscy\/IMG_6254.JPG\" data-elementor-open-lightbox=\"no\">                <div class=\"bwg-item0 \">          <div class=\"bwg-item1 \">            <div class=\"bwg-item2\">              <img class=\"skip-lazy bwg_standart_thumb_img_0 \"                   data-id=\"3311\"                   data-width=\"300.00\"                   data-height=\"199.00\"                   data-src=\"https:\/\/pbp.womczest.edu.pl\/new\/wp-content\/uploads\/photo-gallery\/2018_spot_autorskie_zabinscy\/thumb\/IMG_6254.JPG\"                   src=\"https:\/\/pbp.womczest.edu.pl\/new\/wp-content\/uploads\/photo-gallery\/2018_spot_autorskie_zabinscy\/thumb\/IMG_6254.JPG\"                   alt=\"IMG 6254\"                   title=\"IMG 6254\" \/>            <\/div>            <div class=\"\">                                                      <\/div>          <\/div>        <\/div>                        <\/a>              <\/div>            <div class=\"bwg-item\">        <a class=\"bwg-a  bwg_lightbox\"  data-image-id=\"3312\" href=\"https:\/\/pbp.womczest.edu.pl\/new\/wp-content\/uploads\/photo-gallery\/2018_spot_autorskie_zabinscy\/IMG_6250.JPG\" data-elementor-open-lightbox=\"no\">                <div class=\"bwg-item0 \">          <div class=\"bwg-item1 \">            <div class=\"bwg-item2\">              <img class=\"skip-lazy bwg_standart_thumb_img_0 \"                   data-id=\"3312\"                   data-width=\"300.00\"                   data-height=\"199.00\"                   data-src=\"https:\/\/pbp.womczest.edu.pl\/new\/wp-content\/uploads\/photo-gallery\/2018_spot_autorskie_zabinscy\/thumb\/IMG_6250.JPG\"                   src=\"https:\/\/pbp.womczest.edu.pl\/new\/wp-content\/uploads\/photo-gallery\/2018_spot_autorskie_zabinscy\/thumb\/IMG_6250.JPG\"                   alt=\"IMG 6250\"                   title=\"IMG 6250\" \/>            <\/div>            <div class=\"\">                                                      <\/div>          <\/div>        <\/div>                        <\/a>              <\/div>            <div class=\"bwg-item\">        <a class=\"bwg-a  bwg_lightbox\"  data-image-id=\"3313\" href=\"https:\/\/pbp.womczest.edu.pl\/new\/wp-content\/uploads\/photo-gallery\/2018_spot_autorskie_zabinscy\/IMG_6244.JPG\" data-elementor-open-lightbox=\"no\">                <div class=\"bwg-item0 \">          <div class=\"bwg-item1 \">            <div class=\"bwg-item2\">              <img class=\"skip-lazy bwg_standart_thumb_img_0 \"                   data-id=\"3313\"                   data-width=\"300.00\"                   data-height=\"199.00\"                   data-src=\"https:\/\/pbp.womczest.edu.pl\/new\/wp-content\/uploads\/photo-gallery\/2018_spot_autorskie_zabinscy\/thumb\/IMG_6244.JPG\"                   src=\"https:\/\/pbp.womczest.edu.pl\/new\/wp-content\/uploads\/photo-gallery\/2018_spot_autorskie_zabinscy\/thumb\/IMG_6244.JPG\"                   alt=\"IMG 6244\"                   title=\"IMG 6244\" \/>            <\/div>            <div class=\"\">                                                      <\/div>          <\/div>        <\/div>                        <\/a>              <\/div>            <div class=\"bwg-item\">        <a class=\"bwg-a  bwg_lightbox\"  data-image-id=\"3314\" href=\"https:\/\/pbp.womczest.edu.pl\/new\/wp-content\/uploads\/photo-gallery\/2018_spot_autorskie_zabinscy\/IMG_6243.JPG\" data-elementor-open-lightbox=\"no\">                <div class=\"bwg-item0 \">          <div class=\"bwg-item1 \">            <div class=\"bwg-item2\">              <img class=\"skip-lazy bwg_standart_thumb_img_0 \"                   data-id=\"3314\"                   data-width=\"300.00\"                   data-height=\"199.00\"                   data-src=\"https:\/\/pbp.womczest.edu.pl\/new\/wp-content\/uploads\/photo-gallery\/2018_spot_autorskie_zabinscy\/thumb\/IMG_6243.JPG\"                   src=\"https:\/\/pbp.womczest.edu.pl\/new\/wp-content\/uploads\/photo-gallery\/2018_spot_autorskie_zabinscy\/thumb\/IMG_6243.JPG\"                   alt=\"IMG 6243\"                   title=\"IMG 6243\" \/>            <\/div>            <div class=\"\">                                                      <\/div>          <\/div>        <\/div>                        <\/a>              <\/div>            <div class=\"bwg-item\">        <a class=\"bwg-a  bwg_lightbox\"  data-image-id=\"3315\" href=\"https:\/\/pbp.womczest.edu.pl\/new\/wp-content\/uploads\/photo-gallery\/2018_spot_autorskie_zabinscy\/IMG_6247.JPG\" data-elementor-open-lightbox=\"no\">                <div class=\"bwg-item0 \">          <div class=\"bwg-item1 \">            <div class=\"bwg-item2\">              <img class=\"skip-lazy bwg_standart_thumb_img_0 \"                   data-id=\"3315\"                   data-width=\"300.00\"                   data-height=\"199.00\"                   data-src=\"https:\/\/pbp.womczest.edu.pl\/new\/wp-content\/uploads\/photo-gallery\/2018_spot_autorskie_zabinscy\/thumb\/IMG_6247.JPG\"                   src=\"https:\/\/pbp.womczest.edu.pl\/new\/wp-content\/uploads\/photo-gallery\/2018_spot_autorskie_zabinscy\/thumb\/IMG_6247.JPG\"                   alt=\"IMG 6247\"                   title=\"IMG 6247\" \/>            <\/div>            <div class=\"\">                                                      <\/div>          <\/div>        <\/div>                        <\/a>              <\/div>            <div class=\"bwg-item\">        <a class=\"bwg-a  bwg_lightbox\"  data-image-id=\"3316\" href=\"https:\/\/pbp.womczest.edu.pl\/new\/wp-content\/uploads\/photo-gallery\/2018_spot_autorskie_zabinscy\/IMG_6246.JPG\" data-elementor-open-lightbox=\"no\">                <div class=\"bwg-item0 \">          <div class=\"bwg-item1 \">            <div class=\"bwg-item2\">              <img class=\"skip-lazy bwg_standart_thumb_img_0 \"                   data-id=\"3316\"                   data-width=\"300.00\"                   data-height=\"199.00\"                   data-src=\"https:\/\/pbp.womczest.edu.pl\/new\/wp-content\/uploads\/photo-gallery\/2018_spot_autorskie_zabinscy\/thumb\/IMG_6246.JPG\"                   src=\"https:\/\/pbp.womczest.edu.pl\/new\/wp-content\/uploads\/photo-gallery\/2018_spot_autorskie_zabinscy\/thumb\/IMG_6246.JPG\"                   alt=\"IMG 6246\"                   title=\"IMG 6246\" \/>            <\/div>            <div class=\"\">                                                      <\/div>          <\/div>        <\/div>                        <\/a>              <\/div>            <div class=\"bwg-item\">        <a class=\"bwg-a  bwg_lightbox\"  data-image-id=\"3317\" href=\"https:\/\/pbp.womczest.edu.pl\/new\/wp-content\/uploads\/photo-gallery\/2018_spot_autorskie_zabinscy\/IMG_6241.JPG\" data-elementor-open-lightbox=\"no\">                <div class=\"bwg-item0 \">          <div class=\"bwg-item1 \">            <div class=\"bwg-item2\">              <img class=\"skip-lazy bwg_standart_thumb_img_0 \"                   data-id=\"3317\"                   data-width=\"300.00\"                   data-height=\"199.00\"                   data-src=\"https:\/\/pbp.womczest.edu.pl\/new\/wp-content\/uploads\/photo-gallery\/2018_spot_autorskie_zabinscy\/thumb\/IMG_6241.JPG\"                   src=\"https:\/\/pbp.womczest.edu.pl\/new\/wp-content\/uploads\/photo-gallery\/2018_spot_autorskie_zabinscy\/thumb\/IMG_6241.JPG\"                   alt=\"IMG 6241\"                   title=\"IMG 6241\" \/>            <\/div>            <div class=\"\">                                                      <\/div>          <\/div>        <\/div>                        <\/a>              <\/div>          <\/div>    <style>      \/*pagination styles*\/      #bwg_container1_0 #bwg_container2_0 .tablenav-pages_0 {\t\t\t\ttext-align: center;\t\t\t\tfont-size: 12px;\t\t\t\tfont-family: segoe ui;\t\t\t\tfont-weight: bold;\t\t\t\tcolor: #666666;\t\t\t\tmargin: 6px 0 4px;\t\t\t\tdisplay: block;      }      @media only screen and (max-width : 320px) {      #bwg_container1_0 #bwg_container2_0 .displaying-num_0 {     \t display: none;      }      }      #bwg_container1_0 #bwg_container2_0 .displaying-num_0 {\t\t\t\tfont-size: 12px;\t\t\t\tfont-family: segoe ui;\t\t\t\tfont-weight: bold;\t\t\t\tcolor: #666666;\t\t\t\tmargin-right: 10px;\t\t\t\tvertical-align: middle;      }      #bwg_container1_0 #bwg_container2_0 .paging-input_0 {\t\t\t\tfont-size: 12px;\t\t\t\tfont-family: segoe ui;\t\t\t\tfont-weight: bold;\t\t\t\tcolor: #666666;\t\t\t\tvertical-align: middle;      }      #bwg_container1_0 #bwg_container2_0 .tablenav-pages_0 a.disabled,      #bwg_container1_0 #bwg_container2_0 .tablenav-pages_0 a.disabled:hover,      #bwg_container1_0 #bwg_container2_0 .tablenav-pages_0 a.disabled:focus,\t\t\t#bwg_container1_0 #bwg_container2_0 .tablenav-pages_0 input.bwg_current_page {\t\t\t\tcursor: default;\t\t\t\tcolor: rgba(102, 102, 102, 0.5);      }      #bwg_container1_0 #bwg_container2_0 .tablenav-pages_0 a,      #bwg_container1_0 #bwg_container2_0 .tablenav-pages_0 input.bwg_current_page {\t\t\t\tcursor: pointer;\t\t\t\ttext-align: center;\t\t\t\tfont-size: 12px;\t\t\t\tfont-family: segoe ui;\t\t\t\tfont-weight: bold;\t\t\t\tcolor: #666666;\t\t\t\ttext-decoration: none;\t\t\t\tpadding: 3px 6px;\t\t\t\tmargin: 0;\t\t\t\tborder-radius: 0;\t\t\t\tborder-style: solid;\t\t\t\tborder-width: 1px;\t\t\t\tborder-color: #E3E3E3;\t\t\t\t\t\t\t\tbackground-color: rgba(255, 255, 255, 1.00);\t\t\t\tbox-shadow: 0;\t\t\t\ttransition: all 0.3s ease 0s;-webkit-transition: all 0.3s ease 0s;      }      <\/style>      <span class=\"bwg_nav_cont_0\">              <div class=\"tablenav-pages_0\">                  <\/div>                <input type=\"hidden\" id=\"page_number_0\" name=\"page_number_0\" value=\"1\" \/>      <script type=\"text\/javascript\">        if( jQuery('.bwg_nav_cont_0').length > 1 ) {          jQuery('.bwg_nav_cont_0').first().remove()        }        function spider_page_0(cur, x, y, load_more) {          if (typeof load_more == \"undefined\") {            var load_more = false;          }          if (jQuery(cur).hasClass('disabled')) {            return false;          }          var items_county_0 = 1;          switch (y) {            case 1:              if (x >= items_county_0) {                document.getElementById('page_number_0').value = items_county_0;              }              else {                document.getElementById('page_number_0').value = x + 1;              }              break;            case 2:              document.getElementById('page_number_0').value = items_county_0;              break;            case -1:              if (x == 1) {                document.getElementById('page_number_0').value = 1;              }              else {                document.getElementById('page_number_0').value = x - 1;              }              break;            case -2:              document.getElementById('page_number_0').value = 1;              break;\t\t\t\t\t\tcase 0:              document.getElementById('page_number_0').value = x;              break;            default:              document.getElementById('page_number_0').value = 1;          }          bwg_ajax('gal_front_form_0', '0', 'bwg_thumbnails_0', '0', '', 'gallery', 0, '', '', load_more, '', 1);        }                    jQuery('.first-page-0').on('click', function () {              spider_page_0(this, 1, -2, 'numeric');              return false;            });            jQuery('.prev-page-0').on('click', function () {              spider_page_0(this, 1, -1, 'numeric');              return false;            });            jQuery('.next-page-0').on('click', function () {              spider_page_0(this, 1, 1, 'numeric');              return false;            });            jQuery('.last-page-0').on('click', function () {              spider_page_0(this, 1, 2, 'numeric');              return false;            });        \t\t\t\t\/* Change page on input enter. *\/        function bwg_change_page_0( e, that ) {          if (  e.key == 'Enter' ) {            var to_page = parseInt(jQuery(that).val());            var pages_count = jQuery(that).parents(\".pagination-links\").data(\"pages-count\");            var current_url_param = jQuery(that).attr('data-url-info');            if (to_page > pages_count) {              to_page = 1;            }\t \t\t\t\t\t\t\t\t\t\t\t\tspider_page_0(this, to_page, 0, 'numeric');\t\t\t\t\t\t\treturn false;\t\t\t\t\t\t          }          return true;        }        jQuery('.bwg_load_btn_0').on('click', function () {            spider_page_0(this, 1, 1, true);            return false;        });      <\/script>      <\/span>                <\/div>        <\/form>        <style>          #bwg_container1_0 #bwg_container2_0 #spider_popup_overlay_0 {          background-color: #000000;          opacity: 0.70;          }          <\/style>        <div id=\"bwg_spider_popup_loading_0\" class=\"bwg_spider_popup_loading\"><\/div>        <div id=\"spider_popup_overlay_0\" class=\"spider_popup_overlay\" onclick=\"spider_destroypopup(1000)\"><\/div>        <input type=\"hidden\" id=\"bwg_random_seed_0\" value=\"975430979\">                <\/div>    <\/div>    <script>      if (document.readyState === 'complete') {        if( typeof bwg_main_ready == 'function' ) {          if ( jQuery(\"#bwg_container1_0\").height() ) {            bwg_main_ready(jQuery(\"#bwg_container1_0\"));          }        }      } else {        document.addEventListener('DOMContentLoaded', function() {          if( typeof bwg_main_ready == 'function' ) {            if ( jQuery(\"#bwg_container1_0\").height() ) {             bwg_main_ready(jQuery(\"#bwg_container1_0\"));            }          }        });      }    <\/script>    \n<p><\/em><\/p>\n","protected":false},"excerpt":{"rendered":"<p>11 stycznia 2018 roku w\u00a0Publicznej Bibliotece Pedagogicznej RODN \u201eWOM\u201d w\u00a0Cz\u0119stochowie odby\u0142o si\u0119 spotkanie autorskie pt.\u00a0\u201eSpotkanie z\u00a0poezj\u0105 El\u017cbiety i\u00a0Marka \u017babi\u0144skich\u201d. Pomys\u0142odawc\u0105 przedsi\u0119wzi\u0119cia by\u0142 Pan Marek Czarno\u0142\u0119ski \u2013 nauczyciel bibliotekarz naszej plac\u00f3wki. Autorzy poezji prezentowali swoje biografie oraz\u00a0utwory dla m\u0142odzie\u017cy szkolnej i\u00a0os\u00f3b doros\u0142ych skupionych w\u00a0Cz\u0119stochowskim Oddziale Katolickiego Stowarzyszenia Charytatywnego \u201eBetel\u201d oraz\u00a0dla uczni\u00f3w\u00a0 Zespo\u0142u Niepublicznych Plac\u00f3wek O\u015bwiatowych w\u00a0Cz\u0119stochowie, kt\u00f3ry\u00a0prowadzony jest przez\u00a0Zgromadzenie Si\u00f3str \u015aw. J\u00f3zefa w\u00a0Cz\u0119stochowie. Zaproszeni autorzy wykonali tak\u017ce kol\u0119d\u0119 pt.\u00a0\u201eP\u0142omie\u0144 mi\u0142o\u015bci\u201d, do\u00a0kt\u00f3rej<span class=\"ellipsis\">&hellip;<\/span><\/p>\n<div class=\"read-more\"><a href=\"https:\/\/pbp.womczest.edu.pl\/new\/spotkanie-z-poezja-elzbiety-i-marka-zabinskich\/\">Czytaj wi\u0119cej &#8250;<\/a><\/div>\n<p><!-- end of .read-more --><\/p>\n","protected":false},"author":6,"featured_media":0,"parent":0,"menu_order":0,"comment_status":"closed","ping_status":"closed","template":"","meta":{"footnotes":""},"jetpack_sharing_enabled":true,"jetpack_shortlink":"https:\/\/wp.me\/PgmV4H-32M","_links":{"self":[{"href":"https:\/\/pbp.womczest.edu.pl\/new\/wp-json\/wp\/v2\/pages\/11704"}],"collection":[{"href":"https:\/\/pbp.womczest.edu.pl\/new\/wp-json\/wp\/v2\/pages"}],"about":[{"href":"https:\/\/pbp.womczest.edu.pl\/new\/wp-json\/wp\/v2\/types\/page"}],"author":[{"embeddable":true,"href":"https:\/\/pbp.womczest.edu.pl\/new\/wp-json\/wp\/v2\/users\/6"}],"replies":[{"embeddable":true,"href":"https:\/\/pbp.womczest.edu.pl\/new\/wp-json\/wp\/v2\/comments?post=11704"}],"version-history":[{"count":2,"href":"https:\/\/pbp.womczest.edu.pl\/new\/wp-json\/wp\/v2\/pages\/11704\/revisions"}],"predecessor-version":[{"id":11709,"href":"https:\/\/pbp.womczest.edu.pl\/new\/wp-json\/wp\/v2\/pages\/11704\/revisions\/11709"}],"wp:attachment":[{"href":"https:\/\/pbp.womczest.edu.pl\/new\/wp-json\/wp\/v2\/media?parent=11704"}],"curies":[{"name":"wp","href":"https:\/\/api.w.org\/{rel}","templated":true}]}}