


{"id":11434,"date":"2018-02-13T12:40:27","date_gmt":"2018-02-13T11:40:27","guid":{"rendered":"https:\/\/pbp.womczest.edu.pl\/new\/?page_id=11434"},"modified":"2018-02-13T13:21:33","modified_gmt":"2018-02-13T12:21:33","slug":"narodowe-czytanie-2017-2","status":"publish","type":"page","link":"https:\/\/pbp.womczest.edu.pl\/new\/kontakt\/lubliniec\/inne-wydarzenia\/narodowe-czytanie-2017-2\/","title":{"rendered":"Narodowe Czytanie  2017"},"content":{"rendered":"<p><img decoding=\"async\" loading=\"lazy\" class=\"wp-image-10402 alignleft\" src=\"https:\/\/pbp.womczest.edu.pl\/new\/wp-content\/uploads\/2015\/05\/20170908_101230-300x226.jpg\" alt=\"\" width=\"220\" height=\"166\" srcset=\"https:\/\/pbp.womczest.edu.pl\/new\/wp-content\/uploads\/2015\/05\/20170908_101230-300x226.jpg 300w, https:\/\/pbp.womczest.edu.pl\/new\/wp-content\/uploads\/2015\/05\/20170908_101230-100x75.jpg 100w, https:\/\/pbp.womczest.edu.pl\/new\/wp-content\/uploads\/2015\/05\/20170908_101230-150x113.jpg 150w, https:\/\/pbp.womczest.edu.pl\/new\/wp-content\/uploads\/2015\/05\/20170908_101230-200x151.jpg 200w, https:\/\/pbp.womczest.edu.pl\/new\/wp-content\/uploads\/2015\/05\/20170908_101230-450x339.jpg 450w, https:\/\/pbp.womczest.edu.pl\/new\/wp-content\/uploads\/2015\/05\/20170908_101230-600x452.jpg 600w, https:\/\/pbp.womczest.edu.pl\/new\/wp-content\/uploads\/2015\/05\/20170908_101230.jpg 637w\" sizes=\"(max-width: 220px) 100vw, 220px\" \/>8 wrze\u015bnia 2017\u00a0r. Publiczna Szko\u0142a Podstawowa w\u00a0Pawonkowie im.\u00a0Tadeusza Ko\u015bciuszki, Gminna Biblioteka Publiczna w\u00a0Pawonkowie i\u00a0Publiczna Biblioteka Pedagogiczna RODN \u201eWOM\u201d w\u00a0Cz\u0119stochowie Filia w\u00a0Lubli\u0144cu, zorganizowa\u0142y wsp\u00f3lne czytanie <strong><em>Wesela<\/em> <\/strong>Stanis\u0142awa Wyspia\u0144skiego. Impreza zosta\u0142a przeprowadzona w\u00a0ramach og\u00f3lnopolskiej akcji <strong>Narodowe Czytanie<\/strong> obj\u0119tej Patronatem Honorowym Pary Prezydenckiej. Tegoroczna lektura zosta\u0142a wybrana podczas g\u0142osowania internetowego. Spotkanie odby\u0142o si\u0119 w Publicznej Szkole Podstawowej w\u00a0Pawonkowie. Fragmenty powie\u015bci czytali nauczyciele bibliotekarze, kt\u00f3rym towarzyszy\u0142y d\u017awi\u0119ki wiolonczeli. Zaprezentowano r\u00f3wnie\u017c wystaw\u0119 przygotowan\u0105 przez pracownik\u00f3w naszej plac\u00f3wki.<\/p>\n<p><em>Anna Bidzi\u0144ska-Kristof<\/em><br \/>\n<em>Ma\u0142gorzata Goinda<\/em><br \/>\n<em>Olimpia Zieli\u0144ska<\/em><\/p>\n","protected":false},"excerpt":{"rendered":"<p>8 wrze\u015bnia 2017\u00a0r. Publiczna Szko\u0142a Podstawowa w\u00a0Pawonkowie im.\u00a0Tadeusza Ko\u015bciuszki, Gminna Biblioteka Publiczna w\u00a0Pawonkowie i\u00a0Publiczna Biblioteka Pedagogiczna RODN \u201eWOM\u201d w\u00a0Cz\u0119stochowie Filia w\u00a0Lubli\u0144cu, zorganizowa\u0142y wsp\u00f3lne czytanie Wesela Stanis\u0142awa Wyspia\u0144skiego. Impreza zosta\u0142a przeprowadzona w\u00a0ramach og\u00f3lnopolskiej akcji Narodowe Czytanie obj\u0119tej Patronatem Honorowym Pary Prezydenckiej. Tegoroczna lektura zosta\u0142a wybrana podczas g\u0142osowania internetowego. Spotkanie odby\u0142o si\u0119 w Publicznej Szkole Podstawowej w\u00a0Pawonkowie. Fragmenty powie\u015bci czytali nauczyciele bibliotekarze, kt\u00f3rym towarzyszy\u0142y d\u017awi\u0119ki wiolonczeli. Zaprezentowano r\u00f3wnie\u017c wystaw\u0119 przygotowan\u0105 przez pracownik\u00f3w<span class=\"ellipsis\">&hellip;<\/span><\/p>\n<div class=\"read-more\"><a href=\"https:\/\/pbp.womczest.edu.pl\/new\/kontakt\/lubliniec\/inne-wydarzenia\/narodowe-czytanie-2017-2\/\">Czytaj wi\u0119cej &#8250;<\/a><\/div>\n<p><!-- end of .read-more --><\/p>\n","protected":false},"author":4,"featured_media":0,"parent":7619,"menu_order":0,"comment_status":"closed","ping_status":"closed","template":"","meta":{"footnotes":""},"jetpack_sharing_enabled":true,"jetpack_shortlink":"https:\/\/wp.me\/PgmV4H-2Yq","_links":{"self":[{"href":"https:\/\/pbp.womczest.edu.pl\/new\/wp-json\/wp\/v2\/pages\/11434"}],"collection":[{"href":"https:\/\/pbp.womczest.edu.pl\/new\/wp-json\/wp\/v2\/pages"}],"about":[{"href":"https:\/\/pbp.womczest.edu.pl\/new\/wp-json\/wp\/v2\/types\/page"}],"author":[{"embeddable":true,"href":"https:\/\/pbp.womczest.edu.pl\/new\/wp-json\/wp\/v2\/users\/4"}],"replies":[{"embeddable":true,"href":"https:\/\/pbp.womczest.edu.pl\/new\/wp-json\/wp\/v2\/comments?post=11434"}],"version-history":[{"count":1,"href":"https:\/\/pbp.womczest.edu.pl\/new\/wp-json\/wp\/v2\/pages\/11434\/revisions"}],"predecessor-version":[{"id":11435,"href":"https:\/\/pbp.womczest.edu.pl\/new\/wp-json\/wp\/v2\/pages\/11434\/revisions\/11435"}],"up":[{"embeddable":true,"href":"https:\/\/pbp.womczest.edu.pl\/new\/wp-json\/wp\/v2\/pages\/7619"}],"wp:attachment":[{"href":"https:\/\/pbp.womczest.edu.pl\/new\/wp-json\/wp\/v2\/media?parent=11434"}],"curies":[{"name":"wp","href":"https:\/\/api.w.org\/{rel}","templated":true}]}}