


{"id":11425,"date":"2018-02-13T12:30:29","date_gmt":"2018-02-13T11:30:29","guid":{"rendered":"https:\/\/pbp.womczest.edu.pl\/new\/?page_id=11425"},"modified":"2023-03-07T13:35:36","modified_gmt":"2023-03-07T12:35:36","slug":"basnie-legendy-i-podania-gornego-slaska-2017-wyniki-konkursu","status":"publish","type":"page","link":"https:\/\/pbp.womczest.edu.pl\/new\/kontakt\/lubliniec\/konkursy-filia-lubliniec\/basnie-legendy-i-podania-gornego-slaska-2017-wyniki-konkursu\/","title":{"rendered":"Konkurs: \u201eBa\u015bnie, legendy i podania G\u00f3rnego \u015al\u0105ska\u201d \u2013 edycja IX"},"content":{"rendered":"<p><strong><em>\u00a0<\/em><\/strong>Dnia 17 listopada 2017 roku w Szkole Podstawowej nr 1 w Lubli\u0144cu odby\u0142 si\u0119 fina\u0142 IX edycji\u00a0konkursu plastycznego <em>Ba\u015bnie, legendy i podania G\u00f3rnego \u015al\u0105ska<\/em>, zorganizowanego przez Publiczn\u0105 Bibliotek\u0119 Pedagogiczn\u0105 RODN \u201eWOM\u201d w Cz\u0119stochowie Filia w\u00a0Lubli\u0144cu oraz Szko\u0142\u0119 Podstawow\u0105 nr 1 w Lubli\u0144cu.<\/p>\n<p>Celem konkursu by\u0142o zach\u0119cenie pi\u0105toklasist\u00f3w do czytania poda\u0144 i legend zwi\u0105zanych z\u00a0dziedzictwem kulturowym w\u0142asnego regionu.<\/p>\n<p>W\u00a0konkursie wzi\u0119li udzia\u0142 uczniowie reprezentuj\u0105cy 9 szk\u00f3\u0142 powiatu lublinieckiego:<\/p>\n<ul>\n<li>Publiczn\u0105 Szko\u0142\u0119 Podstawow\u0105 im. Karola Miarki w Kochanowicach,<\/li>\n<li>Specjalny O\u015brodek Szkolno-Wychowawczy Konrada Ma\u0144ki,<\/li>\n<li>Szko\u0142\u0119 Podstawow\u0105 Jana Paw\u0142a II w\u00a0Kosz\u0119cinie,<\/li>\n<li>Szko\u0142\u0119 Podstawow\u0105 im. Juliusza Ligonia w\u00a0Strzebiniu,<\/li>\n<li>Szko\u0142\u0119 Podstawow\u0105 im. Wandy Kawy i\u00a0Bronis\u0142awy Kawy w Ko\u015bmidrach,<\/li>\n<li>Szko\u0142\u0119 Podstawow\u0105 nr 1 im. Marii Konopnickiej w Lubli\u0144cu,<\/li>\n<li>Szko\u0142\u0119 Podstawow\u0105 nr 3 im.\u00a0Bohater\u00f3w Westerplatte w Lubli\u0144cu,<\/li>\n<li>Zesp\u00f3\u0142 Plac\u00f3wek O\u015bwiatowych im. Unii Europejskiej w Boronowie,<\/li>\n<li>Zesp\u00f3\u0142 Szkolno-Przedszkolny. Szko\u0142\u0119 Podstawow\u0105 im. Powsta\u0144c\u00f3w \u015al\u0105skich w\u00a0Ciasnej.<\/li>\n<\/ul>\n<p>\u0141\u0105cznie zebrano 46 prac plastycznych i przestrzennych.<\/p>\n<p>Z uwagi na\u00a0bardzo wyr\u00f3wnany poziom prac jury przyzna\u0142o nast\u0119puj\u0105ce miejsca:<\/p>\n<p><strong>W\u00a0KATEGORII PRACE PLASTYCZNE<\/strong><\/p>\n<p><strong>I miejsce<\/strong><\/p>\n<p>Wiktoria Janus SP w Strzebiniu \u2013<em> G\u00f3ra Grojec<\/em><\/p>\n<p><strong>II miejsca<\/strong><\/p>\n<p>Hanna Weisser SP nr 1 w Lubli\u0144cu \u2013 <em>Utopce<\/em><\/p>\n<p>Lena Karma\u0144ska SP w\u00a0Kosz\u0119cinie \u2013 <em>Upiorny pies z\u00a0Psar<\/em><\/p>\n<p><strong>III miejsce<\/strong><\/p>\n<p>Alicja Jordan SP w Ko\u015bmidrach \u2013 <em>Legenda o Tivoli i Kajowskim<\/em><\/p>\n<p><strong>Wyr\u00f3\u017cnienia<\/strong><\/p>\n<p>Nikola Gorzelak ZPO w Boronowie \u2013 <em>Skarbnik \u2013 duch kopalni<\/em><\/p>\n<p>Rafa\u0142 Korzewka PSP w\u00a0Kochanowicach \u2013 <em>Czarny kot<\/em><\/p>\n<p>Wiktoria Palenga SP nr 1 im. w\u00a0Lubli\u0144cu \u2013 <em>Syrenka<\/em><\/p>\n<p>Patryk Godlewski SOS-W w\u00a0Lubli\u0144cu \u2013 <em>Diobo\u0142 si\u0119 \u0142o\u017ceni\u0142<\/em><\/p>\n<p>Julia Rost ZS-P w Ciasnej \u2013 <em>Czarci tron<\/em><\/p>\n<p><strong>W\u00a0KATEGORII PRACE PRZESTRZENNE<\/strong><\/p>\n<p><strong>Wyr\u00f3\u017cnienia<\/strong><\/p>\n<p>Karol Kardas PSP w\u00a0Kochanowicach \u2013 <em>Krzy\u017c przydro\u017cny i kapliczka Matki Bo\u017cej we wsi<\/em> <em>\u0141ebki<\/em><\/p>\n<p>Krystian Wodarz PSP w\u00a0Kochanowicach \u2013 <em>Tajemnica dzwon\u00f3w ko\u015bcielnych z<\/em> <em>Lisowa<\/em><\/p>\n<p>Dyplomy i\u00a0nagrody ksi\u0105\u017ckowe wr\u0119czy\u0142a pani Jadwiga Burzyk \u2013 dyrektor Szko\u0142y Podstawowej nr\u00a01 w\u00a0Lubli\u0144cu. Mi\u0142ym akcentem uroczysto\u015bci by\u0142a cz\u0119\u015b\u0107 artystyczna <em>Przychodnia ba\u015bniowc\u00f3w <\/em>przygotowana przez\u00a0uczni\u00f3w i\u00a0nauczycielk\u0119 \u2013 Alin\u0119 Ligendz\u0119 \u00a0ze\u00a0Szko\u0142y Podstawowej nr\u00a01 w\u00a0Lubli\u0144cu.<\/p>\n<style id=\"bwg-style-0\">    #bwg_container1_0 #bwg_container2_0 .bwg-container-0.bwg-standard-thumbnails {      width: 904px;              justify-content: center;        margin:0 auto !important;              background-color: rgba(255, 255, 255, 0.00);            padding-left: 4px;      padding-top: 4px;      max-width: 100%;            }        #bwg_container1_0 #bwg_container2_0 .bwg-container-0.bwg-standard-thumbnails .bwg-item {    justify-content: flex-start;      max-width: 180px;            width: 180px !important;          }    #bwg_container1_0 #bwg_container2_0 .bwg-container-0.bwg-standard-thumbnails .bwg-item a {       margin-right: 4px;       margin-bottom: 4px;    }    #bwg_container1_0 #bwg_container2_0 .bwg-container-0.bwg-standard-thumbnails .bwg-item0 {      padding: 0px;            background-color:rgba(255,255,255, 0.30);      border: 0px none #CCCCCC;      opacity: 1.00;      border-radius: 0;      box-shadow: 0px 0px 0px #888888;    }    #bwg_container1_0 #bwg_container2_0 .bwg-container-0.bwg-standard-thumbnails .bwg-item1 img {      max-height: none;      max-width: none;      padding: 0 !important;    }        @media only screen and (min-width: 480px) {      #bwg_container1_0 #bwg_container2_0 .bwg-container-0.bwg-standard-thumbnails .bwg-item0 {        transition: all 0.3s ease 0s;-webkit-transition: all 0.3s ease 0s;      }      #bwg_container1_0 #bwg_container2_0 .bwg-container-0.bwg-standard-thumbnails .bwg-item0:hover {        -ms-transform: scale(1.1);        -webkit-transform: scale(1.1);        transform: scale(1.1);      }    }          #bwg_container1_0 #bwg_container2_0 .bwg-container-0.bwg-standard-thumbnails .bwg-item1 {      padding-top: 50%;    }        #bwg_container1_0 #bwg_container2_0 .bwg-container-0.bwg-standard-thumbnails .bwg-title2,    #bwg_container1_0 #bwg_container2_0 .bwg-container-0.bwg-standard-thumbnails .bwg-ecommerce2 {      color: #CCCCCC;      font-family: segoe ui;      font-size: 16px;      font-weight: bold;      padding: 2px;      text-shadow: 0px 0px 0px #888888;      max-height: 100%;    }    #bwg_container1_0 #bwg_container2_0 .bwg-container-0.bwg-standard-thumbnails .bwg-thumb-description span {    color: #323A45;    font-family: Ubuntu;    font-size: 12px;    max-height: 100%;    word-wrap: break-word;    }    #bwg_container1_0 #bwg_container2_0 .bwg-container-0.bwg-standard-thumbnails .bwg-play-icon2 {      font-size: 32px;    }    #bwg_container1_0 #bwg_container2_0 .bwg-container-0.bwg-standard-thumbnails .bwg-ecommerce2 {      font-size: 19.2px;      color: #CCCCCC;    }    <\/style>    <div id=\"bwg_container1_0\"         class=\"bwg_container bwg_thumbnail bwg_thumbnails \"         data-right-click-protection=\"0\"         data-bwg=\"0\"         data-scroll=\"0\"         data-gallery-type=\"thumbnails\"         data-gallery-view-type=\"thumbnails\"         data-current-url=\"\/new\/wp-json\/wp\/v2\/pages\/11425\"         data-lightbox-url=\"https:\/\/pbp.womczest.edu.pl\/new\/wp-admin\/admin-ajax.php?action=GalleryBox&#038;current_view=0&#038;gallery_id=161&#038;tag=0&#038;theme_id=1&#038;shortcode_id=222&#038;sort_by=order&#038;order_by=desc&#038;current_url=%2Fnew%2Fwp-json%2Fwp%2Fv2%2Fpages%2F11425\"         data-gallery-id=\"161\"         data-popup-width=\"800\"         data-popup-height=\"500\"         data-is-album=\"gallery\"         data-buttons-position=\"bottom\">      <div id=\"bwg_container2_0\">             <div id=\"ajax_loading_0\" class=\"bwg_loading_div_1\">      <div class=\"bwg_loading_div_2\">        <div class=\"bwg_loading_div_3\">          <div id=\"loading_div_0\" class=\"bwg_spider_ajax_loading\">          <\/div>        <\/div>      <\/div>    <\/div>            <form id=\"gal_front_form_0\"              class=\"bwg-hidden\"              method=\"post\"              action=\"#\"              data-current=\"0\"              data-shortcode-id=\"222\"              data-gallery-type=\"thumbnails\"              data-gallery-id=\"161\"              data-tag=\"0\"              data-album-id=\"0\"              data-theme-id=\"1\"              data-ajax-url=\"https:\/\/pbp.womczest.edu.pl\/new\/wp-admin\/admin-ajax.php?action=bwg_frontend_data\">          <div id=\"bwg_container3_0\" class=\"bwg-background bwg-background-0\">                <div data-max-count=\"5\"         data-thumbnail-width=\"180\"         data-bwg=\"0\"         data-gallery-id=\"161\"         data-lightbox-url=\"https:\/\/pbp.womczest.edu.pl\/new\/wp-admin\/admin-ajax.php?action=GalleryBox&amp;current_view=0&amp;gallery_id=161&amp;tag=0&amp;theme_id=1&amp;shortcode_id=222&amp;sort_by=order&amp;order_by=desc&amp;current_url=%2Fnew%2Fwp-json%2Fwp%2Fv2%2Fpages%2F11425\"         id=\"bwg_thumbnails_0\"         class=\"bwg-container-0 bwg-thumbnails bwg-standard-thumbnails bwg-container bwg-border-box\">            <div class=\"bwg-item\">        <a class=\"bwg-a  bwg_lightbox\"  data-image-id=\"3128\" href=\"https:\/\/pbp.womczest.edu.pl\/new\/wp-content\/uploads\/photo-gallery\/konkurs_lubliniec_2017\/DSC02200.JPG\" data-elementor-open-lightbox=\"no\">                <div class=\"bwg-item0 \">          <div class=\"bwg-item1 \">            <div class=\"bwg-item2\">              <img class=\"skip-lazy bwg_standart_thumb_img_0 \"                   data-id=\"3128\"                   data-width=\"300.00\"                   data-height=\"225.00\"                   data-src=\"https:\/\/pbp.womczest.edu.pl\/new\/wp-content\/uploads\/photo-gallery\/konkurs_lubliniec_2017\/thumb\/DSC02200.JPG\"                   src=\"https:\/\/pbp.womczest.edu.pl\/new\/wp-content\/uploads\/photo-gallery\/konkurs_lubliniec_2017\/thumb\/DSC02200.JPG\"                   alt=\"DSC02200\"                   title=\"DSC02200\" \/>            <\/div>            <div class=\"\">                                                      <\/div>          <\/div>        <\/div>                        <\/a>              <\/div>            <div class=\"bwg-item\">        <a class=\"bwg-a  bwg_lightbox\"  data-image-id=\"3129\" href=\"https:\/\/pbp.womczest.edu.pl\/new\/wp-content\/uploads\/photo-gallery\/konkurs_lubliniec_2017\/DSC02192.JPG\" data-elementor-open-lightbox=\"no\">                <div class=\"bwg-item0 \">          <div class=\"bwg-item1 \">            <div class=\"bwg-item2\">              <img class=\"skip-lazy bwg_standart_thumb_img_0 \"                   data-id=\"3129\"                   data-width=\"300.00\"                   data-height=\"225.00\"                   data-src=\"https:\/\/pbp.womczest.edu.pl\/new\/wp-content\/uploads\/photo-gallery\/konkurs_lubliniec_2017\/thumb\/DSC02192.JPG\"                   src=\"https:\/\/pbp.womczest.edu.pl\/new\/wp-content\/uploads\/photo-gallery\/konkurs_lubliniec_2017\/thumb\/DSC02192.JPG\"                   alt=\"DSC02192\"                   title=\"DSC02192\" \/>            <\/div>            <div class=\"\">                                                      <\/div>          <\/div>        <\/div>                        <\/a>              <\/div>            <div class=\"bwg-item\">        <a class=\"bwg-a  bwg_lightbox\"  data-image-id=\"3130\" href=\"https:\/\/pbp.womczest.edu.pl\/new\/wp-content\/uploads\/photo-gallery\/konkurs_lubliniec_2017\/DSC02153.JPG\" data-elementor-open-lightbox=\"no\">                <div class=\"bwg-item0 \">          <div class=\"bwg-item1 \">            <div class=\"bwg-item2\">              <img class=\"skip-lazy bwg_standart_thumb_img_0 \"                   data-id=\"3130\"                   data-width=\"300.00\"                   data-height=\"225.00\"                   data-src=\"https:\/\/pbp.womczest.edu.pl\/new\/wp-content\/uploads\/photo-gallery\/konkurs_lubliniec_2017\/thumb\/DSC02153.JPG\"                   src=\"https:\/\/pbp.womczest.edu.pl\/new\/wp-content\/uploads\/photo-gallery\/konkurs_lubliniec_2017\/thumb\/DSC02153.JPG\"                   alt=\"DSC02153\"                   title=\"DSC02153\" \/>            <\/div>            <div class=\"\">                                                      <\/div>          <\/div>        <\/div>                        <\/a>              <\/div>            <div class=\"bwg-item\">        <a class=\"bwg-a  bwg_lightbox\"  data-image-id=\"3131\" href=\"https:\/\/pbp.womczest.edu.pl\/new\/wp-content\/uploads\/photo-gallery\/konkurs_lubliniec_2017\/DSC02157.JPG\" data-elementor-open-lightbox=\"no\">                <div class=\"bwg-item0 \">          <div class=\"bwg-item1 \">            <div class=\"bwg-item2\">              <img class=\"skip-lazy bwg_standart_thumb_img_0 \"                   data-id=\"3131\"                   data-width=\"300.00\"                   data-height=\"225.00\"                   data-src=\"https:\/\/pbp.womczest.edu.pl\/new\/wp-content\/uploads\/photo-gallery\/konkurs_lubliniec_2017\/thumb\/DSC02157.JPG\"                   src=\"https:\/\/pbp.womczest.edu.pl\/new\/wp-content\/uploads\/photo-gallery\/konkurs_lubliniec_2017\/thumb\/DSC02157.JPG\"                   alt=\"DSC02157\"                   title=\"DSC02157\" \/>            <\/div>            <div class=\"\">                                                      <\/div>          <\/div>        <\/div>                        <\/a>              <\/div>          <\/div>    <style>      \/*pagination styles*\/      #bwg_container1_0 #bwg_container2_0 .tablenav-pages_0 {\t\t\t\ttext-align: center;\t\t\t\tfont-size: 12px;\t\t\t\tfont-family: segoe ui;\t\t\t\tfont-weight: bold;\t\t\t\tcolor: #666666;\t\t\t\tmargin: 6px 0 4px;\t\t\t\tdisplay: block;      }      @media only screen and (max-width : 320px) {      #bwg_container1_0 #bwg_container2_0 .displaying-num_0 {     \t display: none;      }      }      #bwg_container1_0 #bwg_container2_0 .displaying-num_0 {\t\t\t\tfont-size: 12px;\t\t\t\tfont-family: segoe ui;\t\t\t\tfont-weight: bold;\t\t\t\tcolor: #666666;\t\t\t\tmargin-right: 10px;\t\t\t\tvertical-align: middle;      }      #bwg_container1_0 #bwg_container2_0 .paging-input_0 {\t\t\t\tfont-size: 12px;\t\t\t\tfont-family: segoe ui;\t\t\t\tfont-weight: bold;\t\t\t\tcolor: #666666;\t\t\t\tvertical-align: middle;      }      #bwg_container1_0 #bwg_container2_0 .tablenav-pages_0 a.disabled,      #bwg_container1_0 #bwg_container2_0 .tablenav-pages_0 a.disabled:hover,      #bwg_container1_0 #bwg_container2_0 .tablenav-pages_0 a.disabled:focus,\t\t\t#bwg_container1_0 #bwg_container2_0 .tablenav-pages_0 input.bwg_current_page {\t\t\t\tcursor: default;\t\t\t\tcolor: rgba(102, 102, 102, 0.5);      }      #bwg_container1_0 #bwg_container2_0 .tablenav-pages_0 a,      #bwg_container1_0 #bwg_container2_0 .tablenav-pages_0 input.bwg_current_page {\t\t\t\tcursor: pointer;\t\t\t\ttext-align: center;\t\t\t\tfont-size: 12px;\t\t\t\tfont-family: segoe ui;\t\t\t\tfont-weight: bold;\t\t\t\tcolor: #666666;\t\t\t\ttext-decoration: none;\t\t\t\tpadding: 3px 6px;\t\t\t\tmargin: 0;\t\t\t\tborder-radius: 0;\t\t\t\tborder-style: solid;\t\t\t\tborder-width: 1px;\t\t\t\tborder-color: #E3E3E3;\t\t\t\t\t\t\t\tbackground-color: rgba(255, 255, 255, 1.00);\t\t\t\tbox-shadow: 0;\t\t\t\ttransition: all 0.3s ease 0s;-webkit-transition: all 0.3s ease 0s;      }      <\/style>      <span class=\"bwg_nav_cont_0\">              <div class=\"tablenav-pages_0\">                  <\/div>                <input type=\"hidden\" id=\"page_number_0\" name=\"page_number_0\" value=\"1\" \/>      <script type=\"text\/javascript\">        if( jQuery('.bwg_nav_cont_0').length > 1 ) {          jQuery('.bwg_nav_cont_0').first().remove()        }        function spider_page_0(cur, x, y, load_more) {          if (typeof load_more == \"undefined\") {            var load_more = false;          }          if (jQuery(cur).hasClass('disabled')) {            return false;          }          var items_county_0 = 1;          switch (y) {            case 1:              if (x >= items_county_0) {                document.getElementById('page_number_0').value = items_county_0;              }              else {                document.getElementById('page_number_0').value = x + 1;              }              break;            case 2:              document.getElementById('page_number_0').value = items_county_0;              break;            case -1:              if (x == 1) {                document.getElementById('page_number_0').value = 1;              }              else {                document.getElementById('page_number_0').value = x - 1;              }              break;            case -2:              document.getElementById('page_number_0').value = 1;              break;\t\t\t\t\t\tcase 0:              document.getElementById('page_number_0').value = x;              break;            default:              document.getElementById('page_number_0').value = 1;          }          bwg_ajax('gal_front_form_0', '0', 'bwg_thumbnails_0', '0', '', 'gallery', 0, '', '', load_more, '', 1);        }                    jQuery('.first-page-0').on('click', function () {              spider_page_0(this, 1, -2, 'numeric');              return false;            });            jQuery('.prev-page-0').on('click', function () {              spider_page_0(this, 1, -1, 'numeric');              return false;            });            jQuery('.next-page-0').on('click', function () {              spider_page_0(this, 1, 1, 'numeric');              return false;            });            jQuery('.last-page-0').on('click', function () {              spider_page_0(this, 1, 2, 'numeric');              return false;            });        \t\t\t\t\/* Change page on input enter. *\/        function bwg_change_page_0( e, that ) {          if (  e.key == 'Enter' ) {            var to_page = parseInt(jQuery(that).val());            var pages_count = jQuery(that).parents(\".pagination-links\").data(\"pages-count\");            var current_url_param = jQuery(that).attr('data-url-info');            if (to_page > pages_count) {              to_page = 1;            }\t \t\t\t\t\t\t\t\t\t\t\t\tspider_page_0(this, to_page, 0, 'numeric');\t\t\t\t\t\t\treturn false;\t\t\t\t\t\t          }          return true;        }        jQuery('.bwg_load_btn_0').on('click', function () {            spider_page_0(this, 1, 1, true);            return false;        });      <\/script>      <\/span>                <\/div>        <\/form>        <style>          #bwg_container1_0 #bwg_container2_0 #spider_popup_overlay_0 {          background-color: #000000;          opacity: 0.70;          }          <\/style>        <div id=\"bwg_spider_popup_loading_0\" class=\"bwg_spider_popup_loading\"><\/div>        <div id=\"spider_popup_overlay_0\" class=\"spider_popup_overlay\" onclick=\"spider_destroypopup(1000)\"><\/div>        <input type=\"hidden\" id=\"bwg_random_seed_0\" value=\"975437758\">                <\/div>    <\/div>    <script>      if (document.readyState === 'complete') {        if( typeof bwg_main_ready == 'function' ) {          if ( jQuery(\"#bwg_container1_0\").height() ) {            bwg_main_ready(jQuery(\"#bwg_container1_0\"));          }        }      } else {        document.addEventListener('DOMContentLoaded', function() {          if( typeof bwg_main_ready == 'function' ) {            if ( jQuery(\"#bwg_container1_0\").height() ) {             bwg_main_ready(jQuery(\"#bwg_container1_0\"));            }          }        });      }    <\/script>    \n","protected":false},"excerpt":{"rendered":"<p>\u00a0Dnia 17 listopada 2017 roku w Szkole Podstawowej nr 1 w Lubli\u0144cu odby\u0142 si\u0119 fina\u0142 IX edycji\u00a0konkursu plastycznego Ba\u015bnie, legendy i podania G\u00f3rnego \u015al\u0105ska, zorganizowanego przez Publiczn\u0105 Bibliotek\u0119 Pedagogiczn\u0105 RODN \u201eWOM\u201d w Cz\u0119stochowie Filia w\u00a0Lubli\u0144cu oraz Szko\u0142\u0119 Podstawow\u0105 nr 1 w Lubli\u0144cu. Celem konkursu by\u0142o zach\u0119cenie pi\u0105toklasist\u00f3w do czytania poda\u0144 i legend zwi\u0105zanych z\u00a0dziedzictwem kulturowym w\u0142asnego regionu. W\u00a0konkursie wzi\u0119li udzia\u0142 uczniowie reprezentuj\u0105cy 9 szk\u00f3\u0142 powiatu lublinieckiego: Publiczn\u0105 Szko\u0142\u0119 Podstawow\u0105 im.<span class=\"ellipsis\">&hellip;<\/span><\/p>\n<div class=\"read-more\"><a href=\"https:\/\/pbp.womczest.edu.pl\/new\/kontakt\/lubliniec\/konkursy-filia-lubliniec\/basnie-legendy-i-podania-gornego-slaska-2017-wyniki-konkursu\/\">Czytaj wi\u0119cej &#8250;<\/a><\/div>\n<p><!-- end of .read-more --><\/p>\n","protected":false},"author":4,"featured_media":0,"parent":3684,"menu_order":0,"comment_status":"closed","ping_status":"closed","template":"","meta":{"footnotes":""},"jetpack_sharing_enabled":true,"jetpack_shortlink":"https:\/\/wp.me\/PgmV4H-2Yh","_links":{"self":[{"href":"https:\/\/pbp.womczest.edu.pl\/new\/wp-json\/wp\/v2\/pages\/11425"}],"collection":[{"href":"https:\/\/pbp.womczest.edu.pl\/new\/wp-json\/wp\/v2\/pages"}],"about":[{"href":"https:\/\/pbp.womczest.edu.pl\/new\/wp-json\/wp\/v2\/types\/page"}],"author":[{"embeddable":true,"href":"https:\/\/pbp.womczest.edu.pl\/new\/wp-json\/wp\/v2\/users\/4"}],"replies":[{"embeddable":true,"href":"https:\/\/pbp.womczest.edu.pl\/new\/wp-json\/wp\/v2\/comments?post=11425"}],"version-history":[{"count":3,"href":"https:\/\/pbp.womczest.edu.pl\/new\/wp-json\/wp\/v2\/pages\/11425\/revisions"}],"predecessor-version":[{"id":22492,"href":"https:\/\/pbp.womczest.edu.pl\/new\/wp-json\/wp\/v2\/pages\/11425\/revisions\/22492"}],"up":[{"embeddable":true,"href":"https:\/\/pbp.womczest.edu.pl\/new\/wp-json\/wp\/v2\/pages\/3684"}],"wp:attachment":[{"href":"https:\/\/pbp.womczest.edu.pl\/new\/wp-json\/wp\/v2\/media?parent=11425"}],"curies":[{"name":"wp","href":"https:\/\/api.w.org\/{rel}","templated":true}]}}