


{"id":11188,"date":"2017-12-19T11:43:08","date_gmt":"2017-12-19T10:43:08","guid":{"rendered":"https:\/\/pbp.womczest.edu.pl\/new\/?page_id=11188"},"modified":"2017-12-29T13:42:56","modified_gmt":"2017-12-29T12:42:56","slug":"ii-wojewodzki-konkurs-ksiazka-i-informacja-w-erze-mediow-cyfrowych","status":"publish","type":"page","link":"https:\/\/pbp.womczest.edu.pl\/new\/ii-wojewodzki-konkurs-ksiazka-i-informacja-w-erze-mediow-cyfrowych\/","title":{"rendered":"II Wojew\u00f3dzki Konkurs \u201eKsi\u0105\u017cka i informacja w erze medi\u00f3w cyfrowych\u201d"},"content":{"rendered":"<p>W\u00a0dniu 8 grudnia 2017\u00a0r. w\u00a0siedzibie Publicznej Biblioteki Pedagogicznej Regionalnego O\u015brodka Doskonalenia Nauczycieli \u201eWOM\u201d w\u00a0Cz\u0119stochowie odby\u0142 si\u0119 konkurs dla uczni\u00f3w klas VII szko\u0142y podstawowej, gimnazj\u00f3w oraz\u00a0szk\u00f3\u0142 ponadgimnazjalnych wojew\u00f3dztwa \u015bl\u0105skiego \u201eKsi\u0105\u017cka i\u00a0informacja w\u00a0erze medi\u00f3w cyfrowych\u201d. Organizatorami konkursu byli nauczyciele bibliotekarze \u2013 dr\u00a0Agata Arkabus i\u00a0Anna P\u0142usa z\u00a0PBP RODN \u201eWOM\u201d w\u00a0Cz\u0119stochowie oraz\u00a0Alina Grabna \u2013 Przewodnicz\u0105ca Rady Oddzia\u0142u TNBSP. Celem konkursu by\u0142o upowszechnianie i\u00a0promowanie zainteresowa\u0144 czytelniczych, rozwijanie kompetencji czytelniczych oraz\u00a0popularyzacja nowoczesnych technologii informacyjno-komunikacyjnych.<\/p>\n<p>W\u00a0konkursie udzia\u0142 wzi\u0119\u0142o 13 uczni\u00f3w, kt\u00f3rzy\u00a0w\u00a0te\u015bcie pisemnym zmagali si\u0119 z\u00a0pytaniami dotycz\u0105cymi: Biblioteki Narodowej (zadania i\u00a0struktura, historia, wsp\u00f3\u0142praca og\u00f3lnopolska i\u00a0mi\u0119dzynarodowa, zbiory i\u00a0zasoby cyfrowe) oraz\u00a0prawa autorskie (domena publiczna, zasady udost\u0119pniania i\u00a0publikowania utwor\u00f3w, dozwolony u\u017cytek chronionych utwor\u00f3w).<\/p>\n<p>Komisja konkursowa II Wojew\u00f3dzkiego Konkursu \u201eKsi\u0105\u017cka i\u00a0informacja w\u00a0erze medi\u00f3w cyfrowych\u201d w\u00a0sk\u0142adzie:<\/p>\n<p>Przewodnicz\u0105cy: dr\u00a0Katarzyna Parkitna<br \/>\nCz\u0142onkowie: Barbara Witkowska, Renata Lipniewska<\/p>\n<p>na\u00a0posiedzeniu komisji konkursowej\u00a0 w\u00a0dniu 8.12.2017\u00a0r. wy\u0142oni\u0142a nast\u0119puj\u0105cych laureat\u00f3w:<\/p>\n<p><strong>KATEGORIA: klasa VII szko\u0142y podstawowej i\u00a0gimnazjum<\/strong><\/p>\n<p>\u2013 I\u00a0miejsce: <em>Beata Smakosz \u2013 Szko\u0142a Podstawowa im.\u00a0Marii Kownackiej w\u00a0Cz\u0119stochowie<\/em><\/p>\n<p>\u2013 II miejsce: <em>Anna Bielecka \u2013 Szko\u0142a Podstawowa nr\u00a031 z\u00a0Oddzia\u0142ami Integracyjnymi w\u00a0Cz\u0119stochowie<\/em><\/p>\n<p>\u2013 III miejsce: <em>Martyna Fr\u0105czy\u0144ska \u2013 Szko\u0142a Podstawowa nr\u00a024 im.\u00a0Jana Marcina Szancera w\u00a0Cz\u0119stochowie<\/em><\/p>\n<p>\u2013 Wyr\u00f3\u017cnienie: <em>Joanna Wrze\u015bniewska \u2013 Szko\u0142a Podstawowa nr\u00a014 im.\u00a0Henryka Sienkiewicza w\u00a0Cz\u0119stochowie<\/em><\/p>\n<p><strong>KATEGORIA: szko\u0142a ponadgimnazjalna<\/strong><\/p>\n<p>\u2013 I\u00a0miejsce: <em>Kacper Pawelec \u2013 Zesp\u00f3\u0142 Szk\u00f3\u0142 Samochodowo-Budowlanych w\u00a0Cz\u0119stochowie<\/em><\/p>\n<p>\u2013 II miejsce: <em>Oskar Kacela \u2013 Zesp\u00f3\u0142 Szk\u00f3\u0142 im.\u00a0gen. W\u0142adys\u0142awa Andersa w\u00a0Cz\u0119stochowie<\/em><\/p>\n<p>\u2013 III miejsce: <em>Cyprian G\u0119siarz \u2013 Pa\u0144stwowa Szko\u0142a Muzyczna II st. Zespo\u0142u Szk\u00f3\u0142 Muzycznych im.\u00a0M. J. \u017bebrowskiego w\u00a0Cz\u0119stochowie<\/em><\/p>\n<p>\u2013 Wyr\u00f3\u017cnienie: <em>Martyna Ociepa \u2013 Pa\u0144stwowa Szko\u0142a Muzyczna II st. Zespo\u0142u Szk\u00f3\u0142 Muzycznych im.\u00a0M. J. \u017bebrowskiego w\u00a0Cz\u0119stochowie.<\/em><\/p>\n<p>Podczas spotkania uczniowie uczestniczyli r\u00f3wnie\u017c w\u00a0warsztatach plastycznych prowadzonych przez\u00a0nauczyciela bibliotekarza PBP RODN \u201eWOM\u201d w\u00a0Cz\u0119stochowie Marka Czarno\u0142\u0119skiego. Uczestnicy konkursu oraz\u00a0laureaci otrzymali dyplomy i\u00a0nagrody.<\/p>\n<p>Informacja prasowa o\u00a0konkursie: http:\/\/www.gazetacz.com.pl\/artykul.php?idm=811&amp;id=21841<\/p>\n<p style=\"text-align: right;\"><em>Agata Arkabus<\/em><br \/>\n<em> zdj\u0119cia: Alina Grabna<\/em><\/p>\n<style id=\"bwg-style-0\">    #bwg_container1_0 #bwg_container2_0 .bwg-container-0.bwg-standard-thumbnails {      width: 904px;              justify-content: center;        margin:0 auto !important;              background-color: rgba(255, 255, 255, 0.00);            padding-left: 4px;      padding-top: 4px;      max-width: 100%;            }        #bwg_container1_0 #bwg_container2_0 .bwg-container-0.bwg-standard-thumbnails .bwg-item {    justify-content: flex-start;      max-width: 180px;            width: 180px !important;          }    #bwg_container1_0 #bwg_container2_0 .bwg-container-0.bwg-standard-thumbnails .bwg-item a {       margin-right: 4px;       margin-bottom: 4px;    }    #bwg_container1_0 #bwg_container2_0 .bwg-container-0.bwg-standard-thumbnails .bwg-item0 {      padding: 0px;            background-color:rgba(255,255,255, 0.30);      border: 0px none #CCCCCC;      opacity: 1.00;      border-radius: 0;      box-shadow: 0px 0px 0px #888888;    }    #bwg_container1_0 #bwg_container2_0 .bwg-container-0.bwg-standard-thumbnails .bwg-item1 img {      max-height: none;      max-width: none;      padding: 0 !important;    }        @media only screen and (min-width: 480px) {      #bwg_container1_0 #bwg_container2_0 .bwg-container-0.bwg-standard-thumbnails .bwg-item0 {        transition: all 0.3s ease 0s;-webkit-transition: all 0.3s ease 0s;      }      #bwg_container1_0 #bwg_container2_0 .bwg-container-0.bwg-standard-thumbnails .bwg-item0:hover {        -ms-transform: scale(1.1);        -webkit-transform: scale(1.1);        transform: scale(1.1);      }    }          #bwg_container1_0 #bwg_container2_0 .bwg-container-0.bwg-standard-thumbnails .bwg-item1 {      padding-top: 50%;    }        #bwg_container1_0 #bwg_container2_0 .bwg-container-0.bwg-standard-thumbnails .bwg-title2,    #bwg_container1_0 #bwg_container2_0 .bwg-container-0.bwg-standard-thumbnails .bwg-ecommerce2 {      color: #CCCCCC;      font-family: segoe ui;      font-size: 16px;      font-weight: bold;      padding: 2px;      text-shadow: 0px 0px 0px #888888;      max-height: 100%;    }    #bwg_container1_0 #bwg_container2_0 .bwg-container-0.bwg-standard-thumbnails .bwg-thumb-description span {    color: #323A45;    font-family: Ubuntu;    font-size: 12px;    max-height: 100%;    word-wrap: break-word;    }    #bwg_container1_0 #bwg_container2_0 .bwg-container-0.bwg-standard-thumbnails .bwg-play-icon2 {      font-size: 32px;    }    #bwg_container1_0 #bwg_container2_0 .bwg-container-0.bwg-standard-thumbnails .bwg-ecommerce2 {      font-size: 19.2px;      color: #CCCCCC;    }    <\/style>    <div id=\"bwg_container1_0\"         class=\"bwg_container bwg_thumbnail bwg_thumbnails \"         data-right-click-protection=\"0\"         data-bwg=\"0\"         data-scroll=\"0\"         data-gallery-type=\"thumbnails\"         data-gallery-view-type=\"thumbnails\"         data-current-url=\"\/new\/wp-json\/wp\/v2\/pages\/11188\"         data-lightbox-url=\"https:\/\/pbp.womczest.edu.pl\/new\/wp-admin\/admin-ajax.php?action=GalleryBox&#038;current_view=0&#038;gallery_id=167&#038;tag=0&#038;theme_id=1&#038;shortcode_id=398&#038;sort_by=order&#038;order_by=asc&#038;current_url=%2Fnew%2Fwp-json%2Fwp%2Fv2%2Fpages%2F11188\"         data-gallery-id=\"167\"         data-popup-width=\"800\"         data-popup-height=\"500\"         data-is-album=\"gallery\"         data-buttons-position=\"bottom\">      <div id=\"bwg_container2_0\">             <div id=\"ajax_loading_0\" class=\"bwg_loading_div_1\">      <div class=\"bwg_loading_div_2\">        <div class=\"bwg_loading_div_3\">          <div id=\"loading_div_0\" class=\"bwg_spider_ajax_loading\">          <\/div>        <\/div>      <\/div>    <\/div>            <form id=\"gal_front_form_0\"              class=\"bwg-hidden\"              method=\"post\"              action=\"#\"              data-current=\"0\"              data-shortcode-id=\"398\"              data-gallery-type=\"thumbnails\"              data-gallery-id=\"167\"              data-tag=\"0\"              data-album-id=\"0\"              data-theme-id=\"1\"              data-ajax-url=\"https:\/\/pbp.womczest.edu.pl\/new\/wp-admin\/admin-ajax.php?action=bwg_frontend_data\">          <div id=\"bwg_container3_0\" class=\"bwg-background bwg-background-0\">                <div data-max-count=\"5\"         data-thumbnail-width=\"180\"         data-bwg=\"0\"         data-gallery-id=\"167\"         data-lightbox-url=\"https:\/\/pbp.womczest.edu.pl\/new\/wp-admin\/admin-ajax.php?action=GalleryBox&amp;current_view=0&amp;gallery_id=167&amp;tag=0&amp;theme_id=1&amp;shortcode_id=398&amp;sort_by=order&amp;order_by=asc&amp;current_url=%2Fnew%2Fwp-json%2Fwp%2Fv2%2Fpages%2F11188\"         id=\"bwg_thumbnails_0\"         class=\"bwg-container-0 bwg-thumbnails bwg-standard-thumbnails bwg-container bwg-border-box\">            <div class=\"bwg-item\">        <a class=\"bwg-a  bwg_lightbox\"  data-image-id=\"3211\" href=\"https:\/\/pbp.womczest.edu.pl\/new\/wp-content\/uploads\/photo-gallery\/era_mediow_konkurs_2017\/Laureaci.jpg\" data-elementor-open-lightbox=\"no\">                <div class=\"bwg-item0 \">          <div class=\"bwg-item1 \">            <div class=\"bwg-item2\">              <img class=\"skip-lazy bwg_standart_thumb_img_0 \"                   data-id=\"3211\"                   data-width=\"300.00\"                   data-height=\"168.00\"                   data-src=\"https:\/\/pbp.womczest.edu.pl\/new\/wp-content\/uploads\/photo-gallery\/era_mediow_konkurs_2017\/thumb\/Laureaci.jpg\"                   src=\"https:\/\/pbp.womczest.edu.pl\/new\/wp-content\/uploads\/photo-gallery\/era_mediow_konkurs_2017\/thumb\/Laureaci.jpg\"                   alt=\"Laureaci\"                   title=\"Laureaci\" \/>            <\/div>            <div class=\"\">                                                      <\/div>          <\/div>        <\/div>                        <\/a>              <\/div>            <div class=\"bwg-item\">        <a class=\"bwg-a  bwg_lightbox\"  data-image-id=\"3210\" href=\"https:\/\/pbp.womczest.edu.pl\/new\/wp-content\/uploads\/photo-gallery\/era_mediow_konkurs_2017\/praca_komisji.jpg\" data-elementor-open-lightbox=\"no\">                <div class=\"bwg-item0 \">          <div class=\"bwg-item1 \">            <div class=\"bwg-item2\">              <img class=\"skip-lazy bwg_standart_thumb_img_0 \"                   data-id=\"3210\"                   data-width=\"300.00\"                   data-height=\"168.00\"                   data-src=\"https:\/\/pbp.womczest.edu.pl\/new\/wp-content\/uploads\/photo-gallery\/era_mediow_konkurs_2017\/thumb\/praca_komisji.jpg\"                   src=\"https:\/\/pbp.womczest.edu.pl\/new\/wp-content\/uploads\/photo-gallery\/era_mediow_konkurs_2017\/thumb\/praca_komisji.jpg\"                   alt=\"praca komisji\"                   title=\"praca komisji\" \/>            <\/div>            <div class=\"\">                                                      <\/div>          <\/div>        <\/div>                        <\/a>              <\/div>            <div class=\"bwg-item\">        <a class=\"bwg-a  bwg_lightbox\"  data-image-id=\"3209\" href=\"https:\/\/pbp.womczest.edu.pl\/new\/wp-content\/uploads\/photo-gallery\/era_mediow_konkurs_2017\/Laureaci_konkursu.jpg\" data-elementor-open-lightbox=\"no\">                <div class=\"bwg-item0 \">          <div class=\"bwg-item1 \">            <div class=\"bwg-item2\">              <img class=\"skip-lazy bwg_standart_thumb_img_0 \"                   data-id=\"3209\"                   data-width=\"300.00\"                   data-height=\"168.00\"                   data-src=\"https:\/\/pbp.womczest.edu.pl\/new\/wp-content\/uploads\/photo-gallery\/era_mediow_konkurs_2017\/thumb\/Laureaci_konkursu.jpg\"                   src=\"https:\/\/pbp.womczest.edu.pl\/new\/wp-content\/uploads\/photo-gallery\/era_mediow_konkurs_2017\/thumb\/Laureaci_konkursu.jpg\"                   alt=\"Laureaci konkursu\"                   title=\"Laureaci konkursu\" \/>            <\/div>            <div class=\"\">                                                      <\/div>          <\/div>        <\/div>                        <\/a>              <\/div>            <div class=\"bwg-item\">        <a class=\"bwg-a  bwg_lightbox\"  data-image-id=\"3208\" href=\"https:\/\/pbp.womczest.edu.pl\/new\/wp-content\/uploads\/photo-gallery\/era_mediow_konkurs_2017\/uczestnicy_konkursu.jpg\" data-elementor-open-lightbox=\"no\">                <div class=\"bwg-item0 \">          <div class=\"bwg-item1 \">            <div class=\"bwg-item2\">              <img class=\"skip-lazy bwg_standart_thumb_img_0 \"                   data-id=\"3208\"                   data-width=\"300.00\"                   data-height=\"168.00\"                   data-src=\"https:\/\/pbp.womczest.edu.pl\/new\/wp-content\/uploads\/photo-gallery\/era_mediow_konkurs_2017\/thumb\/uczestnicy_konkursu.jpg\"                   src=\"https:\/\/pbp.womczest.edu.pl\/new\/wp-content\/uploads\/photo-gallery\/era_mediow_konkurs_2017\/thumb\/uczestnicy_konkursu.jpg\"                   alt=\"uczestnicy konkursu\"                   title=\"uczestnicy konkursu\" \/>            <\/div>            <div class=\"\">                                                      <\/div>          <\/div>        <\/div>                        <\/a>              <\/div>            <div class=\"bwg-item\">        <a class=\"bwg-a  bwg_lightbox\"  data-image-id=\"3207\" href=\"https:\/\/pbp.womczest.edu.pl\/new\/wp-content\/uploads\/photo-gallery\/era_mediow_konkurs_2017\/warsztaty_plastyczne1.jpg\" data-elementor-open-lightbox=\"no\">                <div class=\"bwg-item0 \">          <div class=\"bwg-item1 \">            <div class=\"bwg-item2\">              <img class=\"skip-lazy bwg_standart_thumb_img_0 \"                   data-id=\"3207\"                   data-width=\"168.00\"                   data-height=\"300.00\"                   data-src=\"https:\/\/pbp.womczest.edu.pl\/new\/wp-content\/uploads\/photo-gallery\/era_mediow_konkurs_2017\/thumb\/warsztaty_plastyczne1.jpg\"                   src=\"https:\/\/pbp.womczest.edu.pl\/new\/wp-content\/uploads\/photo-gallery\/era_mediow_konkurs_2017\/thumb\/warsztaty_plastyczne1.jpg\"                   alt=\"warsztaty plastyczne1\"                   title=\"warsztaty plastyczne1\" \/>            <\/div>            <div class=\"\">                                                      <\/div>          <\/div>        <\/div>                        <\/a>              <\/div>          <\/div>    <style>      \/*pagination styles*\/      #bwg_container1_0 #bwg_container2_0 .tablenav-pages_0 {\t\t\t\ttext-align: center;\t\t\t\tfont-size: 12px;\t\t\t\tfont-family: segoe ui;\t\t\t\tfont-weight: bold;\t\t\t\tcolor: #666666;\t\t\t\tmargin: 6px 0 4px;\t\t\t\tdisplay: block;      }      @media only screen and (max-width : 320px) {      #bwg_container1_0 #bwg_container2_0 .displaying-num_0 {     \t display: none;      }      }      #bwg_container1_0 #bwg_container2_0 .displaying-num_0 {\t\t\t\tfont-size: 12px;\t\t\t\tfont-family: segoe ui;\t\t\t\tfont-weight: bold;\t\t\t\tcolor: #666666;\t\t\t\tmargin-right: 10px;\t\t\t\tvertical-align: middle;      }      #bwg_container1_0 #bwg_container2_0 .paging-input_0 {\t\t\t\tfont-size: 12px;\t\t\t\tfont-family: segoe ui;\t\t\t\tfont-weight: bold;\t\t\t\tcolor: #666666;\t\t\t\tvertical-align: middle;      }      #bwg_container1_0 #bwg_container2_0 .tablenav-pages_0 a.disabled,      #bwg_container1_0 #bwg_container2_0 .tablenav-pages_0 a.disabled:hover,      #bwg_container1_0 #bwg_container2_0 .tablenav-pages_0 a.disabled:focus,\t\t\t#bwg_container1_0 #bwg_container2_0 .tablenav-pages_0 input.bwg_current_page {\t\t\t\tcursor: default;\t\t\t\tcolor: rgba(102, 102, 102, 0.5);      }      #bwg_container1_0 #bwg_container2_0 .tablenav-pages_0 a,      #bwg_container1_0 #bwg_container2_0 .tablenav-pages_0 input.bwg_current_page {\t\t\t\tcursor: pointer;\t\t\t\ttext-align: center;\t\t\t\tfont-size: 12px;\t\t\t\tfont-family: segoe ui;\t\t\t\tfont-weight: bold;\t\t\t\tcolor: #666666;\t\t\t\ttext-decoration: none;\t\t\t\tpadding: 3px 6px;\t\t\t\tmargin: 0;\t\t\t\tborder-radius: 0;\t\t\t\tborder-style: solid;\t\t\t\tborder-width: 1px;\t\t\t\tborder-color: #E3E3E3;\t\t\t\t\t\t\t\tbackground-color: rgba(255, 255, 255, 1.00);\t\t\t\tbox-shadow: 0;\t\t\t\ttransition: all 0.3s ease 0s;-webkit-transition: all 0.3s ease 0s;      }      <\/style>      <span class=\"bwg_nav_cont_0\">              <div class=\"tablenav-pages_0\">                  <\/div>                <input type=\"hidden\" id=\"page_number_0\" name=\"page_number_0\" value=\"1\" \/>      <script type=\"text\/javascript\">        if( jQuery('.bwg_nav_cont_0').length > 1 ) {          jQuery('.bwg_nav_cont_0').first().remove()        }        function spider_page_0(cur, x, y, load_more) {          if (typeof load_more == \"undefined\") {            var load_more = false;          }          if (jQuery(cur).hasClass('disabled')) {            return false;          }          var items_county_0 = 1;          switch (y) {            case 1:              if (x >= items_county_0) {                document.getElementById('page_number_0').value = items_county_0;              }              else {                document.getElementById('page_number_0').value = x + 1;              }              break;            case 2:              document.getElementById('page_number_0').value = items_county_0;              break;            case -1:              if (x == 1) {                document.getElementById('page_number_0').value = 1;              }              else {                document.getElementById('page_number_0').value = x - 1;              }              break;            case -2:              document.getElementById('page_number_0').value = 1;              break;\t\t\t\t\t\tcase 0:              document.getElementById('page_number_0').value = x;              break;            default:              document.getElementById('page_number_0').value = 1;          }          bwg_ajax('gal_front_form_0', '0', 'bwg_thumbnails_0', '0', '', 'gallery', 0, '', '', load_more, '', 1);        }                    jQuery('.first-page-0').on('click', function () {              spider_page_0(this, 1, -2, 'numeric');              return false;            });            jQuery('.prev-page-0').on('click', function () {              spider_page_0(this, 1, -1, 'numeric');              return false;            });            jQuery('.next-page-0').on('click', function () {              spider_page_0(this, 1, 1, 'numeric');              return false;            });            jQuery('.last-page-0').on('click', function () {              spider_page_0(this, 1, 2, 'numeric');              return false;            });        \t\t\t\t\/* Change page on input enter. *\/        function bwg_change_page_0( e, that ) {          if (  e.key == 'Enter' ) {            var to_page = parseInt(jQuery(that).val());            var pages_count = jQuery(that).parents(\".pagination-links\").data(\"pages-count\");            var current_url_param = jQuery(that).attr('data-url-info');            if (to_page > pages_count) {              to_page = 1;            }\t \t\t\t\t\t\t\t\t\t\t\t\tspider_page_0(this, to_page, 0, 'numeric');\t\t\t\t\t\t\treturn false;\t\t\t\t\t\t          }          return true;        }        jQuery('.bwg_load_btn_0').on('click', function () {            spider_page_0(this, 1, 1, true);            return false;        });      <\/script>      <\/span>                <\/div>        <\/form>        <style>          #bwg_container1_0 #bwg_container2_0 #spider_popup_overlay_0 {          background-color: #000000;          opacity: 0.70;          }          <\/style>        <div id=\"bwg_spider_popup_loading_0\" class=\"bwg_spider_popup_loading\"><\/div>        <div id=\"spider_popup_overlay_0\" class=\"spider_popup_overlay\" onclick=\"spider_destroypopup(1000)\"><\/div>        <input type=\"hidden\" id=\"bwg_random_seed_0\" value=\"1693669871\">                <\/div>    <\/div>    <script>      if (document.readyState === 'complete') {        if( typeof bwg_main_ready == 'function' ) {          if ( jQuery(\"#bwg_container1_0\").height() ) {            bwg_main_ready(jQuery(\"#bwg_container1_0\"));          }        }      } else {        document.addEventListener('DOMContentLoaded', function() {          if( typeof bwg_main_ready == 'function' ) {            if ( jQuery(\"#bwg_container1_0\").height() ) {             bwg_main_ready(jQuery(\"#bwg_container1_0\"));            }          }        });      }    <\/script>    \n<div id=\"bwg_container1_0\">\n<div id=\"bwg_container2_0\">\n<form id=\"gal_front_form_0\" action=\"#\" method=\"post\" data-current=\"0\">\n<div>\n<div class=\"tablenav-pages_0\"><\/div>\n<\/div>\n<\/form>\n<\/div>\n<\/div>\n","protected":false},"excerpt":{"rendered":"<p>W\u00a0dniu 8 grudnia 2017\u00a0r. w\u00a0siedzibie Publicznej Biblioteki Pedagogicznej Regionalnego O\u015brodka Doskonalenia Nauczycieli \u201eWOM\u201d w\u00a0Cz\u0119stochowie odby\u0142 si\u0119 konkurs dla uczni\u00f3w klas VII szko\u0142y podstawowej, gimnazj\u00f3w oraz\u00a0szk\u00f3\u0142 ponadgimnazjalnych wojew\u00f3dztwa \u015bl\u0105skiego \u201eKsi\u0105\u017cka i\u00a0informacja w\u00a0erze medi\u00f3w cyfrowych\u201d. Organizatorami konkursu byli nauczyciele bibliotekarze \u2013 dr\u00a0Agata Arkabus i\u00a0Anna P\u0142usa z\u00a0PBP RODN \u201eWOM\u201d w\u00a0Cz\u0119stochowie oraz\u00a0Alina Grabna \u2013 Przewodnicz\u0105ca Rady Oddzia\u0142u TNBSP. Celem konkursu by\u0142o upowszechnianie i\u00a0promowanie zainteresowa\u0144 czytelniczych, rozwijanie kompetencji czytelniczych oraz\u00a0popularyzacja nowoczesnych technologii informacyjno-komunikacyjnych. W\u00a0konkursie udzia\u0142<span class=\"ellipsis\">&hellip;<\/span><\/p>\n<div class=\"read-more\"><a href=\"https:\/\/pbp.womczest.edu.pl\/new\/ii-wojewodzki-konkurs-ksiazka-i-informacja-w-erze-mediow-cyfrowych\/\">Czytaj wi\u0119cej &#8250;<\/a><\/div>\n<p><!-- end of .read-more --><\/p>\n","protected":false},"author":6,"featured_media":0,"parent":0,"menu_order":0,"comment_status":"closed","ping_status":"closed","template":"","meta":{"footnotes":""},"jetpack_sharing_enabled":true,"jetpack_shortlink":"https:\/\/wp.me\/PgmV4H-2Us","_links":{"self":[{"href":"https:\/\/pbp.womczest.edu.pl\/new\/wp-json\/wp\/v2\/pages\/11188"}],"collection":[{"href":"https:\/\/pbp.womczest.edu.pl\/new\/wp-json\/wp\/v2\/pages"}],"about":[{"href":"https:\/\/pbp.womczest.edu.pl\/new\/wp-json\/wp\/v2\/types\/page"}],"author":[{"embeddable":true,"href":"https:\/\/pbp.womczest.edu.pl\/new\/wp-json\/wp\/v2\/users\/6"}],"replies":[{"embeddable":true,"href":"https:\/\/pbp.womczest.edu.pl\/new\/wp-json\/wp\/v2\/comments?post=11188"}],"version-history":[{"count":4,"href":"https:\/\/pbp.womczest.edu.pl\/new\/wp-json\/wp\/v2\/pages\/11188\/revisions"}],"predecessor-version":[{"id":11247,"href":"https:\/\/pbp.womczest.edu.pl\/new\/wp-json\/wp\/v2\/pages\/11188\/revisions\/11247"}],"wp:attachment":[{"href":"https:\/\/pbp.womczest.edu.pl\/new\/wp-json\/wp\/v2\/media?parent=11188"}],"curies":[{"name":"wp","href":"https:\/\/api.w.org\/{rel}","templated":true}]}}