


{"id":10954,"date":"2017-11-28T14:00:24","date_gmt":"2017-11-28T13:00:24","guid":{"rendered":"https:\/\/pbp.womczest.edu.pl\/new\/?page_id=10954"},"modified":"2018-06-29T10:31:49","modified_gmt":"2018-06-29T08:31:49","slug":"powiatowy-konkurs-recytatorski-poetyckie-krajobrazy-2017","status":"publish","type":"page","link":"https:\/\/pbp.womczest.edu.pl\/new\/powiatowy-konkurs-recytatorski-poetyckie-krajobrazy-2017\/","title":{"rendered":"Powiatowy Konkurs Recytatorski \u201ePoetyckie Krajobrazy\u201d 2017"},"content":{"rendered":"<p>19 pa\u017adziernika 2017 roku w\u00a0Regionalnym O\u015brodku Doskonalenia Nauczycieli \u201eWOM\u201d w\u00a0Cz\u0119stochowie odby\u0142 si\u0119 Powiatowy Konkurs Recytatorski <em>Poetyckie Krajobrazy<\/em>, po\u015bwi\u0119cony poezji Agnieszki Osieckiej w\u00a0zwi\u0105zku z\u00a0przypadaj\u0105c\u0105 w\u00a02017 roku 20. rocznic\u0105 \u015bmierci poetki.<\/p>\n<p>Konkurs adresowany do\u00a0uczni\u00f3w gimnazj\u00f3w miasta Cz\u0119stochowy oraz\u00a0powiatu cz\u0119stochowskiego zorganizowa\u0142a Publiczna Biblioteka Pedagogiczna RODN \u201eWOM\u201d w\u00a0Cz\u0119stochowie. W\u00a0tym roku odby\u0142a si\u0119 si\u00f3dma edycja konkursu, kt\u00f3ry\u00a0cieszy si\u0119 du\u017cym zainteresowaniem w\u015br\u00f3d uczni\u00f3w gimnazj\u00f3w Cz\u0119stochowy i\u00a0regionu.<\/p>\n<p>Honorowy patronat nad\u00a0konkursem obj\u0105\u0142 Pan Krzysztof Smela, Starosta Cz\u0119stochowski oraz\u00a0Pani Danuta Brzezi\u0144ska, Prezes Towarzystwa Nauczycieli Bibliotekarzy Szk\u00f3\u0142 Polskich. Honorowym go\u015bciem konkursu by\u0142 Pan Janusz Krakowian \u2013 naczelnik Wydzia\u0142u Edukacji, Zdrowia, Kultury, Sportu i\u00a0Promocji Powiatu reprezentuj\u0105cy Starost\u0119 Cz\u0119stochowskiego. Go\u015bciem by\u0142a tak\u017ce Pani Alina Grabna \u2013 prezes Oddzia\u0142u Towarzystwa Nauczycieli Bibliotekarzy Szk\u00f3\u0142 Polskich w\u00a0Cz\u0119stochowie, nauczyciel bibliotekarz Zespo\u0142u Szk\u00f3\u0142 Samochodowo-Budowlanych w\u00a0Cz\u0119stochowie.<\/p>\n<p>Mottem konkursu by\u0142y s\u0142owa zaczerpni\u0119te z\u00a0utworu poetki:<\/p>\n<p><em>\u201e\u017bycie nie\u00a0stawia pyta\u0144,<br \/>\n<\/em><em>\u017cycie po\u00a0prostu jest\u2026\u201d<\/em><\/p>\n<p>Agnieszka Osiecka, <em>\u201e\u017bycie\u201d<\/em><\/p>\n<p>Celem konkursu by\u0142o upami\u0119tnienie tw\u00f3rczo\u015bci wybitnej poetki, autorki tekst\u00f3w piosenek Agnieszki Osieckiej, popularyzacja jej dorobku artystycznego, a\u00a0tak\u017ce rozwijanie recytatorskich i\u00a0aktorskich uzdolnie\u0144 m\u0142odzie\u017cy, upowszechnianie kultury j\u0119zyka polskiego, inspirowanie m\u0142odego pokolenia do\u00a0aktywnego uczestnictwa w\u00a0kulturze, wzbudzenie zainteresowania poezj\u0105 polsk\u0105 oraz\u00a0krzewienie kultury \u017cywego s\u0142owa.<\/p>\n<p>Podczas konkursu uczniowie prezentowali jeden z\u00a0wybranych przez\u00a0siebie wierszy Agnieszki Osieckiej. Recytacja odbywa\u0142a si\u0119 bez\u00a0mikrofonu i\u00a0materia\u0142\u00f3w audiowizualnych.<\/p>\n<p>W\u00a0tegorocznej edycji udzia\u0142 wzi\u0119\u0142o 14 uczni\u00f3w z\u00a0Cz\u0119stochowy i\u00a0powiatu cz\u0119stochowskiego (5 gimnazj\u00f3w z\u00a0Cz\u0119stochowy i\u00a09 gimnazj\u00f3w z\u00a0powiatu cz\u0119stochowskiego).<\/p>\n<p>Opiek\u0119 merytoryczn\u0105 nad\u00a0gimnazjalistami sprawowali nauczyciele z\u00a0danej szko\u0142y.<\/p>\n<p>Do\u00a0zmaga\u0144 konkursowych przyst\u0105pili:<\/p>\n<ul>\n<li><em>Adrian Gruszczy\u0144ski<\/em> \u2013 Szko\u0142a Podstawowa nr\u00a053 z\u00a0Oddzia\u0142ami Integracyjnymi im.\u00a0Marii Curie-Sk\u0142odowskiej w\u00a0Cz\u0119stochowie (kl. II gimnazjum) ; opiekun Gra\u017cyna Mulica<\/li>\n<li><em>Marta Hubner<\/em> \u2013 Szko\u0142a Podstawowa nr\u00a041 w\u00a0Cz\u0119stochowie (kl. II gimnazjum) ; opiekun Agnieszka Gry\u015b<\/li>\n<li><em>Julia Kiedrzynek<\/em> \u2013 Gimnazjum w\u00a0Mykanowie (kl. III gimnazjum) ; opiekun Katarzyna Noszczyk<\/li>\n<li><em>Beata Ko\u0142odziejczyk<\/em> \u2013 Publiczne Gimnazjum Stowarzyszenia Przyjaci\u00f3\u0142 Szk\u00f3\u0142 Katolickich im.\u00a0\u015aw. J\u00f3zefa w\u00a0Cz\u0119stochowie (kl. II gimnazjum) ; opiekun Mariola Janik<\/li>\n<li><em>Justyna Kosielak<\/em> \u2013 Szko\u0142a Podstawowa im.\u00a0Jaros\u0142awa D\u0105browskiego w\u00a0Zr\u0119bicach (kl. II gimnazjum) ; opiekun Monika Hobot<\/li>\n<li><em>Emilia Ku\u015b \u2013<\/em> Szko\u0142a Podstawowa im.\u00a0Henryka Sienkiewicza w\u00a0Konopiskach z\u00a0wygasaj\u0105cymi oddzia\u0142ami gimnazjalnymi (kl. III gimnazjum) ; opiekun Renata G\u0119siarz<\/li>\n<li><em>Weronika Minkina<\/em> \u2013 Szko\u0142a Podstawowa im.\u00a0Kazimierza Wielkiego w\u00a0Hucie Starej B (kl. III gimnazjum) ; opiekun Joanna Kami\u0144ska<\/li>\n<li><em>Joanna Migalska<\/em> \u2013 Gimnazjum w\u00a0Zespole Szkolno-Przedszkolnym w\u00a0Przyrowie (kl. II gimnazjum) ; opiekun Alicja St\u0119pniewska-Nawaratne<\/li>\n<li>\u00a0<em>Justyna Mofina \u2013<\/em> Gimnazjum nr\u00a017 im.\u00a0Huberta Wagnera w\u00a0Cz\u0119stochowie (kl. III gimnazjum) ; opiekun Justyna Bartosik<\/li>\n<li><em>Wiktoria Nadolska<\/em> \u2013 Szko\u0142a Podstawowa nr\u00a029 im.\u00a0Kr\u00f3lowej Jadwigi w\u00a0Cz\u0119stochowie (kl. II gimnazjum) ; opiekun Magdalena Walocha<\/li>\n<li><em>Wiktoria Noco\u0144<\/em> \u2013 Gimnazjum w\u00a0Zespole Szkolno-Przedszkolnym im.\u00a0Jana Kochanowskiego w\u00a0Aleksandrii (kl. III gimnazjum) ; opiekun Ewa Chudzik<\/li>\n<li><em>Brunon Olewi\u0144ski<\/em> \u2013 Szko\u0142a Podstawowa z\u00a0oddzia\u0142ami gimnazjalnymi w\u00a0Olsztynie (kl. II gimnazjum) ; opiekun Beata D\u0119bska<\/li>\n<li><em>Adrianna Sieradzka<\/em> \u2013 Szko\u0142a Podstawowa im.\u00a0Tadeusza Ko\u015bciuszki w\u00a0Mstowie (kl. III gimnazjum) ; opiekun Magdalena Marsza\u0142ek<\/li>\n<li><em>Ma\u0142gorzata W\u0105si\u0144ska<\/em> \u2013 Szko\u0142a Podstawowa im.\u00a0Henryka Sienkiewicza w\u00a0Kamienicy Polskiej (kl. II gimnazjum) ; opiekun Barbara Dobosz<\/li>\n<\/ul>\n<p>Prezentacje uczestnik\u00f3w ocenia\u0142o jury w\u00a0sk\u0142adzie:<\/p>\n<p><strong>1.Beata Raczy\u0144ska <\/strong>\u2013 przewodnicz\u0105ca komisji, nauczyciel bibliotekarz Publicznej Biblioteki Pedagogicznej RODN \u201eWOM\u201d w\u00a0Cz\u0119stochowie.<\/p>\n<p><strong>2.Mariola Florek <\/strong>\u2013 kierownik dzia\u0142u imprez w\u00a0O\u015brodku Promocji Kultury <em>Gaude Mater<\/em> w\u00a0Cz\u0119stochowie.<\/p>\n<p><strong>3.Beata Gendek-Barhoumi \u2013 <\/strong>nauczyciel polonista VII Liceum Og\u00f3lnokszta\u0142c\u0105cego im.\u00a0Miko\u0142aja Kopernika w\u00a0Cz\u0119stochowie, prowadz\u0105ca teatr szkolny <em>Grupa pod\u00a0Wisz\u0105cym Kotem.<\/em><\/p>\n<p><strong>4.Anna Kostrzewa \u2013 <\/strong>nauczyciel polonista Prywatnej Szko\u0142y Podstawowej i\u00a0Gimnazjum SOKRATES w\u00a0Cz\u0119stochowie.<\/p>\n<p><strong>5.Irmina M\u0142ynarczyk \u2013 <\/strong>specjalista ds.\u00a0promocji Biblioteki Publicznej im.\u00a0dr.\u00a0W\u0142adys\u0142awa Biega\u0144skiego w\u00a0Cz\u0119stochowie, pracownik dzia\u0142u instrukcyjno\u2013metodycznego.<\/p>\n<p><strong>6.Dorota Musia\u0142 \u2013 <\/strong>instruktor ds.\u00a0teatralnych i\u00a0literackich Regionalnego O\u015brodka Kultury w\u00a0Cz\u0119stochowie.<\/p>\n<p>Zgodnie z\u00a0regulaminem na\u00a0ocen\u0119 recytacji mia\u0142y wp\u0142yw nast\u0119puj\u0105ce elementy: dob\u00f3r repertuaru, stopie\u0144 opanowania tekstu, artystyczna interpretacja utworu, kultura s\u0142owa i\u00a0og\u00f3lne wra\u017cenia artystyczne.<\/p>\n<p>Decyzj\u0105 jury przyznano nast\u0119puj\u0105ce miejsca:<\/p>\n<p><strong>I\u00a0miejsce<\/strong><\/p>\n<p>Beata Ko\u0142odziejczyk \u2013 Publiczne Gimnazjum Stowarzyszenia Przyjaci\u00f3\u0142 Szk\u00f3\u0142 Katolickich im.\u00a0\u015aw. J\u00f3zefa w\u00a0Cz\u0119stochowie, wiersz pt.\u00a0\u201eSerce\u201d.<\/p>\n<p><strong>II miejsce<\/strong><\/p>\n<p>Emilia Ku\u015b \u2013 Szko\u0142a Podstawowa im.\u00a0Henryka Sienkiewicza w\u00a0Konopiskach z\u00a0wygasaj\u0105cym oddzia\u0142ami gimnazjalnymi, wiersz \u201eOddalasz si\u0119\u201d.<\/p>\n<p><strong>III miejsce <\/strong><\/p>\n<ol>\n<li>Wiktoria Noco\u0144 \u2013 Gimnazjum w\u00a0Zespole Szkolno-Przedszkolnym im.\u00a0Jana Kochanowskiego w\u00a0Aleksandrii, wiersz \u201eJe\u017celi jest\u201d.<\/li>\n<li>Ma\u0142gorzata W\u0105si\u0144ska \u2013 Szko\u0142a Podstawowa im.\u00a0Henryka Sienkiewicza w\u00a0Kamienicy Polskiej, wiersz pt.\u00a0\u201eOczy tej\u00a0ma\u0142ej\u201d.<\/li>\n<\/ol>\n<p><strong>Wyr\u00f3\u017cnienie<\/strong><\/p>\n<p>Adrianna Sieradzka \u2013 Szko\u0142a Podstawowa im.\u00a0Tadeusza Ko\u015bciuszki w\u00a0Mstowie, wiersz \u201eAlbo-albo\u201d.<\/p>\n<p>Zwyci\u0119zcy otrzymali nagrody ksi\u0105\u017ckowe i\u00a0upominki ufundowane przez\u00a0Starost\u0119 Cz\u0119stochowskiego oraz\u00a0Towarzystwo Nauczycieli Bibliotekarzy Szk\u00f3\u0142 Polskich.<\/p>\n<p>Wszystkim uczestnikom gratulujemy. Nauczycielom dzi\u0119kujemy za\u00a0przygotowanie uczni\u00f3w do\u00a0udzia\u0142u w\u00a0naszym konkursie. Uczniom \u017cyczymy dalszych sukces\u00f3w.<\/p>\n<p style=\"text-align: right;\"><em>Katarzyna Kucharzewska<br \/>\nzdj\u0119cia: Marcin B\u0142och<br \/>\n<a href=\"https:\/\/pbp.womczest.edu.pl\/new\/galeria\/powiatowy-konkurs-recytatorski-poetyckie-krajobrazy-2017\/\">galeria<\/a><br \/>\n<\/em><\/p>\n","protected":false},"excerpt":{"rendered":"<p>19 pa\u017adziernika 2017 roku w\u00a0Regionalnym O\u015brodku Doskonalenia Nauczycieli \u201eWOM\u201d w\u00a0Cz\u0119stochowie odby\u0142 si\u0119 Powiatowy Konkurs Recytatorski Poetyckie Krajobrazy, po\u015bwi\u0119cony poezji Agnieszki Osieckiej w\u00a0zwi\u0105zku z\u00a0przypadaj\u0105c\u0105 w\u00a02017 roku 20. rocznic\u0105 \u015bmierci poetki. Konkurs adresowany do\u00a0uczni\u00f3w gimnazj\u00f3w miasta Cz\u0119stochowy oraz\u00a0powiatu cz\u0119stochowskiego zorganizowa\u0142a Publiczna Biblioteka Pedagogiczna RODN \u201eWOM\u201d w\u00a0Cz\u0119stochowie. W\u00a0tym roku odby\u0142a si\u0119 si\u00f3dma edycja konkursu, kt\u00f3ry\u00a0cieszy si\u0119 du\u017cym zainteresowaniem w\u015br\u00f3d uczni\u00f3w gimnazj\u00f3w Cz\u0119stochowy i\u00a0regionu. Honorowy patronat nad\u00a0konkursem obj\u0105\u0142 Pan Krzysztof Smela, Starosta Cz\u0119stochowski oraz\u00a0Pani<span class=\"ellipsis\">&hellip;<\/span><\/p>\n<div class=\"read-more\"><a href=\"https:\/\/pbp.womczest.edu.pl\/new\/powiatowy-konkurs-recytatorski-poetyckie-krajobrazy-2017\/\">Czytaj wi\u0119cej &#8250;<\/a><\/div>\n<p><!-- end of .read-more --><\/p>\n","protected":false},"author":6,"featured_media":0,"parent":0,"menu_order":0,"comment_status":"closed","ping_status":"closed","template":"","meta":{"footnotes":""},"jetpack_sharing_enabled":true,"jetpack_shortlink":"https:\/\/wp.me\/PgmV4H-2QG","_links":{"self":[{"href":"https:\/\/pbp.womczest.edu.pl\/new\/wp-json\/wp\/v2\/pages\/10954"}],"collection":[{"href":"https:\/\/pbp.womczest.edu.pl\/new\/wp-json\/wp\/v2\/pages"}],"about":[{"href":"https:\/\/pbp.womczest.edu.pl\/new\/wp-json\/wp\/v2\/types\/page"}],"author":[{"embeddable":true,"href":"https:\/\/pbp.womczest.edu.pl\/new\/wp-json\/wp\/v2\/users\/6"}],"replies":[{"embeddable":true,"href":"https:\/\/pbp.womczest.edu.pl\/new\/wp-json\/wp\/v2\/comments?post=10954"}],"version-history":[{"count":5,"href":"https:\/\/pbp.womczest.edu.pl\/new\/wp-json\/wp\/v2\/pages\/10954\/revisions"}],"predecessor-version":[{"id":12123,"href":"https:\/\/pbp.womczest.edu.pl\/new\/wp-json\/wp\/v2\/pages\/10954\/revisions\/12123"}],"wp:attachment":[{"href":"https:\/\/pbp.womczest.edu.pl\/new\/wp-json\/wp\/v2\/media?parent=10954"}],"curies":[{"name":"wp","href":"https:\/\/api.w.org\/{rel}","templated":true}]}}