


{"id":10880,"date":"2017-11-07T13:04:44","date_gmt":"2017-11-07T12:04:44","guid":{"rendered":"https:\/\/pbp.womczest.edu.pl\/new\/?page_id=10880"},"modified":"2017-11-07T13:06:25","modified_gmt":"2017-11-07T12:06:25","slug":"szkoly-ponadpodstawowe","status":"publish","type":"page","link":"https:\/\/pbp.womczest.edu.pl\/new\/kontakt\/lubliniec\/ustawa-podrecznikowa-materialy-do-pobrania\/szkoly-ponadpodstawowe\/","title":{"rendered":"szko\u0142y ponadpodstawowe"},"content":{"rendered":"<p>&nbsp;<\/p>\n<ul>\n<li><strong>Warsztat informacyjny Biblioteki Pedagogicznej w Lubli\u0144cu.<\/strong><\/li>\n<\/ul>\n<p>Zaj\u0119cia ucz\u0105ce umiej\u0119tno\u015bci korzystania z\u00a0katalog\u00f3w tradycyjnych i on-line naszej biblioteki.<\/p>\n<ul>\n<li><strong>Biblioteki i\u00a0repozytoria cyfrowe.<\/strong><\/li>\n<\/ul>\n<p>Zaj\u0119cia przybli\u017caj\u0105ce problematyk\u0119 bibliotek cyfrowych i\u00a0internetowych baz danych.<\/p>\n<ul>\n<li><strong>Cyberprzemoc.<\/strong><\/li>\n<\/ul>\n<p>Zaj\u0119cia o zagro\u017ceniach bezpiecze\u0144stwa w Internecie. Prezentacja niebezpiecznych zachowa\u0144 i ich konsekwencji oraz sposob\u00f3w ochrony przed nimi.<\/p>\n","protected":false},"excerpt":{"rendered":"<p>&nbsp; Warsztat informacyjny Biblioteki Pedagogicznej w Lubli\u0144cu. Zaj\u0119cia ucz\u0105ce umiej\u0119tno\u015bci korzystania z\u00a0katalog\u00f3w tradycyjnych i on-line naszej biblioteki. Biblioteki i\u00a0repozytoria cyfrowe. Zaj\u0119cia przybli\u017caj\u0105ce problematyk\u0119 bibliotek cyfrowych i\u00a0internetowych baz danych. Cyberprzemoc. Zaj\u0119cia o zagro\u017ceniach bezpiecze\u0144stwa w Internecie. Prezentacja niebezpiecznych zachowa\u0144 i ich konsekwencji oraz sposob\u00f3w ochrony przed nimi.<\/p>\n","protected":false},"author":4,"featured_media":0,"parent":6777,"menu_order":0,"comment_status":"closed","ping_status":"closed","template":"","meta":{"footnotes":""},"jetpack_sharing_enabled":true,"jetpack_shortlink":"https:\/\/wp.me\/PgmV4H-2Pu","_links":{"self":[{"href":"https:\/\/pbp.womczest.edu.pl\/new\/wp-json\/wp\/v2\/pages\/10880"}],"collection":[{"href":"https:\/\/pbp.womczest.edu.pl\/new\/wp-json\/wp\/v2\/pages"}],"about":[{"href":"https:\/\/pbp.womczest.edu.pl\/new\/wp-json\/wp\/v2\/types\/page"}],"author":[{"embeddable":true,"href":"https:\/\/pbp.womczest.edu.pl\/new\/wp-json\/wp\/v2\/users\/4"}],"replies":[{"embeddable":true,"href":"https:\/\/pbp.womczest.edu.pl\/new\/wp-json\/wp\/v2\/comments?post=10880"}],"version-history":[{"count":1,"href":"https:\/\/pbp.womczest.edu.pl\/new\/wp-json\/wp\/v2\/pages\/10880\/revisions"}],"predecessor-version":[{"id":10881,"href":"https:\/\/pbp.womczest.edu.pl\/new\/wp-json\/wp\/v2\/pages\/10880\/revisions\/10881"}],"up":[{"embeddable":true,"href":"https:\/\/pbp.womczest.edu.pl\/new\/wp-json\/wp\/v2\/pages\/6777"}],"wp:attachment":[{"href":"https:\/\/pbp.womczest.edu.pl\/new\/wp-json\/wp\/v2\/media?parent=10880"}],"curies":[{"name":"wp","href":"https:\/\/api.w.org\/{rel}","templated":true}]}}