


{"id":10876,"date":"2017-11-07T13:01:33","date_gmt":"2017-11-07T12:01:33","guid":{"rendered":"https:\/\/pbp.womczest.edu.pl\/new\/?page_id=10876"},"modified":"2017-11-07T13:02:18","modified_gmt":"2017-11-07T12:02:18","slug":"szkoly-podstawowe","status":"publish","type":"page","link":"https:\/\/pbp.womczest.edu.pl\/new\/kontakt\/lubliniec\/ustawa-podrecznikowa-materialy-do-pobrania\/szkoly-podstawowe\/","title":{"rendered":"szko\u0142y podstawowe"},"content":{"rendered":"<p>&nbsp;<\/p>\n<ul>\n<li><strong>Poznajemy bibliotek\u0119 i jej zbiory.<\/strong><\/li>\n<\/ul>\n<p>Zaj\u0119cia biblioteczne zapoznaj\u0105ce uczestnik\u00f3w z\u00a0prac\u0105 bibliotekarza i\u00a0zbiorami, jakie gromadzi biblioteka w\u00a0zale\u017cno\u015bci od\u00a0jej typu.<\/p>\n<ul>\n<li><strong>Syrop Maga Abrakabry.<\/strong><\/li>\n<\/ul>\n<p>Przedstawienie teatralne z udzia\u0142em uczni\u00f3w. Zaj\u0119cia o wielokulturowo\u015bci, tolerancji i szacunku do innych ludzi.<\/p>\n<ul>\n<li><strong>Smok Wawelski, Czerwony Kapturek. <\/strong><\/li>\n<\/ul>\n<p>Przedstawienia kukie\u0142kowe.<\/p>\n<ul>\n<li><strong>Jak powstaje ksi\u0105\u017cka.<\/strong><\/li>\n<\/ul>\n<p>Warsztaty biblioteczne. Prezentacja procesu powstawania ksi\u0105\u017cki i om\u00f3wienie najwa\u017cniejszych zagadnie\u0144 zwi\u0105zanych z ksi\u0119garstwem i bibliotekarstwem.<\/p>\n<ul>\n<li><strong>Zaj\u0119cia z elementami biblioterapii.<\/strong><\/li>\n<\/ul>\n<p>Przedstawienia z wykorzystaniem teatrzyku Kamishibai i tworzenie sztuki origami.<\/p>\n<ul>\n<li><strong>Konkursy.<\/strong><\/li>\n<\/ul>\n<p><em>Ba\u015bnie, legendy i podania G\u00f3rnego \u015al\u0105ska<\/em> \u2013 konkurs plastyczny dla klas V.<\/p>\n<p><em>Najaktywniej czytaj\u0105cy trzecioklasista<\/em> \u2013 konkurs czytelniczy dla klas III.<\/p>\n<ul>\n<li><strong>Cyberprzemoc.<\/strong><\/li>\n<\/ul>\n<p>Zaj\u0119cia o zagro\u017ceniach bezpiecze\u0144stwa w Internecie. Prezentacja niebezpiecznych zachowa\u0144 i ich konsekwencji oraz sposob\u00f3w ochrony przed nimi.<\/p>\n<p>&nbsp;<\/p>\n","protected":false},"excerpt":{"rendered":"<p>&nbsp; Poznajemy bibliotek\u0119 i jej zbiory. Zaj\u0119cia biblioteczne zapoznaj\u0105ce uczestnik\u00f3w z\u00a0prac\u0105 bibliotekarza i\u00a0zbiorami, jakie gromadzi biblioteka w\u00a0zale\u017cno\u015bci od\u00a0jej typu. Syrop Maga Abrakabry. Przedstawienie teatralne z udzia\u0142em uczni\u00f3w. Zaj\u0119cia o wielokulturowo\u015bci, tolerancji i szacunku do innych ludzi. Smok Wawelski, Czerwony Kapturek. Przedstawienia kukie\u0142kowe. Jak powstaje ksi\u0105\u017cka. Warsztaty biblioteczne. Prezentacja procesu powstawania ksi\u0105\u017cki i om\u00f3wienie najwa\u017cniejszych zagadnie\u0144 zwi\u0105zanych z ksi\u0119garstwem i bibliotekarstwem. Zaj\u0119cia z elementami biblioterapii. Przedstawienia z wykorzystaniem teatrzyku Kamishibai i<span class=\"ellipsis\">&hellip;<\/span><\/p>\n<div class=\"read-more\"><a href=\"https:\/\/pbp.womczest.edu.pl\/new\/kontakt\/lubliniec\/ustawa-podrecznikowa-materialy-do-pobrania\/szkoly-podstawowe\/\">Czytaj wi\u0119cej &#8250;<\/a><\/div>\n<p><!-- end of .read-more --><\/p>\n","protected":false},"author":4,"featured_media":0,"parent":6777,"menu_order":0,"comment_status":"closed","ping_status":"closed","template":"","meta":{"footnotes":""},"jetpack_sharing_enabled":true,"jetpack_shortlink":"https:\/\/wp.me\/PgmV4H-2Pq","_links":{"self":[{"href":"https:\/\/pbp.womczest.edu.pl\/new\/wp-json\/wp\/v2\/pages\/10876"}],"collection":[{"href":"https:\/\/pbp.womczest.edu.pl\/new\/wp-json\/wp\/v2\/pages"}],"about":[{"href":"https:\/\/pbp.womczest.edu.pl\/new\/wp-json\/wp\/v2\/types\/page"}],"author":[{"embeddable":true,"href":"https:\/\/pbp.womczest.edu.pl\/new\/wp-json\/wp\/v2\/users\/4"}],"replies":[{"embeddable":true,"href":"https:\/\/pbp.womczest.edu.pl\/new\/wp-json\/wp\/v2\/comments?post=10876"}],"version-history":[{"count":2,"href":"https:\/\/pbp.womczest.edu.pl\/new\/wp-json\/wp\/v2\/pages\/10876\/revisions"}],"predecessor-version":[{"id":10878,"href":"https:\/\/pbp.womczest.edu.pl\/new\/wp-json\/wp\/v2\/pages\/10876\/revisions\/10878"}],"up":[{"embeddable":true,"href":"https:\/\/pbp.womczest.edu.pl\/new\/wp-json\/wp\/v2\/pages\/6777"}],"wp:attachment":[{"href":"https:\/\/pbp.womczest.edu.pl\/new\/wp-json\/wp\/v2\/media?parent=10876"}],"curies":[{"name":"wp","href":"https:\/\/api.w.org\/{rel}","templated":true}]}}