


{"id":10867,"date":"2017-11-07T12:52:33","date_gmt":"2017-11-07T11:52:33","guid":{"rendered":"https:\/\/pbp.womczest.edu.pl\/new\/?page_id=10867"},"modified":"2017-11-07T13:07:16","modified_gmt":"2017-11-07T12:07:16","slug":"przedszkola-2","status":"publish","type":"page","link":"https:\/\/pbp.womczest.edu.pl\/new\/kontakt\/lubliniec\/ustawa-podrecznikowa-materialy-do-pobrania\/przedszkola-2\/","title":{"rendered":"przedszkola"},"content":{"rendered":"<p>&nbsp;<\/p>\n<ul>\n<li><strong>Czytanie z rymem i rytmem.<\/strong><\/li>\n<\/ul>\n<p>Zaj\u0119cia oparte na wierszach Juliana Tuwima realizowane w ramach akcji <em>Ca\u0142a Polska czyta dzieciom.<\/em><\/p>\n<ul>\n<li><strong>W krainie ba\u015bni.<\/strong><\/li>\n<\/ul>\n<p>Zaj\u0119cia realizowane w ramach akcji <em>Ca\u0142a Polska czyta dzieciom<\/em>. Podczas zaj\u0119\u0107 czytane s\u0105 fragmenty znanych bajek europejskich.<\/p>\n<ul>\n<li><strong>Przyjaciele planety Ziemia.<\/strong><\/li>\n<\/ul>\n<p>Zaj\u0119cia z\u00a0zakresu edukacji czytelniczej i\u00a0ekologicznej oparte na ksi\u0105\u017cce <em>Marta i\u00a0ufoludek. <\/em><\/p>\n<ul>\n<li><strong>Przedstawienia teatralne z wykorzystaniem teatrzyku Kamishibai.<\/strong><\/li>\n<\/ul>\n<p>&nbsp;<\/p>\n<ul>\n<li><strong>Smok Wawelski, Czerwony Kapturek. <\/strong><\/li>\n<\/ul>\n<p>Przedstawienia kukie\u0142kowe.<\/p>\n","protected":false},"excerpt":{"rendered":"<p>&nbsp; Czytanie z rymem i rytmem. Zaj\u0119cia oparte na wierszach Juliana Tuwima realizowane w ramach akcji Ca\u0142a Polska czyta dzieciom. W krainie ba\u015bni. Zaj\u0119cia realizowane w ramach akcji Ca\u0142a Polska czyta dzieciom. Podczas zaj\u0119\u0107 czytane s\u0105 fragmenty znanych bajek europejskich. Przyjaciele planety Ziemia. Zaj\u0119cia z\u00a0zakresu edukacji czytelniczej i\u00a0ekologicznej oparte na ksi\u0105\u017cce Marta i\u00a0ufoludek. Przedstawienia teatralne z wykorzystaniem teatrzyku Kamishibai. &nbsp; Smok Wawelski, Czerwony Kapturek. Przedstawienia kukie\u0142kowe.<\/p>\n","protected":false},"author":4,"featured_media":0,"parent":6777,"menu_order":0,"comment_status":"closed","ping_status":"closed","template":"","meta":{"footnotes":""},"jetpack_sharing_enabled":true,"jetpack_shortlink":"https:\/\/wp.me\/PgmV4H-2Ph","_links":{"self":[{"href":"https:\/\/pbp.womczest.edu.pl\/new\/wp-json\/wp\/v2\/pages\/10867"}],"collection":[{"href":"https:\/\/pbp.womczest.edu.pl\/new\/wp-json\/wp\/v2\/pages"}],"about":[{"href":"https:\/\/pbp.womczest.edu.pl\/new\/wp-json\/wp\/v2\/types\/page"}],"author":[{"embeddable":true,"href":"https:\/\/pbp.womczest.edu.pl\/new\/wp-json\/wp\/v2\/users\/4"}],"replies":[{"embeddable":true,"href":"https:\/\/pbp.womczest.edu.pl\/new\/wp-json\/wp\/v2\/comments?post=10867"}],"version-history":[{"count":6,"href":"https:\/\/pbp.womczest.edu.pl\/new\/wp-json\/wp\/v2\/pages\/10867\/revisions"}],"predecessor-version":[{"id":10883,"href":"https:\/\/pbp.womczest.edu.pl\/new\/wp-json\/wp\/v2\/pages\/10867\/revisions\/10883"}],"up":[{"embeddable":true,"href":"https:\/\/pbp.womczest.edu.pl\/new\/wp-json\/wp\/v2\/pages\/6777"}],"wp:attachment":[{"href":"https:\/\/pbp.womczest.edu.pl\/new\/wp-json\/wp\/v2\/media?parent=10867"}],"curies":[{"name":"wp","href":"https:\/\/api.w.org\/{rel}","templated":true}]}}