


{"id":10595,"date":"2017-10-02T12:40:48","date_gmt":"2017-10-02T10:40:48","guid":{"rendered":"https:\/\/pbp.womczest.edu.pl\/new\/?page_id=10595"},"modified":"2018-08-27T14:17:28","modified_gmt":"2018-08-27T12:17:28","slug":"spotkanie-autorskie-z-grzegorzem-jankowiczem-autorem-ksiazki-zycie-na-poczytaniu-rozmowy-o-literaturze-i-reszcie-swiata","status":"publish","type":"page","link":"https:\/\/pbp.womczest.edu.pl\/new\/edukacja\/inne-wydarzenia\/spotkanie-autorskie-z-grzegorzem-jankowiczem-autorem-ksiazki-zycie-na-poczytaniu-rozmowy-o-literaturze-i-reszcie-swiata\/","title":{"rendered":"Spotkanie autorskie z Grzegorzem Jankowiczem, autorem ksi\u0105\u017cki \u201e\u017bycie na poczytaniu. Rozmowy o literaturze i reszcie \u015bwiata\u201d"},"content":{"rendered":"<p><img decoding=\"async\" loading=\"lazy\" class=\"size-medium wp-image-10568 alignleft\" src=\"https:\/\/pbp.womczest.edu.pl\/new\/wp-content\/uploads\/2017\/09\/22117907_1635117353207590_203510130_o-300x169.jpg\" alt=\"\" width=\"300\" height=\"169\" srcset=\"https:\/\/pbp.womczest.edu.pl\/new\/wp-content\/uploads\/2017\/09\/22117907_1635117353207590_203510130_o-300x169.jpg 300w, https:\/\/pbp.womczest.edu.pl\/new\/wp-content\/uploads\/2017\/09\/22117907_1635117353207590_203510130_o-768x433.jpg 768w, https:\/\/pbp.womczest.edu.pl\/new\/wp-content\/uploads\/2017\/09\/22117907_1635117353207590_203510130_o-1000x564.jpg 1000w, https:\/\/pbp.womczest.edu.pl\/new\/wp-content\/uploads\/2017\/09\/22117907_1635117353207590_203510130_o-100x56.jpg 100w, https:\/\/pbp.womczest.edu.pl\/new\/wp-content\/uploads\/2017\/09\/22117907_1635117353207590_203510130_o-150x85.jpg 150w, https:\/\/pbp.womczest.edu.pl\/new\/wp-content\/uploads\/2017\/09\/22117907_1635117353207590_203510130_o-200x113.jpg 200w, https:\/\/pbp.womczest.edu.pl\/new\/wp-content\/uploads\/2017\/09\/22117907_1635117353207590_203510130_o-450x254.jpg 450w, https:\/\/pbp.womczest.edu.pl\/new\/wp-content\/uploads\/2017\/09\/22117907_1635117353207590_203510130_o-600x339.jpg 600w, https:\/\/pbp.womczest.edu.pl\/new\/wp-content\/uploads\/2017\/09\/22117907_1635117353207590_203510130_o-900x508.jpg 900w, https:\/\/pbp.womczest.edu.pl\/new\/wp-content\/uploads\/2017\/09\/22117907_1635117353207590_203510130_o.jpg 1200w\" sizes=\"(max-width: 300px) 100vw, 300px\" \/>8 maja 2017 r. w Publicznej Bibliotece Pedagogicznej RODN \u201eWOM\u201d w Cz\u0119stochowie odby\u0142o si\u0119 spotkanie autorskie z panem Grzegorzem Jankowiczem, dyrektorem programowym Festiwalu Conrada, krytykiem literatury, wyk\u0142adowc\u0105, \u015bwietnym pedagogiem i rozm\u00f3wc\u0105. Spotkanie zosta\u0142o zorganizowane we wsp\u00f3\u0142pracy z Bibliotek\u0105 Publiczn\u0105 im. dr. W\u0142adys\u0142awa Biega\u0144skiego w Cz\u0119stochowie. Na spotkanie przyby\u0142a m\u0142odzie\u017c z <img decoding=\"async\" loading=\"lazy\" class=\" wp-image-10569 alignright\" src=\"https:\/\/pbp.womczest.edu.pl\/new\/wp-content\/uploads\/2017\/09\/22140147_1635117106540948_1959994234_o-300x169.jpg\" alt=\"\" width=\"279\" height=\"157\" srcset=\"https:\/\/pbp.womczest.edu.pl\/new\/wp-content\/uploads\/2017\/09\/22140147_1635117106540948_1959994234_o-300x169.jpg 300w, https:\/\/pbp.womczest.edu.pl\/new\/wp-content\/uploads\/2017\/09\/22140147_1635117106540948_1959994234_o-768x433.jpg 768w, https:\/\/pbp.womczest.edu.pl\/new\/wp-content\/uploads\/2017\/09\/22140147_1635117106540948_1959994234_o-1000x564.jpg 1000w, https:\/\/pbp.womczest.edu.pl\/new\/wp-content\/uploads\/2017\/09\/22140147_1635117106540948_1959994234_o-100x56.jpg 100w, https:\/\/pbp.womczest.edu.pl\/new\/wp-content\/uploads\/2017\/09\/22140147_1635117106540948_1959994234_o-150x85.jpg 150w, https:\/\/pbp.womczest.edu.pl\/new\/wp-content\/uploads\/2017\/09\/22140147_1635117106540948_1959994234_o-200x113.jpg 200w, https:\/\/pbp.womczest.edu.pl\/new\/wp-content\/uploads\/2017\/09\/22140147_1635117106540948_1959994234_o-450x254.jpg 450w, https:\/\/pbp.womczest.edu.pl\/new\/wp-content\/uploads\/2017\/09\/22140147_1635117106540948_1959994234_o-600x339.jpg 600w, https:\/\/pbp.womczest.edu.pl\/new\/wp-content\/uploads\/2017\/09\/22140147_1635117106540948_1959994234_o-900x508.jpg 900w, https:\/\/pbp.womczest.edu.pl\/new\/wp-content\/uploads\/2017\/09\/22140147_1635117106540948_1959994234_o.jpg 1200w\" sizes=\"(max-width: 279px) 100vw, 279px\" \/>cz\u0119stochowskich szk\u00f3\u0142 ponadgimnazjalnych. Najnowsza ksi\u0105\u017cka pana Jankowicza \u201e\u017bycie na poczytaniu. Rozmowy o literaturze i reszcie \u015bwiata\u201d sta\u0142a si\u0119 punktem wyj\u015bcia do rozmowy o tym, co dzieje si\u0119 po czytaniu i jak zmienia si\u0119 odbi\u00f3r otaczaj\u0105cego nas \u015bwiata. M\u0142odzie\u017c zadawa\u0142a wiele pyta\u0144, jak r\u00f3wnie\u017c dzieli\u0142a si\u0119 z autorem swoimi czytelniczymi do\u015bwiadczeniami. Pan Jankowicz w barwny i interesuj\u0105cy spos\u00f3b omawia\u0142 trudne dla m\u0142odych ludzi zagadnienia teorii literatury udowadniaj\u0105c im, \u017ce fundamentem \u015bwiata wed\u0142ug niego jest literatura. W spotkaniu wzi\u0119\u0142y udzia\u0142 82 osoby.<\/p>\n<p style=\"text-align: right;\"><em>tekst i zdj\u0119cia: Anna D\u0105browska<\/em><\/p>\n","protected":false},"excerpt":{"rendered":"<p>8 maja 2017 r. w Publicznej Bibliotece Pedagogicznej RODN \u201eWOM\u201d w Cz\u0119stochowie odby\u0142o si\u0119 spotkanie autorskie z panem Grzegorzem Jankowiczem, dyrektorem programowym Festiwalu Conrada, krytykiem literatury, wyk\u0142adowc\u0105, \u015bwietnym pedagogiem i rozm\u00f3wc\u0105. Spotkanie zosta\u0142o zorganizowane we wsp\u00f3\u0142pracy z Bibliotek\u0105 Publiczn\u0105 im. dr. W\u0142adys\u0142awa Biega\u0144skiego w Cz\u0119stochowie. Na spotkanie przyby\u0142a m\u0142odzie\u017c z cz\u0119stochowskich szk\u00f3\u0142 ponadgimnazjalnych. Najnowsza ksi\u0105\u017cka pana Jankowicza \u201e\u017bycie na poczytaniu. Rozmowy o literaturze i reszcie \u015bwiata\u201d sta\u0142a si\u0119 punktem wyj\u015bcia<span class=\"ellipsis\">&hellip;<\/span><\/p>\n<div class=\"read-more\"><a href=\"https:\/\/pbp.womczest.edu.pl\/new\/edukacja\/inne-wydarzenia\/spotkanie-autorskie-z-grzegorzem-jankowiczem-autorem-ksiazki-zycie-na-poczytaniu-rozmowy-o-literaturze-i-reszcie-swiata\/\">Czytaj wi\u0119cej &#8250;<\/a><\/div>\n<p><!-- end of .read-more --><\/p>\n","protected":false},"author":4,"featured_media":0,"parent":2651,"menu_order":0,"comment_status":"closed","ping_status":"closed","template":"","meta":{"footnotes":""},"jetpack_sharing_enabled":true,"jetpack_shortlink":"https:\/\/wp.me\/PgmV4H-2KT","_links":{"self":[{"href":"https:\/\/pbp.womczest.edu.pl\/new\/wp-json\/wp\/v2\/pages\/10595"}],"collection":[{"href":"https:\/\/pbp.womczest.edu.pl\/new\/wp-json\/wp\/v2\/pages"}],"about":[{"href":"https:\/\/pbp.womczest.edu.pl\/new\/wp-json\/wp\/v2\/types\/page"}],"author":[{"embeddable":true,"href":"https:\/\/pbp.womczest.edu.pl\/new\/wp-json\/wp\/v2\/users\/4"}],"replies":[{"embeddable":true,"href":"https:\/\/pbp.womczest.edu.pl\/new\/wp-json\/wp\/v2\/comments?post=10595"}],"version-history":[{"count":3,"href":"https:\/\/pbp.womczest.edu.pl\/new\/wp-json\/wp\/v2\/pages\/10595\/revisions"}],"predecessor-version":[{"id":12188,"href":"https:\/\/pbp.womczest.edu.pl\/new\/wp-json\/wp\/v2\/pages\/10595\/revisions\/12188"}],"up":[{"embeddable":true,"href":"https:\/\/pbp.womczest.edu.pl\/new\/wp-json\/wp\/v2\/pages\/2651"}],"wp:attachment":[{"href":"https:\/\/pbp.womczest.edu.pl\/new\/wp-json\/wp\/v2\/media?parent=10595"}],"curies":[{"name":"wp","href":"https:\/\/api.w.org\/{rel}","templated":true}]}}