


{"id":10424,"date":"2017-09-20T09:47:27","date_gmt":"2017-09-20T07:47:27","guid":{"rendered":"https:\/\/pbp.womczest.edu.pl\/new\/?page_id=10424"},"modified":"2025-03-11T10:05:18","modified_gmt":"2025-03-11T09:05:18","slug":"szkoly-ponadgimnazjalne","status":"publish","type":"page","link":"https:\/\/pbp.womczest.edu.pl\/new\/szkoly-ponadgimnazjalne\/","title":{"rendered":"Szko\u0142y ponadpodstawowe"},"content":{"rendered":"<ul>\n<li><strong><em>Jak skutecznie, w zgodzie z prawem, korzysta\u0107 z informacji?<\/em><\/strong><\/li>\n<\/ul>\n<p>Zarz\u0105dzanie informacj\u0105 to temat obecny w szkole na ka\u017cdym etapie nauczania. Dla ucznia szko\u0142y ponadpodstawowej ma szczeg\u00f3lne znaczenie, poniewa\u017c od niego wymagana jest wi\u0119ksza samodzielno\u015b\u0107 w zdobywaniu wiedzy. Zaj\u0119cia te pozwol\u0105 uczniom zapozna\u0107 si\u0119 ze skutecznymi sposobami docierania do rzetelnej informacji, odpowiedniej do wieku rozwojowego. Uczniowie b\u0119d\u0105 tak\u017ce doskonali\u0107 umiej\u0119tno\u015b\u0107 korzystania z r\u00f3\u017cnych \u017ar\u00f3de\u0142 informacji w zgodzie z prawem. Poznaj\u0105 zagadnienia z obszaru prawa autorskiego i licencji Creative Commons.<\/p>\n<ul>\n<li><strong><em>Manipulacyjna funkcja komunikatu<\/em><\/strong><\/li>\n<\/ul>\n<p>Zaj\u0119cia zapoznaj\u0105 uczni\u00f3w z procesem komunikowania si\u0119 oraz z metod\u0105 manipulacji odbiorc\u0105 poprzez zastosowanie komunikatu perswazyjnego. Ucze\u0144 u\u015bwiadamia sobie, w kt\u00f3rym momencie procesu komunikowania i w jaki spos\u00f3b nast\u0119puje celowe przekszta\u0142cenie tre\u015bci informacji w celu nadania jej funkcji manipulacyjnej oraz dowiaduje si\u0119, kiedy takie komunikaty s\u0105 u\u017cywane.<\/p>\n<ul>\n<li><strong><em>Poznawanie siebie<\/em><\/strong><\/li>\n<\/ul>\n<p>Zaj\u0119cia warsztatowe. Uczniowie poznaj\u0105 typy temperament\u00f3w, pr\u00f3buj\u0105 okre\u015bli\u0107 cechy swojego temperamentu, poznaj\u0105 r\u00f3\u017cne aspekty w\u0142asnej osobowo\u015bci \u2013 swoje wady i zalety, mocne i s\u0142abe strony. M\u0142odzie\u017c ma okazj\u0119 do refleksji nad samym sob\u0105 i do samooceny oraz poszerza samo\u015bwiadomo\u015b\u0107.<\/p>\n<ul>\n<li><strong><em>Sposoby wykorzystania programu Canva<\/em><\/strong><\/li>\n<\/ul>\n<p>Na zaj\u0119ciach uczniowie zapoznaj\u0105 si\u0119 z podstawowymi funkcjami narz\u0119dzia cyfrowego <em>Canva<\/em>. Uczestnicy b\u0119d\u0105 mieli mo\u017cliwo\u015b\u0107 wykonania kartki z \u017cyczeniami, plakatu, zaproszenia, infografiki lub ok\u0142adki ksi\u0105\u017cki (do wyboru). <u>Warunkiem uczestnictwa jest wcze\u015bniejsze za\u0142o\u017cenie sobie konta w wy\u017cej wymienionym programie.<\/u> Zaj\u0119cia odbywaj\u0105 si\u0119 w sali komputerowej.<\/p>\n<ul>\n<li><strong><em>B\u0105d\u017amy razem<\/em><\/strong><\/li>\n<\/ul>\n<p>Integracyjne zaj\u0119cia z elementami biblioterapii, kszta\u0142tuj\u0105ce poczucie w\u0142asnej warto\u015bci oraz postaw\u0119 wzajemnego szacunku i tolerancji.<\/p>\n<ul>\n<li><strong><em>Zanim nasta\u0142y media cyfrowe<\/em><\/strong><\/li>\n<\/ul>\n<p>Prelekcja po\u0142\u0105czona z prezentacj\u0105 wynalazk\u00f3w i historycznych urz\u0105dze\u0144 multimedialnych skupiaj\u0105ca si\u0119 na no\u015bnikach d\u017awi\u0119ku i obrazu.<br \/>\nZwiedzanie wystawy mo\u017ce by\u0107 realizowane przy okazji udzia\u0142u w innych zaj\u0119ciach. Trwa maksymalnie do 1 godziny zegarowej.<\/p>\n<p><span style=\"color: #800000;\"><strong>BIBLIOTERAPIA<\/strong><\/span><\/p>\n<ul>\n<li><strong><em>Pude\u0142ko szcz\u0119\u015bcia \u2013 warsztaty arteterapeutyczne<\/em><\/strong><\/li>\n<\/ul>\n<p>Warsztatowe zaj\u0119cia wyra\u017cania siebie i w\u0142asnych emocji, budowania swojego ja i wzmacniania poczucia warto\u015bci. Zaj\u0119cia z elementami arteterapii (techniki plastyczne). <u>Rezerwacje tylko dla ma\u0142ych grup (do 15 os\u00f3b)<\/u>.<\/p>\n<ul>\n<li><strong><em>S\u0142owa maj\u0105 moc! \u2013 warsztaty z poezjoterapii<\/em><\/strong><\/li>\n<\/ul>\n<p>Warsztatowe zaj\u0119cia tworzenia poezji, wyra\u017cania siebie, swoich emocji i prze\u017cy\u0107 za pomoc\u0105 pracy z wierszem. Zaj\u0119cia zawieraj\u0105 elementy arteterapii. <u>Rezerwacje tylko dla ma\u0142ych grup (do 15 os\u00f3b)<\/u>.<\/p>\n","protected":false},"excerpt":{"rendered":"<p>Jak skutecznie, w zgodzie z prawem, korzysta\u0107 z informacji? Zarz\u0105dzanie informacj\u0105 to temat obecny w szkole na ka\u017cdym etapie nauczania. Dla ucznia szko\u0142y ponadpodstawowej ma szczeg\u00f3lne znaczenie, poniewa\u017c od niego wymagana jest wi\u0119ksza samodzielno\u015b\u0107 w zdobywaniu wiedzy. Zaj\u0119cia te pozwol\u0105 uczniom zapozna\u0107 si\u0119 ze skutecznymi sposobami docierania do rzetelnej informacji, odpowiedniej do wieku rozwojowego. Uczniowie b\u0119d\u0105 tak\u017ce doskonali\u0107 umiej\u0119tno\u015b\u0107 korzystania z r\u00f3\u017cnych \u017ar\u00f3de\u0142 informacji w zgodzie z prawem. Poznaj\u0105 zagadnienia<span class=\"ellipsis\">&hellip;<\/span><\/p>\n<div class=\"read-more\"><a href=\"https:\/\/pbp.womczest.edu.pl\/new\/szkoly-ponadgimnazjalne\/\">Czytaj wi\u0119cej &#8250;<\/a><\/div>\n<p><!-- end of .read-more --><\/p>\n","protected":false},"author":5,"featured_media":0,"parent":0,"menu_order":0,"comment_status":"closed","ping_status":"closed","template":"full-width-page.php","meta":{"footnotes":""},"jetpack_sharing_enabled":true,"jetpack_shortlink":"https:\/\/wp.me\/PgmV4H-2I8","_links":{"self":[{"href":"https:\/\/pbp.womczest.edu.pl\/new\/wp-json\/wp\/v2\/pages\/10424"}],"collection":[{"href":"https:\/\/pbp.womczest.edu.pl\/new\/wp-json\/wp\/v2\/pages"}],"about":[{"href":"https:\/\/pbp.womczest.edu.pl\/new\/wp-json\/wp\/v2\/types\/page"}],"author":[{"embeddable":true,"href":"https:\/\/pbp.womczest.edu.pl\/new\/wp-json\/wp\/v2\/users\/5"}],"replies":[{"embeddable":true,"href":"https:\/\/pbp.womczest.edu.pl\/new\/wp-json\/wp\/v2\/comments?post=10424"}],"version-history":[{"count":29,"href":"https:\/\/pbp.womczest.edu.pl\/new\/wp-json\/wp\/v2\/pages\/10424\/revisions"}],"predecessor-version":[{"id":26606,"href":"https:\/\/pbp.womczest.edu.pl\/new\/wp-json\/wp\/v2\/pages\/10424\/revisions\/26606"}],"wp:attachment":[{"href":"https:\/\/pbp.womczest.edu.pl\/new\/wp-json\/wp\/v2\/media?parent=10424"}],"curies":[{"name":"wp","href":"https:\/\/api.w.org\/{rel}","templated":true}]}}