


{"id":10335,"date":"2017-09-07T09:26:40","date_gmt":"2017-09-07T07:26:40","guid":{"rendered":"https:\/\/pbp.womczest.edu.pl\/new\/?page_id=10335"},"modified":"2017-09-14T10:29:13","modified_gmt":"2017-09-14T08:29:13","slug":"narodowe-czytanie-2017-w-pbp-rodn-wom-w-czestochowie","status":"publish","type":"page","link":"https:\/\/pbp.womczest.edu.pl\/new\/narodowe-czytanie-2017-w-pbp-rodn-wom-w-czestochowie\/","title":{"rendered":"Narodowe Czytanie 2017 w PBP RODN &#8222;WOM&#8221; w Cz\u0119stochowie"},"content":{"rendered":"<p><img decoding=\"async\" loading=\"lazy\" class=\"wp-image-10058 alignleft\" src=\"https:\/\/pbp.womczest.edu.pl\/new\/wp-content\/uploads\/2017\/07\/baner_bezdaty.jpg\" alt=\"\" width=\"259\" height=\"160\" srcset=\"https:\/\/pbp.womczest.edu.pl\/new\/wp-content\/uploads\/2017\/07\/baner_bezdaty.jpg 4492w, https:\/\/pbp.womczest.edu.pl\/new\/wp-content\/uploads\/2017\/07\/baner_bezdaty-300x185.jpg 300w, https:\/\/pbp.womczest.edu.pl\/new\/wp-content\/uploads\/2017\/07\/baner_bezdaty-768x474.jpg 768w, https:\/\/pbp.womczest.edu.pl\/new\/wp-content\/uploads\/2017\/07\/baner_bezdaty-1000x617.jpg 1000w, https:\/\/pbp.womczest.edu.pl\/new\/wp-content\/uploads\/2017\/07\/baner_bezdaty-100x62.jpg 100w, https:\/\/pbp.womczest.edu.pl\/new\/wp-content\/uploads\/2017\/07\/baner_bezdaty-150x93.jpg 150w, https:\/\/pbp.womczest.edu.pl\/new\/wp-content\/uploads\/2017\/07\/baner_bezdaty-200x123.jpg 200w, https:\/\/pbp.womczest.edu.pl\/new\/wp-content\/uploads\/2017\/07\/baner_bezdaty-450x278.jpg 450w, https:\/\/pbp.womczest.edu.pl\/new\/wp-content\/uploads\/2017\/07\/baner_bezdaty-600x370.jpg 600w, https:\/\/pbp.womczest.edu.pl\/new\/wp-content\/uploads\/2017\/07\/baner_bezdaty-900x556.jpg 900w\" sizes=\"(max-width: 259px) 100vw, 259px\" \/>5 wrze\u015bnia 2017 roku w Publicznej Bibliotece Pedagogicznej Regionalnego O\u015brodka Doskonalenia Nauczycieli w Cz\u0119stochowie odby\u0142a si\u0119 kolejna edycja Narodowego Czytania, og\u00f3lnopolskiej akcji, zorganizowanej pod patronatem Pary Prezydenckiej.<\/p>\n<p>Lektur\u0105 tegorocznego Narodowego Czytania by\u0142o <em>Wesele <\/em>Stanis\u0142awa Wyspia\u0144skiego. Wybrane fragmenty dramatu przeczytali z podzia\u0142em na \u00a0role uczniowie II Liceum Og\u00f3lnokszta\u0142c\u0105cego im. Romualda Traugutta w <em>Cz\u0119stochowie. Do wyst\u0119pu przygotowa\u0142a uczni\u00f3w nauczycielka j\u0119zyka polskiego, pani Barbara Budzowska.<\/em><\/p>\n<p><em>S\u0142uchaczami by\u0142a m\u0142odzie\u017c z cz\u0119stochowskich szk\u00f3\u0142 \u015brednich, nauczyciele oraz przedstawiciele wsp\u00f3\u0142pracuj\u0105cych z Publiczn\u0105 Bibliotek\u0105 Pedagogiczn\u0105 instytucji kulturalnych i o\u015bwiatowych.<\/em><\/p>\n<p>T\u0142o dla czytanego dramatu stanowi\u0142a prezentacja multimedialna wzbogacona muzyk\u0105 Marka Grechuty i Czes\u0142awa Niemena. Tw\u00f3rczo\u015b\u0107 Stanis\u0142awa Wyspia\u0144skiego oraz zbiory PBP RODN &#8222;WOM&#8221;\u00a0przybli\u017cy\u0142a uczestnikom Narodowego Czytania okoliczno\u015bciowa wystawa.<\/p>\n<p>Ch\u0119tni mieli mo\u017cliwo\u015b\u0107 ostemplowania w\u0142asnych egzemplarzy <em>Wesela <\/em>okoliczno\u015bciow\u0105 piecz\u0119ci\u0105, przes\u0142an\u0105 przez Kancelari\u0119 Prezydenta Rzeczypospolitej Polskiej.<\/p>\n<p style=\"text-align: right;\"><em>Izabela Bajor, Justyna Gali\u0144ska<br \/>\n<a href=\"https:\/\/pbp.womczest.edu.pl\/new\/galeria\/narodowe-czytanie-2017\/\">galeria<\/a><br \/>\n<\/em><\/p>\n","protected":false},"excerpt":{"rendered":"<p>5 wrze\u015bnia 2017 roku w Publicznej Bibliotece Pedagogicznej Regionalnego O\u015brodka Doskonalenia Nauczycieli w Cz\u0119stochowie odby\u0142a si\u0119 kolejna edycja Narodowego Czytania, og\u00f3lnopolskiej akcji, zorganizowanej pod patronatem Pary Prezydenckiej. Lektur\u0105 tegorocznego Narodowego Czytania by\u0142o Wesele Stanis\u0142awa Wyspia\u0144skiego. Wybrane fragmenty dramatu przeczytali z podzia\u0142em na \u00a0role uczniowie II Liceum Og\u00f3lnokszta\u0142c\u0105cego im. Romualda Traugutta w Cz\u0119stochowie. Do wyst\u0119pu przygotowa\u0142a uczni\u00f3w nauczycielka j\u0119zyka polskiego, pani Barbara Budzowska. S\u0142uchaczami by\u0142a m\u0142odzie\u017c z cz\u0119stochowskich szk\u00f3\u0142 \u015brednich, nauczyciele<span class=\"ellipsis\">&hellip;<\/span><\/p>\n<div class=\"read-more\"><a href=\"https:\/\/pbp.womczest.edu.pl\/new\/narodowe-czytanie-2017-w-pbp-rodn-wom-w-czestochowie\/\">Czytaj wi\u0119cej &#8250;<\/a><\/div>\n<p><!-- end of .read-more --><\/p>\n","protected":false},"author":6,"featured_media":0,"parent":0,"menu_order":0,"comment_status":"closed","ping_status":"closed","template":"","meta":{"footnotes":""},"jetpack_sharing_enabled":true,"jetpack_shortlink":"https:\/\/wp.me\/PgmV4H-2GH","_links":{"self":[{"href":"https:\/\/pbp.womczest.edu.pl\/new\/wp-json\/wp\/v2\/pages\/10335"}],"collection":[{"href":"https:\/\/pbp.womczest.edu.pl\/new\/wp-json\/wp\/v2\/pages"}],"about":[{"href":"https:\/\/pbp.womczest.edu.pl\/new\/wp-json\/wp\/v2\/types\/page"}],"author":[{"embeddable":true,"href":"https:\/\/pbp.womczest.edu.pl\/new\/wp-json\/wp\/v2\/users\/6"}],"replies":[{"embeddable":true,"href":"https:\/\/pbp.womczest.edu.pl\/new\/wp-json\/wp\/v2\/comments?post=10335"}],"version-history":[{"count":2,"href":"https:\/\/pbp.womczest.edu.pl\/new\/wp-json\/wp\/v2\/pages\/10335\/revisions"}],"predecessor-version":[{"id":10382,"href":"https:\/\/pbp.womczest.edu.pl\/new\/wp-json\/wp\/v2\/pages\/10335\/revisions\/10382"}],"wp:attachment":[{"href":"https:\/\/pbp.womczest.edu.pl\/new\/wp-json\/wp\/v2\/media?parent=10335"}],"curies":[{"name":"wp","href":"https:\/\/api.w.org\/{rel}","templated":true}]}}