


{"id":10291,"date":"2017-08-14T13:07:34","date_gmt":"2017-08-14T11:07:34","guid":{"rendered":"https:\/\/pbp.womczest.edu.pl\/new\/?page_id=10291"},"modified":"2017-08-14T13:07:34","modified_gmt":"2017-08-14T11:07:34","slug":"noc-bibliotek-2017","status":"publish","type":"page","link":"https:\/\/pbp.womczest.edu.pl\/new\/noc-bibliotek-2017\/","title":{"rendered":"Noc Bibliotek 2017"},"content":{"rendered":"<p class=\"entry-title post-title\"><strong>III Og\u00f3lnopolska Noc Bibliotek<br \/>\n<\/strong><\/p>\n<div class=\"post-entry\">\n<p>3. czerwca 2017\u00a0r. w\u00a0Publicznej Bibliotece Pedagogicznej RODN \u201eWOM\u201d w\u00a0Cz\u0119stochowie odby\u0142a si\u0119 po\u00a0raz trzeci Noc Bibliotek. Has\u0142o tegorocznej edycji to\u00a0<em>Czytanie porusza. <\/em>Podobnie jak w\u00a0zesz\u0142ym roku na\u00a0uczestnik\u00f3w czeka\u0142o wiele atrakcji maj\u0105cych na\u00a0celu promocj\u0119 czytelnictwa i\u00a0biblioteki jako instytucji, w\u00a0kt\u00f3rej warto bywa\u0107 regularnie.<\/p>\n<p>Tegoroczna Noc Bibliotek rozpocz\u0119\u0142a si\u0119 o\u00a0godzinie 16.30 w\u00a0Auli Forum RODN \u201eWOM\u201d, gdzie pani wicedyrektor ds.\u00a0bibliotek pedagogicznych Renata Lipniewska przywita\u0142a przyby\u0142ych go\u015bci.\u00a0 Nast\u0119pnie uczestnicy obejrzeli film pt.\u00a0<em>Biuro detektywistyczne Lassego i\u00a0Mai: Stella Nostra.<\/em><\/p>\n<p>Po\u00a0obejrzeniu filmu dzieci wraz z\u00a0opiekunami mogli skorzysta\u0107 z\u00a0bogatej oferty zaj\u0119\u0107 proponowanych przez\u00a0pracownik\u00f3w biblioteki. Ka\u017cdy uczestnik m\u00f3g\u0142 \u201eprzywita\u0107 si\u0119\u201d z\u00a0bibliotek\u0105 i\u00a0zosta\u0107 tw\u00f3rc\u0105 wsp\u00f3lnej kompozycji plastycznej umieszczonej w\u00a0holu przy Auli Forum. Ponadto nasi go\u015bcie mogli uczestniczy\u0107 w\u00a0rodzinnych warsztatach czytelniczo-plastycznych <em>Rodzina i\u00a0dom, <\/em>w\u00a0trakcie kt\u00f3rych\u00a0powsta\u0142a sporych rozmiar\u00f3w makieta domu stworzona z\u00a0pude\u0142 i\u00a0karton\u00f3w, pokolorowana przez\u00a0najm\u0142odszych uczestnik\u00f3w imprezy.<\/p>\n<p>W\u00a0wypo\u017cyczalni mo\u017cna by\u0142o wypo\u017cyczy\u0107, podobnie jak rok temu, wi\u0119ksz\u0105 ni\u017c zwykle ilo\u015b\u0107 ksi\u0105\u017cek. W\u00a0czytelni czasopism mo\u017cna by\u0142o skorzysta\u0107 z\u00a0rodzinnego k\u0105cika gier i\u00a0zabaw \u2013 <em>Gry \u0142\u0105cz\u0105 pokolenia<\/em>, gdzie rodzice mieli okazj\u0119 przypomnie\u0107 sobie gry i\u00a0zabawy sprzed lat, np.\u00a0statki, pa\u0144stwa i\u00a0miasta, k\u00f3\u0142ko i\u00a0krzy\u017cyk czy\u00a0kalambury i\u00a0pogra\u0107 razem z\u00a0dzie\u0107mi. Poniewa\u017c has\u0142o tegorocznej Nocy Bibliotek brzmia\u0142o <em>Czytanie porusza<\/em> nie\u00a0zabrak\u0142o r\u00f3wnie\u017c zabaw ruchowych, np.\u00a0<em>Wygibajtus<\/em>, kt\u00f3ry\u00a0cieszy\u0142 si\u0119 ogromnym zainteresowaniem, zar\u00f3wno w\u015br\u00f3d dzieci, jak i\u00a0doros\u0142ych. Natomiast w\u00a0czytelni naukowej najm\u0142odsi uczestnicy mogli wzi\u0105\u0107 udzia\u0142 w\u00a0zaj\u0119ciach czytelniczo-multimedialnych <em>Bajkowy tablet<\/em> z\u00a0wykorzystaniem tablicy interaktywnej, tablet\u00f3w i\u00a0urz\u0105dze\u0144 mobilnych<em>.<\/em><\/p>\n<p>Du\u017cym zainteresowaniem cieszy\u0142y si\u0119 tak\u017ce zaj\u0119cia pod\u00a0nazw\u0105 <em>Kraina kwitn\u0105cej wi\u015bni,<\/em> w\u00a0trakcie kt\u00f3rych\u00a0uczestnicy w\u00a0pomieszczeniu udekorowanym w\u00a0stylu japo\u0144skim, mogli pozna\u0107 kultur\u0119 i\u00a0tradycje Japonii oraz\u00a0obejrze\u0107 i\u00a0wys\u0142ucha\u0107 opowie\u015bci z\u00a0wykorzystaniem teatrzyku ilustracji Kamishibai. Dla os\u00f3b chc\u0105cych po\u0107wiczy\u0107 sw\u00f3j m\u00f3zg pracownicy biblioteki przygotowali zaj\u0119cia czytelnicze z\u00a0elementami treningu m\u00f3zgu pn<em>. Czytanie porusza m\u00f3zg. <\/em>W\u00a0trakcie zaj\u0119\u0107 dzieci pozna\u0142y budow\u0119 i\u00a0rol\u0119 m\u00f3zgu w\u00a0oparciu o\u00a0lektur\u0119 ksi\u0105\u017cki pt.\u00a0<em>Jak dzia\u0142a m\u00f3zg?<\/em> z\u00a0serii <em>Moje\u00a0cia\u0142o<\/em> autorstwa Sally Hewitt w\u00a0t\u0142umaczeniu Jakuba Kowalczyka. Uczestnicy dowiedzieli si\u0119 r\u00f3wnie\u017c wielu ciekawych rzeczy o\u00a0zmys\u0142ach, uczeniu si\u0119, zapami\u0119tywaniu i\u00a0uczuciach. Wszystkie informacje wzbogacone by\u0142y multimedialnym pokazem slajd\u00f3w oraz\u00a0zabawami ruchowymi. Dzieci \u0107wiczy\u0142y prac\u0119 swoich m\u00f3zg\u00f3w bior\u0105c udzia\u0142 w\u00a0r\u00f3\u017cnych do\u015bwiadczeniach, jak r\u00f3wnie\u017c rozwi\u0105zuj\u0105c krzy\u017c\u00f3wki i\u00a0\u0142amig\u0142\u00f3wki.<\/p>\n<p>Dla m\u0142odzie\u017cy i\u00a0doros\u0142ych zorganizowany zosta\u0142 <em>Minifestiwal film\u00f3w o\u00a0Cz\u0119stochowie<\/em>, kt\u00f3rych\u00a0autorami s\u0105 osoby zwi\u0105zane z\u00a0naszym miastem. Uczestnicy Nocy Bibliotek mogli r\u00f3wnie\u017c wzi\u0105\u0107 udzia\u0142 w\u00a0kursie pierwszej pomocy przedmedycznej prowadzonym przez\u00a0ratownika medycznego. Podobnie jak w\u00a0zesz\u0142ym roku go\u015bcili\u015bmy przedstawicieli firmy <em>Bard \u2013 centrum gier,<\/em> kt\u00f3rzy\u00a0zaprezentowali niezwykle ciekawe i\u00a0zajmuj\u0105ce gry planszowe, kt\u00f3re r\u00f3wnie\u017c w\u00a0tym roku cieszy\u0142y si\u0119 ogromnym powodzeniem.<\/p>\n<p>Na\u00a0zako\u0144czenie tegorocznej Nocy Bibliotek odby\u0142 si\u0119 wzbudzaj\u0105cy wiele emocji <em>Bajkowy quiz interaktywny<\/em> przygotowany w\u00a0aplikacji Kahoot! Wszyscy uczestnicy otrzymali drobne upominki, a\u00a0zwyci\u0119zca quizu nagrod\u0119 ksi\u0105\u017ckow\u0105. W\u00a0imprezie bra\u0142y udzia\u0142 r\u00f3wnie\u017c wolontariuszki \u2013 uczennice Gimnazjum nr\u00a05 im.\u00a0Miko\u0142aja Reja i\u00a0Gimnazjum nr\u00a014 im.\u00a0Kr\u00f3lowej Jadwigi w\u00a0Cz\u0119stochowie, kt\u00f3re dzielnie wspiera\u0142y nasze dzia\u0142ania i\u00a0s\u0142u\u017cy\u0142y pomoc\u0105 w\u00a0trakcie imprezy.<\/p>\n<p>Tegoroczna III edycja Og\u00f3lnopolskiej Nocy Bibliotek by\u0142a r\u00f3wnie udana jak poprzednie, dostarczy\u0142a wielu emocji, wzrusze\u0144 i\u00a0dobrej zabawy. Dla uczestnik\u00f3w by\u0142a okazj\u0105 do\u00a0poznania biblioteki jako instytucji, kt\u00f3ra\u00a0kojarzy si\u0119 nie\u00a0tylko ksi\u0105\u017ckami, jak r\u00f3wnie\u017c zach\u0119t\u0105 do\u00a0korzystania z\u00a0niej przez\u00a0ca\u0142y rok.<\/p>\n<p>&nbsp;<\/p>\n<p style=\"text-align: right;\"><em>Marta Ma\u0142ek,<br \/>\nzdj\u0119cia: Izabela Bajor<br \/>\n<a href=\"https:\/\/pbp.womczest.edu.pl\/new\/galeria\/noc-bibliotek-2017\/\">galeria<\/a><\/em><\/p>\n<\/div>\n","protected":false},"excerpt":{"rendered":"<p>III Og\u00f3lnopolska Noc Bibliotek 3. czerwca 2017\u00a0r. w\u00a0Publicznej Bibliotece Pedagogicznej RODN \u201eWOM\u201d w\u00a0Cz\u0119stochowie odby\u0142a si\u0119 po\u00a0raz trzeci Noc Bibliotek. Has\u0142o tegorocznej edycji to\u00a0Czytanie porusza. Podobnie jak w\u00a0zesz\u0142ym roku na\u00a0uczestnik\u00f3w czeka\u0142o wiele atrakcji maj\u0105cych na\u00a0celu promocj\u0119 czytelnictwa i\u00a0biblioteki jako instytucji, w\u00a0kt\u00f3rej warto bywa\u0107 regularnie. Tegoroczna Noc Bibliotek rozpocz\u0119\u0142a si\u0119 o\u00a0godzinie 16.30 w\u00a0Auli Forum RODN \u201eWOM\u201d, gdzie pani wicedyrektor ds.\u00a0bibliotek pedagogicznych Renata Lipniewska przywita\u0142a przyby\u0142ych go\u015bci.\u00a0 Nast\u0119pnie uczestnicy obejrzeli film pt.\u00a0Biuro detektywistyczne<span class=\"ellipsis\">&hellip;<\/span><\/p>\n<div class=\"read-more\"><a href=\"https:\/\/pbp.womczest.edu.pl\/new\/noc-bibliotek-2017\/\">Czytaj wi\u0119cej &#8250;<\/a><\/div>\n<p><!-- end of .read-more --><\/p>\n","protected":false},"author":6,"featured_media":0,"parent":0,"menu_order":0,"comment_status":"closed","ping_status":"closed","template":"","meta":{"footnotes":""},"jetpack_sharing_enabled":true,"jetpack_shortlink":"https:\/\/wp.me\/PgmV4H-2FZ","_links":{"self":[{"href":"https:\/\/pbp.womczest.edu.pl\/new\/wp-json\/wp\/v2\/pages\/10291"}],"collection":[{"href":"https:\/\/pbp.womczest.edu.pl\/new\/wp-json\/wp\/v2\/pages"}],"about":[{"href":"https:\/\/pbp.womczest.edu.pl\/new\/wp-json\/wp\/v2\/types\/page"}],"author":[{"embeddable":true,"href":"https:\/\/pbp.womczest.edu.pl\/new\/wp-json\/wp\/v2\/users\/6"}],"replies":[{"embeddable":true,"href":"https:\/\/pbp.womczest.edu.pl\/new\/wp-json\/wp\/v2\/comments?post=10291"}],"version-history":[{"count":1,"href":"https:\/\/pbp.womczest.edu.pl\/new\/wp-json\/wp\/v2\/pages\/10291\/revisions"}],"predecessor-version":[{"id":10292,"href":"https:\/\/pbp.womczest.edu.pl\/new\/wp-json\/wp\/v2\/pages\/10291\/revisions\/10292"}],"wp:attachment":[{"href":"https:\/\/pbp.womczest.edu.pl\/new\/wp-json\/wp\/v2\/media?parent=10291"}],"curies":[{"name":"wp","href":"https:\/\/api.w.org\/{rel}","templated":true}]}}