


{"id":10260,"date":"2017-08-10T12:41:03","date_gmt":"2017-08-10T10:41:03","guid":{"rendered":"https:\/\/pbp.womczest.edu.pl\/new\/?page_id=10260"},"modified":"2017-08-10T12:41:03","modified_gmt":"2017-08-10T10:41:03","slug":"promocja-czytelnictwa-w-roku-szkolnym-20162017-podsumowanie","status":"publish","type":"page","link":"https:\/\/pbp.womczest.edu.pl\/new\/kontakt\/lubliniec\/inne-wydarzenia\/promocja-czytelnictwa-w-roku-szkolnym-20162017-podsumowanie\/","title":{"rendered":"Promocja czytelnictwa w roku szkolnym 2016\/2017 &#8211; podsumowanie"},"content":{"rendered":"<p style=\"text-align: center;\"><em><strong>\u00a0<\/strong><\/em><\/p>\n<p>W ramach realizacji kierunku polityki o\u015bwiatowej pa\u0144stwa na\u00a0rok szkolny 2016\/2017 \u201eUpowszechnianie czytelnictwa, rozwijanie kompetencji czytelniczych w\u015br\u00f3d dzieci i\u00a0m\u0142odzie\u017cy\u201d wraz z plac\u00f3wkami o\u015bwiatowymi powiatu lublinieckiego podj\u0119\u0142y\u015bmy dzia\u0142ania promuj\u0105ce czytelnictwo.<\/p>\n<p><img decoding=\"async\" loading=\"lazy\" class=\" wp-image-9574 alignleft\" src=\"https:\/\/pbp.womczest.edu.pl\/new\/wp-content\/uploads\/2015\/05\/unnamed-4-300x225.jpg\" alt=\"unnamed\" width=\"176\" height=\"132\" srcset=\"https:\/\/pbp.womczest.edu.pl\/new\/wp-content\/uploads\/2015\/05\/unnamed-4-300x225.jpg 300w, https:\/\/pbp.womczest.edu.pl\/new\/wp-content\/uploads\/2015\/05\/unnamed-4-768x576.jpg 768w, https:\/\/pbp.womczest.edu.pl\/new\/wp-content\/uploads\/2015\/05\/unnamed-4-1000x750.jpg 1000w, https:\/\/pbp.womczest.edu.pl\/new\/wp-content\/uploads\/2015\/05\/unnamed-4-100x75.jpg 100w, https:\/\/pbp.womczest.edu.pl\/new\/wp-content\/uploads\/2015\/05\/unnamed-4-150x113.jpg 150w, https:\/\/pbp.womczest.edu.pl\/new\/wp-content\/uploads\/2015\/05\/unnamed-4-200x150.jpg 200w, https:\/\/pbp.womczest.edu.pl\/new\/wp-content\/uploads\/2015\/05\/unnamed-4-450x338.jpg 450w, https:\/\/pbp.womczest.edu.pl\/new\/wp-content\/uploads\/2015\/05\/unnamed-4-600x450.jpg 600w, https:\/\/pbp.womczest.edu.pl\/new\/wp-content\/uploads\/2015\/05\/unnamed-4-900x675.jpg 900w, https:\/\/pbp.womczest.edu.pl\/new\/wp-content\/uploads\/2015\/05\/unnamed-4.jpg 1020w\" sizes=\"(max-width: 176px) 100vw, 176px\" \/>We wrze\u015bniu, wsp\u00f3lnie z\u00a0nauczycielami bibliotekarzami Szko\u0142y Podstawowej nr 1 w\u00a0Lubli\u0144cu, zaprosi\u0142y\u015bmy najm\u0142odszych uczni\u00f3w na\u00a0\u201e\u015aniadanie i g\u0142o\u015bne czytanie\u201d. Korzystaj\u0105c z pi\u0119knego wrze\u015bniowego s\u0142o\u0144ca spotkali\u015bmy si\u0119 w cieniu lipy rosn\u0105cej na dziedzi\u0144cu szko\u0142y, aby czyta\u0107 ulubione teksty z literatury dzieci\u0119cej.<\/p>\n<p>W ramach akcji \u201eNarodowe Czytanie\u201d, razem z nauczycielami Publicznej Szko\u0142y Podstawowej i Gminnej Biblioteki Publicznej w Pawonkowie, czyta\u0142y\u015bmy fragmenty powie\u015bci H.\u00a0Sienkiewicza \u2013 \u201eQuo vadis\u201d. Uczniowie przedstawili scenki, kt\u00f3rym towarzyszy\u0142y d\u017awi\u0119ki keyboardu i\u00a0klarnetu. T\u0142em dla\u00a0czytaj\u0105cych i\u00a0m\u0142odych artyst\u00f3w by\u0142a\u00a0wystawa po\u015bwi\u0119cona powie\u015bci i\u00a0jej\u00a0autorowi przygotowana przez\u00a0pracownik\u00f3w naszej plac\u00f3wki.<\/p>\n<p>W pa\u017adzierniku, \u201eMi\u0119dzynarodowym Miesi\u0105cu Bibliotek Szkolnych\u201d, zorganizowa\u0142y\u015bmy w\u00a0szko\u0142ach powiatu lublinieckiego zaj\u0119cia plastyczne i\u00a0teatralne.<\/p>\n<p>W Szkole Podstawowej nr 1 w\u00a0Lubli\u0144cu przedstawi\u0142y\u015bmy inscenizacj\u0119 \u201eSmok Wawelski\u201d i\u00a0przeprowadzi\u0142y\u015bmy zaj\u0119cia \u201eSyrop maga Abrakabry\u201d. W\u00a0Szkole Podstawowej w\u00a0Ko\u015bmidrach zorganizowa\u0142y\u015bmy zaj\u0119cia plastyczne z\u00a0wykorzystaniem techniki origami.<\/p>\n<p>W spotkaniach pog\u0142\u0119biaj\u0105cych wiedz\u0119 o teatrze wzi\u0119li udzia\u0142 pierwszoklasi\u015bci Szko\u0142y Podstawowej i przedszkolaki Publicznego Przedszkola w\u00a0Ko\u015bmidrach oraz Miejskiego Przedszkola nr 8 w Lubli\u0144cu.<\/p>\n<p>W listopadzie, z\u00a0inscenizacj\u0105 kukie\u0142kow\u0105 \u201eSmok Wawelski\u201d i papierowym teatrem kamishibai, odwiedzi\u0142y\u015bmy uczni\u00f3w nauczania pocz\u0105tkowego Szko\u0142y Podstawowej nr 3 oraz wychowank\u00f3w internatu Specjalnego O\u015brodka Szkolno-Wychowawczego w\u00a0Lubli\u0144cu.<\/p>\n<p>W okresie ferii zimowych spotka\u0142y\u015bmy si\u0119 z dzie\u0107mi na\u00a0zaj\u0119ciach pod\u00a0has\u0142em<\/p>\n<p>\u201eFerie z bajk\u0105\u201d. We\u00a0wsp\u00f3\u0142pracy z\u00a0bibliotekarzami Miejsko-Powiatowej Biblioteki Publicznej w\u00a0Lubli\u0144cu zaprezentowa\u0142y\u015bmy inscenizacje kukie\u0142kowe \u201eCzerwony Kapturek\u201d i\u00a0\u201eSmok Wawelski\u201d, do\u00a0kt\u00f3rych przygotowa\u0142y\u015bmy scenariusze, opraw\u0119 sceniczn\u0105, kukie\u0142ki i\u00a0stroje.<\/p>\n<p>W styczniu inscenizacj\u0119 \u201eCzerwony Kapturek\u201d obejrzeli r\u00f3wnie\u017c wychowankowie Przedszkola Katolickiego im.\u00a0Edyty Stein KSW w\u00a0Lubli\u0144cu.<\/p>\n<p>Inn\u0105 form\u0105 upowszechniana czytelnictwa by\u0142\u00a0mi\u0119dzyszkolny konkurs plastyczny &#8222;Ba\u015bnie, legendy i podania G\u00f3rnego \u015al\u0105ska&#8221;, kt\u00f3ry zorganizowa\u0142y\u015bmy wsp\u00f3lnie ze\u00a0Szko\u0142\u0105 Podstawow\u0105 nr 1 w\u00a0Lubli\u0144cu. Jego celem by\u0142o zach\u0119cenie pi\u0105toklasist\u00f3w do\u00a0czytania poda\u0144 i\u00a0legend zwi\u0105zanych z dziedzictwem kulturowym w\u0142asnego regionu.<\/p>\n<p>Podczas cyklicznych spotka\u0144 \u201eW krainie ba\u015bni\u201d, zach\u0119ca\u0142y\u015bmy przedszkolak\u00f3w oraz\u00a0uczni\u00f3w nauczania pocz\u0105tkowego Zespo\u0142u Szkolno-Przedszkolnego w\u00a0Glinicy do\u00a0odwiedzin biblioteki i\u00a0samodzielnego czytania.<\/p>\n<p>Wszystkim uczniom i\u00a0nauczycielom dzi\u0119kujemy za\u00a0wsp\u00f3lnie sp\u0119dzony czas i\u00a0zach\u0119camy do\u00a0dalszej wsp\u00f3\u0142pracy.<br \/>\n<a href=\"https:\/\/pbp.womczest.edu.pl\/new\/galeria\/promocja-czytelnictwa-lubliniec-2017\/\">galeria<\/a><\/p>\n","protected":false},"excerpt":{"rendered":"<p>\u00a0 W ramach realizacji kierunku polityki o\u015bwiatowej pa\u0144stwa na\u00a0rok szkolny 2016\/2017 \u201eUpowszechnianie czytelnictwa, rozwijanie kompetencji czytelniczych w\u015br\u00f3d dzieci i\u00a0m\u0142odzie\u017cy\u201d wraz z plac\u00f3wkami o\u015bwiatowymi powiatu lublinieckiego podj\u0119\u0142y\u015bmy dzia\u0142ania promuj\u0105ce czytelnictwo. We wrze\u015bniu, wsp\u00f3lnie z\u00a0nauczycielami bibliotekarzami Szko\u0142y Podstawowej nr 1 w\u00a0Lubli\u0144cu, zaprosi\u0142y\u015bmy najm\u0142odszych uczni\u00f3w na\u00a0\u201e\u015aniadanie i g\u0142o\u015bne czytanie\u201d. Korzystaj\u0105c z pi\u0119knego wrze\u015bniowego s\u0142o\u0144ca spotkali\u015bmy si\u0119 w cieniu lipy rosn\u0105cej na dziedzi\u0144cu szko\u0142y, aby czyta\u0107 ulubione teksty z literatury dzieci\u0119cej. W ramach akcji<span class=\"ellipsis\">&hellip;<\/span><\/p>\n<div class=\"read-more\"><a href=\"https:\/\/pbp.womczest.edu.pl\/new\/kontakt\/lubliniec\/inne-wydarzenia\/promocja-czytelnictwa-w-roku-szkolnym-20162017-podsumowanie\/\">Czytaj wi\u0119cej &#8250;<\/a><\/div>\n<p><!-- end of .read-more --><\/p>\n","protected":false},"author":4,"featured_media":0,"parent":7619,"menu_order":0,"comment_status":"closed","ping_status":"closed","template":"","meta":{"footnotes":""},"jetpack_sharing_enabled":true,"jetpack_shortlink":"https:\/\/wp.me\/PgmV4H-2Fu","_links":{"self":[{"href":"https:\/\/pbp.womczest.edu.pl\/new\/wp-json\/wp\/v2\/pages\/10260"}],"collection":[{"href":"https:\/\/pbp.womczest.edu.pl\/new\/wp-json\/wp\/v2\/pages"}],"about":[{"href":"https:\/\/pbp.womczest.edu.pl\/new\/wp-json\/wp\/v2\/types\/page"}],"author":[{"embeddable":true,"href":"https:\/\/pbp.womczest.edu.pl\/new\/wp-json\/wp\/v2\/users\/4"}],"replies":[{"embeddable":true,"href":"https:\/\/pbp.womczest.edu.pl\/new\/wp-json\/wp\/v2\/comments?post=10260"}],"version-history":[{"count":1,"href":"https:\/\/pbp.womczest.edu.pl\/new\/wp-json\/wp\/v2\/pages\/10260\/revisions"}],"predecessor-version":[{"id":10261,"href":"https:\/\/pbp.womczest.edu.pl\/new\/wp-json\/wp\/v2\/pages\/10260\/revisions\/10261"}],"up":[{"embeddable":true,"href":"https:\/\/pbp.womczest.edu.pl\/new\/wp-json\/wp\/v2\/pages\/7619"}],"wp:attachment":[{"href":"https:\/\/pbp.womczest.edu.pl\/new\/wp-json\/wp\/v2\/media?parent=10260"}],"curies":[{"name":"wp","href":"https:\/\/api.w.org\/{rel}","templated":true}]}}