


{"id":10257,"date":"2017-08-10T12:36:31","date_gmt":"2017-08-10T10:36:31","guid":{"rendered":"https:\/\/pbp.womczest.edu.pl\/new\/?page_id=10257"},"modified":"2017-08-10T12:36:31","modified_gmt":"2017-08-10T10:36:31","slug":"przyjaciele-planety-ziemia-2017-relacja-z-zajec-czytelniczych","status":"publish","type":"page","link":"https:\/\/pbp.womczest.edu.pl\/new\/kontakt\/lubliniec\/inne-wydarzenia\/przyjaciele-planety-ziemia-2017-relacja-z-zajec-czytelniczych\/","title":{"rendered":"Przyjaciele planety Ziemia 2017 \u2013 relacja z zaj\u0119\u0107 czytelniczych"},"content":{"rendered":"<hr \/>\n<p style=\"text-align: center;\"><em><strong>\u00a0<\/strong><\/em><\/p>\n<p style=\"text-align: left;\"><img decoding=\"async\" loading=\"lazy\" class=\" wp-image-9721 alignleft\" src=\"https:\/\/pbp.womczest.edu.pl\/new\/wp-content\/uploads\/2015\/05\/unnamed-8-300x169.jpg\" alt=\"\" width=\"220\" height=\"124\" srcset=\"https:\/\/pbp.womczest.edu.pl\/new\/wp-content\/uploads\/2015\/05\/unnamed-8-300x169.jpg 300w, https:\/\/pbp.womczest.edu.pl\/new\/wp-content\/uploads\/2015\/05\/unnamed-8-100x56.jpg 100w, https:\/\/pbp.womczest.edu.pl\/new\/wp-content\/uploads\/2015\/05\/unnamed-8-150x84.jpg 150w, https:\/\/pbp.womczest.edu.pl\/new\/wp-content\/uploads\/2015\/05\/unnamed-8-200x113.jpg 200w, https:\/\/pbp.womczest.edu.pl\/new\/wp-content\/uploads\/2015\/05\/unnamed-8-450x253.jpg 450w, https:\/\/pbp.womczest.edu.pl\/new\/wp-content\/uploads\/2015\/05\/unnamed-8-600x338.jpg 600w, https:\/\/pbp.womczest.edu.pl\/new\/wp-content\/uploads\/2015\/05\/unnamed-8.jpg 640w\" sizes=\"(max-width: 220px) 100vw, 220px\" \/>W marcu i kwietniu 2017 r. wychowankowie Przedszkola Pod D\u0119bem w Kosz\u0119cinie oraz uczniowie Szko\u0142y Podstawowej nr 1 w Lubli\u0144cu uczestniczyli w zaj\u0119ciach czytelniczych pt.: \u201ePrzyjaciele planety Ziemia\u201d, zorganizowanych w ramach wiosennego sprz\u0105tania \u015bwiata.<br \/>\nPodczas spotkania, s\u0142uchaj\u0105c utworu Majki Je\u017cowskiej \u201eMoja Planeta\u201d, wybrali\u015bmy si\u0119 na wirtualn\u0105 wycieczk\u0119 po naszej planecie. Nast\u0119pnie przeczytali\u015bmy ksi\u0105\u017ck\u0119 Wojciecha Wid\u0142aka \u201eMarta i ufoludek\u201d. Czytanie urozmaici\u0142a nam zabawa polegaj\u0105ca na segregacji niepotrzebnych materia\u0142\u00f3w, z kt\u00f3rych dzieci, zach\u0119cone przez nasz\u0105 ksi\u0105\u017ckow\u0105 bohaterk\u0119 Mart\u0119, wybra\u0142y dla siebie produkty do zrobienia w\u0142asnego tajemniczego Ufoludka Recyklinga.<\/p>\n","protected":false},"excerpt":{"rendered":"<p>\u00a0 W marcu i kwietniu 2017 r. wychowankowie Przedszkola Pod D\u0119bem w Kosz\u0119cinie oraz uczniowie Szko\u0142y Podstawowej nr 1 w Lubli\u0144cu uczestniczyli w zaj\u0119ciach czytelniczych pt.: \u201ePrzyjaciele planety Ziemia\u201d, zorganizowanych w ramach wiosennego sprz\u0105tania \u015bwiata. Podczas spotkania, s\u0142uchaj\u0105c utworu Majki Je\u017cowskiej \u201eMoja Planeta\u201d, wybrali\u015bmy si\u0119 na wirtualn\u0105 wycieczk\u0119 po naszej planecie. Nast\u0119pnie przeczytali\u015bmy ksi\u0105\u017ck\u0119 Wojciecha Wid\u0142aka \u201eMarta i ufoludek\u201d. Czytanie urozmaici\u0142a nam zabawa polegaj\u0105ca na segregacji niepotrzebnych materia\u0142\u00f3w, z kt\u00f3rych<span class=\"ellipsis\">&hellip;<\/span><\/p>\n<div class=\"read-more\"><a href=\"https:\/\/pbp.womczest.edu.pl\/new\/kontakt\/lubliniec\/inne-wydarzenia\/przyjaciele-planety-ziemia-2017-relacja-z-zajec-czytelniczych\/\">Czytaj wi\u0119cej &#8250;<\/a><\/div>\n<p><!-- end of .read-more --><\/p>\n","protected":false},"author":4,"featured_media":0,"parent":7619,"menu_order":0,"comment_status":"closed","ping_status":"closed","template":"","meta":{"footnotes":""},"jetpack_sharing_enabled":true,"jetpack_shortlink":"https:\/\/wp.me\/PgmV4H-2Fr","_links":{"self":[{"href":"https:\/\/pbp.womczest.edu.pl\/new\/wp-json\/wp\/v2\/pages\/10257"}],"collection":[{"href":"https:\/\/pbp.womczest.edu.pl\/new\/wp-json\/wp\/v2\/pages"}],"about":[{"href":"https:\/\/pbp.womczest.edu.pl\/new\/wp-json\/wp\/v2\/types\/page"}],"author":[{"embeddable":true,"href":"https:\/\/pbp.womczest.edu.pl\/new\/wp-json\/wp\/v2\/users\/4"}],"replies":[{"embeddable":true,"href":"https:\/\/pbp.womczest.edu.pl\/new\/wp-json\/wp\/v2\/comments?post=10257"}],"version-history":[{"count":1,"href":"https:\/\/pbp.womczest.edu.pl\/new\/wp-json\/wp\/v2\/pages\/10257\/revisions"}],"predecessor-version":[{"id":10258,"href":"https:\/\/pbp.womczest.edu.pl\/new\/wp-json\/wp\/v2\/pages\/10257\/revisions\/10258"}],"up":[{"embeddable":true,"href":"https:\/\/pbp.womczest.edu.pl\/new\/wp-json\/wp\/v2\/pages\/7619"}],"wp:attachment":[{"href":"https:\/\/pbp.womczest.edu.pl\/new\/wp-json\/wp\/v2\/media?parent=10257"}],"curies":[{"name":"wp","href":"https:\/\/api.w.org\/{rel}","templated":true}]}}