


{"id":10254,"date":"2017-08-10T12:34:16","date_gmt":"2017-08-10T10:34:16","guid":{"rendered":"https:\/\/pbp.womczest.edu.pl\/new\/?page_id=10254"},"modified":"2023-03-08T09:17:42","modified_gmt":"2023-03-08T08:17:42","slug":"tworzenie-komiksu-w-programie-toondoo-relacja-z-warsztatow","status":"publish","type":"page","link":"https:\/\/pbp.womczest.edu.pl\/new\/kontakt\/lubliniec\/kursy-i-szkolenia\/tworzenie-komiksu-w-programie-toondoo-relacja-z-warsztatow\/","title":{"rendered":"Tworzenie komiksu w programie ToonDoo \u2013 relacja z warsztat\u00f3w"},"content":{"rendered":"<p><img decoding=\"async\" loading=\"lazy\" class=\"wp-image-9760 alignleft\" src=\"https:\/\/pbp.womczest.edu.pl\/new\/wp-content\/uploads\/2015\/05\/komiks.png\" alt=\"\" width=\"246\" height=\"90\" srcset=\"https:\/\/pbp.womczest.edu.pl\/new\/wp-content\/uploads\/2015\/05\/komiks.png 772w, https:\/\/pbp.womczest.edu.pl\/new\/wp-content\/uploads\/2015\/05\/komiks-300x110.png 300w, https:\/\/pbp.womczest.edu.pl\/new\/wp-content\/uploads\/2015\/05\/komiks-768x282.png 768w, https:\/\/pbp.womczest.edu.pl\/new\/wp-content\/uploads\/2015\/05\/komiks-100x37.png 100w, https:\/\/pbp.womczest.edu.pl\/new\/wp-content\/uploads\/2015\/05\/komiks-150x55.png 150w, https:\/\/pbp.womczest.edu.pl\/new\/wp-content\/uploads\/2015\/05\/komiks-200x73.png 200w, https:\/\/pbp.womczest.edu.pl\/new\/wp-content\/uploads\/2015\/05\/komiks-450x165.png 450w, https:\/\/pbp.womczest.edu.pl\/new\/wp-content\/uploads\/2015\/05\/komiks-600x220.png 600w\" sizes=\"(max-width: 246px) 100vw, 246px\" \/>W ramach wspomagania nauczycieli w upowszechnianiu czytelnictwa oraz rozwijaniu kompetencji czytelniczych i informatycznych w\u015br\u00f3d dzieci i m\u0142odzie\u017cy w szko\u0142ach i plac\u00f3wkach, zorganizowa\u0142y\u015bmy warsztaty dla nauczycieli powiatu lublinieckiego \u201eTworzenie komiksu w programie ToonDoo\u201d. Szkolenie odby\u0142o si\u0119 26. 05. 2017 r. w bibliotece Zespo\u0142u Szk\u00f3\u0142 Og\u00f3lnokszta\u0142c\u0105cych i Technicznych w Lubli\u0144cu. Uczestnikom zosta\u0142 przedstawiony komiks jako tekst kultury. Podczas zaj\u0119\u0107 ka\u017cdy mia\u0142 mo\u017cliwo\u015b\u0107 za\u0142o\u017cenia bezp\u0142atnego konta w serwisie toondoo.com oraz tworzenia w\u0142asnego komiksu. Zdobyte umiej\u0119tno\u015bci b\u0119dzie mo\u017cna wykorzysta\u0107 w pracy z uczniami w nauczaniu pocz\u0105tkowym i \u00a0j\u0119zyk\u00f3w obcych, projektach edukacyjnych, a tak\u017ce w uatrakcyjnieniu gazetek szkolnych i stron internetowych oraz na zaj\u0119ciach w bibliotece.<\/p>\n","protected":false},"excerpt":{"rendered":"<p>W ramach wspomagania nauczycieli w upowszechnianiu czytelnictwa oraz rozwijaniu kompetencji czytelniczych i informatycznych w\u015br\u00f3d dzieci i m\u0142odzie\u017cy w szko\u0142ach i plac\u00f3wkach, zorganizowa\u0142y\u015bmy warsztaty dla nauczycieli powiatu lublinieckiego \u201eTworzenie komiksu w programie ToonDoo\u201d. Szkolenie odby\u0142o si\u0119 26. 05. 2017 r. w bibliotece Zespo\u0142u Szk\u00f3\u0142 Og\u00f3lnokszta\u0142c\u0105cych i Technicznych w Lubli\u0144cu. Uczestnikom zosta\u0142 przedstawiony komiks jako tekst kultury. Podczas zaj\u0119\u0107 ka\u017cdy mia\u0142 mo\u017cliwo\u015b\u0107 za\u0142o\u017cenia bezp\u0142atnego konta w serwisie toondoo.com oraz tworzenia w\u0142asnego komiksu.<span class=\"ellipsis\">&hellip;<\/span><\/p>\n<div class=\"read-more\"><a href=\"https:\/\/pbp.womczest.edu.pl\/new\/kontakt\/lubliniec\/kursy-i-szkolenia\/tworzenie-komiksu-w-programie-toondoo-relacja-z-warsztatow\/\">Czytaj wi\u0119cej &#8250;<\/a><\/div>\n<p><!-- end of .read-more --><\/p>\n","protected":false},"author":4,"featured_media":0,"parent":3725,"menu_order":0,"comment_status":"closed","ping_status":"closed","template":"","meta":{"footnotes":""},"jetpack_sharing_enabled":true,"jetpack_shortlink":"https:\/\/wp.me\/PgmV4H-2Fo","_links":{"self":[{"href":"https:\/\/pbp.womczest.edu.pl\/new\/wp-json\/wp\/v2\/pages\/10254"}],"collection":[{"href":"https:\/\/pbp.womczest.edu.pl\/new\/wp-json\/wp\/v2\/pages"}],"about":[{"href":"https:\/\/pbp.womczest.edu.pl\/new\/wp-json\/wp\/v2\/types\/page"}],"author":[{"embeddable":true,"href":"https:\/\/pbp.womczest.edu.pl\/new\/wp-json\/wp\/v2\/users\/4"}],"replies":[{"embeddable":true,"href":"https:\/\/pbp.womczest.edu.pl\/new\/wp-json\/wp\/v2\/comments?post=10254"}],"version-history":[{"count":2,"href":"https:\/\/pbp.womczest.edu.pl\/new\/wp-json\/wp\/v2\/pages\/10254\/revisions"}],"predecessor-version":[{"id":22531,"href":"https:\/\/pbp.womczest.edu.pl\/new\/wp-json\/wp\/v2\/pages\/10254\/revisions\/22531"}],"up":[{"embeddable":true,"href":"https:\/\/pbp.womczest.edu.pl\/new\/wp-json\/wp\/v2\/pages\/3725"}],"wp:attachment":[{"href":"https:\/\/pbp.womczest.edu.pl\/new\/wp-json\/wp\/v2\/media?parent=10254"}],"curies":[{"name":"wp","href":"https:\/\/api.w.org\/{rel}","templated":true}]}}