


{"id":10249,"date":"2017-08-10T12:28:28","date_gmt":"2017-08-10T10:28:28","guid":{"rendered":"https:\/\/pbp.womczest.edu.pl\/new\/?page_id=10249"},"modified":"2023-03-07T13:29:53","modified_gmt":"2023-03-07T12:29:53","slug":"konkurs-najaktywniej-czytajacy-trzecioklasista-edycja-iv","status":"publish","type":"page","link":"https:\/\/pbp.womczest.edu.pl\/new\/kontakt\/lubliniec\/konkursy-filia-lubliniec\/konkurs-najaktywniej-czytajacy-trzecioklasista-edycja-iv\/","title":{"rendered":"Konkurs: \u201eNajaktywniej czytaj\u0105cy Trzecioklasista\u201d &#8211; edycja IV"},"content":{"rendered":"<p>Do\u00a0konkursowych zmaga\u0144 na\u00a0\u201eNajaktywniej czytaj\u0105cego Trzecioklasist\u0119\u201d zg\u0142osi\u0142o si\u0119\u00a06 szk\u00f3\u0142 podstawowych z\u00a0powiatu lublinieckiego: Szko\u0142a Podstawowa im. J\u00f3zefa Lompy w Wo\u017anikach, Szko\u0142a Podstawowa im.\u00a0Jana Paw\u0142a\u00a0II w\u00a0Psarach, Szko\u0142a Podstawowa im. 74 Pu\u0142ku Piechoty w Sadowie, Publiczna Szko\u0142a Podstawowa im.\u00a0W. Kawy i\u00a0B. Kawy w\u00a0Ko\u015bmidrach, Szko\u0142a Podstawowa nr\u00a01 im.\u00a0M. Konopnickiej w\u00a0Lubli\u0144cu, Szko\u0142a Podstawowa nr\u00a03 im.\u00a0Bohater\u00f3w Westerplatte w\u00a0Lubli\u0144cu. Celem konkursu by\u0142o rozbudzanie zainteresowa\u0144 czytelniczych w\u015br\u00f3d dzieci, kszta\u0142towanie nawyku systematycznego czytania oraz\u00a0promocja ksi\u0119gozbior\u00f3w bibliotek szkolnych. Organizatorzy mieli za\u00a0zadanie wskaza\u0107 uczni\u00f3w trzecich klas szk\u00f3\u0142 podstawowych, kt\u00f3rzy\u00a0w\u00a0okresie od\u00a01\u00a0wrze\u015bnia\u00a02016\u00a0roku do\u00a031 maja 2017 roku przeczytali najwi\u0119cej ksi\u0105\u017cek dost\u0119pnych w\u00a0bibliotece szkolnej.<\/p>\n<p>Spo\u015br\u00f3d dziesi\u0119ciorga zg\u0142oszonych trzecioklasist\u00f3w najlepszymi czytelnikami okazali si\u0119:<\/p>\n<p><b>I\u00a0miejsce: \u00a0Amelia Jaszczy\u0144ska &#8211; Szko\u0142a Podstawowa im. J\u00f3zefa Lompy w Wo\u017anikach (189\u00a0ksi\u0105\u017cek)<\/b><\/p>\n<p><b>II miejsce: Martyna Dzi\u0119cio\u0142 &#8211; Szko\u0142a Podstawowa im.\u00a0W. Kawy i\u00a0B. Kawy w Ko\u015bmidrach (96 ksi\u0105\u017cek)<\/b><\/p>\n<p><b>III miejsce: Katarzyna Gordzielik &#8211; Szko\u0142a Podstawowa nr 3 im.\u00a0Bohater\u00f3w Westerplatte w Lubli\u0144cu (71 ksi\u0105\u017cek)<\/b><\/p>\n<p>Dla wszystkich rywalizuj\u0105cych z\u00a0sob\u0105 uczni\u00f3w, przygotowano dyplomy i\u00a0nagrody ksi\u0105\u017ckowe.<\/p>\n<p>Zwyci\u0119zcom oraz\u00a0wszystkim uczestnikom gratulujemy wynik\u00f3w!<\/p>\n<p style=\"text-align: right;\"><em>Anna Bidzi\u0144ska-Kristof<\/em><br \/>\n<em>Ma\u0142gorzata Goinda<\/em><br \/>\n<em>Olimpia Zieli\u0144ska<\/em><\/p>\n","protected":false},"excerpt":{"rendered":"<p>Do\u00a0konkursowych zmaga\u0144 na\u00a0\u201eNajaktywniej czytaj\u0105cego Trzecioklasist\u0119\u201d zg\u0142osi\u0142o si\u0119\u00a06 szk\u00f3\u0142 podstawowych z\u00a0powiatu lublinieckiego: Szko\u0142a Podstawowa im. J\u00f3zefa Lompy w Wo\u017anikach, Szko\u0142a Podstawowa im.\u00a0Jana Paw\u0142a\u00a0II w\u00a0Psarach, Szko\u0142a Podstawowa im. 74 Pu\u0142ku Piechoty w Sadowie, Publiczna Szko\u0142a Podstawowa im.\u00a0W. Kawy i\u00a0B. Kawy w\u00a0Ko\u015bmidrach, Szko\u0142a Podstawowa nr\u00a01 im.\u00a0M. Konopnickiej w\u00a0Lubli\u0144cu, Szko\u0142a Podstawowa nr\u00a03 im.\u00a0Bohater\u00f3w Westerplatte w\u00a0Lubli\u0144cu. Celem konkursu by\u0142o rozbudzanie zainteresowa\u0144 czytelniczych w\u015br\u00f3d dzieci, kszta\u0142towanie nawyku systematycznego czytania oraz\u00a0promocja ksi\u0119gozbior\u00f3w bibliotek szkolnych. Organizatorzy mieli za\u00a0zadanie<span class=\"ellipsis\">&hellip;<\/span><\/p>\n<div class=\"read-more\"><a href=\"https:\/\/pbp.womczest.edu.pl\/new\/kontakt\/lubliniec\/konkursy-filia-lubliniec\/konkurs-najaktywniej-czytajacy-trzecioklasista-edycja-iv\/\">Czytaj wi\u0119cej &#8250;<\/a><\/div>\n<p><!-- end of .read-more --><\/p>\n","protected":false},"author":4,"featured_media":0,"parent":3684,"menu_order":0,"comment_status":"closed","ping_status":"closed","template":"","meta":{"footnotes":""},"jetpack_sharing_enabled":true,"jetpack_shortlink":"https:\/\/wp.me\/PgmV4H-2Fj","_links":{"self":[{"href":"https:\/\/pbp.womczest.edu.pl\/new\/wp-json\/wp\/v2\/pages\/10249"}],"collection":[{"href":"https:\/\/pbp.womczest.edu.pl\/new\/wp-json\/wp\/v2\/pages"}],"about":[{"href":"https:\/\/pbp.womczest.edu.pl\/new\/wp-json\/wp\/v2\/types\/page"}],"author":[{"embeddable":true,"href":"https:\/\/pbp.womczest.edu.pl\/new\/wp-json\/wp\/v2\/users\/4"}],"replies":[{"embeddable":true,"href":"https:\/\/pbp.womczest.edu.pl\/new\/wp-json\/wp\/v2\/comments?post=10249"}],"version-history":[{"count":2,"href":"https:\/\/pbp.womczest.edu.pl\/new\/wp-json\/wp\/v2\/pages\/10249\/revisions"}],"predecessor-version":[{"id":22484,"href":"https:\/\/pbp.womczest.edu.pl\/new\/wp-json\/wp\/v2\/pages\/10249\/revisions\/22484"}],"up":[{"embeddable":true,"href":"https:\/\/pbp.womczest.edu.pl\/new\/wp-json\/wp\/v2\/pages\/3684"}],"wp:attachment":[{"href":"https:\/\/pbp.womczest.edu.pl\/new\/wp-json\/wp\/v2\/media?parent=10249"}],"curies":[{"name":"wp","href":"https:\/\/api.w.org\/{rel}","templated":true}]}}