


{"id":10109,"date":"2017-07-27T12:02:02","date_gmt":"2017-07-27T10:02:02","guid":{"rendered":"https:\/\/pbp.womczest.edu.pl\/new\/?page_id=10109"},"modified":"2017-07-27T12:06:18","modified_gmt":"2017-07-27T10:06:18","slug":"spotkanie-badz-widoczny-badz-bezpieczny-2017","status":"publish","type":"page","link":"https:\/\/pbp.womczest.edu.pl\/new\/edukacja\/inne-wydarzenia\/spotkanie-badz-widoczny-badz-bezpieczny-2017\/","title":{"rendered":"Spotkanie B\u0105d\u017a widoczny, b\u0105d\u017a bezpieczny 2017"},"content":{"rendered":"<p>Jaki jest numer alarmowy, jak naj\u0142atwiej go zapami\u0119ta\u0107? Dlaczego podczas wypadku nie nale\u017cy traci\u0107 g\u0142owy i podj\u0105\u0107 dzia\u0142ania jak najszybciej? Jakie wa\u017cne informacje nale\u017cy poda\u0107 zg\u0142aszaj\u0105c wypadek? Zasady bezpiecze\u0144stwa w szkole, w domu i na ulicy, poznawa\u0142y przedszkolaki podczas spotkania <strong><em>B\u0105d\u017a widoczny, b\u0105d\u017a bezpieczny <\/em><\/strong>zorganizowanego przez nauczycieli bibliotekarzy Publicznej Biblioteki Pedagogicznej RODN &#8222;WOM&#8221; w\u00a0Cz\u0119stochowie we wsp\u00f3\u0142pracy z nauczycielami Szko\u0142y Podstawowej nr 38 w Cz\u0119stochowie. Spotkanie odby\u0142o si\u0119 31 maja 2017 r. i uczestniczy\u0142o w\u00a0nim 89 dzieci i\u00a014 nauczycieli.<\/p>\n<p>Specjalnie dobrane na t\u0119 okazj\u0119 teksty literackie, przeczytane przez\u00a0 nauczycieli bibliotekarzy, zilustrowane pokazem slajd\u00f3w by\u0142y pretekstem do przeprowadzenia rozmowy z\u00a0dzie\u0107mi na temat bezpiecznego zachowania si\u0119 w\u00a0szkole, w\u00a0domu i\u00a0na ulicy. Szko\u0142a Podstawowa nr 38 w\u00a0Cz\u0119stochowie <strong>przyst\u0105pi\u0142a do programu edukacyjnego <em>Ratujemy i Uczymy Ratowa\u0107<\/em><\/strong><strong>, kt\u00f3ry prowadzony jest przez <\/strong>Fundacj\u0119 Wielkiej Orkiestry \u015awi\u0105tecznej Pomocy we wsp\u00f3\u0142pracy z\u00a0Ministerstwem Edukacji Narodowej oraz O\u015brodkami Doskonalenia Nauczycieli. Wiedza i\u00a0materia\u0142y pozyskane w programie wykorzystane zosta\u0142y podczas spotkania, kt\u00f3re mia\u0142o charakter czytelniczy oraz\u00a0promuj\u0105cy zasady bezpiecze\u0144stwa. Jego celem nadrz\u0119dnym by\u0142o poznanie zasad pierwszej pomocy oraz <strong>kszta\u0142towanie w\u0142a\u015bciwych nawyk\u00f3w tak, by pierwsza pomoc sta\u0142a si\u0119 dla dzieci czym\u015b naturalnym.\u00a0Przedszkolaki mia\u0142y okazj\u0119 zobaczy\u0107 pokaz prawid\u0142owego udzielania pierwszej pomocy, do czego pos\u0142u\u017cy\u0142y fantomy <\/strong>do nauki resuscytacji, mog\u0142y te\u017c pod okiem nauczycieli prze\u0107wiczy\u0107 sztuczne oddychanie, masa\u017c serca, u\u0142o\u017cenie poszkodowanego w pozycji bezpiecznej, itp. \u00a0Aby uatrakcyjni\u0107 pokaz i\u00a0utrwali\u0107 przekazywane informacje zaprezentowano r\u00f3wnie\u017c filmiki ucz\u0105ce prawid\u0142owego zachowania podczas udzielania pierwszej pomocy. Nie zabrak\u0142o r\u00f3wnie\u017c zabawy i ta\u0144ca. Przedszkolaki mog\u0142y obejrze\u0107 teledysk <strong><em>Widocznie si\u0119 da!<\/em><\/strong>, zrealizowany przez uczni\u00f3w Szko\u0142y Podstawowej nr 38 w Cz\u0119stochowie. Tw\u00f3rcy teledysku otrzymali pierwsz\u0105 nagrod\u0119 w\u00a0og\u00f3lnopolskim konkursie &#8222;Widoczni i bezpieczni na drodze&#8221;, organizowanym w ramach kampanii spo\u0142ecznej Odblaskowi.pl.<strong><em>. <\/em><\/strong>Uczennice tej szko\u0142y przygotowa\u0142y r\u00f3wnie\u017c pokaz odblaskowej mody zaprojektowanej przez siebie i rodzic\u00f3w, bogatej w elementy odblaskowe. Ich projekty zosta\u0142y docenione ( I miejsce) podczas <strong><em>konkursu Moda na odblaski,<\/em><\/strong> zorganizowanego przez Krajowe Centrum Bezpiecze\u0144stwa Ruchu Drogowego i Komend\u0119 Miejsk\u0105 Policji w Cz\u0119stochowie.<\/p>\n<p>W atmosferze weso\u0142ej zabawy przedszkolaki utrwali\u0142y wiedz\u0119 o bezpiecznym zachowaniu, jak r\u00f3wnie\u017c odpowiednim reagowaniu w obliczu zagro\u017cenia.<\/p>\n<p>Serdecznie dzi\u0119kujemy uczestnikom spotkania i opiekunom. W szczeg\u00f3lno\u015bci chcemy podzi\u0119kowa\u0107 Paniom Alicji Kowal, Oldze Kasperczyk i Patrycji Rogalskiej-Dymek, nauczycielom ze Szko\u0142y Podstawowej nr 38 w Cz\u0119stochowie, oraz uczennicom kl. II \u00a0Szko\u0142y Podstawowej nr 38 w Cz\u0119stochowie za owocn\u0105 wsp\u00f3\u0142prac\u0119.<\/p>\n<p style=\"text-align: right;\"><em>Tekst: Anna D\u0105browska<\/em><br \/>\n<em>Anna Hiller<\/em><\/p>\n<p><a href=\"https:\/\/www.youtube.com\/watch?v=2AVK_31YhhE\" target=\"_blank\" rel=\"noopener noreferrer\"><strong>Teledysk <em>Widocznie si\u0119 da!<\/em><\/strong><\/a><\/p>\n","protected":false},"excerpt":{"rendered":"<p>Jaki jest numer alarmowy, jak naj\u0142atwiej go zapami\u0119ta\u0107? Dlaczego podczas wypadku nie nale\u017cy traci\u0107 g\u0142owy i podj\u0105\u0107 dzia\u0142ania jak najszybciej? Jakie wa\u017cne informacje nale\u017cy poda\u0107 zg\u0142aszaj\u0105c wypadek? Zasady bezpiecze\u0144stwa w szkole, w domu i na ulicy, poznawa\u0142y przedszkolaki podczas spotkania B\u0105d\u017a widoczny, b\u0105d\u017a bezpieczny zorganizowanego przez nauczycieli bibliotekarzy Publicznej Biblioteki Pedagogicznej RODN &#8222;WOM&#8221; w\u00a0Cz\u0119stochowie we wsp\u00f3\u0142pracy z nauczycielami Szko\u0142y Podstawowej nr 38 w Cz\u0119stochowie. Spotkanie odby\u0142o si\u0119 31 maja 2017<span class=\"ellipsis\">&hellip;<\/span><\/p>\n<div class=\"read-more\"><a href=\"https:\/\/pbp.womczest.edu.pl\/new\/edukacja\/inne-wydarzenia\/spotkanie-badz-widoczny-badz-bezpieczny-2017\/\">Czytaj wi\u0119cej &#8250;<\/a><\/div>\n<p><!-- end of .read-more --><\/p>\n","protected":false},"author":4,"featured_media":0,"parent":2651,"menu_order":0,"comment_status":"closed","ping_status":"closed","template":"","meta":{"footnotes":""},"jetpack_sharing_enabled":true,"jetpack_shortlink":"https:\/\/wp.me\/PgmV4H-2D3","_links":{"self":[{"href":"https:\/\/pbp.womczest.edu.pl\/new\/wp-json\/wp\/v2\/pages\/10109"}],"collection":[{"href":"https:\/\/pbp.womczest.edu.pl\/new\/wp-json\/wp\/v2\/pages"}],"about":[{"href":"https:\/\/pbp.womczest.edu.pl\/new\/wp-json\/wp\/v2\/types\/page"}],"author":[{"embeddable":true,"href":"https:\/\/pbp.womczest.edu.pl\/new\/wp-json\/wp\/v2\/users\/4"}],"replies":[{"embeddable":true,"href":"https:\/\/pbp.womczest.edu.pl\/new\/wp-json\/wp\/v2\/comments?post=10109"}],"version-history":[{"count":2,"href":"https:\/\/pbp.womczest.edu.pl\/new\/wp-json\/wp\/v2\/pages\/10109\/revisions"}],"predecessor-version":[{"id":10112,"href":"https:\/\/pbp.womczest.edu.pl\/new\/wp-json\/wp\/v2\/pages\/10109\/revisions\/10112"}],"up":[{"embeddable":true,"href":"https:\/\/pbp.womczest.edu.pl\/new\/wp-json\/wp\/v2\/pages\/2651"}],"wp:attachment":[{"href":"https:\/\/pbp.womczest.edu.pl\/new\/wp-json\/wp\/v2\/media?parent=10109"}],"curies":[{"name":"wp","href":"https:\/\/api.w.org\/{rel}","templated":true}]}}