


{"id":10013,"date":"2017-07-10T10:53:25","date_gmt":"2017-07-10T08:53:25","guid":{"rendered":"https:\/\/pbp.womczest.edu.pl\/new\/?page_id=10013"},"modified":"2017-07-10T11:16:33","modified_gmt":"2017-07-10T09:16:33","slug":"x-bajkowe-spotkania-2017","status":"publish","type":"page","link":"https:\/\/pbp.womczest.edu.pl\/new\/x-bajkowe-spotkania-2017\/","title":{"rendered":"X Bajkowe Spotkania 2017"},"content":{"rendered":"<p>Publiczna Biblioteka Pedagogiczna RODN \u201eWOM\u201d w\u00a0Cz\u0119stochowie ju\u017c po\u00a0raz dziesi\u0105ty zaprosi\u0142a dzieci sze\u015bcioletnie z cz\u0119stochowskich plac\u00f3wek na\u00a0Bajkowe Spotkania organizowane w\u00a0ramach og\u00f3lnopolskiej kampanii spo\u0142ecznej <strong><em>\u201e<\/em><\/strong><em><strong>Ca\u0142a Polska czyta dzieciom\u201d<\/strong><\/em>.<\/p>\n<p>Jubileuszowe Bajkowe Spotkania odby\u0142y si\u0119 4, 5 i 7 kwietnia 2017 r.<\/p>\n<p>W\u00a0tym roku teksty literackie czytali zaproszeni go\u015bcie: Olek Klepacz \u2013 lider Formacji Nie\u017cywych Schabuff, st. chor. rez. Jacek Pietrzak, przedstawiciel Stowarzyszenia \u017bo\u0142nierzy Wojsk Specjalnych \u201eZjednoczeni Zwyci\u0119\u017cymy\u201d, m\u0142. bryg. Dariusz Andryszkiewicz, rzecznik prasowy Centralnej Szko\u0142y Pa\u0144stwowej Stra\u017cy Po\u017carnej w Cz\u0119stochowie.<\/p>\n<p>Na pierwszym spotkaniu, 4 kwietnia 2017 r., Pan Olek Klepacz zabra\u0142 s\u0142uchaczy na\u00a0w\u0119dr\u00f3wk\u0119 w\u00a0poszukiwaniu Pacanowa. <em>120 przyg\u00f3d Kozio\u0142ka Mato\u0142ka<\/em> Kornela Makuszy\u0144skiego w interpretacji znanego muzyka bardzo si\u0119 wszystkim podoba\u0142y. Spotkaniu tradycyjnie towarzyszy\u0142 pokaz ilustracji do\u00a0tekst\u00f3w, a\u00a0w\u00a0przerwach mi\u0119dzy przygodami sympatycznego kozio\u0142ka dzieci ta\u0144czy\u0142y i\u00a0\u015bpiewa\u0142y.<\/p>\n<p>Drugie spotkanie w ramach jubileuszowych X Bajkowych Spotka\u0144 odby\u0142o si\u0119 5 kwietnia. O przygodach misia Wojtka opisanych w ksi\u0105\u017cce \u0141ukasza Wierzbickiego <em>Dziadek i nied\u017awiadek <\/em>czyta\u0142 st. chor. rez. Jacek Pietrzak. Historia nietypowego \u017co\u0142nierza poruszy\u0142a wszystkie dzieci. Z sali co chwila pada\u0142y pytania dotycz\u0105ce trudnej s\u0142u\u017cby \u017co\u0142nierza, ch\u0142opcy wykazywali najwi\u0119ksze zainteresowanie mundurem polowym i wojskowym ekwipunkiem.<\/p>\n<p>7 kwietnia 2017 r. wiersze o stra\u017cakach i ich trudnej i odpowiedzialnej pracy czyta\u0142 m\u0142. bryg. Dariusz Andryszkiewicz. Dzieci z uwag\u0105 s\u0142ucha\u0142y tekst\u00f3w literackich. Pan Andryszkiewicz odpowiada\u0142 cierpliwie i wyczerpuj\u0105co na wszystkie pytania. Dotyczy\u0142y one przede wszystkim pracy stra\u017caka, ale te\u017c tego jak mo\u017cna zdoby\u0107 taki zaw\u00f3d i jak\u0105 szko\u0142\u0119 nale\u017cy sko\u0144czy\u0107, by s\u0142u\u017cy\u0107 w stra\u017cy po\u017carnej. Dopytywa\u0142y r\u00f3wnie\u017c o mundur galowy, w kt\u00f3rym Pan Andryszkiewicz wyst\u0105pi\u0142. Po spotkaniu na Auli na dzieci czeka\u0142a kolejna niespodzianka. Przed budynek zajecha\u0142 samoch\u00f3d Ratowniczo-Ga\u015bniczy z dow\u00f3dc\u0105 m\u0142. bryg. Arturem Szerszeniem i Ratownikami. Dzieci mog\u0142y zobaczy\u0107 sprz\u0119t ratowniczo-ga\u015bniczy, usi\u0105\u015b\u0107 w wozie stra\u017cackim i zobaczy\u0107 umundurowanie stra\u017caka jad\u0105cego do zdarzenia. By\u0142a to wielka atrakcja dla dzieci, nie przeszkodzi\u0142 im nawet delikatny deszczyk i ch\u0142\u00f3d.<\/p>\n<p>W Bajkowych Spotkaniach wzi\u0119\u0142o udzia\u0142 406 dzieci i 52 opiekun\u00f3w. Serdecznie dzi\u0119kujemy wszystkim za przybycie. Szczeg\u00f3lne podzi\u0119kowanie kierujemy do naszych go\u015bci dzi\u0119ki kt\u00f3rym po raz kolejny mogli\u015bmy rozwija\u0107 kompetencje czytelnicze dzieci i zach\u0119ca\u0107 je do czytania. Do zobaczenia za rok.<\/p>\n<p style=\"text-align: right;\"><em>Tekst: Anna D\u0105browska<\/em><br \/>\n<em>Fot.: Izabela Bajor<\/em><\/p>\n<p style=\"text-align: left;\"><a href=\"https:\/\/pbp.womczest.edu.pl\/new\/galeria\/bajkowe-spotkania-2017\/\">Galeria<\/a><\/p>\n","protected":false},"excerpt":{"rendered":"<p>Publiczna Biblioteka Pedagogiczna RODN \u201eWOM\u201d w\u00a0Cz\u0119stochowie ju\u017c po\u00a0raz dziesi\u0105ty zaprosi\u0142a dzieci sze\u015bcioletnie z cz\u0119stochowskich plac\u00f3wek na\u00a0Bajkowe Spotkania organizowane w\u00a0ramach og\u00f3lnopolskiej kampanii spo\u0142ecznej \u201eCa\u0142a Polska czyta dzieciom\u201d. Jubileuszowe Bajkowe Spotkania odby\u0142y si\u0119 4, 5 i 7 kwietnia 2017 r. W\u00a0tym roku teksty literackie czytali zaproszeni go\u015bcie: Olek Klepacz \u2013 lider Formacji Nie\u017cywych Schabuff, st. chor. rez. Jacek Pietrzak, przedstawiciel Stowarzyszenia \u017bo\u0142nierzy Wojsk Specjalnych \u201eZjednoczeni Zwyci\u0119\u017cymy\u201d, m\u0142. bryg. Dariusz Andryszkiewicz, rzecznik prasowy<span class=\"ellipsis\">&hellip;<\/span><\/p>\n<div class=\"read-more\"><a href=\"https:\/\/pbp.womczest.edu.pl\/new\/x-bajkowe-spotkania-2017\/\">Czytaj wi\u0119cej &#8250;<\/a><\/div>\n<p><!-- end of .read-more --><\/p>\n","protected":false},"author":4,"featured_media":0,"parent":0,"menu_order":0,"comment_status":"closed","ping_status":"closed","template":"","meta":{"footnotes":""},"jetpack_sharing_enabled":true,"jetpack_shortlink":"https:\/\/wp.me\/PgmV4H-2Bv","_links":{"self":[{"href":"https:\/\/pbp.womczest.edu.pl\/new\/wp-json\/wp\/v2\/pages\/10013"}],"collection":[{"href":"https:\/\/pbp.womczest.edu.pl\/new\/wp-json\/wp\/v2\/pages"}],"about":[{"href":"https:\/\/pbp.womczest.edu.pl\/new\/wp-json\/wp\/v2\/types\/page"}],"author":[{"embeddable":true,"href":"https:\/\/pbp.womczest.edu.pl\/new\/wp-json\/wp\/v2\/users\/4"}],"replies":[{"embeddable":true,"href":"https:\/\/pbp.womczest.edu.pl\/new\/wp-json\/wp\/v2\/comments?post=10013"}],"version-history":[{"count":3,"href":"https:\/\/pbp.womczest.edu.pl\/new\/wp-json\/wp\/v2\/pages\/10013\/revisions"}],"predecessor-version":[{"id":10020,"href":"https:\/\/pbp.womczest.edu.pl\/new\/wp-json\/wp\/v2\/pages\/10013\/revisions\/10020"}],"wp:attachment":[{"href":"https:\/\/pbp.womczest.edu.pl\/new\/wp-json\/wp\/v2\/media?parent=10013"}],"curies":[{"name":"wp","href":"https:\/\/api.w.org\/{rel}","templated":true}]}}