


{"id":10007,"date":"2017-07-10T10:33:46","date_gmt":"2017-07-10T08:33:46","guid":{"rendered":"https:\/\/pbp.womczest.edu.pl\/new\/?page_id=10007"},"modified":"2017-07-10T10:55:29","modified_gmt":"2017-07-10T08:55:29","slug":"warsztaty-w-ramach-konferencji-akademia-szczesliwego-dziecinstwa-w-kregu-wartosci-patriotycznychjak-powstaje-ksiazka","status":"publish","type":"page","link":"https:\/\/pbp.womczest.edu.pl\/new\/warsztaty-w-ramach-konferencji-akademia-szczesliwego-dziecinstwa-w-kregu-wartosci-patriotycznychjak-powstaje-ksiazka\/","title":{"rendered":"Warsztaty Jak powstaje ksi\u0105\u017cka, zorganizowane w ramach konferencji Akademia Szcz\u0119\u015bliwego Dzieci\u0144stwa \u2013 w kr\u0119gu warto\u015bci patriotycznych"},"content":{"rendered":"<p>Czy<em> jak napisz\u0119 ksi\u0105\u017ck\u0119, to b\u0119d\u0119 wa\u017cniejsza od innych? Sk\u0105d czerpa\u0107 pomys\u0142y i tematy do swojej ksi\u0105\u017cki? Czy \u0142atwo jest j\u0105 napisa\u0107? Sk\u0105d wzi\u0105\u0107 pi\u0119kne ilustracje do mojej publikacji? Co to jest nak\u0142ad? Kto to jest introligator?<\/em> Na te i wiele innych dociekliwych pyta\u0144 cierpliwie i wyczerpuj\u0105co odpowiada\u0142a redaktor naczelna Wydawnictwa Literatura z\u00a0\u0141odzi, pani Wies\u0142awa J\u0119drzejczyk.<\/p>\n<p>Warsztaty <em>Jak powstaje ksi\u0105\u017cka<\/em> odby\u0142y si\u0119 15 marca 2017 roku w\u00a0sali Regionalnego O\u015brodka Doskonalenia Nauczycieli \u201eWOM\u201d w\u00a0Cz\u0119stochowie. Organizatorem by\u0142a Publiczna Biblioteka Pedagogiczna RODN \u201eWOM\u201d, kt\u00f3ra w ramach konferencji <em>Akademia Szcz\u0119\u015bliwego Dzieci\u0144stwa \u2013 w\u00a0kr\u0119gu warto\u015bci patriotycznych<\/em>, zaprosi\u0142a przedstawicieli Wydawnictwa Literatura z\u00a0\u0141odzi.<\/p>\n<p>W spotkaniu udzia\u0142 wzi\u0119li uczniowie klas trzecich Szko\u0142y Podstawowej w \u0141ojkach. Podczas warsztat\u00f3w aktywnie poznawali proces powstawania ksi\u0105\u017cki, od napisania jej przez autora do momentu dostarczenia jej do ksi\u0119gar\u0144. Dzieci wcieli\u0142y si\u0119 w role: autora, wydawcy, redaktora, korektora, ilustratora, drukarza, introligatora, ksi\u0119garza, dystrybutora i sprzedawcy internetowego, magazyniera. Uczniowie zapoznali si\u0119 z technik\u0105 druku ksi\u0105\u017cki kolorowej, dawniej i wsp\u00f3\u0142cze\u015bnie. Zaj\u0119cia by\u0142y intensywne i radosne. Ka\u017cdy uczestnik otrzyma\u0142 drobne upominki od wydawnictwa. Nauczyciel oraz klasa pami\u0105tkowy dyplom uczestnictwa w warsztatach. Spotkanie zako\u0144czy\u0142o si\u0119 wsp\u00f3ln\u0105 pami\u0105tkow\u0105 fotografi\u0105. Wszystkim serdecznie dzi\u0119kujemy za mi\u0142e i owocne spotkanie.<\/p>\n<p style=\"text-align: right;\"><em>Tekst: Anna D\u0105browska<\/em><\/p>\n","protected":false},"excerpt":{"rendered":"<p>Czy jak napisz\u0119 ksi\u0105\u017ck\u0119, to b\u0119d\u0119 wa\u017cniejsza od innych? Sk\u0105d czerpa\u0107 pomys\u0142y i tematy do swojej ksi\u0105\u017cki? Czy \u0142atwo jest j\u0105 napisa\u0107? Sk\u0105d wzi\u0105\u0107 pi\u0119kne ilustracje do mojej publikacji? Co to jest nak\u0142ad? Kto to jest introligator? Na te i wiele innych dociekliwych pyta\u0144 cierpliwie i wyczerpuj\u0105co odpowiada\u0142a redaktor naczelna Wydawnictwa Literatura z\u00a0\u0141odzi, pani Wies\u0142awa J\u0119drzejczyk. Warsztaty Jak powstaje ksi\u0105\u017cka odby\u0142y si\u0119 15 marca 2017 roku w\u00a0sali Regionalnego O\u015brodka Doskonalenia<span class=\"ellipsis\">&hellip;<\/span><\/p>\n<div class=\"read-more\"><a href=\"https:\/\/pbp.womczest.edu.pl\/new\/warsztaty-w-ramach-konferencji-akademia-szczesliwego-dziecinstwa-w-kregu-wartosci-patriotycznychjak-powstaje-ksiazka\/\">Czytaj wi\u0119cej &#8250;<\/a><\/div>\n<p><!-- end of .read-more --><\/p>\n","protected":false},"author":4,"featured_media":0,"parent":0,"menu_order":0,"comment_status":"closed","ping_status":"closed","template":"","meta":{"footnotes":""},"jetpack_sharing_enabled":true,"jetpack_shortlink":"https:\/\/wp.me\/PgmV4H-2Bp","_links":{"self":[{"href":"https:\/\/pbp.womczest.edu.pl\/new\/wp-json\/wp\/v2\/pages\/10007"}],"collection":[{"href":"https:\/\/pbp.womczest.edu.pl\/new\/wp-json\/wp\/v2\/pages"}],"about":[{"href":"https:\/\/pbp.womczest.edu.pl\/new\/wp-json\/wp\/v2\/types\/page"}],"author":[{"embeddable":true,"href":"https:\/\/pbp.womczest.edu.pl\/new\/wp-json\/wp\/v2\/users\/4"}],"replies":[{"embeddable":true,"href":"https:\/\/pbp.womczest.edu.pl\/new\/wp-json\/wp\/v2\/comments?post=10007"}],"version-history":[{"count":3,"href":"https:\/\/pbp.womczest.edu.pl\/new\/wp-json\/wp\/v2\/pages\/10007\/revisions"}],"predecessor-version":[{"id":10017,"href":"https:\/\/pbp.womczest.edu.pl\/new\/wp-json\/wp\/v2\/pages\/10007\/revisions\/10017"}],"wp:attachment":[{"href":"https:\/\/pbp.womczest.edu.pl\/new\/wp-json\/wp\/v2\/media?parent=10007"}],"curies":[{"name":"wp","href":"https:\/\/api.w.org\/{rel}","templated":true}]}}