


{"id":10004,"date":"2017-07-10T10:31:03","date_gmt":"2017-07-10T08:31:03","guid":{"rendered":"https:\/\/pbp.womczest.edu.pl\/new\/?page_id=10004"},"modified":"2017-07-10T11:14:43","modified_gmt":"2017-07-10T09:14:43","slug":"akademia-szczesliwego-dziecinstwa-w-kregu-wartosci-patriotycznych","status":"publish","type":"page","link":"https:\/\/pbp.womczest.edu.pl\/new\/akademia-szczesliwego-dziecinstwa-w-kregu-wartosci-patriotycznych\/","title":{"rendered":"Akademia Szcz\u0119\u015bliwego Dzieci\u0144stwa &#8211; w kr\u0119gu warto\u015bci patriotycznych"},"content":{"rendered":"<p>Czym s\u0105 warto\u015bci patriotyczne? Czy warto ich uczy\u0107 i je\u00a0piel\u0119gnowa\u0107? Pr\u00f3b\u0119 odpowiedzi na te pytania podj\u0119to podczas <strong><em>Akademii Szcz\u0119\u015bliwego Dzieci\u0144stwa<\/em><\/strong><em> &#8211;<\/em> <strong><em>w kr\u0119gu warto\u015bci patriotycznych.<\/em><\/strong><\/p>\n<p>15 marca 2017 roku w Auli Regionalnego O\u015brodka Doskonalenia Nauczycieli \u201eWOM\u201d w Cz\u0119stochowie odby\u0142a si\u0119 konferencja <em>Akademia Szcz\u0119\u015bliwego Dzieci\u0144stwa \u2013 w kr\u0119gu warto\u015bci patriotycznych<\/em>, zorganizowana przez pracownik\u00f3w Publicznej Biblioteki Pedagogicznej w ramach og\u00f3lnopolskiej kampanii spo\u0142ecznej <em>Ca\u0142a Polska czyta dzieciom<\/em>.<\/p>\n<p>Konferencja skierowana by\u0142a do nauczycieli przedszkoli, nauczycieli edukacji wczesnoszkolnej, wychowawc\u00f3w, nauczycieli bibliotekarzy, student\u00f3w przygotowuj\u0105cych si\u0119 do zawodu nauczyciela oraz rodzic\u00f3w.<\/p>\n<p>Otwarcia konferencji dokona\u0142a pani Renata Lipniewska wicedyrektor RODN \u201eWOM\u201d w Cz\u0119stochowie ds. bibliotek pedagogicznych.<\/p>\n<p>Pierwsz\u0105 prelegentk\u0105 by\u0142a pani El\u017cbieta Straszak, konsultant RODN \u201eWOM\u201d w Cz\u0119stochowie, kt\u00f3ra m\u00f3wi\u0142a o tym, \u017ce warto uczy\u0107 dzieci patriotyzmu. Zwr\u00f3ci\u0142a uwag\u0119 na to, by patriotyzm by\u0142 wpajany dzieciom od najm\u0142odszych lat, nie tylko w szkole, ale przede wszystkim w \u015brodowisku rodzinnym. Wsp\u00f3lne celebrowanie uroczysto\u015bci rodzinnych, historycznych, \u015bwi\u0105t rozwija w dzieciach poczucie to\u017csamo\u015bci i umi\u0142owanie tradycji.<\/p>\n<p>Kolejne wyst\u0105pienie nale\u017ca\u0142o do redaktor naczelnej Wydawnictwa Literatura z \u0141odzi, pani Wies\u0142awy J\u0119drzejczyk. Pani redaktor w wyst\u0105pieniu <em>Jak odnale\u017a\u0107 si\u0119 w g\u0105szczu tytu\u0142\u00f3w?<\/em> przybli\u017cy\u0142a serie wydawnicze po\u015bwi\u0119cone historii Polski. Za pomoc\u0105 wartkiej, przygodowej\u00a0 akcji i dzieci\u0119cego bohatera ksi\u0105\u017cki te przenosz\u0105 m\u0142odego czytelnika w inne epoki.<br \/>\nPokazuj\u0105 \u017cycie codzienne zwyk\u0142ych ludzi i znanych postaci historycznych. To historia dobrze opowiedziana, znakomita lektura zar\u00f3wno dla wielbicieli historii, jak i dla tych, kt\u00f3rzy dotychczas jej nie lubili. Dzi\u0119ki ukazaniu dziej\u00f3w Polski w niebanalny spos\u00f3b okazuje si\u0119 ona barwna i ciekawa.<\/p>\n<p>Dr Edyta Skoczylas-Krotla, wyk\u0142adowca Akademii im.\u00a0Jana D\u0142ugosza w Cz\u0119stochowie, przedstawi\u0142a teksty do kt\u00f3rych warto si\u0119gn\u0105\u0107, by w spos\u00f3b ciekawy i naturalny wychowywa\u0107 dzieci w poczuciu przynale\u017cno\u015bci kulturowej, j\u0119zykowej i historycznej, w poszanowaniu symboli narodowych i tradycji.<\/p>\n<p>W wyst\u0105pieniu <em>Cudze chwalicie, a swoje znacie?<\/em> pani Aleksandry Krawczyk, konsultant RODN \u201eWOM\u201d w Cz\u0119stochowie, zwr\u00f3ci\u0142a uwag\u0119 na to w jaki spos\u00f3b w nauczaniu to\u017csamo\u015bci narodowej i wi\u0119zi patriotycznych wykorzysta\u0107 historyczne \u015blady w najbli\u017cszym regionie, zar\u00f3wno miejsca wydarze\u0144 historycznych jak i opowie\u015bci i legendy zwi\u0105zane z tymi miejscami.<\/p>\n<p>Pani Anna Hiller, nauczyciel bibliotekarz i lider Og\u00f3lnopolskiej kampanii spo\u0142ecznej\u00a0<em>Ca\u0142a Polska czyta dzieciom<\/em> przedstawi\u0142a dzia\u0142ania Publicznej Biblioteki Pedagogicznej RODN \u201eWOM\u201d w Cz\u0119stochowie w obszarze realizacji kierunk\u00f3w polityki\u00a0 o\u015bwiatowej pa\u0144stwa w tym kszta\u0142cenia warto\u015bci patriotycznych. Wskazane zosta\u0142y r\u00f3wnie\u017c zasoby biblioteki, z kt\u00f3rych mog\u0105 korzysta\u0107 nauczyciele wprowadzaj\u0105c swoich uczni\u00f3w w obszar nauki warto\u015bci patriotycznych, spo\u0142ecznych i historycznych.<\/p>\n<p>Konferencji towarzyszy\u0142y <a href=\"https:\/\/pbp.womczest.edu.pl\/new\/warsztaty-w-ramach-konferencji-akademia-szczesliwego-dziecinstwa-w-kregu-wartosci-patriotycznychjak-powstaje-ksiazka\/\">warsztaty <em>Jak powstaje ksi\u0105\u017cka<\/em><\/a><em>, <\/em>poprowadzone przez\u00a0redaktor naczeln\u0105 Wydawnictwa Literatura z\u00a0\u0141odzi, pani\u0105 Wies\u0142aw\u0119 J\u0119drzejczyk. W spotkaniu udzia\u0142 wzi\u0119li uczniowie klas trzecich Szko\u0142y Podstawowej w \u0141ojkach.<\/p>\n<p>W konferencji \u00a0wzi\u0119\u0142y udzia\u0142 84 osoby. By\u0142a to si\u00f3dma edycja <strong><em>Akademii Szcz\u0119\u015bliwego Dzieci\u0144stwa<\/em><\/strong>. Kolejna konferencja z tego cyklu ju\u017c za rok, zapraszamy.<\/p>\n<p style=\"text-align: right;\"><em>Tekst: Anna D\u0105browska<\/em><br \/>\n<em>Anna Hiller<\/em><br \/>\n<em>Zdj\u0119cia: Izabela Bajor<\/em><\/p>\n<p><a href=\"https:\/\/pbp.womczest.edu.pl\/new\/galeria\/akademia-szczesliwego-dziecinstwa-w-kregu-wartosci-patriotycznych-2017\/\">Galeria<\/a><\/p>\n","protected":false},"excerpt":{"rendered":"<p>Czym s\u0105 warto\u015bci patriotyczne? Czy warto ich uczy\u0107 i je\u00a0piel\u0119gnowa\u0107? Pr\u00f3b\u0119 odpowiedzi na te pytania podj\u0119to podczas Akademii Szcz\u0119\u015bliwego Dzieci\u0144stwa &#8211; w kr\u0119gu warto\u015bci patriotycznych. 15 marca 2017 roku w Auli Regionalnego O\u015brodka Doskonalenia Nauczycieli \u201eWOM\u201d w Cz\u0119stochowie odby\u0142a si\u0119 konferencja Akademia Szcz\u0119\u015bliwego Dzieci\u0144stwa \u2013 w kr\u0119gu warto\u015bci patriotycznych, zorganizowana przez pracownik\u00f3w Publicznej Biblioteki Pedagogicznej w ramach og\u00f3lnopolskiej kampanii spo\u0142ecznej Ca\u0142a Polska czyta dzieciom. Konferencja skierowana by\u0142a do nauczycieli przedszkoli,<span class=\"ellipsis\">&hellip;<\/span><\/p>\n<div class=\"read-more\"><a href=\"https:\/\/pbp.womczest.edu.pl\/new\/akademia-szczesliwego-dziecinstwa-w-kregu-wartosci-patriotycznych\/\">Czytaj wi\u0119cej &#8250;<\/a><\/div>\n<p><!-- end of .read-more --><\/p>\n","protected":false},"author":4,"featured_media":0,"parent":0,"menu_order":0,"comment_status":"closed","ping_status":"closed","template":"","meta":{"footnotes":""},"jetpack_sharing_enabled":true,"jetpack_shortlink":"https:\/\/wp.me\/PgmV4H-2Bm","_links":{"self":[{"href":"https:\/\/pbp.womczest.edu.pl\/new\/wp-json\/wp\/v2\/pages\/10004"}],"collection":[{"href":"https:\/\/pbp.womczest.edu.pl\/new\/wp-json\/wp\/v2\/pages"}],"about":[{"href":"https:\/\/pbp.womczest.edu.pl\/new\/wp-json\/wp\/v2\/types\/page"}],"author":[{"embeddable":true,"href":"https:\/\/pbp.womczest.edu.pl\/new\/wp-json\/wp\/v2\/users\/4"}],"replies":[{"embeddable":true,"href":"https:\/\/pbp.womczest.edu.pl\/new\/wp-json\/wp\/v2\/comments?post=10004"}],"version-history":[{"count":5,"href":"https:\/\/pbp.womczest.edu.pl\/new\/wp-json\/wp\/v2\/pages\/10004\/revisions"}],"predecessor-version":[{"id":10019,"href":"https:\/\/pbp.womczest.edu.pl\/new\/wp-json\/wp\/v2\/pages\/10004\/revisions\/10019"}],"wp:attachment":[{"href":"https:\/\/pbp.womczest.edu.pl\/new\/wp-json\/wp\/v2\/media?parent=10004"}],"curies":[{"name":"wp","href":"https:\/\/api.w.org\/{rel}","templated":true}]}}